{"id":805,"date":"2023-12-28T18:24:19","date_gmt":"2023-12-28T18:24:19","guid":{"rendered":"https:\/\/art137studio.com\/product\/light-wood-with-red-resin-carpediam-earring\/"},"modified":"2024-01-15T23:14:03","modified_gmt":"2024-01-15T23:14:03","slug":"wood-brown-resin-red-carpediam-earrings","status":"publish","type":"product","link":"https:\/\/art137studio.com\/en\/product\/wood-brown-resin-red-carpediam-earrings\/","title":{"rendered":"Chestnut Wood Earrings with Red Resin | CarpeDiam (b2) Series"},"content":{"rendered":"<p><strong>Chestnut wood earrings with red resin.<\/strong><br \/>\nA unique piece, not only because of the exclusive nature of the wood, but also because of the uniqueness of the red resin.<\/p>\n","protected":false},"excerpt":{"rendered":"<p>Chestnut wood earrings with red resin.<br \/>\nA unique piece, not only because of the exclusive nature of the wood, but also because of the singularity brought by the red resin<\/p>\n","protected":false},"featured_media":902,"template":"","meta":[],"product_brand":[],"product_cat":[208,93,94],"product_tag":[],"class_list":{"0":"post-805","1":"product","2":"type-product","3":"status-publish","4":"has-post-thumbnail","6":"product_cat-earrings-collection-carpedium","7":"product_cat-contemporary-jewelry-shop","8":"product_cat-wooden-and-resin-earrings-art137","9":"product_shipping_class-free-shipping","11":"first","12":"instock","13":"purchasable","14":"product-type-simple"},"yoast_head":"<!-- This site is optimized with the Yoast SEO Premium plugin v21.2 (Yoast SEO v22.2) - https:\/\/yoast.com\/wordpress\/plugins\/seo\/ -->\n<title>Chestnut Wood Earrings with Red Resin | CarpeDiam (b2) Series - Art137<\/title>\n<meta name=\"description\" content=\"Discover the chestnut wood earrings with red resin. An artisanal, handmade piece that combines wood with the vibrant touch of red resin.\" \/>\n<meta name=\"robots\" content=\"index, follow, max-snippet:-1, max-image-preview:large, max-video-preview:-1\" \/>\n<link rel=\"canonical\" href=\"https:\/\/art137studio.com\/en\/product\/wood-brown-resin-red-carpediam-earrings\/\" \/>\n<meta property=\"og:locale\" content=\"en_US\" \/>\n<meta property=\"og:type\" content=\"article\" \/>\n<meta property=\"og:title\" content=\"Chestnut Wood Earrings with Red Resin | CarpeDiam (b2) Series\" \/>\n<meta property=\"og:description\" content=\"Discover the chestnut wood earrings with red resin. An artisanal, handmade piece that combines wood with the vibrant touch of red resin.\" \/>\n<meta property=\"og:url\" content=\"https:\/\/art137studio.com\/en\/product\/wood-brown-resin-red-carpediam-earrings\/\" \/>\n<meta property=\"og:site_name\" content=\"Art137\" \/>\n<meta property=\"article:publisher\" content=\"https:\/\/www.facebook.com\/art137\" \/>\n<meta property=\"article:modified_time\" content=\"2024-01-15T23:14:03+00:00\" \/>\n<meta property=\"og:image\" content=\"https:\/\/art137studio.com\/wp-content\/uploads\/2023\/12\/IMG_1714_quadrada_resize.jpeg\" \/>\n\t<meta property=\"og:image:width\" content=\"1280\" \/>\n\t<meta property=\"og:image:height\" content=\"1280\" \/>\n\t<meta property=\"og:image:type\" content=\"image\/jpeg\" \/>\n<meta name=\"twitter:card\" content=\"summary_large_image\" \/>\n<meta name=\"twitter:label1\" content=\"Est. reading time\" \/>\n\t<meta name=\"twitter:data1\" content=\"1 minute\" \/>\n<script type=\"application\/ld+json\" class=\"yoast-schema-graph\">{\"@context\":\"https:\/\/schema.org\",\"@graph\":[{\"@type\":\"WebPage\",\"@id\":\"https:\/\/art137studio.com\/en\/product\/wood-brown-resin-red-carpediam-earrings\/\",\"url\":\"https:\/\/art137studio.com\/en\/product\/wood-brown-resin-red-carpediam-earrings\/\",\"name\":\"Chestnut Wood Earrings with Red Resin | CarpeDiam (b2) Series - Art137\",\"isPartOf\":{\"@id\":\"https:\/\/art137studio.com\/en\/#website\"},\"primaryImageOfPage\":{\"@id\":\"https:\/\/art137studio.com\/en\/product\/wood-brown-resin-red-carpediam-earrings\/#primaryimage\"},\"image\":{\"@id\":\"https:\/\/art137studio.com\/en\/product\/wood-brown-resin-red-carpediam-earrings\/#primaryimage\"},\"thumbnailUrl\":\"https:\/\/art137studio.com\/wp-content\/uploads\/2023\/12\/IMG_1714_quadrada_resize.jpeg\",\"datePublished\":\"2023-12-28T18:24:19+00:00\",\"dateModified\":\"2024-01-15T23:14:03+00:00\",\"description\":\"Discover the chestnut wood earrings with red resin. An artisanal, handmade piece that combines wood with the vibrant touch of red resin.\",\"breadcrumb\":{\"@id\":\"https:\/\/art137studio.com\/en\/product\/wood-brown-resin-red-carpediam-earrings\/#breadcrumb\"},\"inLanguage\":\"en-US\",\"potentialAction\":[{\"@type\":\"ReadAction\",\"target\":[\"https:\/\/art137studio.com\/en\/product\/wood-brown-resin-red-carpediam-earrings\/\"]}]},{\"@type\":\"ImageObject\",\"inLanguage\":\"en-US\",\"@id\":\"https:\/\/art137studio.com\/en\/product\/wood-brown-resin-red-carpediam-earrings\/#primaryimage\",\"url\":\"https:\/\/art137studio.com\/wp-content\/uploads\/2023\/12\/IMG_1714_quadrada_resize.jpeg\",\"contentUrl\":\"https:\/\/art137studio.com\/wp-content\/uploads\/2023\/12\/IMG_1714_quadrada_resize.jpeg\",\"width\":1280,\"height\":1280},{\"@type\":\"BreadcrumbList\",\"@id\":\"https:\/\/art137studio.com\/en\/product\/wood-brown-resin-red-carpediam-earrings\/#breadcrumb\",\"itemListElement\":[{\"@type\":\"ListItem\",\"position\":1,\"name\":\"In\u00edcio\",\"item\":\"https:\/\/art137studio.com\/en\/\"},{\"@type\":\"ListItem\",\"position\":2,\"name\":\"Portuguese handicrafts &#8211; Handmade.\",\"item\":\"https:\/\/art137studio.com\/en\/\"},{\"@type\":\"ListItem\",\"position\":3,\"name\":\"Chestnut Wood Earrings with Red Resin | CarpeDiam (b2) Series\"}]},{\"@type\":\"WebSite\",\"@id\":\"https:\/\/art137studio.com\/en\/#website\",\"url\":\"https:\/\/art137studio.com\/en\/\",\"name\":\"Art137\",\"description\":\"A Art137 \u00e9 uma marca portuguesa, dedicada \u00e0 cria\u00e7\u00e3o de pe\u00e7as feitas \u00e0 m\u00e3o.\",\"publisher\":{\"@id\":\"https:\/\/art137studio.com\/en\/#organization\"},\"potentialAction\":[{\"@type\":\"SearchAction\",\"target\":{\"@type\":\"EntryPoint\",\"urlTemplate\":\"https:\/\/art137studio.com\/en\/?s={search_term_string}\"},\"query-input\":\"required name=search_term_string\"}],\"inLanguage\":\"en-US\"},{\"@type\":\"Organization\",\"@id\":\"https:\/\/art137studio.com\/en\/#organization\",\"name\":\"Art137\",\"url\":\"https:\/\/art137studio.com\/en\/\",\"logo\":{\"@type\":\"ImageObject\",\"inLanguage\":\"en-US\",\"@id\":\"https:\/\/art137studio.com\/en\/#\/schema\/logo\/image\/\",\"url\":\"https:\/\/art137studio.com\/wp-content\/uploads\/2022\/12\/logo-art137.svg\",\"contentUrl\":\"https:\/\/art137studio.com\/wp-content\/uploads\/2022\/12\/logo-art137.svg\",\"width\":145,\"height\":56,\"caption\":\"Art137\"},\"image\":{\"@id\":\"https:\/\/art137studio.com\/en\/#\/schema\/logo\/image\/\"},\"sameAs\":[\"https:\/\/www.facebook.com\/art137\"]}]}<\/script>\n<!-- \/ Yoast SEO Premium plugin. -->","yoast_head_json":{"title":"Chestnut Wood Earrings with Red Resin | CarpeDiam (b2) Series - Art137","description":"Discover the chestnut wood earrings with red resin. An artisanal, handmade piece that combines wood with the vibrant touch of red resin.","robots":{"index":"index","follow":"follow","max-snippet":"max-snippet:-1","max-image-preview":"max-image-preview:large","max-video-preview":"max-video-preview:-1"},"canonical":"https:\/\/art137studio.com\/en\/product\/wood-brown-resin-red-carpediam-earrings\/","og_locale":"en_US","og_type":"article","og_title":"Chestnut Wood Earrings with Red Resin | CarpeDiam (b2) Series","og_description":"Discover the chestnut wood earrings with red resin. An artisanal, handmade piece that combines wood with the vibrant touch of red resin.","og_url":"https:\/\/art137studio.com\/en\/product\/wood-brown-resin-red-carpediam-earrings\/","og_site_name":"Art137","article_publisher":"https:\/\/www.facebook.com\/art137","article_modified_time":"2024-01-15T23:14:03+00:00","og_image":[{"width":1280,"height":1280,"url":"https:\/\/art137studio.com\/wp-content\/uploads\/2023\/12\/IMG_1714_quadrada_resize.jpeg","type":"image\/jpeg"}],"twitter_card":"summary_large_image","twitter_misc":{"Est. reading time":"1 minute"},"schema":{"@context":"https:\/\/schema.org","@graph":[{"@type":"WebPage","@id":"https:\/\/art137studio.com\/en\/product\/wood-brown-resin-red-carpediam-earrings\/","url":"https:\/\/art137studio.com\/en\/product\/wood-brown-resin-red-carpediam-earrings\/","name":"Chestnut Wood Earrings with Red Resin | CarpeDiam (b2) Series - Art137","isPartOf":{"@id":"https:\/\/art137studio.com\/en\/#website"},"primaryImageOfPage":{"@id":"https:\/\/art137studio.com\/en\/product\/wood-brown-resin-red-carpediam-earrings\/#primaryimage"},"image":{"@id":"https:\/\/art137studio.com\/en\/product\/wood-brown-resin-red-carpediam-earrings\/#primaryimage"},"thumbnailUrl":"https:\/\/art137studio.com\/wp-content\/uploads\/2023\/12\/IMG_1714_quadrada_resize.jpeg","datePublished":"2023-12-28T18:24:19+00:00","dateModified":"2024-01-15T23:14:03+00:00","description":"Discover the chestnut wood earrings with red resin. An artisanal, handmade piece that combines wood with the vibrant touch of red resin.","breadcrumb":{"@id":"https:\/\/art137studio.com\/en\/product\/wood-brown-resin-red-carpediam-earrings\/#breadcrumb"},"inLanguage":"en-US","potentialAction":[{"@type":"ReadAction","target":["https:\/\/art137studio.com\/en\/product\/wood-brown-resin-red-carpediam-earrings\/"]}]},{"@type":"ImageObject","inLanguage":"en-US","@id":"https:\/\/art137studio.com\/en\/product\/wood-brown-resin-red-carpediam-earrings\/#primaryimage","url":"https:\/\/art137studio.com\/wp-content\/uploads\/2023\/12\/IMG_1714_quadrada_resize.jpeg","contentUrl":"https:\/\/art137studio.com\/wp-content\/uploads\/2023\/12\/IMG_1714_quadrada_resize.jpeg","width":1280,"height":1280},{"@type":"BreadcrumbList","@id":"https:\/\/art137studio.com\/en\/product\/wood-brown-resin-red-carpediam-earrings\/#breadcrumb","itemListElement":[{"@type":"ListItem","position":1,"name":"In\u00edcio","item":"https:\/\/art137studio.com\/en\/"},{"@type":"ListItem","position":2,"name":"Portuguese handicrafts &#8211; Handmade.","item":"https:\/\/art137studio.com\/en\/"},{"@type":"ListItem","position":3,"name":"Chestnut Wood Earrings with Red Resin | CarpeDiam (b2) Series"}]},{"@type":"WebSite","@id":"https:\/\/art137studio.com\/en\/#website","url":"https:\/\/art137studio.com\/en\/","name":"Art137","description":"A Art137 \u00e9 uma marca portuguesa, dedicada \u00e0 cria\u00e7\u00e3o de pe\u00e7as feitas \u00e0 m\u00e3o.","publisher":{"@id":"https:\/\/art137studio.com\/en\/#organization"},"potentialAction":[{"@type":"SearchAction","target":{"@type":"EntryPoint","urlTemplate":"https:\/\/art137studio.com\/en\/?s={search_term_string}"},"query-input":"required name=search_term_string"}],"inLanguage":"en-US"},{"@type":"Organization","@id":"https:\/\/art137studio.com\/en\/#organization","name":"Art137","url":"https:\/\/art137studio.com\/en\/","logo":{"@type":"ImageObject","inLanguage":"en-US","@id":"https:\/\/art137studio.com\/en\/#\/schema\/logo\/image\/","url":"https:\/\/art137studio.com\/wp-content\/uploads\/2022\/12\/logo-art137.svg","contentUrl":"https:\/\/art137studio.com\/wp-content\/uploads\/2022\/12\/logo-art137.svg","width":145,"height":56,"caption":"Art137"},"image":{"@id":"https:\/\/art137studio.com\/en\/#\/schema\/logo\/image\/"},"sameAs":["https:\/\/www.facebook.com\/art137"]}]}},"_links":{"self":[{"href":"https:\/\/art137studio.com\/en\/wp-json\/wp\/v2\/product\/805","targetHints":{"allow":["GET"]}}],"collection":[{"href":"https:\/\/art137studio.com\/en\/wp-json\/wp\/v2\/product"}],"about":[{"href":"https:\/\/art137studio.com\/en\/wp-json\/wp\/v2\/types\/product"}],"wp:featuredmedia":[{"embeddable":true,"href":"https:\/\/art137studio.com\/en\/wp-json\/wp\/v2\/media\/902"}],"wp:attachment":[{"href":"https:\/\/art137studio.com\/en\/wp-json\/wp\/v2\/media?parent=805"}],"wp:term":[{"taxonomy":"product_brand","embeddable":true,"href":"https:\/\/art137studio.com\/en\/wp-json\/wp\/v2\/product_brand?post=805"},{"taxonomy":"product_cat","embeddable":true,"href":"https:\/\/art137studio.com\/en\/wp-json\/wp\/v2\/product_cat?post=805"},{"taxonomy":"product_tag","embeddable":true,"href":"https:\/\/art137studio.com\/en\/wp-json\/wp\/v2\/product_tag?post=805"}],"curies":[{"name":"wp","href":"https:\/\/api.w.org\/{rel}","templated":true}]}}