{"id":701,"date":"2023-12-04T15:44:13","date_gmt":"2023-12-04T15:44:13","guid":{"rendered":"https:\/\/art137studio.com\/?post_type=product&#038;p=701"},"modified":"2024-01-25T23:16:04","modified_gmt":"2024-01-25T23:16:04","slug":"wall-lamp-with-acacia-wood-wheel-simpliceiip","status":"publish","type":"product","link":"https:\/\/art137studio.com\/en\/product\/wall-lamp-with-acacia-wood-wheel-simpliceiip\/","title":{"rendered":"Acacia Wood Slice Wall Lamp | SimpliceIIp"},"content":{"rendered":"<p><strong>Exclusive Acacia Wood Slice Wall Lamp<\/strong> | SimpliceIIp<\/p>\n<p>Transform your decor with the exclusive wall lamp made from a slice of acacia wood by ART137. This wooden slice has been carefully chosen to highlight the unique beauty of the wood, creating a distinctive and one-of-a-kind lamp.<\/p>\n<p>The innovative design features an open slice of wood, providing soft, cozy lighting via the LED lamp. The fusion of nature and modernity makes this lamp an ideal choice for entrance halls and staircases.<\/p>\n<p>Stand out with this handcrafted piece that combines functionality and aesthetics. Illuminate your environment in a unique way with this exclusive lamp.  <\/p>\n","protected":false},"excerpt":{"rendered":"<p>Exclusive Acacia Wood Slice Wall Lamp | SimpliceIIp Transform your decor with the exclusive wall lamp made from a slice [&hellip;]<\/p>\n","protected":false},"featured_media":1505,"template":"","meta":[],"product_brand":[],"product_cat":[64,187],"product_tag":[],"class_list":{"0":"post-701","1":"product","2":"type-product","3":"status-publish","4":"has-post-thumbnail","6":"product_cat-decoration-art137-shop","7":"product_cat-lighting-wall-art137","9":"first","10":"instock","11":"taxable","12":"shipping-taxable","13":"purchasable","14":"product-type-simple"},"yoast_head":"<!-- This site is optimized with the Yoast SEO Premium plugin v21.2 (Yoast SEO v22.2) - https:\/\/yoast.com\/wordpress\/plugins\/seo\/ -->\n<title>Exclusive Acacia Wood Slice Wall Lamp<\/title>\n<meta name=\"description\" content=\"Exclusive Acacia Wood Slice Wall Lamp - Handcrafted to add a touch of natural elegance to your decor.\" \/>\n<meta name=\"robots\" content=\"index, follow, max-snippet:-1, max-image-preview:large, max-video-preview:-1\" \/>\n<link rel=\"canonical\" href=\"https:\/\/art137studio.com\/en\/product\/wall-lamp-with-acacia-wood-wheel-simpliceiip\/\" \/>\n<meta property=\"og:locale\" content=\"en_US\" \/>\n<meta property=\"og:type\" content=\"article\" \/>\n<meta property=\"og:title\" content=\"Acacia Wood Slice Wall Lamp | SimpliceIIp\" \/>\n<meta property=\"og:description\" content=\"Exclusive Acacia Wood Slice Wall Lamp - Handcrafted to add a touch of natural elegance to your decor.\" \/>\n<meta property=\"og:url\" content=\"https:\/\/art137studio.com\/en\/product\/wall-lamp-with-acacia-wood-wheel-simpliceiip\/\" \/>\n<meta property=\"og:site_name\" content=\"Art137\" \/>\n<meta property=\"article:publisher\" content=\"https:\/\/www.facebook.com\/art137\" \/>\n<meta property=\"article:modified_time\" content=\"2024-01-25T23:16:04+00:00\" \/>\n<meta property=\"og:image\" content=\"https:\/\/art137studio.com\/wp-content\/uploads\/2023\/12\/candeeiro-rodela-parede-simpliceIIp-frente-quadrado-bk-scaled.jpeg\" \/>\n\t<meta property=\"og:image:width\" content=\"2560\" \/>\n\t<meta property=\"og:image:height\" content=\"2560\" \/>\n\t<meta property=\"og:image:type\" content=\"image\/jpeg\" \/>\n<meta name=\"twitter:card\" content=\"summary_large_image\" \/>\n<meta name=\"twitter:label1\" content=\"Est. reading time\" \/>\n\t<meta name=\"twitter:data1\" content=\"1 minute\" \/>\n<script type=\"application\/ld+json\" class=\"yoast-schema-graph\">{\"@context\":\"https:\/\/schema.org\",\"@graph\":[{\"@type\":\"WebPage\",\"@id\":\"https:\/\/art137studio.com\/en\/product\/wall-lamp-with-acacia-wood-wheel-simpliceiip\/\",\"url\":\"https:\/\/art137studio.com\/en\/product\/wall-lamp-with-acacia-wood-wheel-simpliceiip\/\",\"name\":\"Exclusive Acacia Wood Slice Wall Lamp\",\"isPartOf\":{\"@id\":\"https:\/\/art137studio.com\/en\/#website\"},\"primaryImageOfPage\":{\"@id\":\"https:\/\/art137studio.com\/en\/product\/wall-lamp-with-acacia-wood-wheel-simpliceiip\/#primaryimage\"},\"image\":{\"@id\":\"https:\/\/art137studio.com\/en\/product\/wall-lamp-with-acacia-wood-wheel-simpliceiip\/#primaryimage\"},\"thumbnailUrl\":\"https:\/\/art137studio.com\/wp-content\/uploads\/2023\/12\/candeeiro-rodela-parede-simpliceIIp-frente-quadrado-bk-scaled.jpeg\",\"datePublished\":\"2023-12-04T15:44:13+00:00\",\"dateModified\":\"2024-01-25T23:16:04+00:00\",\"description\":\"Exclusive Acacia Wood Slice Wall Lamp - Handcrafted to add a touch of natural elegance to your decor.\",\"breadcrumb\":{\"@id\":\"https:\/\/art137studio.com\/en\/product\/wall-lamp-with-acacia-wood-wheel-simpliceiip\/#breadcrumb\"},\"inLanguage\":\"en-US\",\"potentialAction\":[{\"@type\":\"ReadAction\",\"target\":[\"https:\/\/art137studio.com\/en\/product\/wall-lamp-with-acacia-wood-wheel-simpliceiip\/\"]}]},{\"@type\":\"ImageObject\",\"inLanguage\":\"en-US\",\"@id\":\"https:\/\/art137studio.com\/en\/product\/wall-lamp-with-acacia-wood-wheel-simpliceiip\/#primaryimage\",\"url\":\"https:\/\/art137studio.com\/wp-content\/uploads\/2023\/12\/candeeiro-rodela-parede-simpliceIIp-frente-quadrado-bk-scaled.jpeg\",\"contentUrl\":\"https:\/\/art137studio.com\/wp-content\/uploads\/2023\/12\/candeeiro-rodela-parede-simpliceIIp-frente-quadrado-bk-scaled.jpeg\",\"width\":2560,\"height\":2560,\"caption\":\"Candeeiro de Parede em Rodela de Madeira de Ac\u00e1cia quadrado branco\"},{\"@type\":\"BreadcrumbList\",\"@id\":\"https:\/\/art137studio.com\/en\/product\/wall-lamp-with-acacia-wood-wheel-simpliceiip\/#breadcrumb\",\"itemListElement\":[{\"@type\":\"ListItem\",\"position\":1,\"name\":\"In\u00edcio\",\"item\":\"https:\/\/art137studio.com\/en\/\"},{\"@type\":\"ListItem\",\"position\":2,\"name\":\"Portuguese handicrafts &#8211; Handmade.\",\"item\":\"https:\/\/art137studio.com\/en\/\"},{\"@type\":\"ListItem\",\"position\":3,\"name\":\"Acacia Wood Slice Wall Lamp | SimpliceIIp\"}]},{\"@type\":\"WebSite\",\"@id\":\"https:\/\/art137studio.com\/en\/#website\",\"url\":\"https:\/\/art137studio.com\/en\/\",\"name\":\"Art137\",\"description\":\"A Art137 \u00e9 uma marca portuguesa, dedicada \u00e0 cria\u00e7\u00e3o de pe\u00e7as feitas \u00e0 m\u00e3o.\",\"publisher\":{\"@id\":\"https:\/\/art137studio.com\/en\/#organization\"},\"potentialAction\":[{\"@type\":\"SearchAction\",\"target\":{\"@type\":\"EntryPoint\",\"urlTemplate\":\"https:\/\/art137studio.com\/en\/?s={search_term_string}\"},\"query-input\":\"required name=search_term_string\"}],\"inLanguage\":\"en-US\"},{\"@type\":\"Organization\",\"@id\":\"https:\/\/art137studio.com\/en\/#organization\",\"name\":\"Art137\",\"url\":\"https:\/\/art137studio.com\/en\/\",\"logo\":{\"@type\":\"ImageObject\",\"inLanguage\":\"en-US\",\"@id\":\"https:\/\/art137studio.com\/en\/#\/schema\/logo\/image\/\",\"url\":\"https:\/\/art137studio.com\/wp-content\/uploads\/2022\/12\/logo-art137.svg\",\"contentUrl\":\"https:\/\/art137studio.com\/wp-content\/uploads\/2022\/12\/logo-art137.svg\",\"width\":145,\"height\":56,\"caption\":\"Art137\"},\"image\":{\"@id\":\"https:\/\/art137studio.com\/en\/#\/schema\/logo\/image\/\"},\"sameAs\":[\"https:\/\/www.facebook.com\/art137\"]}]}<\/script>\n<!-- \/ Yoast SEO Premium plugin. -->","yoast_head_json":{"title":"Exclusive Acacia Wood Slice Wall Lamp","description":"Exclusive Acacia Wood Slice Wall Lamp - Handcrafted to add a touch of natural elegance to your decor.","robots":{"index":"index","follow":"follow","max-snippet":"max-snippet:-1","max-image-preview":"max-image-preview:large","max-video-preview":"max-video-preview:-1"},"canonical":"https:\/\/art137studio.com\/en\/product\/wall-lamp-with-acacia-wood-wheel-simpliceiip\/","og_locale":"en_US","og_type":"article","og_title":"Acacia Wood Slice Wall Lamp | SimpliceIIp","og_description":"Exclusive Acacia Wood Slice Wall Lamp - Handcrafted to add a touch of natural elegance to your decor.","og_url":"https:\/\/art137studio.com\/en\/product\/wall-lamp-with-acacia-wood-wheel-simpliceiip\/","og_site_name":"Art137","article_publisher":"https:\/\/www.facebook.com\/art137","article_modified_time":"2024-01-25T23:16:04+00:00","og_image":[{"width":2560,"height":2560,"url":"https:\/\/art137studio.com\/wp-content\/uploads\/2023\/12\/candeeiro-rodela-parede-simpliceIIp-frente-quadrado-bk-scaled.jpeg","type":"image\/jpeg"}],"twitter_card":"summary_large_image","twitter_misc":{"Est. reading time":"1 minute"},"schema":{"@context":"https:\/\/schema.org","@graph":[{"@type":"WebPage","@id":"https:\/\/art137studio.com\/en\/product\/wall-lamp-with-acacia-wood-wheel-simpliceiip\/","url":"https:\/\/art137studio.com\/en\/product\/wall-lamp-with-acacia-wood-wheel-simpliceiip\/","name":"Exclusive Acacia Wood Slice Wall Lamp","isPartOf":{"@id":"https:\/\/art137studio.com\/en\/#website"},"primaryImageOfPage":{"@id":"https:\/\/art137studio.com\/en\/product\/wall-lamp-with-acacia-wood-wheel-simpliceiip\/#primaryimage"},"image":{"@id":"https:\/\/art137studio.com\/en\/product\/wall-lamp-with-acacia-wood-wheel-simpliceiip\/#primaryimage"},"thumbnailUrl":"https:\/\/art137studio.com\/wp-content\/uploads\/2023\/12\/candeeiro-rodela-parede-simpliceIIp-frente-quadrado-bk-scaled.jpeg","datePublished":"2023-12-04T15:44:13+00:00","dateModified":"2024-01-25T23:16:04+00:00","description":"Exclusive Acacia Wood Slice Wall Lamp - Handcrafted to add a touch of natural elegance to your decor.","breadcrumb":{"@id":"https:\/\/art137studio.com\/en\/product\/wall-lamp-with-acacia-wood-wheel-simpliceiip\/#breadcrumb"},"inLanguage":"en-US","potentialAction":[{"@type":"ReadAction","target":["https:\/\/art137studio.com\/en\/product\/wall-lamp-with-acacia-wood-wheel-simpliceiip\/"]}]},{"@type":"ImageObject","inLanguage":"en-US","@id":"https:\/\/art137studio.com\/en\/product\/wall-lamp-with-acacia-wood-wheel-simpliceiip\/#primaryimage","url":"https:\/\/art137studio.com\/wp-content\/uploads\/2023\/12\/candeeiro-rodela-parede-simpliceIIp-frente-quadrado-bk-scaled.jpeg","contentUrl":"https:\/\/art137studio.com\/wp-content\/uploads\/2023\/12\/candeeiro-rodela-parede-simpliceIIp-frente-quadrado-bk-scaled.jpeg","width":2560,"height":2560,"caption":"Candeeiro de Parede em Rodela de Madeira de Ac\u00e1cia quadrado branco"},{"@type":"BreadcrumbList","@id":"https:\/\/art137studio.com\/en\/product\/wall-lamp-with-acacia-wood-wheel-simpliceiip\/#breadcrumb","itemListElement":[{"@type":"ListItem","position":1,"name":"In\u00edcio","item":"https:\/\/art137studio.com\/en\/"},{"@type":"ListItem","position":2,"name":"Portuguese handicrafts &#8211; Handmade.","item":"https:\/\/art137studio.com\/en\/"},{"@type":"ListItem","position":3,"name":"Acacia Wood Slice Wall Lamp | SimpliceIIp"}]},{"@type":"WebSite","@id":"https:\/\/art137studio.com\/en\/#website","url":"https:\/\/art137studio.com\/en\/","name":"Art137","description":"A Art137 \u00e9 uma marca portuguesa, dedicada \u00e0 cria\u00e7\u00e3o de pe\u00e7as feitas \u00e0 m\u00e3o.","publisher":{"@id":"https:\/\/art137studio.com\/en\/#organization"},"potentialAction":[{"@type":"SearchAction","target":{"@type":"EntryPoint","urlTemplate":"https:\/\/art137studio.com\/en\/?s={search_term_string}"},"query-input":"required name=search_term_string"}],"inLanguage":"en-US"},{"@type":"Organization","@id":"https:\/\/art137studio.com\/en\/#organization","name":"Art137","url":"https:\/\/art137studio.com\/en\/","logo":{"@type":"ImageObject","inLanguage":"en-US","@id":"https:\/\/art137studio.com\/en\/#\/schema\/logo\/image\/","url":"https:\/\/art137studio.com\/wp-content\/uploads\/2022\/12\/logo-art137.svg","contentUrl":"https:\/\/art137studio.com\/wp-content\/uploads\/2022\/12\/logo-art137.svg","width":145,"height":56,"caption":"Art137"},"image":{"@id":"https:\/\/art137studio.com\/en\/#\/schema\/logo\/image\/"},"sameAs":["https:\/\/www.facebook.com\/art137"]}]}},"_links":{"self":[{"href":"https:\/\/art137studio.com\/en\/wp-json\/wp\/v2\/product\/701","targetHints":{"allow":["GET"]}}],"collection":[{"href":"https:\/\/art137studio.com\/en\/wp-json\/wp\/v2\/product"}],"about":[{"href":"https:\/\/art137studio.com\/en\/wp-json\/wp\/v2\/types\/product"}],"wp:featuredmedia":[{"embeddable":true,"href":"https:\/\/art137studio.com\/en\/wp-json\/wp\/v2\/media\/1505"}],"wp:attachment":[{"href":"https:\/\/art137studio.com\/en\/wp-json\/wp\/v2\/media?parent=701"}],"wp:term":[{"taxonomy":"product_brand","embeddable":true,"href":"https:\/\/art137studio.com\/en\/wp-json\/wp\/v2\/product_brand?post=701"},{"taxonomy":"product_cat","embeddable":true,"href":"https:\/\/art137studio.com\/en\/wp-json\/wp\/v2\/product_cat?post=701"},{"taxonomy":"product_tag","embeddable":true,"href":"https:\/\/art137studio.com\/en\/wp-json\/wp\/v2\/product_tag?post=701"}],"curies":[{"name":"wp","href":"https:\/\/api.w.org\/{rel}","templated":true}]}}