{"id":699,"date":"2023-11-29T18:54:10","date_gmt":"2023-11-29T18:54:10","guid":{"rendered":"https:\/\/art137studio.com\/product\/wall-lamp-with-acacia-wood-wheel-simpliceiiip\/"},"modified":"2024-01-25T23:17:01","modified_gmt":"2024-01-25T23:17:01","slug":"wall-lamp-with-acacia-wood-simpliceiiip","status":"publish","type":"product","link":"https:\/\/art137studio.com\/en\/product\/wall-lamp-with-acacia-wood-simpliceiiip\/","title":{"rendered":"Wall Lamp in Acacia Wood Slice | SimpliceIIIp"},"content":{"rendered":"<p><strong>Wall Lamp in Acacia Wood Slice<\/strong> | SimpliceIIIp<\/p>\n<p>Transform your decor with the unique wall lamp in acacia wood slice from ART137. This slice of wood has been carefully chosen to highlight the unique beauty of the wood to produce a distinctive and unique lamp.<\/p>\n<p>The innovative design features an open slice of wood, providing soft, cozy lighting via the LED lamp. The fusion of nature and modernity makes this lamp an ideal choice for entrance halls and staircases.<\/p>\n<p>Stand out with this handcrafted piece that combines functionality and aesthetics. Illuminate your room in a unique way with the ART137 acacia wood slice wall lamp.<\/p>\n","protected":false},"excerpt":{"rendered":"<p>Wall Lamp in Acacia Wood Slice | SimpliceIIIp Transform your decor with the unique wall lamp in acacia wood slice [&hellip;]<\/p>\n","protected":false},"featured_media":1501,"template":"","meta":[],"product_brand":[],"product_cat":[64,187],"product_tag":[],"class_list":{"0":"post-699","1":"product","2":"type-product","3":"status-publish","4":"has-post-thumbnail","6":"product_cat-decoration-art137-shop","7":"product_cat-lighting-wall-art137","9":"first","10":"instock","11":"taxable","12":"shipping-taxable","13":"purchasable","14":"product-type-simple"},"yoast_head":"<!-- This site is optimized with the Yoast SEO Premium plugin v21.2 (Yoast SEO v22.2) - https:\/\/yoast.com\/wordpress\/plugins\/seo\/ -->\n<title>Wall Lamp in Acacia Wood Slice | SimpliceIIIp - Art137<\/title>\n<meta name=\"description\" content=\"Add a natural and elegant touch to your decor with the wall lamp handmade from a slice of acacia wood.\" \/>\n<meta name=\"robots\" content=\"index, follow, max-snippet:-1, max-image-preview:large, max-video-preview:-1\" \/>\n<link rel=\"canonical\" href=\"https:\/\/art137studio.com\/en\/product\/wall-lamp-with-acacia-wood-simpliceiiip\/\" \/>\n<meta property=\"og:locale\" content=\"en_US\" \/>\n<meta property=\"og:type\" content=\"article\" \/>\n<meta property=\"og:title\" content=\"Wall Lamp in Acacia Wood Slice | SimpliceIIIp\" \/>\n<meta property=\"og:description\" content=\"Add a natural and elegant touch to your decor with the wall lamp handmade from a slice of acacia wood.\" \/>\n<meta property=\"og:url\" content=\"https:\/\/art137studio.com\/en\/product\/wall-lamp-with-acacia-wood-simpliceiiip\/\" \/>\n<meta property=\"og:site_name\" content=\"Art137\" \/>\n<meta property=\"article:publisher\" content=\"https:\/\/www.facebook.com\/art137\" \/>\n<meta property=\"article:modified_time\" content=\"2024-01-25T23:17:01+00:00\" \/>\n<meta property=\"og:image\" content=\"https:\/\/art137studio.com\/wp-content\/uploads\/2023\/11\/Candeeiro-Parede-rodela-Madeira-acacia-1-scaled.jpg\" \/>\n\t<meta property=\"og:image:width\" content=\"2560\" \/>\n\t<meta property=\"og:image:height\" content=\"2560\" \/>\n\t<meta property=\"og:image:type\" content=\"image\/jpeg\" \/>\n<meta name=\"twitter:card\" content=\"summary_large_image\" \/>\n<meta name=\"twitter:label1\" content=\"Est. reading time\" \/>\n\t<meta name=\"twitter:data1\" content=\"1 minute\" \/>\n<script type=\"application\/ld+json\" class=\"yoast-schema-graph\">{\"@context\":\"https:\/\/schema.org\",\"@graph\":[{\"@type\":\"WebPage\",\"@id\":\"https:\/\/art137studio.com\/en\/product\/wall-lamp-with-acacia-wood-simpliceiiip\/\",\"url\":\"https:\/\/art137studio.com\/en\/product\/wall-lamp-with-acacia-wood-simpliceiiip\/\",\"name\":\"Wall Lamp in Acacia Wood Slice | SimpliceIIIp - Art137\",\"isPartOf\":{\"@id\":\"https:\/\/art137studio.com\/en\/#website\"},\"primaryImageOfPage\":{\"@id\":\"https:\/\/art137studio.com\/en\/product\/wall-lamp-with-acacia-wood-simpliceiiip\/#primaryimage\"},\"image\":{\"@id\":\"https:\/\/art137studio.com\/en\/product\/wall-lamp-with-acacia-wood-simpliceiiip\/#primaryimage\"},\"thumbnailUrl\":\"https:\/\/art137studio.com\/wp-content\/uploads\/2023\/11\/Candeeiro-Parede-rodela-Madeira-acacia-bk-scaled.jpeg\",\"datePublished\":\"2023-11-29T18:54:10+00:00\",\"dateModified\":\"2024-01-25T23:17:01+00:00\",\"description\":\"Add a natural and elegant touch to your decor with the wall lamp handmade from a slice of acacia wood.\",\"breadcrumb\":{\"@id\":\"https:\/\/art137studio.com\/en\/product\/wall-lamp-with-acacia-wood-simpliceiiip\/#breadcrumb\"},\"inLanguage\":\"en-US\",\"potentialAction\":[{\"@type\":\"ReadAction\",\"target\":[\"https:\/\/art137studio.com\/en\/product\/wall-lamp-with-acacia-wood-simpliceiiip\/\"]}]},{\"@type\":\"ImageObject\",\"inLanguage\":\"en-US\",\"@id\":\"https:\/\/art137studio.com\/en\/product\/wall-lamp-with-acacia-wood-simpliceiiip\/#primaryimage\",\"url\":\"https:\/\/art137studio.com\/wp-content\/uploads\/2023\/11\/Candeeiro-Parede-rodela-Madeira-acacia-bk-scaled.jpeg\",\"contentUrl\":\"https:\/\/art137studio.com\/wp-content\/uploads\/2023\/11\/Candeeiro-Parede-rodela-Madeira-acacia-bk-scaled.jpeg\",\"width\":2560,\"height\":2560,\"caption\":\"Candeeiro de Parede em Rodela de Madeira de Ac\u00e1cia Luz dia quadrada branco\"},{\"@type\":\"BreadcrumbList\",\"@id\":\"https:\/\/art137studio.com\/en\/product\/wall-lamp-with-acacia-wood-simpliceiiip\/#breadcrumb\",\"itemListElement\":[{\"@type\":\"ListItem\",\"position\":1,\"name\":\"In\u00edcio\",\"item\":\"https:\/\/art137studio.com\/en\/\"},{\"@type\":\"ListItem\",\"position\":2,\"name\":\"Portuguese handicrafts &#8211; Handmade.\",\"item\":\"https:\/\/art137studio.com\/en\/\"},{\"@type\":\"ListItem\",\"position\":3,\"name\":\"Wall Lamp in Acacia Wood Slice | SimpliceIIIp\"}]},{\"@type\":\"WebSite\",\"@id\":\"https:\/\/art137studio.com\/en\/#website\",\"url\":\"https:\/\/art137studio.com\/en\/\",\"name\":\"Art137\",\"description\":\"A Art137 \u00e9 uma marca portuguesa, dedicada \u00e0 cria\u00e7\u00e3o de pe\u00e7as feitas \u00e0 m\u00e3o.\",\"publisher\":{\"@id\":\"https:\/\/art137studio.com\/en\/#organization\"},\"potentialAction\":[{\"@type\":\"SearchAction\",\"target\":{\"@type\":\"EntryPoint\",\"urlTemplate\":\"https:\/\/art137studio.com\/en\/?s={search_term_string}\"},\"query-input\":\"required name=search_term_string\"}],\"inLanguage\":\"en-US\"},{\"@type\":\"Organization\",\"@id\":\"https:\/\/art137studio.com\/en\/#organization\",\"name\":\"Art137\",\"url\":\"https:\/\/art137studio.com\/en\/\",\"logo\":{\"@type\":\"ImageObject\",\"inLanguage\":\"en-US\",\"@id\":\"https:\/\/art137studio.com\/en\/#\/schema\/logo\/image\/\",\"url\":\"https:\/\/art137studio.com\/wp-content\/uploads\/2022\/12\/logo-art137.svg\",\"contentUrl\":\"https:\/\/art137studio.com\/wp-content\/uploads\/2022\/12\/logo-art137.svg\",\"width\":145,\"height\":56,\"caption\":\"Art137\"},\"image\":{\"@id\":\"https:\/\/art137studio.com\/en\/#\/schema\/logo\/image\/\"},\"sameAs\":[\"https:\/\/www.facebook.com\/art137\"]}]}<\/script>\n<!-- \/ Yoast SEO Premium plugin. -->","yoast_head_json":{"title":"Wall Lamp in Acacia Wood Slice | SimpliceIIIp - Art137","description":"Add a natural and elegant touch to your decor with the wall lamp handmade from a slice of acacia wood.","robots":{"index":"index","follow":"follow","max-snippet":"max-snippet:-1","max-image-preview":"max-image-preview:large","max-video-preview":"max-video-preview:-1"},"canonical":"https:\/\/art137studio.com\/en\/product\/wall-lamp-with-acacia-wood-simpliceiiip\/","og_locale":"en_US","og_type":"article","og_title":"Wall Lamp in Acacia Wood Slice | SimpliceIIIp","og_description":"Add a natural and elegant touch to your decor with the wall lamp handmade from a slice of acacia wood.","og_url":"https:\/\/art137studio.com\/en\/product\/wall-lamp-with-acacia-wood-simpliceiiip\/","og_site_name":"Art137","article_publisher":"https:\/\/www.facebook.com\/art137","article_modified_time":"2024-01-25T23:17:01+00:00","og_image":[{"width":2560,"height":2560,"url":"https:\/\/art137studio.com\/wp-content\/uploads\/2023\/11\/Candeeiro-Parede-rodela-Madeira-acacia-1-scaled.jpg","type":"image\/jpeg"}],"twitter_card":"summary_large_image","twitter_misc":{"Est. reading time":"1 minute"},"schema":{"@context":"https:\/\/schema.org","@graph":[{"@type":"WebPage","@id":"https:\/\/art137studio.com\/en\/product\/wall-lamp-with-acacia-wood-simpliceiiip\/","url":"https:\/\/art137studio.com\/en\/product\/wall-lamp-with-acacia-wood-simpliceiiip\/","name":"Wall Lamp in Acacia Wood Slice | SimpliceIIIp - Art137","isPartOf":{"@id":"https:\/\/art137studio.com\/en\/#website"},"primaryImageOfPage":{"@id":"https:\/\/art137studio.com\/en\/product\/wall-lamp-with-acacia-wood-simpliceiiip\/#primaryimage"},"image":{"@id":"https:\/\/art137studio.com\/en\/product\/wall-lamp-with-acacia-wood-simpliceiiip\/#primaryimage"},"thumbnailUrl":"https:\/\/art137studio.com\/wp-content\/uploads\/2023\/11\/Candeeiro-Parede-rodela-Madeira-acacia-bk-scaled.jpeg","datePublished":"2023-11-29T18:54:10+00:00","dateModified":"2024-01-25T23:17:01+00:00","description":"Add a natural and elegant touch to your decor with the wall lamp handmade from a slice of acacia wood.","breadcrumb":{"@id":"https:\/\/art137studio.com\/en\/product\/wall-lamp-with-acacia-wood-simpliceiiip\/#breadcrumb"},"inLanguage":"en-US","potentialAction":[{"@type":"ReadAction","target":["https:\/\/art137studio.com\/en\/product\/wall-lamp-with-acacia-wood-simpliceiiip\/"]}]},{"@type":"ImageObject","inLanguage":"en-US","@id":"https:\/\/art137studio.com\/en\/product\/wall-lamp-with-acacia-wood-simpliceiiip\/#primaryimage","url":"https:\/\/art137studio.com\/wp-content\/uploads\/2023\/11\/Candeeiro-Parede-rodela-Madeira-acacia-bk-scaled.jpeg","contentUrl":"https:\/\/art137studio.com\/wp-content\/uploads\/2023\/11\/Candeeiro-Parede-rodela-Madeira-acacia-bk-scaled.jpeg","width":2560,"height":2560,"caption":"Candeeiro de Parede em Rodela de Madeira de Ac\u00e1cia Luz dia quadrada branco"},{"@type":"BreadcrumbList","@id":"https:\/\/art137studio.com\/en\/product\/wall-lamp-with-acacia-wood-simpliceiiip\/#breadcrumb","itemListElement":[{"@type":"ListItem","position":1,"name":"In\u00edcio","item":"https:\/\/art137studio.com\/en\/"},{"@type":"ListItem","position":2,"name":"Portuguese handicrafts &#8211; Handmade.","item":"https:\/\/art137studio.com\/en\/"},{"@type":"ListItem","position":3,"name":"Wall Lamp in Acacia Wood Slice | SimpliceIIIp"}]},{"@type":"WebSite","@id":"https:\/\/art137studio.com\/en\/#website","url":"https:\/\/art137studio.com\/en\/","name":"Art137","description":"A Art137 \u00e9 uma marca portuguesa, dedicada \u00e0 cria\u00e7\u00e3o de pe\u00e7as feitas \u00e0 m\u00e3o.","publisher":{"@id":"https:\/\/art137studio.com\/en\/#organization"},"potentialAction":[{"@type":"SearchAction","target":{"@type":"EntryPoint","urlTemplate":"https:\/\/art137studio.com\/en\/?s={search_term_string}"},"query-input":"required name=search_term_string"}],"inLanguage":"en-US"},{"@type":"Organization","@id":"https:\/\/art137studio.com\/en\/#organization","name":"Art137","url":"https:\/\/art137studio.com\/en\/","logo":{"@type":"ImageObject","inLanguage":"en-US","@id":"https:\/\/art137studio.com\/en\/#\/schema\/logo\/image\/","url":"https:\/\/art137studio.com\/wp-content\/uploads\/2022\/12\/logo-art137.svg","contentUrl":"https:\/\/art137studio.com\/wp-content\/uploads\/2022\/12\/logo-art137.svg","width":145,"height":56,"caption":"Art137"},"image":{"@id":"https:\/\/art137studio.com\/en\/#\/schema\/logo\/image\/"},"sameAs":["https:\/\/www.facebook.com\/art137"]}]}},"_links":{"self":[{"href":"https:\/\/art137studio.com\/en\/wp-json\/wp\/v2\/product\/699","targetHints":{"allow":["GET"]}}],"collection":[{"href":"https:\/\/art137studio.com\/en\/wp-json\/wp\/v2\/product"}],"about":[{"href":"https:\/\/art137studio.com\/en\/wp-json\/wp\/v2\/types\/product"}],"wp:featuredmedia":[{"embeddable":true,"href":"https:\/\/art137studio.com\/en\/wp-json\/wp\/v2\/media\/1501"}],"wp:attachment":[{"href":"https:\/\/art137studio.com\/en\/wp-json\/wp\/v2\/media?parent=699"}],"wp:term":[{"taxonomy":"product_brand","embeddable":true,"href":"https:\/\/art137studio.com\/en\/wp-json\/wp\/v2\/product_brand?post=699"},{"taxonomy":"product_cat","embeddable":true,"href":"https:\/\/art137studio.com\/en\/wp-json\/wp\/v2\/product_cat?post=699"},{"taxonomy":"product_tag","embeddable":true,"href":"https:\/\/art137studio.com\/en\/wp-json\/wp\/v2\/product_tag?post=699"}],"curies":[{"name":"wp","href":"https:\/\/api.w.org\/{rel}","templated":true}]}}