{"id":680,"date":"2023-11-27T22:52:32","date_gmt":"2023-11-27T22:52:32","guid":{"rendered":"https:\/\/art137studio.com\/product\/oak-wood-center-table-with-transparent-resin-mensalquercus-series\/"},"modified":"2025-05-08T18:11:06","modified_gmt":"2025-05-08T18:11:06","slug":"oak-wood-center-table-with-blue-transparent-resin-mensalquercus-series","status":"publish","type":"product","link":"https:\/\/art137studio.com\/en\/product\/oak-wood-center-table-with-blue-transparent-resin-mensalquercus-series\/","title":{"rendered":"Oak Wood Coffee Table with Transparent Resin | Mensalquercus Series"},"content":{"rendered":"<p><strong>Coffee Table in Oak Wood with Blue and Transparent Resin<\/strong> | Mensalquercus Series.<br \/>\nExplore our Oak Wood Coffee Table with Transparent Resin, an intriguing expression of craftsmanship and creativity. This handmade piece is distinguished by the striking presence of oak wood.<br \/>\nThe oak, with its natural cracks and a part of the slice gnawed off in the middle, makes this table unique. The blue and transparent resin not only fills in the wood&#8217;s unique features, but also highlights them, creating a piece of perfectly captured imperfections.<\/p>\n<p>This table isn&#8217;t just a functional piece of furniture; it&#8217;s a visual narrative of the harmony between ancient and modern. The cracks, the uniqueness of the slice and the transparency of the resin add layers of authenticity, providing a unique touch to any environment.<\/p>\n<p>Celebrate nature in its purest form and appreciate the craftsmanship that transforms natural materials into a standout piece. Take home this Coffee Table made with love and skill, where every detail is a work of art in itself.&#8221;<\/p>\n","protected":false},"excerpt":{"rendered":"<p>Oak Wood Coffee Table with Blue and Transparent Resin &#8211; Handmade, this piece stands out for its harmonious fusion of the robustness of oak wood with the elegance of transparent resin.<\/p>\n","protected":false},"featured_media":2709,"template":"","meta":[],"product_brand":[],"product_cat":[141,64,74],"product_tag":[],"class_list":{"0":"post-680","1":"product","2":"type-product","3":"status-publish","4":"has-post-thumbnail","6":"product_cat-handmade-coffee-tables","7":"product_cat-decoration-art137-shop","8":"product_cat-handmade-tables-art137","10":"first","11":"instock","12":"taxable","13":"shipping-taxable","14":"purchasable","15":"product-type-variable"},"yoast_head":"<!-- This site is optimized with the Yoast SEO Premium plugin v21.2 (Yoast SEO v22.2) - https:\/\/yoast.com\/wordpress\/plugins\/seo\/ -->\n<title>Oak Wood Coffee Table with Transparent Resin | Mensalquercus Series - Art137<\/title>\n<meta name=\"description\" content=\"Handmade, this piece stands out for its harmonious fusion of the robustness of oak wood with the elegance of transparent resin. - Oak Wood Coffee Table with Transparent Resin | Mensalquercus Series\" \/>\n<meta name=\"robots\" content=\"index, follow, max-snippet:-1, max-image-preview:large, max-video-preview:-1\" \/>\n<link rel=\"canonical\" href=\"https:\/\/art137studio.com\/en\/product\/oak-wood-center-table-with-blue-transparent-resin-mensalquercus-series\/\" \/>\n<meta property=\"og:locale\" content=\"en_US\" \/>\n<meta property=\"og:type\" content=\"article\" \/>\n<meta property=\"og:title\" content=\"Oak Wood Coffee Table with Transparent Resin | Mensalquercus Series\" \/>\n<meta property=\"og:description\" content=\"Handmade, this piece stands out for its harmonious fusion of the robustness of oak wood with the elegance of transparent resin. - Oak Wood Coffee Table with Transparent Resin | Mensalquercus Series\" \/>\n<meta property=\"og:url\" content=\"https:\/\/art137studio.com\/en\/product\/oak-wood-center-table-with-blue-transparent-resin-mensalquercus-series\/\" \/>\n<meta property=\"og:site_name\" content=\"Art137\" \/>\n<meta property=\"article:publisher\" content=\"https:\/\/www.facebook.com\/art137\" \/>\n<meta property=\"article:modified_time\" content=\"2025-05-08T18:11:06+00:00\" \/>\n<meta property=\"og:image\" content=\"https:\/\/art137studio.com\/wp-content\/uploads\/2023\/11\/IMG_4076-quadrada-scaled.jpg\" \/>\n\t<meta property=\"og:image:width\" content=\"2560\" \/>\n\t<meta property=\"og:image:height\" content=\"2560\" \/>\n\t<meta property=\"og:image:type\" content=\"image\/jpeg\" \/>\n<meta name=\"twitter:card\" content=\"summary_large_image\" \/>\n<meta name=\"twitter:label1\" content=\"Est. reading time\" \/>\n\t<meta name=\"twitter:data1\" content=\"1 minute\" \/>\n<script type=\"application\/ld+json\" class=\"yoast-schema-graph\">{\"@context\":\"https:\/\/schema.org\",\"@graph\":[{\"@type\":\"WebPage\",\"@id\":\"https:\/\/art137studio.com\/en\/product\/oak-wood-center-table-with-blue-transparent-resin-mensalquercus-series\/\",\"url\":\"https:\/\/art137studio.com\/en\/product\/oak-wood-center-table-with-blue-transparent-resin-mensalquercus-series\/\",\"name\":\"Oak Wood Coffee Table with Transparent Resin | Mensalquercus Series - Art137\",\"isPartOf\":{\"@id\":\"https:\/\/art137studio.com\/en\/#website\"},\"primaryImageOfPage\":{\"@id\":\"https:\/\/art137studio.com\/en\/product\/oak-wood-center-table-with-blue-transparent-resin-mensalquercus-series\/#primaryimage\"},\"image\":{\"@id\":\"https:\/\/art137studio.com\/en\/product\/oak-wood-center-table-with-blue-transparent-resin-mensalquercus-series\/#primaryimage\"},\"thumbnailUrl\":\"https:\/\/art137studio.com\/wp-content\/uploads\/2023\/11\/mesa_bright_natural.png\",\"datePublished\":\"2023-11-27T22:52:32+00:00\",\"dateModified\":\"2025-05-08T18:11:06+00:00\",\"description\":\"Handmade, this piece stands out for its harmonious fusion of the robustness of oak wood with the elegance of transparent resin. - Oak Wood Coffee Table with Transparent Resin | Mensalquercus Series\",\"breadcrumb\":{\"@id\":\"https:\/\/art137studio.com\/en\/product\/oak-wood-center-table-with-blue-transparent-resin-mensalquercus-series\/#breadcrumb\"},\"inLanguage\":\"en-US\",\"potentialAction\":[{\"@type\":\"ReadAction\",\"target\":[\"https:\/\/art137studio.com\/en\/product\/oak-wood-center-table-with-blue-transparent-resin-mensalquercus-series\/\"]}]},{\"@type\":\"ImageObject\",\"inLanguage\":\"en-US\",\"@id\":\"https:\/\/art137studio.com\/en\/product\/oak-wood-center-table-with-blue-transparent-resin-mensalquercus-series\/#primaryimage\",\"url\":\"https:\/\/art137studio.com\/wp-content\/uploads\/2023\/11\/mesa_bright_natural.png\",\"contentUrl\":\"https:\/\/art137studio.com\/wp-content\/uploads\/2023\/11\/mesa_bright_natural.png\",\"width\":1280,\"height\":853,\"caption\":\"Mesa de Centro em Madeira de Carvalho com Resina Azul e translucida completa\"},{\"@type\":\"BreadcrumbList\",\"@id\":\"https:\/\/art137studio.com\/en\/product\/oak-wood-center-table-with-blue-transparent-resin-mensalquercus-series\/#breadcrumb\",\"itemListElement\":[{\"@type\":\"ListItem\",\"position\":1,\"name\":\"In\u00edcio\",\"item\":\"https:\/\/art137studio.com\/en\/\"},{\"@type\":\"ListItem\",\"position\":2,\"name\":\"Portuguese handicrafts &#8211; Handmade.\",\"item\":\"https:\/\/art137studio.com\/en\/\"},{\"@type\":\"ListItem\",\"position\":3,\"name\":\"Oak Wood Coffee Table with Transparent Resin | Mensalquercus Series\"}]},{\"@type\":\"WebSite\",\"@id\":\"https:\/\/art137studio.com\/en\/#website\",\"url\":\"https:\/\/art137studio.com\/en\/\",\"name\":\"Art137\",\"description\":\"A Art137 \u00e9 uma marca portuguesa, dedicada \u00e0 cria\u00e7\u00e3o de pe\u00e7as feitas \u00e0 m\u00e3o.\",\"publisher\":{\"@id\":\"https:\/\/art137studio.com\/en\/#organization\"},\"potentialAction\":[{\"@type\":\"SearchAction\",\"target\":{\"@type\":\"EntryPoint\",\"urlTemplate\":\"https:\/\/art137studio.com\/en\/?s={search_term_string}\"},\"query-input\":\"required name=search_term_string\"}],\"inLanguage\":\"en-US\"},{\"@type\":\"Organization\",\"@id\":\"https:\/\/art137studio.com\/en\/#organization\",\"name\":\"Art137\",\"url\":\"https:\/\/art137studio.com\/en\/\",\"logo\":{\"@type\":\"ImageObject\",\"inLanguage\":\"en-US\",\"@id\":\"https:\/\/art137studio.com\/en\/#\/schema\/logo\/image\/\",\"url\":\"https:\/\/art137studio.com\/wp-content\/uploads\/2022\/12\/logo-art137.svg\",\"contentUrl\":\"https:\/\/art137studio.com\/wp-content\/uploads\/2022\/12\/logo-art137.svg\",\"width\":145,\"height\":56,\"caption\":\"Art137\"},\"image\":{\"@id\":\"https:\/\/art137studio.com\/en\/#\/schema\/logo\/image\/\"},\"sameAs\":[\"https:\/\/www.facebook.com\/art137\"]}]}<\/script>\n<!-- \/ Yoast SEO Premium plugin. -->","yoast_head_json":{"title":"Oak Wood Coffee Table with Transparent Resin | Mensalquercus Series - Art137","description":"Handmade, this piece stands out for its harmonious fusion of the robustness of oak wood with the elegance of transparent resin. - Oak Wood Coffee Table with Transparent Resin | Mensalquercus Series","robots":{"index":"index","follow":"follow","max-snippet":"max-snippet:-1","max-image-preview":"max-image-preview:large","max-video-preview":"max-video-preview:-1"},"canonical":"https:\/\/art137studio.com\/en\/product\/oak-wood-center-table-with-blue-transparent-resin-mensalquercus-series\/","og_locale":"en_US","og_type":"article","og_title":"Oak Wood Coffee Table with Transparent Resin | Mensalquercus Series","og_description":"Handmade, this piece stands out for its harmonious fusion of the robustness of oak wood with the elegance of transparent resin. - Oak Wood Coffee Table with Transparent Resin | Mensalquercus Series","og_url":"https:\/\/art137studio.com\/en\/product\/oak-wood-center-table-with-blue-transparent-resin-mensalquercus-series\/","og_site_name":"Art137","article_publisher":"https:\/\/www.facebook.com\/art137","article_modified_time":"2025-05-08T18:11:06+00:00","og_image":[{"width":2560,"height":2560,"url":"https:\/\/art137studio.com\/wp-content\/uploads\/2023\/11\/IMG_4076-quadrada-scaled.jpg","type":"image\/jpeg"}],"twitter_card":"summary_large_image","twitter_misc":{"Est. reading time":"1 minute"},"schema":{"@context":"https:\/\/schema.org","@graph":[{"@type":"WebPage","@id":"https:\/\/art137studio.com\/en\/product\/oak-wood-center-table-with-blue-transparent-resin-mensalquercus-series\/","url":"https:\/\/art137studio.com\/en\/product\/oak-wood-center-table-with-blue-transparent-resin-mensalquercus-series\/","name":"Oak Wood Coffee Table with Transparent Resin | Mensalquercus Series - Art137","isPartOf":{"@id":"https:\/\/art137studio.com\/en\/#website"},"primaryImageOfPage":{"@id":"https:\/\/art137studio.com\/en\/product\/oak-wood-center-table-with-blue-transparent-resin-mensalquercus-series\/#primaryimage"},"image":{"@id":"https:\/\/art137studio.com\/en\/product\/oak-wood-center-table-with-blue-transparent-resin-mensalquercus-series\/#primaryimage"},"thumbnailUrl":"https:\/\/art137studio.com\/wp-content\/uploads\/2023\/11\/mesa_bright_natural.png","datePublished":"2023-11-27T22:52:32+00:00","dateModified":"2025-05-08T18:11:06+00:00","description":"Handmade, this piece stands out for its harmonious fusion of the robustness of oak wood with the elegance of transparent resin. - Oak Wood Coffee Table with Transparent Resin | Mensalquercus Series","breadcrumb":{"@id":"https:\/\/art137studio.com\/en\/product\/oak-wood-center-table-with-blue-transparent-resin-mensalquercus-series\/#breadcrumb"},"inLanguage":"en-US","potentialAction":[{"@type":"ReadAction","target":["https:\/\/art137studio.com\/en\/product\/oak-wood-center-table-with-blue-transparent-resin-mensalquercus-series\/"]}]},{"@type":"ImageObject","inLanguage":"en-US","@id":"https:\/\/art137studio.com\/en\/product\/oak-wood-center-table-with-blue-transparent-resin-mensalquercus-series\/#primaryimage","url":"https:\/\/art137studio.com\/wp-content\/uploads\/2023\/11\/mesa_bright_natural.png","contentUrl":"https:\/\/art137studio.com\/wp-content\/uploads\/2023\/11\/mesa_bright_natural.png","width":1280,"height":853,"caption":"Mesa de Centro em Madeira de Carvalho com Resina Azul e translucida completa"},{"@type":"BreadcrumbList","@id":"https:\/\/art137studio.com\/en\/product\/oak-wood-center-table-with-blue-transparent-resin-mensalquercus-series\/#breadcrumb","itemListElement":[{"@type":"ListItem","position":1,"name":"In\u00edcio","item":"https:\/\/art137studio.com\/en\/"},{"@type":"ListItem","position":2,"name":"Portuguese handicrafts &#8211; Handmade.","item":"https:\/\/art137studio.com\/en\/"},{"@type":"ListItem","position":3,"name":"Oak Wood Coffee Table with Transparent Resin | Mensalquercus Series"}]},{"@type":"WebSite","@id":"https:\/\/art137studio.com\/en\/#website","url":"https:\/\/art137studio.com\/en\/","name":"Art137","description":"A Art137 \u00e9 uma marca portuguesa, dedicada \u00e0 cria\u00e7\u00e3o de pe\u00e7as feitas \u00e0 m\u00e3o.","publisher":{"@id":"https:\/\/art137studio.com\/en\/#organization"},"potentialAction":[{"@type":"SearchAction","target":{"@type":"EntryPoint","urlTemplate":"https:\/\/art137studio.com\/en\/?s={search_term_string}"},"query-input":"required name=search_term_string"}],"inLanguage":"en-US"},{"@type":"Organization","@id":"https:\/\/art137studio.com\/en\/#organization","name":"Art137","url":"https:\/\/art137studio.com\/en\/","logo":{"@type":"ImageObject","inLanguage":"en-US","@id":"https:\/\/art137studio.com\/en\/#\/schema\/logo\/image\/","url":"https:\/\/art137studio.com\/wp-content\/uploads\/2022\/12\/logo-art137.svg","contentUrl":"https:\/\/art137studio.com\/wp-content\/uploads\/2022\/12\/logo-art137.svg","width":145,"height":56,"caption":"Art137"},"image":{"@id":"https:\/\/art137studio.com\/en\/#\/schema\/logo\/image\/"},"sameAs":["https:\/\/www.facebook.com\/art137"]}]}},"_links":{"self":[{"href":"https:\/\/art137studio.com\/en\/wp-json\/wp\/v2\/product\/680","targetHints":{"allow":["GET"]}}],"collection":[{"href":"https:\/\/art137studio.com\/en\/wp-json\/wp\/v2\/product"}],"about":[{"href":"https:\/\/art137studio.com\/en\/wp-json\/wp\/v2\/types\/product"}],"wp:featuredmedia":[{"embeddable":true,"href":"https:\/\/art137studio.com\/en\/wp-json\/wp\/v2\/media\/2709"}],"wp:attachment":[{"href":"https:\/\/art137studio.com\/en\/wp-json\/wp\/v2\/media?parent=680"}],"wp:term":[{"taxonomy":"product_brand","embeddable":true,"href":"https:\/\/art137studio.com\/en\/wp-json\/wp\/v2\/product_brand?post=680"},{"taxonomy":"product_cat","embeddable":true,"href":"https:\/\/art137studio.com\/en\/wp-json\/wp\/v2\/product_cat?post=680"},{"taxonomy":"product_tag","embeddable":true,"href":"https:\/\/art137studio.com\/en\/wp-json\/wp\/v2\/product_tag?post=680"}],"curies":[{"name":"wp","href":"https:\/\/api.w.org\/{rel}","templated":true}]}}