{"id":608,"date":"2023-11-25T18:42:38","date_gmt":"2023-11-25T18:42:38","guid":{"rendered":"https:\/\/art137studio.com\/?post_type=product&#038;p=608"},"modified":"2024-01-28T15:16:36","modified_gmt":"2024-01-28T15:16:36","slug":"presepio-de-madeira-rodela-cerejeira-stellaxx","status":"publish","type":"product","link":"https:\/\/art137studio.com\/en\/product\/presepio-de-madeira-rodela-cerejeira-stellaxx\/","title":{"rendered":"Handmade Cherry Wood Nativity Scene | StellaXX(325) Series"},"content":{"rendered":"<p><strong>Handmade Cherry Wood Nativity Scene<\/strong> | StellaXX(325) Series<br \/>\nWooden nativity scene with 3 figures, arranged on a slice of cherry wood.  <\/p>\n<p>This handmade piece brings the magic of Christmas into your home, making it the ideal choice for decoration or as a special gift for those you love the most.<br \/>\nHandmade, every detail is carefully crafted, giving a unique touch to this charming Christmas representation.<\/p>\n","protected":false},"excerpt":{"rendered":"<p>Handmade Cherry Wood Nativity Scene: the magic of Christmas in your home. Handmade. Tradition in your home.<\/p>\n","protected":false},"featured_media":2713,"template":"","meta":[],"product_brand":[],"product_cat":[64,80],"product_tag":[],"class_list":{"0":"post-608","1":"product","2":"type-product","3":"status-publish","4":"has-post-thumbnail","6":"product_cat-decoration-art137-shop","7":"product_cat-nativity-scene-art137","9":"first","10":"instock","11":"taxable","12":"shipping-taxable","13":"purchasable","14":"product-type-simple"},"yoast_head":"<!-- This site is optimized with the Yoast SEO Premium plugin v21.2 (Yoast SEO v22.2) - https:\/\/yoast.com\/wordpress\/plugins\/seo\/ -->\n<title>Handmade Cherry Wood Nativity Scene | StellaXX(325) Series - Art137<\/title>\n<meta name=\"description\" content=\"Handmade Cherry Wood Nativity Scene: the magic of Christmas in your home. Handmade. Tradition in your home.\" \/>\n<meta name=\"robots\" content=\"index, follow, max-snippet:-1, max-image-preview:large, max-video-preview:-1\" \/>\n<link rel=\"canonical\" href=\"https:\/\/art137studio.com\/en\/product\/presepio-de-madeira-rodela-cerejeira-stellaxx\/\" \/>\n<meta property=\"og:locale\" content=\"en_US\" \/>\n<meta property=\"og:type\" content=\"article\" \/>\n<meta property=\"og:title\" content=\"Handmade Cherry Wood Nativity Scene | StellaXX(325) Series\" \/>\n<meta property=\"og:description\" content=\"Handmade Cherry Wood Nativity Scene: the magic of Christmas in your home. Handmade. Tradition in your home.\" \/>\n<meta property=\"og:url\" content=\"https:\/\/art137studio.com\/en\/product\/presepio-de-madeira-rodela-cerejeira-stellaxx\/\" \/>\n<meta property=\"og:site_name\" content=\"Art137\" \/>\n<meta property=\"article:publisher\" content=\"https:\/\/www.facebook.com\/art137\" \/>\n<meta property=\"article:modified_time\" content=\"2024-01-28T15:16:36+00:00\" \/>\n<meta property=\"og:image\" content=\"https:\/\/art137studio.com\/wp-content\/uploads\/2023\/11\/IMG_5927-quadrada-bk-scaled.jpeg\" \/>\n\t<meta property=\"og:image:width\" content=\"2560\" \/>\n\t<meta property=\"og:image:height\" content=\"2560\" \/>\n\t<meta property=\"og:image:type\" content=\"image\/jpeg\" \/>\n<meta name=\"twitter:card\" content=\"summary_large_image\" \/>\n<meta name=\"twitter:label1\" content=\"Est. reading time\" \/>\n\t<meta name=\"twitter:data1\" content=\"1 minute\" \/>\n<script type=\"application\/ld+json\" class=\"yoast-schema-graph\">{\"@context\":\"https:\/\/schema.org\",\"@graph\":[{\"@type\":\"WebPage\",\"@id\":\"https:\/\/art137studio.com\/en\/product\/presepio-de-madeira-rodela-cerejeira-stellaxx\/\",\"url\":\"https:\/\/art137studio.com\/en\/product\/presepio-de-madeira-rodela-cerejeira-stellaxx\/\",\"name\":\"Handmade Cherry Wood Nativity Scene | StellaXX(325) Series - Art137\",\"isPartOf\":{\"@id\":\"https:\/\/art137studio.com\/en\/#website\"},\"primaryImageOfPage\":{\"@id\":\"https:\/\/art137studio.com\/en\/product\/presepio-de-madeira-rodela-cerejeira-stellaxx\/#primaryimage\"},\"image\":{\"@id\":\"https:\/\/art137studio.com\/en\/product\/presepio-de-madeira-rodela-cerejeira-stellaxx\/#primaryimage\"},\"thumbnailUrl\":\"https:\/\/art137studio.com\/wp-content\/uploads\/2023\/11\/IMG_5927-presepio-cerejeira-frente-sem-bg.png\",\"datePublished\":\"2023-11-25T18:42:38+00:00\",\"dateModified\":\"2024-01-28T15:16:36+00:00\",\"description\":\"Handmade Cherry Wood Nativity Scene: the magic of Christmas in your home. Handmade. Tradition in your home.\",\"breadcrumb\":{\"@id\":\"https:\/\/art137studio.com\/en\/product\/presepio-de-madeira-rodela-cerejeira-stellaxx\/#breadcrumb\"},\"inLanguage\":\"en-US\",\"potentialAction\":[{\"@type\":\"ReadAction\",\"target\":[\"https:\/\/art137studio.com\/en\/product\/presepio-de-madeira-rodela-cerejeira-stellaxx\/\"]}]},{\"@type\":\"ImageObject\",\"inLanguage\":\"en-US\",\"@id\":\"https:\/\/art137studio.com\/en\/product\/presepio-de-madeira-rodela-cerejeira-stellaxx\/#primaryimage\",\"url\":\"https:\/\/art137studio.com\/wp-content\/uploads\/2023\/11\/IMG_5927-presepio-cerejeira-frente-sem-bg.png\",\"contentUrl\":\"https:\/\/art137studio.com\/wp-content\/uploads\/2023\/11\/IMG_5927-presepio-cerejeira-frente-sem-bg.png\",\"width\":1280,\"height\":853,\"caption\":\"Pres\u00e9pio Artesanal de Madeira em Rodela de Cerejeira | stellaXX frente sem bg\"},{\"@type\":\"BreadcrumbList\",\"@id\":\"https:\/\/art137studio.com\/en\/product\/presepio-de-madeira-rodela-cerejeira-stellaxx\/#breadcrumb\",\"itemListElement\":[{\"@type\":\"ListItem\",\"position\":1,\"name\":\"In\u00edcio\",\"item\":\"https:\/\/art137studio.com\/en\/\"},{\"@type\":\"ListItem\",\"position\":2,\"name\":\"Portuguese handicrafts &#8211; Handmade.\",\"item\":\"https:\/\/art137studio.com\/en\/\"},{\"@type\":\"ListItem\",\"position\":3,\"name\":\"Handmade Cherry Wood Nativity Scene | StellaXX(325) Series\"}]},{\"@type\":\"WebSite\",\"@id\":\"https:\/\/art137studio.com\/en\/#website\",\"url\":\"https:\/\/art137studio.com\/en\/\",\"name\":\"Art137\",\"description\":\"A Art137 \u00e9 uma marca portuguesa, dedicada \u00e0 cria\u00e7\u00e3o de pe\u00e7as feitas \u00e0 m\u00e3o.\",\"publisher\":{\"@id\":\"https:\/\/art137studio.com\/en\/#organization\"},\"potentialAction\":[{\"@type\":\"SearchAction\",\"target\":{\"@type\":\"EntryPoint\",\"urlTemplate\":\"https:\/\/art137studio.com\/en\/?s={search_term_string}\"},\"query-input\":\"required name=search_term_string\"}],\"inLanguage\":\"en-US\"},{\"@type\":\"Organization\",\"@id\":\"https:\/\/art137studio.com\/en\/#organization\",\"name\":\"Art137\",\"url\":\"https:\/\/art137studio.com\/en\/\",\"logo\":{\"@type\":\"ImageObject\",\"inLanguage\":\"en-US\",\"@id\":\"https:\/\/art137studio.com\/en\/#\/schema\/logo\/image\/\",\"url\":\"https:\/\/art137studio.com\/wp-content\/uploads\/2022\/12\/logo-art137.svg\",\"contentUrl\":\"https:\/\/art137studio.com\/wp-content\/uploads\/2022\/12\/logo-art137.svg\",\"width\":145,\"height\":56,\"caption\":\"Art137\"},\"image\":{\"@id\":\"https:\/\/art137studio.com\/en\/#\/schema\/logo\/image\/\"},\"sameAs\":[\"https:\/\/www.facebook.com\/art137\"]}]}<\/script>\n<!-- \/ Yoast SEO Premium plugin. -->","yoast_head_json":{"title":"Handmade Cherry Wood Nativity Scene | StellaXX(325) Series - Art137","description":"Handmade Cherry Wood Nativity Scene: the magic of Christmas in your home. Handmade. Tradition in your home.","robots":{"index":"index","follow":"follow","max-snippet":"max-snippet:-1","max-image-preview":"max-image-preview:large","max-video-preview":"max-video-preview:-1"},"canonical":"https:\/\/art137studio.com\/en\/product\/presepio-de-madeira-rodela-cerejeira-stellaxx\/","og_locale":"en_US","og_type":"article","og_title":"Handmade Cherry Wood Nativity Scene | StellaXX(325) Series","og_description":"Handmade Cherry Wood Nativity Scene: the magic of Christmas in your home. Handmade. Tradition in your home.","og_url":"https:\/\/art137studio.com\/en\/product\/presepio-de-madeira-rodela-cerejeira-stellaxx\/","og_site_name":"Art137","article_publisher":"https:\/\/www.facebook.com\/art137","article_modified_time":"2024-01-28T15:16:36+00:00","og_image":[{"width":2560,"height":2560,"url":"https:\/\/art137studio.com\/wp-content\/uploads\/2023\/11\/IMG_5927-quadrada-bk-scaled.jpeg","type":"image\/jpeg"}],"twitter_card":"summary_large_image","twitter_misc":{"Est. reading time":"1 minute"},"schema":{"@context":"https:\/\/schema.org","@graph":[{"@type":"WebPage","@id":"https:\/\/art137studio.com\/en\/product\/presepio-de-madeira-rodela-cerejeira-stellaxx\/","url":"https:\/\/art137studio.com\/en\/product\/presepio-de-madeira-rodela-cerejeira-stellaxx\/","name":"Handmade Cherry Wood Nativity Scene | StellaXX(325) Series - Art137","isPartOf":{"@id":"https:\/\/art137studio.com\/en\/#website"},"primaryImageOfPage":{"@id":"https:\/\/art137studio.com\/en\/product\/presepio-de-madeira-rodela-cerejeira-stellaxx\/#primaryimage"},"image":{"@id":"https:\/\/art137studio.com\/en\/product\/presepio-de-madeira-rodela-cerejeira-stellaxx\/#primaryimage"},"thumbnailUrl":"https:\/\/art137studio.com\/wp-content\/uploads\/2023\/11\/IMG_5927-presepio-cerejeira-frente-sem-bg.png","datePublished":"2023-11-25T18:42:38+00:00","dateModified":"2024-01-28T15:16:36+00:00","description":"Handmade Cherry Wood Nativity Scene: the magic of Christmas in your home. Handmade. Tradition in your home.","breadcrumb":{"@id":"https:\/\/art137studio.com\/en\/product\/presepio-de-madeira-rodela-cerejeira-stellaxx\/#breadcrumb"},"inLanguage":"en-US","potentialAction":[{"@type":"ReadAction","target":["https:\/\/art137studio.com\/en\/product\/presepio-de-madeira-rodela-cerejeira-stellaxx\/"]}]},{"@type":"ImageObject","inLanguage":"en-US","@id":"https:\/\/art137studio.com\/en\/product\/presepio-de-madeira-rodela-cerejeira-stellaxx\/#primaryimage","url":"https:\/\/art137studio.com\/wp-content\/uploads\/2023\/11\/IMG_5927-presepio-cerejeira-frente-sem-bg.png","contentUrl":"https:\/\/art137studio.com\/wp-content\/uploads\/2023\/11\/IMG_5927-presepio-cerejeira-frente-sem-bg.png","width":1280,"height":853,"caption":"Pres\u00e9pio Artesanal de Madeira em Rodela de Cerejeira | stellaXX frente sem bg"},{"@type":"BreadcrumbList","@id":"https:\/\/art137studio.com\/en\/product\/presepio-de-madeira-rodela-cerejeira-stellaxx\/#breadcrumb","itemListElement":[{"@type":"ListItem","position":1,"name":"In\u00edcio","item":"https:\/\/art137studio.com\/en\/"},{"@type":"ListItem","position":2,"name":"Portuguese handicrafts &#8211; Handmade.","item":"https:\/\/art137studio.com\/en\/"},{"@type":"ListItem","position":3,"name":"Handmade Cherry Wood Nativity Scene | StellaXX(325) Series"}]},{"@type":"WebSite","@id":"https:\/\/art137studio.com\/en\/#website","url":"https:\/\/art137studio.com\/en\/","name":"Art137","description":"A Art137 \u00e9 uma marca portuguesa, dedicada \u00e0 cria\u00e7\u00e3o de pe\u00e7as feitas \u00e0 m\u00e3o.","publisher":{"@id":"https:\/\/art137studio.com\/en\/#organization"},"potentialAction":[{"@type":"SearchAction","target":{"@type":"EntryPoint","urlTemplate":"https:\/\/art137studio.com\/en\/?s={search_term_string}"},"query-input":"required name=search_term_string"}],"inLanguage":"en-US"},{"@type":"Organization","@id":"https:\/\/art137studio.com\/en\/#organization","name":"Art137","url":"https:\/\/art137studio.com\/en\/","logo":{"@type":"ImageObject","inLanguage":"en-US","@id":"https:\/\/art137studio.com\/en\/#\/schema\/logo\/image\/","url":"https:\/\/art137studio.com\/wp-content\/uploads\/2022\/12\/logo-art137.svg","contentUrl":"https:\/\/art137studio.com\/wp-content\/uploads\/2022\/12\/logo-art137.svg","width":145,"height":56,"caption":"Art137"},"image":{"@id":"https:\/\/art137studio.com\/en\/#\/schema\/logo\/image\/"},"sameAs":["https:\/\/www.facebook.com\/art137"]}]}},"_links":{"self":[{"href":"https:\/\/art137studio.com\/en\/wp-json\/wp\/v2\/product\/608","targetHints":{"allow":["GET"]}}],"collection":[{"href":"https:\/\/art137studio.com\/en\/wp-json\/wp\/v2\/product"}],"about":[{"href":"https:\/\/art137studio.com\/en\/wp-json\/wp\/v2\/types\/product"}],"wp:featuredmedia":[{"embeddable":true,"href":"https:\/\/art137studio.com\/en\/wp-json\/wp\/v2\/media\/2713"}],"wp:attachment":[{"href":"https:\/\/art137studio.com\/en\/wp-json\/wp\/v2\/media?parent=608"}],"wp:term":[{"taxonomy":"product_brand","embeddable":true,"href":"https:\/\/art137studio.com\/en\/wp-json\/wp\/v2\/product_brand?post=608"},{"taxonomy":"product_cat","embeddable":true,"href":"https:\/\/art137studio.com\/en\/wp-json\/wp\/v2\/product_cat?post=608"},{"taxonomy":"product_tag","embeddable":true,"href":"https:\/\/art137studio.com\/en\/wp-json\/wp\/v2\/product_tag?post=608"}],"curies":[{"name":"wp","href":"https:\/\/api.w.org\/{rel}","templated":true}]}}