{"id":603,"date":"2023-11-21T19:09:09","date_gmt":"2023-11-21T19:09:09","guid":{"rendered":"https:\/\/art137studio.com\/product\/nativity-scene-wood-handmade-stellaxi\/"},"modified":"2024-01-28T15:14:12","modified_gmt":"2024-01-28T15:14:12","slug":"nativity-scene-wood-handmade-stellaxi","status":"publish","type":"product","link":"https:\/\/art137studio.com\/en\/product\/nativity-scene-wood-handmade-stellaxi\/","title":{"rendered":"Handmade Wooden Nativity Scene | StellaXI"},"content":{"rendered":"<p>Nativity Scene in Wood with 3 figures also in wood.<br \/>\nThis handmade wooden nativity scene is a special piece that will bring the magic of Christmas into your home.<br \/>\nHandmade, it&#8217;s the ideal piece to decorate your home or to give to your loved ones.<\/p>\n","protected":false},"excerpt":{"rendered":"<p>Nativity Scene in Wood with 3 figures also in wood. This handmade wooden nativity scene is a special piece that [&hellip;]<\/p>\n","protected":false},"featured_media":2725,"template":"","meta":[],"product_brand":[],"product_cat":[64,80],"product_tag":[],"class_list":{"0":"post-603","1":"product","2":"type-product","3":"status-publish","4":"has-post-thumbnail","6":"product_cat-decoration-art137-shop","7":"product_cat-nativity-scene-art137","9":"first","10":"instock","11":"purchasable","12":"product-type-simple"},"yoast_head":"<!-- This site is optimized with the Yoast SEO Premium plugin v21.2 (Yoast SEO v22.2) - https:\/\/yoast.com\/wordpress\/plugins\/seo\/ -->\n<title>Handmade Wooden Nativity Scene | StellaXI - Art137<\/title>\n<meta name=\"description\" content=\"Handmade wooden nativity scene: the tradition and art of Christmas at home. Made by hand, it is the perfect piece to decorate your home or to offer to your loved ones\" \/>\n<meta name=\"robots\" content=\"index, follow, max-snippet:-1, max-image-preview:large, max-video-preview:-1\" \/>\n<link rel=\"canonical\" href=\"https:\/\/art137studio.com\/en\/product\/nativity-scene-wood-handmade-stellaxi\/\" \/>\n<meta property=\"og:locale\" content=\"en_US\" \/>\n<meta property=\"og:type\" content=\"article\" \/>\n<meta property=\"og:title\" content=\"Handmade Wooden Nativity Scene | StellaXI\" \/>\n<meta property=\"og:description\" content=\"Handmade wooden nativity scene: the tradition and art of Christmas at home. Made by hand, it is the perfect piece to decorate your home or to offer to your loved ones\" \/>\n<meta property=\"og:url\" content=\"https:\/\/art137studio.com\/en\/product\/nativity-scene-wood-handmade-stellaxi\/\" \/>\n<meta property=\"og:site_name\" content=\"Art137\" \/>\n<meta property=\"article:publisher\" content=\"https:\/\/www.facebook.com\/art137\" \/>\n<meta property=\"article:modified_time\" content=\"2024-01-28T15:14:12+00:00\" \/>\n<meta property=\"og:image\" content=\"https:\/\/art137studio.com\/wp-content\/uploads\/2023\/11\/presepio-madeira-stellaXI-quadrada_bk-scaled.jpeg\" \/>\n\t<meta property=\"og:image:width\" content=\"2560\" \/>\n\t<meta property=\"og:image:height\" content=\"2560\" \/>\n\t<meta property=\"og:image:type\" content=\"image\/jpeg\" \/>\n<meta name=\"twitter:card\" content=\"summary_large_image\" \/>\n<meta name=\"twitter:label1\" content=\"Est. reading time\" \/>\n\t<meta name=\"twitter:data1\" content=\"1 minute\" \/>\n<script type=\"application\/ld+json\" class=\"yoast-schema-graph\">{\"@context\":\"https:\/\/schema.org\",\"@graph\":[{\"@type\":\"WebPage\",\"@id\":\"https:\/\/art137studio.com\/en\/product\/nativity-scene-wood-handmade-stellaxi\/\",\"url\":\"https:\/\/art137studio.com\/en\/product\/nativity-scene-wood-handmade-stellaxi\/\",\"name\":\"Handmade Wooden Nativity Scene | StellaXI - Art137\",\"isPartOf\":{\"@id\":\"https:\/\/art137studio.com\/en\/#website\"},\"primaryImageOfPage\":{\"@id\":\"https:\/\/art137studio.com\/en\/product\/nativity-scene-wood-handmade-stellaxi\/#primaryimage\"},\"image\":{\"@id\":\"https:\/\/art137studio.com\/en\/product\/nativity-scene-wood-handmade-stellaxi\/#primaryimage\"},\"thumbnailUrl\":\"https:\/\/art137studio.com\/wp-content\/uploads\/2023\/11\/presepio-madeira-stellaXI1-sem-fundo.png\",\"datePublished\":\"2023-11-21T19:09:09+00:00\",\"dateModified\":\"2024-01-28T15:14:12+00:00\",\"description\":\"Handmade wooden nativity scene: the tradition and art of Christmas at home. Made by hand, it is the perfect piece to decorate your home or to offer to your loved ones\",\"breadcrumb\":{\"@id\":\"https:\/\/art137studio.com\/en\/product\/nativity-scene-wood-handmade-stellaxi\/#breadcrumb\"},\"inLanguage\":\"en-US\",\"potentialAction\":[{\"@type\":\"ReadAction\",\"target\":[\"https:\/\/art137studio.com\/en\/product\/nativity-scene-wood-handmade-stellaxi\/\"]}]},{\"@type\":\"ImageObject\",\"inLanguage\":\"en-US\",\"@id\":\"https:\/\/art137studio.com\/en\/product\/nativity-scene-wood-handmade-stellaxi\/#primaryimage\",\"url\":\"https:\/\/art137studio.com\/wp-content\/uploads\/2023\/11\/presepio-madeira-stellaXI1-sem-fundo.png\",\"contentUrl\":\"https:\/\/art137studio.com\/wp-content\/uploads\/2023\/11\/presepio-madeira-stellaXI1-sem-fundo.png\",\"width\":1280,\"height\":853,\"caption\":\"presepio madeira artesanal stellaXI frente pequeno\"},{\"@type\":\"BreadcrumbList\",\"@id\":\"https:\/\/art137studio.com\/en\/product\/nativity-scene-wood-handmade-stellaxi\/#breadcrumb\",\"itemListElement\":[{\"@type\":\"ListItem\",\"position\":1,\"name\":\"In\u00edcio\",\"item\":\"https:\/\/art137studio.com\/en\/\"},{\"@type\":\"ListItem\",\"position\":2,\"name\":\"Portuguese handicrafts &#8211; Handmade.\",\"item\":\"https:\/\/art137studio.com\/en\/\"},{\"@type\":\"ListItem\",\"position\":3,\"name\":\"Handmade Wooden Nativity Scene | StellaXI\"}]},{\"@type\":\"WebSite\",\"@id\":\"https:\/\/art137studio.com\/en\/#website\",\"url\":\"https:\/\/art137studio.com\/en\/\",\"name\":\"Art137\",\"description\":\"A Art137 \u00e9 uma marca portuguesa, dedicada \u00e0 cria\u00e7\u00e3o de pe\u00e7as feitas \u00e0 m\u00e3o.\",\"publisher\":{\"@id\":\"https:\/\/art137studio.com\/en\/#organization\"},\"potentialAction\":[{\"@type\":\"SearchAction\",\"target\":{\"@type\":\"EntryPoint\",\"urlTemplate\":\"https:\/\/art137studio.com\/en\/?s={search_term_string}\"},\"query-input\":\"required name=search_term_string\"}],\"inLanguage\":\"en-US\"},{\"@type\":\"Organization\",\"@id\":\"https:\/\/art137studio.com\/en\/#organization\",\"name\":\"Art137\",\"url\":\"https:\/\/art137studio.com\/en\/\",\"logo\":{\"@type\":\"ImageObject\",\"inLanguage\":\"en-US\",\"@id\":\"https:\/\/art137studio.com\/en\/#\/schema\/logo\/image\/\",\"url\":\"https:\/\/art137studio.com\/wp-content\/uploads\/2022\/12\/logo-art137.svg\",\"contentUrl\":\"https:\/\/art137studio.com\/wp-content\/uploads\/2022\/12\/logo-art137.svg\",\"width\":145,\"height\":56,\"caption\":\"Art137\"},\"image\":{\"@id\":\"https:\/\/art137studio.com\/en\/#\/schema\/logo\/image\/\"},\"sameAs\":[\"https:\/\/www.facebook.com\/art137\"]}]}<\/script>\n<!-- \/ Yoast SEO Premium plugin. -->","yoast_head_json":{"title":"Handmade Wooden Nativity Scene | StellaXI - Art137","description":"Handmade wooden nativity scene: the tradition and art of Christmas at home. Made by hand, it is the perfect piece to decorate your home or to offer to your loved ones","robots":{"index":"index","follow":"follow","max-snippet":"max-snippet:-1","max-image-preview":"max-image-preview:large","max-video-preview":"max-video-preview:-1"},"canonical":"https:\/\/art137studio.com\/en\/product\/nativity-scene-wood-handmade-stellaxi\/","og_locale":"en_US","og_type":"article","og_title":"Handmade Wooden Nativity Scene | StellaXI","og_description":"Handmade wooden nativity scene: the tradition and art of Christmas at home. Made by hand, it is the perfect piece to decorate your home or to offer to your loved ones","og_url":"https:\/\/art137studio.com\/en\/product\/nativity-scene-wood-handmade-stellaxi\/","og_site_name":"Art137","article_publisher":"https:\/\/www.facebook.com\/art137","article_modified_time":"2024-01-28T15:14:12+00:00","og_image":[{"width":2560,"height":2560,"url":"https:\/\/art137studio.com\/wp-content\/uploads\/2023\/11\/presepio-madeira-stellaXI-quadrada_bk-scaled.jpeg","type":"image\/jpeg"}],"twitter_card":"summary_large_image","twitter_misc":{"Est. reading time":"1 minute"},"schema":{"@context":"https:\/\/schema.org","@graph":[{"@type":"WebPage","@id":"https:\/\/art137studio.com\/en\/product\/nativity-scene-wood-handmade-stellaxi\/","url":"https:\/\/art137studio.com\/en\/product\/nativity-scene-wood-handmade-stellaxi\/","name":"Handmade Wooden Nativity Scene | StellaXI - Art137","isPartOf":{"@id":"https:\/\/art137studio.com\/en\/#website"},"primaryImageOfPage":{"@id":"https:\/\/art137studio.com\/en\/product\/nativity-scene-wood-handmade-stellaxi\/#primaryimage"},"image":{"@id":"https:\/\/art137studio.com\/en\/product\/nativity-scene-wood-handmade-stellaxi\/#primaryimage"},"thumbnailUrl":"https:\/\/art137studio.com\/wp-content\/uploads\/2023\/11\/presepio-madeira-stellaXI1-sem-fundo.png","datePublished":"2023-11-21T19:09:09+00:00","dateModified":"2024-01-28T15:14:12+00:00","description":"Handmade wooden nativity scene: the tradition and art of Christmas at home. Made by hand, it is the perfect piece to decorate your home or to offer to your loved ones","breadcrumb":{"@id":"https:\/\/art137studio.com\/en\/product\/nativity-scene-wood-handmade-stellaxi\/#breadcrumb"},"inLanguage":"en-US","potentialAction":[{"@type":"ReadAction","target":["https:\/\/art137studio.com\/en\/product\/nativity-scene-wood-handmade-stellaxi\/"]}]},{"@type":"ImageObject","inLanguage":"en-US","@id":"https:\/\/art137studio.com\/en\/product\/nativity-scene-wood-handmade-stellaxi\/#primaryimage","url":"https:\/\/art137studio.com\/wp-content\/uploads\/2023\/11\/presepio-madeira-stellaXI1-sem-fundo.png","contentUrl":"https:\/\/art137studio.com\/wp-content\/uploads\/2023\/11\/presepio-madeira-stellaXI1-sem-fundo.png","width":1280,"height":853,"caption":"presepio madeira artesanal stellaXI frente pequeno"},{"@type":"BreadcrumbList","@id":"https:\/\/art137studio.com\/en\/product\/nativity-scene-wood-handmade-stellaxi\/#breadcrumb","itemListElement":[{"@type":"ListItem","position":1,"name":"In\u00edcio","item":"https:\/\/art137studio.com\/en\/"},{"@type":"ListItem","position":2,"name":"Portuguese handicrafts &#8211; Handmade.","item":"https:\/\/art137studio.com\/en\/"},{"@type":"ListItem","position":3,"name":"Handmade Wooden Nativity Scene | StellaXI"}]},{"@type":"WebSite","@id":"https:\/\/art137studio.com\/en\/#website","url":"https:\/\/art137studio.com\/en\/","name":"Art137","description":"A Art137 \u00e9 uma marca portuguesa, dedicada \u00e0 cria\u00e7\u00e3o de pe\u00e7as feitas \u00e0 m\u00e3o.","publisher":{"@id":"https:\/\/art137studio.com\/en\/#organization"},"potentialAction":[{"@type":"SearchAction","target":{"@type":"EntryPoint","urlTemplate":"https:\/\/art137studio.com\/en\/?s={search_term_string}"},"query-input":"required name=search_term_string"}],"inLanguage":"en-US"},{"@type":"Organization","@id":"https:\/\/art137studio.com\/en\/#organization","name":"Art137","url":"https:\/\/art137studio.com\/en\/","logo":{"@type":"ImageObject","inLanguage":"en-US","@id":"https:\/\/art137studio.com\/en\/#\/schema\/logo\/image\/","url":"https:\/\/art137studio.com\/wp-content\/uploads\/2022\/12\/logo-art137.svg","contentUrl":"https:\/\/art137studio.com\/wp-content\/uploads\/2022\/12\/logo-art137.svg","width":145,"height":56,"caption":"Art137"},"image":{"@id":"https:\/\/art137studio.com\/en\/#\/schema\/logo\/image\/"},"sameAs":["https:\/\/www.facebook.com\/art137"]}]}},"_links":{"self":[{"href":"https:\/\/art137studio.com\/en\/wp-json\/wp\/v2\/product\/603","targetHints":{"allow":["GET"]}}],"collection":[{"href":"https:\/\/art137studio.com\/en\/wp-json\/wp\/v2\/product"}],"about":[{"href":"https:\/\/art137studio.com\/en\/wp-json\/wp\/v2\/types\/product"}],"wp:featuredmedia":[{"embeddable":true,"href":"https:\/\/art137studio.com\/en\/wp-json\/wp\/v2\/media\/2725"}],"wp:attachment":[{"href":"https:\/\/art137studio.com\/en\/wp-json\/wp\/v2\/media?parent=603"}],"wp:term":[{"taxonomy":"product_brand","embeddable":true,"href":"https:\/\/art137studio.com\/en\/wp-json\/wp\/v2\/product_brand?post=603"},{"taxonomy":"product_cat","embeddable":true,"href":"https:\/\/art137studio.com\/en\/wp-json\/wp\/v2\/product_cat?post=603"},{"taxonomy":"product_tag","embeddable":true,"href":"https:\/\/art137studio.com\/en\/wp-json\/wp\/v2\/product_tag?post=603"}],"curies":[{"name":"wp","href":"https:\/\/api.w.org\/{rel}","templated":true}]}}