{"id":547,"date":"2023-05-18T14:45:49","date_gmt":"2023-05-18T14:45:49","guid":{"rendered":"https:\/\/art137studio.com\/product\/support-table-acacia-wood-acacia-resin-red\/"},"modified":"2024-01-28T14:57:19","modified_gmt":"2024-01-28T14:57:19","slug":"support-table-acacia-wood-acacia-resin-red","status":"publish","type":"product","link":"https:\/\/art137studio.com\/en\/product\/support-table-acacia-wood-acacia-resin-red\/","title":{"rendered":"Acacia Wood Side Table with Red Resin | Mensalflumen Series"},"content":{"rendered":"<p><strong>Acacia Wood Side Table with Red Resin<\/strong><br \/>\n<strong>Limited edition &#8211; Handmade top and legs.<\/strong><\/p>\n<p>Transform your living room with a touch of color and life!<\/p>\n<p>The Acacia Wood Side Table with Red Resin is the perfect piece for anyone looking to add a touch of color and life to their living room. Handmade from a single acacia board, this unique table has been split in half and joined with red resin, creating a striking look.<\/p>\n<p>The choice of this vibrant color was designed to add life and a splash of color to any space, especially darker ones.<\/p>\n","protected":false},"excerpt":{"rendered":"<p>Our Acacia Wood Side Table with Red Resin is the perfect piece for anyone looking to add a touch of color and life to their living room.<\/p>\n","protected":false},"featured_media":1461,"template":"","meta":[],"product_brand":[],"product_cat":[74,154],"product_tag":[],"class_list":{"0":"post-547","1":"product","2":"type-product","3":"status-publish","4":"has-post-thumbnail","6":"product_cat-handmade-tables-art137","7":"product_cat-side-table","9":"first","10":"instock","11":"sold-individually","12":"taxable","13":"shipping-taxable","14":"purchasable","15":"product-type-simple"},"yoast_head":"<!-- This site is optimized with the Yoast SEO Premium plugin v21.2 (Yoast SEO v22.2) - https:\/\/yoast.com\/wordpress\/plugins\/seo\/ -->\n<title>Acacia Wood Side Table with Red Resin<\/title>\n<meta name=\"description\" content=\"Acacia Wood Side Table with Red Resin | Mensalflumen Series - Perfect piece for those looking to add a touch of color and life to their living room.\" \/>\n<meta name=\"robots\" content=\"index, follow, max-snippet:-1, max-image-preview:large, max-video-preview:-1\" \/>\n<link rel=\"canonical\" href=\"https:\/\/art137studio.com\/en\/product\/support-table-acacia-wood-acacia-resin-red\/\" \/>\n<meta property=\"og:locale\" content=\"en_US\" \/>\n<meta property=\"og:type\" content=\"article\" \/>\n<meta property=\"og:title\" content=\"Acacia Wood Side Table with Red Resin | Mensalflumen Series\" \/>\n<meta property=\"og:description\" content=\"Acacia Wood Side Table with Red Resin | Mensalflumen Series - Perfect piece for those looking to add a touch of color and life to their living room.\" \/>\n<meta property=\"og:url\" content=\"https:\/\/art137studio.com\/en\/product\/support-table-acacia-wood-acacia-resin-red\/\" \/>\n<meta property=\"og:site_name\" content=\"Art137\" \/>\n<meta property=\"article:publisher\" content=\"https:\/\/www.facebook.com\/art137\" \/>\n<meta property=\"article:modified_time\" content=\"2024-01-28T14:57:19+00:00\" \/>\n<meta property=\"og:image\" content=\"https:\/\/art137studio.com\/wp-content\/uploads\/2023\/05\/mesa-apoio-acacia-resina-vermelho_bk-scaled.jpeg\" \/>\n\t<meta property=\"og:image:width\" content=\"2560\" \/>\n\t<meta property=\"og:image:height\" content=\"1707\" \/>\n\t<meta property=\"og:image:type\" content=\"image\/jpeg\" \/>\n<meta name=\"twitter:card\" content=\"summary_large_image\" \/>\n<meta name=\"twitter:label1\" content=\"Est. reading time\" \/>\n\t<meta name=\"twitter:data1\" content=\"1 minute\" \/>\n<script type=\"application\/ld+json\" class=\"yoast-schema-graph\">{\"@context\":\"https:\/\/schema.org\",\"@graph\":[{\"@type\":\"WebPage\",\"@id\":\"https:\/\/art137studio.com\/en\/product\/support-table-acacia-wood-acacia-resin-red\/\",\"url\":\"https:\/\/art137studio.com\/en\/product\/support-table-acacia-wood-acacia-resin-red\/\",\"name\":\"Acacia Wood Side Table with Red Resin\",\"isPartOf\":{\"@id\":\"https:\/\/art137studio.com\/en\/#website\"},\"primaryImageOfPage\":{\"@id\":\"https:\/\/art137studio.com\/en\/product\/support-table-acacia-wood-acacia-resin-red\/#primaryimage\"},\"image\":{\"@id\":\"https:\/\/art137studio.com\/en\/product\/support-table-acacia-wood-acacia-resin-red\/#primaryimage\"},\"thumbnailUrl\":\"https:\/\/art137studio.com\/wp-content\/uploads\/2023\/05\/mesa-apoio-acacia-resina-vermelho_quadrado-bk-scaled.jpg\",\"datePublished\":\"2023-05-18T14:45:49+00:00\",\"dateModified\":\"2024-01-28T14:57:19+00:00\",\"description\":\"Acacia Wood Side Table with Red Resin | Mensalflumen Series - Perfect piece for those looking to add a touch of color and life to their living room.\",\"breadcrumb\":{\"@id\":\"https:\/\/art137studio.com\/en\/product\/support-table-acacia-wood-acacia-resin-red\/#breadcrumb\"},\"inLanguage\":\"en-US\",\"potentialAction\":[{\"@type\":\"ReadAction\",\"target\":[\"https:\/\/art137studio.com\/en\/product\/support-table-acacia-wood-acacia-resin-red\/\"]}]},{\"@type\":\"ImageObject\",\"inLanguage\":\"en-US\",\"@id\":\"https:\/\/art137studio.com\/en\/product\/support-table-acacia-wood-acacia-resin-red\/#primaryimage\",\"url\":\"https:\/\/art137studio.com\/wp-content\/uploads\/2023\/05\/mesa-apoio-acacia-resina-vermelho_quadrado-bk-scaled.jpg\",\"contentUrl\":\"https:\/\/art137studio.com\/wp-content\/uploads\/2023\/05\/mesa-apoio-acacia-resina-vermelho_quadrado-bk-scaled.jpg\",\"width\":2560,\"height\":2560,\"caption\":\"Mesa de Apoio em Madeira de Ac\u00e1cia com Resina Vermelha fundo branco quadrado\"},{\"@type\":\"BreadcrumbList\",\"@id\":\"https:\/\/art137studio.com\/en\/product\/support-table-acacia-wood-acacia-resin-red\/#breadcrumb\",\"itemListElement\":[{\"@type\":\"ListItem\",\"position\":1,\"name\":\"In\u00edcio\",\"item\":\"https:\/\/art137studio.com\/en\/\"},{\"@type\":\"ListItem\",\"position\":2,\"name\":\"Portuguese handicrafts &#8211; Handmade.\",\"item\":\"https:\/\/art137studio.com\/en\/\"},{\"@type\":\"ListItem\",\"position\":3,\"name\":\"Acacia Wood Side Table with Red Resin | Mensalflumen Series\"}]},{\"@type\":\"WebSite\",\"@id\":\"https:\/\/art137studio.com\/en\/#website\",\"url\":\"https:\/\/art137studio.com\/en\/\",\"name\":\"Art137\",\"description\":\"A Art137 \u00e9 uma marca portuguesa, dedicada \u00e0 cria\u00e7\u00e3o de pe\u00e7as feitas \u00e0 m\u00e3o.\",\"publisher\":{\"@id\":\"https:\/\/art137studio.com\/en\/#organization\"},\"potentialAction\":[{\"@type\":\"SearchAction\",\"target\":{\"@type\":\"EntryPoint\",\"urlTemplate\":\"https:\/\/art137studio.com\/en\/?s={search_term_string}\"},\"query-input\":\"required name=search_term_string\"}],\"inLanguage\":\"en-US\"},{\"@type\":\"Organization\",\"@id\":\"https:\/\/art137studio.com\/en\/#organization\",\"name\":\"Art137\",\"url\":\"https:\/\/art137studio.com\/en\/\",\"logo\":{\"@type\":\"ImageObject\",\"inLanguage\":\"en-US\",\"@id\":\"https:\/\/art137studio.com\/en\/#\/schema\/logo\/image\/\",\"url\":\"https:\/\/art137studio.com\/wp-content\/uploads\/2022\/12\/logo-art137.svg\",\"contentUrl\":\"https:\/\/art137studio.com\/wp-content\/uploads\/2022\/12\/logo-art137.svg\",\"width\":145,\"height\":56,\"caption\":\"Art137\"},\"image\":{\"@id\":\"https:\/\/art137studio.com\/en\/#\/schema\/logo\/image\/\"},\"sameAs\":[\"https:\/\/www.facebook.com\/art137\"]}]}<\/script>\n<!-- \/ Yoast SEO Premium plugin. -->","yoast_head_json":{"title":"Acacia Wood Side Table with Red Resin","description":"Acacia Wood Side Table with Red Resin | Mensalflumen Series - Perfect piece for those looking to add a touch of color and life to their living room.","robots":{"index":"index","follow":"follow","max-snippet":"max-snippet:-1","max-image-preview":"max-image-preview:large","max-video-preview":"max-video-preview:-1"},"canonical":"https:\/\/art137studio.com\/en\/product\/support-table-acacia-wood-acacia-resin-red\/","og_locale":"en_US","og_type":"article","og_title":"Acacia Wood Side Table with Red Resin | Mensalflumen Series","og_description":"Acacia Wood Side Table with Red Resin | Mensalflumen Series - Perfect piece for those looking to add a touch of color and life to their living room.","og_url":"https:\/\/art137studio.com\/en\/product\/support-table-acacia-wood-acacia-resin-red\/","og_site_name":"Art137","article_publisher":"https:\/\/www.facebook.com\/art137","article_modified_time":"2024-01-28T14:57:19+00:00","og_image":[{"width":2560,"height":1707,"url":"https:\/\/art137studio.com\/wp-content\/uploads\/2023\/05\/mesa-apoio-acacia-resina-vermelho_bk-scaled.jpeg","type":"image\/jpeg"}],"twitter_card":"summary_large_image","twitter_misc":{"Est. reading time":"1 minute"},"schema":{"@context":"https:\/\/schema.org","@graph":[{"@type":"WebPage","@id":"https:\/\/art137studio.com\/en\/product\/support-table-acacia-wood-acacia-resin-red\/","url":"https:\/\/art137studio.com\/en\/product\/support-table-acacia-wood-acacia-resin-red\/","name":"Acacia Wood Side Table with Red Resin","isPartOf":{"@id":"https:\/\/art137studio.com\/en\/#website"},"primaryImageOfPage":{"@id":"https:\/\/art137studio.com\/en\/product\/support-table-acacia-wood-acacia-resin-red\/#primaryimage"},"image":{"@id":"https:\/\/art137studio.com\/en\/product\/support-table-acacia-wood-acacia-resin-red\/#primaryimage"},"thumbnailUrl":"https:\/\/art137studio.com\/wp-content\/uploads\/2023\/05\/mesa-apoio-acacia-resina-vermelho_quadrado-bk-scaled.jpg","datePublished":"2023-05-18T14:45:49+00:00","dateModified":"2024-01-28T14:57:19+00:00","description":"Acacia Wood Side Table with Red Resin | Mensalflumen Series - Perfect piece for those looking to add a touch of color and life to their living room.","breadcrumb":{"@id":"https:\/\/art137studio.com\/en\/product\/support-table-acacia-wood-acacia-resin-red\/#breadcrumb"},"inLanguage":"en-US","potentialAction":[{"@type":"ReadAction","target":["https:\/\/art137studio.com\/en\/product\/support-table-acacia-wood-acacia-resin-red\/"]}]},{"@type":"ImageObject","inLanguage":"en-US","@id":"https:\/\/art137studio.com\/en\/product\/support-table-acacia-wood-acacia-resin-red\/#primaryimage","url":"https:\/\/art137studio.com\/wp-content\/uploads\/2023\/05\/mesa-apoio-acacia-resina-vermelho_quadrado-bk-scaled.jpg","contentUrl":"https:\/\/art137studio.com\/wp-content\/uploads\/2023\/05\/mesa-apoio-acacia-resina-vermelho_quadrado-bk-scaled.jpg","width":2560,"height":2560,"caption":"Mesa de Apoio em Madeira de Ac\u00e1cia com Resina Vermelha fundo branco quadrado"},{"@type":"BreadcrumbList","@id":"https:\/\/art137studio.com\/en\/product\/support-table-acacia-wood-acacia-resin-red\/#breadcrumb","itemListElement":[{"@type":"ListItem","position":1,"name":"In\u00edcio","item":"https:\/\/art137studio.com\/en\/"},{"@type":"ListItem","position":2,"name":"Portuguese handicrafts &#8211; Handmade.","item":"https:\/\/art137studio.com\/en\/"},{"@type":"ListItem","position":3,"name":"Acacia Wood Side Table with Red Resin | Mensalflumen Series"}]},{"@type":"WebSite","@id":"https:\/\/art137studio.com\/en\/#website","url":"https:\/\/art137studio.com\/en\/","name":"Art137","description":"A Art137 \u00e9 uma marca portuguesa, dedicada \u00e0 cria\u00e7\u00e3o de pe\u00e7as feitas \u00e0 m\u00e3o.","publisher":{"@id":"https:\/\/art137studio.com\/en\/#organization"},"potentialAction":[{"@type":"SearchAction","target":{"@type":"EntryPoint","urlTemplate":"https:\/\/art137studio.com\/en\/?s={search_term_string}"},"query-input":"required name=search_term_string"}],"inLanguage":"en-US"},{"@type":"Organization","@id":"https:\/\/art137studio.com\/en\/#organization","name":"Art137","url":"https:\/\/art137studio.com\/en\/","logo":{"@type":"ImageObject","inLanguage":"en-US","@id":"https:\/\/art137studio.com\/en\/#\/schema\/logo\/image\/","url":"https:\/\/art137studio.com\/wp-content\/uploads\/2022\/12\/logo-art137.svg","contentUrl":"https:\/\/art137studio.com\/wp-content\/uploads\/2022\/12\/logo-art137.svg","width":145,"height":56,"caption":"Art137"},"image":{"@id":"https:\/\/art137studio.com\/en\/#\/schema\/logo\/image\/"},"sameAs":["https:\/\/www.facebook.com\/art137"]}]}},"_links":{"self":[{"href":"https:\/\/art137studio.com\/en\/wp-json\/wp\/v2\/product\/547","targetHints":{"allow":["GET"]}}],"collection":[{"href":"https:\/\/art137studio.com\/en\/wp-json\/wp\/v2\/product"}],"about":[{"href":"https:\/\/art137studio.com\/en\/wp-json\/wp\/v2\/types\/product"}],"wp:featuredmedia":[{"embeddable":true,"href":"https:\/\/art137studio.com\/en\/wp-json\/wp\/v2\/media\/1461"}],"wp:attachment":[{"href":"https:\/\/art137studio.com\/en\/wp-json\/wp\/v2\/media?parent=547"}],"wp:term":[{"taxonomy":"product_brand","embeddable":true,"href":"https:\/\/art137studio.com\/en\/wp-json\/wp\/v2\/product_brand?post=547"},{"taxonomy":"product_cat","embeddable":true,"href":"https:\/\/art137studio.com\/en\/wp-json\/wp\/v2\/product_cat?post=547"},{"taxonomy":"product_tag","embeddable":true,"href":"https:\/\/art137studio.com\/en\/wp-json\/wp\/v2\/product_tag?post=547"}],"curies":[{"name":"wp","href":"https:\/\/api.w.org\/{rel}","templated":true}]}}