{"id":516,"date":"2023-08-15T15:57:05","date_gmt":"2023-08-15T15:57:05","guid":{"rendered":"https:\/\/art137studio.com\/product\/handmade-acacia-wood-and-purple-resin-coffee-table\/"},"modified":"2024-05-20T22:13:48","modified_gmt":"2024-05-20T22:13:48","slug":"handmade-acacia-wood-and-purple-resin-coffee-table","status":"publish","type":"product","link":"https:\/\/art137studio.com\/en\/product\/handmade-acacia-wood-and-purple-resin-coffee-table\/","title":{"rendered":"Handmade Acacia Wood Coffee Table with Purple Resin | Mensalflumen Series"},"content":{"rendered":"<p><strong>Handcrafted Coffee Table in Acacia Wood with Purple Resin<\/strong>.<br \/>\n<br \/>\nThe coffee table plays an essential role in the living room, providing not only aesthetic value but also remarkable versatility. If you&#8217;re looking for a unique and special coffee table, our table is the perfect choice. Each of our tables is meticulously handmade with attention to detail, from the selection of wood to the choice of resin. Purple, one of the studio&#8217;s favorites, couldn&#8217;t be left out!<\/p>\n<p>The acacia wood, chosen for its high quality, gives the table durability and strength. The opaque and elegant purple resin adds a sophisticated touch. The purple resin river that winds through the center is a detail that makes this coffee table truly unique and special.<\/p>\n<hr \/>\n<p><strong>Important<\/strong>: Due to the size and weight characteristics of this piece, when you add it to the cart, the only available shipping method will be: <strong>Local Pickup<\/strong>.<\/p>\n<p>If you decide to purchase the piece and are unable to visit our atelier, you can request a transportation quote (<strong>Transportation Quote<\/strong> button).<br \/>\nFill out the form to request a transportation quote to your desired address, in order to obtain a fair and current shipping price. Read more in our <a href=\"https:\/\/art137studio.com\/en\/transportation-quote-policy\/\">Transportation Quote Policy<\/a>.<\/p>\n<p>However, if you prefer to see the piece before deciding to purchase, you can reserve it for 10 days (<strong>Reserve<\/strong> button).<br \/>\nFill out the form to reserve the piece and schedule your visit, allowing you to decide with ease if you wish to purchase it. Read more in our <a href=\"https:\/\/art137studio.com\/en\/piece-reservation-policy\/\">Piece Reservation Policy<\/a>.<\/p>\n","protected":false},"excerpt":{"rendered":"<p>Handcrafted Coffee Table in Acacia Wood with Purple Resin. The coffee table plays an essential role in the living room, [&hellip;]<\/p>\n","protected":false},"featured_media":1493,"template":"","meta":[],"product_brand":[],"product_cat":[141,74],"product_tag":[],"class_list":{"0":"post-516","1":"product","2":"type-product","3":"status-publish","4":"has-post-thumbnail","6":"product_cat-handmade-coffee-tables","7":"product_cat-handmade-tables-art137","9":"first","10":"instock","11":"taxable","12":"shipping-taxable","13":"purchasable","14":"product-type-simple"},"yoast_head":"<!-- This site is optimized with the Yoast SEO Premium plugin v21.2 (Yoast SEO v22.2) - https:\/\/yoast.com\/wordpress\/plugins\/seo\/ -->\n<title>Handmade Acacia Wood Coffee Table with Purple Resin | Mensalflumen Series - Art137<\/title>\n<meta name=\"description\" content=\"Handcrafted Acacia Wood Coffee Table with Purple Resin: a unique and special piece that will add a touch of sophistication and elegance to your home.\" \/>\n<meta name=\"robots\" content=\"index, follow, max-snippet:-1, max-image-preview:large, max-video-preview:-1\" \/>\n<link rel=\"canonical\" href=\"https:\/\/art137studio.com\/en\/product\/handmade-acacia-wood-and-purple-resin-coffee-table\/\" \/>\n<meta property=\"og:locale\" content=\"en_US\" \/>\n<meta property=\"og:type\" content=\"article\" \/>\n<meta property=\"og:title\" content=\"Handmade Acacia Wood Coffee Table with Purple Resin | Mensalflumen Series\" \/>\n<meta property=\"og:description\" content=\"Handcrafted Acacia Wood Coffee Table with Purple Resin: a unique and special piece that will add a touch of sophistication and elegance to your home.\" \/>\n<meta property=\"og:url\" content=\"https:\/\/art137studio.com\/en\/product\/handmade-acacia-wood-and-purple-resin-coffee-table\/\" \/>\n<meta property=\"og:site_name\" content=\"Art137\" \/>\n<meta property=\"article:publisher\" content=\"https:\/\/www.facebook.com\/art137\" \/>\n<meta property=\"article:modified_time\" content=\"2024-05-20T22:13:48+00:00\" \/>\n<meta property=\"og:image\" content=\"https:\/\/art137studio.com\/wp-content\/uploads\/2023\/08\/mesa-resina-madeira-roxa-1-quadrado-bk-scaled.jpeg\" \/>\n\t<meta property=\"og:image:width\" content=\"2560\" \/>\n\t<meta property=\"og:image:height\" content=\"2560\" \/>\n\t<meta property=\"og:image:type\" content=\"image\/jpeg\" \/>\n<meta name=\"twitter:card\" content=\"summary_large_image\" \/>\n<meta name=\"twitter:label1\" content=\"Est. reading time\" \/>\n\t<meta name=\"twitter:data1\" content=\"2 minutes\" \/>\n<script type=\"application\/ld+json\" class=\"yoast-schema-graph\">{\"@context\":\"https:\/\/schema.org\",\"@graph\":[{\"@type\":\"WebPage\",\"@id\":\"https:\/\/art137studio.com\/en\/product\/handmade-acacia-wood-and-purple-resin-coffee-table\/\",\"url\":\"https:\/\/art137studio.com\/en\/product\/handmade-acacia-wood-and-purple-resin-coffee-table\/\",\"name\":\"Handmade Acacia Wood Coffee Table with Purple Resin | Mensalflumen Series - Art137\",\"isPartOf\":{\"@id\":\"https:\/\/art137studio.com\/en\/#website\"},\"primaryImageOfPage\":{\"@id\":\"https:\/\/art137studio.com\/en\/product\/handmade-acacia-wood-and-purple-resin-coffee-table\/#primaryimage\"},\"image\":{\"@id\":\"https:\/\/art137studio.com\/en\/product\/handmade-acacia-wood-and-purple-resin-coffee-table\/#primaryimage\"},\"thumbnailUrl\":\"https:\/\/art137studio.com\/wp-content\/uploads\/2023\/08\/mesa-resina-madeira-roxa-1-quadrado-bk-scaled.jpeg\",\"datePublished\":\"2023-08-15T15:57:05+00:00\",\"dateModified\":\"2024-05-20T22:13:48+00:00\",\"description\":\"Handcrafted Acacia Wood Coffee Table with Purple Resin: a unique and special piece that will add a touch of sophistication and elegance to your home.\",\"breadcrumb\":{\"@id\":\"https:\/\/art137studio.com\/en\/product\/handmade-acacia-wood-and-purple-resin-coffee-table\/#breadcrumb\"},\"inLanguage\":\"en-US\",\"potentialAction\":[{\"@type\":\"ReadAction\",\"target\":[\"https:\/\/art137studio.com\/en\/product\/handmade-acacia-wood-and-purple-resin-coffee-table\/\"]}]},{\"@type\":\"ImageObject\",\"inLanguage\":\"en-US\",\"@id\":\"https:\/\/art137studio.com\/en\/product\/handmade-acacia-wood-and-purple-resin-coffee-table\/#primaryimage\",\"url\":\"https:\/\/art137studio.com\/wp-content\/uploads\/2023\/08\/mesa-resina-madeira-roxa-1-quadrado-bk-scaled.jpeg\",\"contentUrl\":\"https:\/\/art137studio.com\/wp-content\/uploads\/2023\/08\/mesa-resina-madeira-roxa-1-quadrado-bk-scaled.jpeg\",\"width\":2560,\"height\":2560,\"caption\":\"Mesa de Centro Artesanal em Madeira de Ac\u00e1cia com Resina Roxa quadrado branco\"},{\"@type\":\"BreadcrumbList\",\"@id\":\"https:\/\/art137studio.com\/en\/product\/handmade-acacia-wood-and-purple-resin-coffee-table\/#breadcrumb\",\"itemListElement\":[{\"@type\":\"ListItem\",\"position\":1,\"name\":\"In\u00edcio\",\"item\":\"https:\/\/art137studio.com\/en\/\"},{\"@type\":\"ListItem\",\"position\":2,\"name\":\"Portuguese handicrafts &#8211; Handmade.\",\"item\":\"https:\/\/art137studio.com\/en\/\"},{\"@type\":\"ListItem\",\"position\":3,\"name\":\"Handmade Acacia Wood Coffee Table with Purple Resin | Mensalflumen Series\"}]},{\"@type\":\"WebSite\",\"@id\":\"https:\/\/art137studio.com\/en\/#website\",\"url\":\"https:\/\/art137studio.com\/en\/\",\"name\":\"Art137\",\"description\":\"A Art137 \u00e9 uma marca portuguesa, dedicada \u00e0 cria\u00e7\u00e3o de pe\u00e7as feitas \u00e0 m\u00e3o.\",\"publisher\":{\"@id\":\"https:\/\/art137studio.com\/en\/#organization\"},\"potentialAction\":[{\"@type\":\"SearchAction\",\"target\":{\"@type\":\"EntryPoint\",\"urlTemplate\":\"https:\/\/art137studio.com\/en\/?s={search_term_string}\"},\"query-input\":\"required name=search_term_string\"}],\"inLanguage\":\"en-US\"},{\"@type\":\"Organization\",\"@id\":\"https:\/\/art137studio.com\/en\/#organization\",\"name\":\"Art137\",\"url\":\"https:\/\/art137studio.com\/en\/\",\"logo\":{\"@type\":\"ImageObject\",\"inLanguage\":\"en-US\",\"@id\":\"https:\/\/art137studio.com\/en\/#\/schema\/logo\/image\/\",\"url\":\"https:\/\/art137studio.com\/wp-content\/uploads\/2022\/12\/logo-art137.svg\",\"contentUrl\":\"https:\/\/art137studio.com\/wp-content\/uploads\/2022\/12\/logo-art137.svg\",\"width\":145,\"height\":56,\"caption\":\"Art137\"},\"image\":{\"@id\":\"https:\/\/art137studio.com\/en\/#\/schema\/logo\/image\/\"},\"sameAs\":[\"https:\/\/www.facebook.com\/art137\"]}]}<\/script>\n<!-- \/ Yoast SEO Premium plugin. -->","yoast_head_json":{"title":"Handmade Acacia Wood Coffee Table with Purple Resin | Mensalflumen Series - Art137","description":"Handcrafted Acacia Wood Coffee Table with Purple Resin: a unique and special piece that will add a touch of sophistication and elegance to your home.","robots":{"index":"index","follow":"follow","max-snippet":"max-snippet:-1","max-image-preview":"max-image-preview:large","max-video-preview":"max-video-preview:-1"},"canonical":"https:\/\/art137studio.com\/en\/product\/handmade-acacia-wood-and-purple-resin-coffee-table\/","og_locale":"en_US","og_type":"article","og_title":"Handmade Acacia Wood Coffee Table with Purple Resin | Mensalflumen Series","og_description":"Handcrafted Acacia Wood Coffee Table with Purple Resin: a unique and special piece that will add a touch of sophistication and elegance to your home.","og_url":"https:\/\/art137studio.com\/en\/product\/handmade-acacia-wood-and-purple-resin-coffee-table\/","og_site_name":"Art137","article_publisher":"https:\/\/www.facebook.com\/art137","article_modified_time":"2024-05-20T22:13:48+00:00","og_image":[{"width":2560,"height":2560,"url":"https:\/\/art137studio.com\/wp-content\/uploads\/2023\/08\/mesa-resina-madeira-roxa-1-quadrado-bk-scaled.jpeg","type":"image\/jpeg"}],"twitter_card":"summary_large_image","twitter_misc":{"Est. reading time":"2 minutes"},"schema":{"@context":"https:\/\/schema.org","@graph":[{"@type":"WebPage","@id":"https:\/\/art137studio.com\/en\/product\/handmade-acacia-wood-and-purple-resin-coffee-table\/","url":"https:\/\/art137studio.com\/en\/product\/handmade-acacia-wood-and-purple-resin-coffee-table\/","name":"Handmade Acacia Wood Coffee Table with Purple Resin | Mensalflumen Series - Art137","isPartOf":{"@id":"https:\/\/art137studio.com\/en\/#website"},"primaryImageOfPage":{"@id":"https:\/\/art137studio.com\/en\/product\/handmade-acacia-wood-and-purple-resin-coffee-table\/#primaryimage"},"image":{"@id":"https:\/\/art137studio.com\/en\/product\/handmade-acacia-wood-and-purple-resin-coffee-table\/#primaryimage"},"thumbnailUrl":"https:\/\/art137studio.com\/wp-content\/uploads\/2023\/08\/mesa-resina-madeira-roxa-1-quadrado-bk-scaled.jpeg","datePublished":"2023-08-15T15:57:05+00:00","dateModified":"2024-05-20T22:13:48+00:00","description":"Handcrafted Acacia Wood Coffee Table with Purple Resin: a unique and special piece that will add a touch of sophistication and elegance to your home.","breadcrumb":{"@id":"https:\/\/art137studio.com\/en\/product\/handmade-acacia-wood-and-purple-resin-coffee-table\/#breadcrumb"},"inLanguage":"en-US","potentialAction":[{"@type":"ReadAction","target":["https:\/\/art137studio.com\/en\/product\/handmade-acacia-wood-and-purple-resin-coffee-table\/"]}]},{"@type":"ImageObject","inLanguage":"en-US","@id":"https:\/\/art137studio.com\/en\/product\/handmade-acacia-wood-and-purple-resin-coffee-table\/#primaryimage","url":"https:\/\/art137studio.com\/wp-content\/uploads\/2023\/08\/mesa-resina-madeira-roxa-1-quadrado-bk-scaled.jpeg","contentUrl":"https:\/\/art137studio.com\/wp-content\/uploads\/2023\/08\/mesa-resina-madeira-roxa-1-quadrado-bk-scaled.jpeg","width":2560,"height":2560,"caption":"Mesa de Centro Artesanal em Madeira de Ac\u00e1cia com Resina Roxa quadrado branco"},{"@type":"BreadcrumbList","@id":"https:\/\/art137studio.com\/en\/product\/handmade-acacia-wood-and-purple-resin-coffee-table\/#breadcrumb","itemListElement":[{"@type":"ListItem","position":1,"name":"In\u00edcio","item":"https:\/\/art137studio.com\/en\/"},{"@type":"ListItem","position":2,"name":"Portuguese handicrafts &#8211; Handmade.","item":"https:\/\/art137studio.com\/en\/"},{"@type":"ListItem","position":3,"name":"Handmade Acacia Wood Coffee Table with Purple Resin | Mensalflumen Series"}]},{"@type":"WebSite","@id":"https:\/\/art137studio.com\/en\/#website","url":"https:\/\/art137studio.com\/en\/","name":"Art137","description":"A Art137 \u00e9 uma marca portuguesa, dedicada \u00e0 cria\u00e7\u00e3o de pe\u00e7as feitas \u00e0 m\u00e3o.","publisher":{"@id":"https:\/\/art137studio.com\/en\/#organization"},"potentialAction":[{"@type":"SearchAction","target":{"@type":"EntryPoint","urlTemplate":"https:\/\/art137studio.com\/en\/?s={search_term_string}"},"query-input":"required name=search_term_string"}],"inLanguage":"en-US"},{"@type":"Organization","@id":"https:\/\/art137studio.com\/en\/#organization","name":"Art137","url":"https:\/\/art137studio.com\/en\/","logo":{"@type":"ImageObject","inLanguage":"en-US","@id":"https:\/\/art137studio.com\/en\/#\/schema\/logo\/image\/","url":"https:\/\/art137studio.com\/wp-content\/uploads\/2022\/12\/logo-art137.svg","contentUrl":"https:\/\/art137studio.com\/wp-content\/uploads\/2022\/12\/logo-art137.svg","width":145,"height":56,"caption":"Art137"},"image":{"@id":"https:\/\/art137studio.com\/en\/#\/schema\/logo\/image\/"},"sameAs":["https:\/\/www.facebook.com\/art137"]}]}},"_links":{"self":[{"href":"https:\/\/art137studio.com\/en\/wp-json\/wp\/v2\/product\/516","targetHints":{"allow":["GET"]}}],"collection":[{"href":"https:\/\/art137studio.com\/en\/wp-json\/wp\/v2\/product"}],"about":[{"href":"https:\/\/art137studio.com\/en\/wp-json\/wp\/v2\/types\/product"}],"wp:featuredmedia":[{"embeddable":true,"href":"https:\/\/art137studio.com\/en\/wp-json\/wp\/v2\/media\/1493"}],"wp:attachment":[{"href":"https:\/\/art137studio.com\/en\/wp-json\/wp\/v2\/media?parent=516"}],"wp:term":[{"taxonomy":"product_brand","embeddable":true,"href":"https:\/\/art137studio.com\/en\/wp-json\/wp\/v2\/product_brand?post=516"},{"taxonomy":"product_cat","embeddable":true,"href":"https:\/\/art137studio.com\/en\/wp-json\/wp\/v2\/product_cat?post=516"},{"taxonomy":"product_tag","embeddable":true,"href":"https:\/\/art137studio.com\/en\/wp-json\/wp\/v2\/product_tag?post=516"}],"curies":[{"name":"wp","href":"https:\/\/api.w.org\/{rel}","templated":true}]}}