{"id":504,"date":"2023-08-15T15:48:32","date_gmt":"2023-08-15T15:48:32","guid":{"rendered":"https:\/\/art137studio.com\/product\/table-wood-natural-resin-blue\/"},"modified":"2025-12-09T15:44:12","modified_gmt":"2025-12-09T15:44:12","slug":"acacia-wood-and-blue-resin-coffee-table","status":"publish","type":"product","link":"https:\/\/art137studio.com\/en\/product\/acacia-wood-and-blue-resin-coffee-table\/","title":{"rendered":"Acacia Wood Coffee Table with Blue Resin | Mensalflumen Series"},"content":{"rendered":"<p><b>Acacia Wood Coffee Table with Blue Resin<\/b><\/p>\n<p>At the top of this table you&#8217;ll find acacia wood, a choice that combines durability and beauty. Acacia wood is known for its resistance, as well as for its captivating color and intricate natural patterns.<\/p>\n<p>A serene blue resin stream flows artfully through the center, giving the table a modern and exclusive look that evokes the fluidity of a river!<\/p>\n<p>The table legs, also handmade, are painted black, giving the piece stability and a unique contrast.<\/p>\n<p>&nbsp;<\/p>\n","protected":false},"excerpt":{"rendered":"<p><strong>Handmade Acacia Wood Coffee Table with Blue Resin<\/strong><\/p>\n<p>The fusion of natural elegance and modern design. Handmade, this table is a stunning addition to your decor<\/p>\n","protected":false},"featured_media":2674,"template":"","meta":[],"product_brand":[],"product_cat":[141,74],"product_tag":[],"class_list":{"0":"post-504","1":"product","2":"type-product","3":"status-publish","4":"has-post-thumbnail","6":"product_cat-handmade-coffee-tables","7":"product_cat-handmade-tables-art137","9":"first","10":"instock","11":"taxable","12":"shipping-taxable","13":"purchasable","14":"product-type-simple"},"yoast_head":"<!-- This site is optimized with the Yoast SEO Premium plugin v21.2 (Yoast SEO v22.2) - https:\/\/yoast.com\/wordpress\/plugins\/seo\/ -->\n<title>Acacia Wood Coffee Table with Blue Resin | Mensalflumen Series - Art137<\/title>\n<meta name=\"description\" content=\"Acacia wood coffee table with blue resin. Be enchanted by the natural elegance and modern design of this handmade table.\" \/>\n<meta name=\"robots\" content=\"index, follow, max-snippet:-1, max-image-preview:large, max-video-preview:-1\" \/>\n<link rel=\"canonical\" href=\"https:\/\/art137studio.com\/en\/product\/acacia-wood-and-blue-resin-coffee-table\/\" \/>\n<meta property=\"og:locale\" content=\"en_US\" \/>\n<meta property=\"og:type\" content=\"article\" \/>\n<meta property=\"og:title\" content=\"Acacia Wood Coffee Table with Blue Resin | Mensalflumen Series\" \/>\n<meta property=\"og:description\" content=\"Acacia wood coffee table with blue resin. Be enchanted by the natural elegance and modern design of this handmade table.\" \/>\n<meta property=\"og:url\" content=\"https:\/\/art137studio.com\/en\/product\/acacia-wood-and-blue-resin-coffee-table\/\" \/>\n<meta property=\"og:site_name\" content=\"Art137\" \/>\n<meta property=\"article:publisher\" content=\"https:\/\/www.facebook.com\/art137\" \/>\n<meta property=\"article:modified_time\" content=\"2025-12-09T15:44:12+00:00\" \/>\n<meta property=\"og:image\" content=\"https:\/\/art137studio.com\/wp-content\/uploads\/2025\/10\/mesa-madeira-resina-azul.png\" \/>\n\t<meta property=\"og:image:width\" content=\"1080\" \/>\n\t<meta property=\"og:image:height\" content=\"1080\" \/>\n\t<meta property=\"og:image:type\" content=\"image\/png\" \/>\n<meta name=\"twitter:card\" content=\"summary_large_image\" \/>\n<meta name=\"twitter:label1\" content=\"Est. reading time\" \/>\n\t<meta name=\"twitter:data1\" content=\"1 minute\" \/>\n<script type=\"application\/ld+json\" class=\"yoast-schema-graph\">{\"@context\":\"https:\/\/schema.org\",\"@graph\":[{\"@type\":\"WebPage\",\"@id\":\"https:\/\/art137studio.com\/en\/product\/acacia-wood-and-blue-resin-coffee-table\/\",\"url\":\"https:\/\/art137studio.com\/en\/product\/acacia-wood-and-blue-resin-coffee-table\/\",\"name\":\"Acacia Wood Coffee Table with Blue Resin | Mensalflumen Series - Art137\",\"isPartOf\":{\"@id\":\"https:\/\/art137studio.com\/en\/#website\"},\"primaryImageOfPage\":{\"@id\":\"https:\/\/art137studio.com\/en\/product\/acacia-wood-and-blue-resin-coffee-table\/#primaryimage\"},\"image\":{\"@id\":\"https:\/\/art137studio.com\/en\/product\/acacia-wood-and-blue-resin-coffee-table\/#primaryimage\"},\"thumbnailUrl\":\"https:\/\/art137studio.com\/wp-content\/uploads\/2025\/10\/mesa-madeira-resina-azul.png\",\"datePublished\":\"2023-08-15T15:48:32+00:00\",\"dateModified\":\"2025-12-09T15:44:12+00:00\",\"description\":\"Acacia wood coffee table with blue resin. Be enchanted by the natural elegance and modern design of this handmade table.\",\"breadcrumb\":{\"@id\":\"https:\/\/art137studio.com\/en\/product\/acacia-wood-and-blue-resin-coffee-table\/#breadcrumb\"},\"inLanguage\":\"en-US\",\"potentialAction\":[{\"@type\":\"ReadAction\",\"target\":[\"https:\/\/art137studio.com\/en\/product\/acacia-wood-and-blue-resin-coffee-table\/\"]}]},{\"@type\":\"ImageObject\",\"inLanguage\":\"en-US\",\"@id\":\"https:\/\/art137studio.com\/en\/product\/acacia-wood-and-blue-resin-coffee-table\/#primaryimage\",\"url\":\"https:\/\/art137studio.com\/wp-content\/uploads\/2025\/10\/mesa-madeira-resina-azul.png\",\"contentUrl\":\"https:\/\/art137studio.com\/wp-content\/uploads\/2025\/10\/mesa-madeira-resina-azul.png\",\"width\":1080,\"height\":1080,\"caption\":\"Mesa de Madeira de Ac\u00e1cia e Resina Azul frente cima\"},{\"@type\":\"BreadcrumbList\",\"@id\":\"https:\/\/art137studio.com\/en\/product\/acacia-wood-and-blue-resin-coffee-table\/#breadcrumb\",\"itemListElement\":[{\"@type\":\"ListItem\",\"position\":1,\"name\":\"In\u00edcio\",\"item\":\"https:\/\/art137studio.com\/en\/\"},{\"@type\":\"ListItem\",\"position\":2,\"name\":\"Portuguese handicrafts &#8211; Handmade.\",\"item\":\"https:\/\/art137studio.com\/en\/\"},{\"@type\":\"ListItem\",\"position\":3,\"name\":\"Acacia Wood Coffee Table with Blue Resin | Mensalflumen Series\"}]},{\"@type\":\"WebSite\",\"@id\":\"https:\/\/art137studio.com\/en\/#website\",\"url\":\"https:\/\/art137studio.com\/en\/\",\"name\":\"Art137\",\"description\":\"A Art137 \u00e9 uma marca portuguesa, dedicada \u00e0 cria\u00e7\u00e3o de pe\u00e7as feitas \u00e0 m\u00e3o.\",\"publisher\":{\"@id\":\"https:\/\/art137studio.com\/en\/#organization\"},\"potentialAction\":[{\"@type\":\"SearchAction\",\"target\":{\"@type\":\"EntryPoint\",\"urlTemplate\":\"https:\/\/art137studio.com\/en\/?s={search_term_string}\"},\"query-input\":\"required name=search_term_string\"}],\"inLanguage\":\"en-US\"},{\"@type\":\"Organization\",\"@id\":\"https:\/\/art137studio.com\/en\/#organization\",\"name\":\"Art137\",\"url\":\"https:\/\/art137studio.com\/en\/\",\"logo\":{\"@type\":\"ImageObject\",\"inLanguage\":\"en-US\",\"@id\":\"https:\/\/art137studio.com\/en\/#\/schema\/logo\/image\/\",\"url\":\"https:\/\/art137studio.com\/wp-content\/uploads\/2022\/12\/logo-art137.svg\",\"contentUrl\":\"https:\/\/art137studio.com\/wp-content\/uploads\/2022\/12\/logo-art137.svg\",\"width\":145,\"height\":56,\"caption\":\"Art137\"},\"image\":{\"@id\":\"https:\/\/art137studio.com\/en\/#\/schema\/logo\/image\/\"},\"sameAs\":[\"https:\/\/www.facebook.com\/art137\"]}]}<\/script>\n<!-- \/ Yoast SEO Premium plugin. -->","yoast_head_json":{"title":"Acacia Wood Coffee Table with Blue Resin | Mensalflumen Series - Art137","description":"Acacia wood coffee table with blue resin. Be enchanted by the natural elegance and modern design of this handmade table.","robots":{"index":"index","follow":"follow","max-snippet":"max-snippet:-1","max-image-preview":"max-image-preview:large","max-video-preview":"max-video-preview:-1"},"canonical":"https:\/\/art137studio.com\/en\/product\/acacia-wood-and-blue-resin-coffee-table\/","og_locale":"en_US","og_type":"article","og_title":"Acacia Wood Coffee Table with Blue Resin | Mensalflumen Series","og_description":"Acacia wood coffee table with blue resin. Be enchanted by the natural elegance and modern design of this handmade table.","og_url":"https:\/\/art137studio.com\/en\/product\/acacia-wood-and-blue-resin-coffee-table\/","og_site_name":"Art137","article_publisher":"https:\/\/www.facebook.com\/art137","article_modified_time":"2025-12-09T15:44:12+00:00","og_image":[{"width":1080,"height":1080,"url":"https:\/\/art137studio.com\/wp-content\/uploads\/2025\/10\/mesa-madeira-resina-azul.png","type":"image\/png"}],"twitter_card":"summary_large_image","twitter_misc":{"Est. reading time":"1 minute"},"schema":{"@context":"https:\/\/schema.org","@graph":[{"@type":"WebPage","@id":"https:\/\/art137studio.com\/en\/product\/acacia-wood-and-blue-resin-coffee-table\/","url":"https:\/\/art137studio.com\/en\/product\/acacia-wood-and-blue-resin-coffee-table\/","name":"Acacia Wood Coffee Table with Blue Resin | Mensalflumen Series - Art137","isPartOf":{"@id":"https:\/\/art137studio.com\/en\/#website"},"primaryImageOfPage":{"@id":"https:\/\/art137studio.com\/en\/product\/acacia-wood-and-blue-resin-coffee-table\/#primaryimage"},"image":{"@id":"https:\/\/art137studio.com\/en\/product\/acacia-wood-and-blue-resin-coffee-table\/#primaryimage"},"thumbnailUrl":"https:\/\/art137studio.com\/wp-content\/uploads\/2025\/10\/mesa-madeira-resina-azul.png","datePublished":"2023-08-15T15:48:32+00:00","dateModified":"2025-12-09T15:44:12+00:00","description":"Acacia wood coffee table with blue resin. Be enchanted by the natural elegance and modern design of this handmade table.","breadcrumb":{"@id":"https:\/\/art137studio.com\/en\/product\/acacia-wood-and-blue-resin-coffee-table\/#breadcrumb"},"inLanguage":"en-US","potentialAction":[{"@type":"ReadAction","target":["https:\/\/art137studio.com\/en\/product\/acacia-wood-and-blue-resin-coffee-table\/"]}]},{"@type":"ImageObject","inLanguage":"en-US","@id":"https:\/\/art137studio.com\/en\/product\/acacia-wood-and-blue-resin-coffee-table\/#primaryimage","url":"https:\/\/art137studio.com\/wp-content\/uploads\/2025\/10\/mesa-madeira-resina-azul.png","contentUrl":"https:\/\/art137studio.com\/wp-content\/uploads\/2025\/10\/mesa-madeira-resina-azul.png","width":1080,"height":1080,"caption":"Mesa de Madeira de Ac\u00e1cia e Resina Azul frente cima"},{"@type":"BreadcrumbList","@id":"https:\/\/art137studio.com\/en\/product\/acacia-wood-and-blue-resin-coffee-table\/#breadcrumb","itemListElement":[{"@type":"ListItem","position":1,"name":"In\u00edcio","item":"https:\/\/art137studio.com\/en\/"},{"@type":"ListItem","position":2,"name":"Portuguese handicrafts &#8211; Handmade.","item":"https:\/\/art137studio.com\/en\/"},{"@type":"ListItem","position":3,"name":"Acacia Wood Coffee Table with Blue Resin | Mensalflumen Series"}]},{"@type":"WebSite","@id":"https:\/\/art137studio.com\/en\/#website","url":"https:\/\/art137studio.com\/en\/","name":"Art137","description":"A Art137 \u00e9 uma marca portuguesa, dedicada \u00e0 cria\u00e7\u00e3o de pe\u00e7as feitas \u00e0 m\u00e3o.","publisher":{"@id":"https:\/\/art137studio.com\/en\/#organization"},"potentialAction":[{"@type":"SearchAction","target":{"@type":"EntryPoint","urlTemplate":"https:\/\/art137studio.com\/en\/?s={search_term_string}"},"query-input":"required name=search_term_string"}],"inLanguage":"en-US"},{"@type":"Organization","@id":"https:\/\/art137studio.com\/en\/#organization","name":"Art137","url":"https:\/\/art137studio.com\/en\/","logo":{"@type":"ImageObject","inLanguage":"en-US","@id":"https:\/\/art137studio.com\/en\/#\/schema\/logo\/image\/","url":"https:\/\/art137studio.com\/wp-content\/uploads\/2022\/12\/logo-art137.svg","contentUrl":"https:\/\/art137studio.com\/wp-content\/uploads\/2022\/12\/logo-art137.svg","width":145,"height":56,"caption":"Art137"},"image":{"@id":"https:\/\/art137studio.com\/en\/#\/schema\/logo\/image\/"},"sameAs":["https:\/\/www.facebook.com\/art137"]}]}},"_links":{"self":[{"href":"https:\/\/art137studio.com\/en\/wp-json\/wp\/v2\/product\/504","targetHints":{"allow":["GET"]}}],"collection":[{"href":"https:\/\/art137studio.com\/en\/wp-json\/wp\/v2\/product"}],"about":[{"href":"https:\/\/art137studio.com\/en\/wp-json\/wp\/v2\/types\/product"}],"wp:featuredmedia":[{"embeddable":true,"href":"https:\/\/art137studio.com\/en\/wp-json\/wp\/v2\/media\/2674"}],"wp:attachment":[{"href":"https:\/\/art137studio.com\/en\/wp-json\/wp\/v2\/media?parent=504"}],"wp:term":[{"taxonomy":"product_brand","embeddable":true,"href":"https:\/\/art137studio.com\/en\/wp-json\/wp\/v2\/product_brand?post=504"},{"taxonomy":"product_cat","embeddable":true,"href":"https:\/\/art137studio.com\/en\/wp-json\/wp\/v2\/product_cat?post=504"},{"taxonomy":"product_tag","embeddable":true,"href":"https:\/\/art137studio.com\/en\/wp-json\/wp\/v2\/product_tag?post=504"}],"curies":[{"name":"wp","href":"https:\/\/api.w.org\/{rel}","templated":true}]}}