{"id":3672,"date":"2026-02-05T19:24:46","date_gmt":"2026-02-05T19:24:46","guid":{"rendered":"https:\/\/art137studio.com\/?post_type=product&p=3672"},"modified":"2026-02-05T19:24:46","modified_gmt":"2026-02-05T19:24:46","slug":"hestnut-wood-heart-pendant-pink-resin-cordis","status":"publish","type":"product","link":"https:\/\/art137studio.com\/en\/product\/hestnut-wood-heart-pendant-pink-resin-cordis\/","title":{"rendered":"Promise in Pink &#8211; Heart Pendant in Chestnut Wood and Resin"},"content":{"rendered":"<p data-start=\"443\" data-end=\"489\">There are things you don&#8217;t say &#8211; you wear them on your chest.<\/p>\n<p data-start=\"491\" data-end=\"781\">This <strong data-start=\"505\" data-end=\"515\">Cordis<\/strong> pendant is born from <strong data-start=\"536\" data-end=\"548\">chestnut<\/strong> wood, marked by natural veins, and crossed by a band of <strong data-start=\"611\" data-end=\"626\">pink resin<\/strong> like a soft promise: <strong data-start=\"652\" data-end=\"681\">affection, courage and new beginnings<\/strong>.<br data-start=\"682\" data-end=\"685\">Each heart is handmade and unique &#8211; with small variations that make your piece unrepeatable.<\/p>\n<p data-start=\"783\" data-end=\"795\"><strong data-start=\"783\" data-end=\"795\">Details<\/strong><\/p>\n<ul data-start=\"796\" data-end=\"1007\">\n<li data-start=\"796\" data-end=\"816\">Shape: heart<\/li>\n<li data-start=\"817\" data-end=\"873\">Materials: natural chestnut wood + pink resin<\/li>\n<li data-start=\"874\" data-end=\"932\">Finish: handmade (single piece \/ limited production)<\/li>\n<\/ul>\n<p data-start=\"1009\" data-end=\"1089\">\ud83c\udf81 Sent in a <strong data-start=\"1023\" data-end=\"1042\">gift box<\/strong>, ready to give away (or keep for yourself).<\/p>\n","protected":false},"excerpt":{"rendered":"<p>Handmade heart pendant in chestnut wood with pink resin. Unique piece with natural veins and a handmade finish. Sent in a gift box.  <\/p>\n","protected":false},"featured_media":3655,"template":"","meta":[],"product_brand":[],"product_cat":[463,93,100],"product_tag":[],"class_list":{"0":"post-3672","1":"product","2":"type-product","3":"status-publish","4":"has-post-thumbnail","6":"product_cat-pendants-collection-cordis","7":"product_cat-contemporary-jewelry-shop","8":"product_cat-wood-and-resin-pendants","9":"product_shipping_class-free-shipping","11":"first","12":"instock","13":"taxable","14":"shipping-taxable","15":"purchasable","16":"product-type-simple"},"yoast_head":"<!-- This site is optimized with the Yoast SEO Premium plugin v21.2 (Yoast SEO v22.2) - https:\/\/yoast.com\/wordpress\/plugins\/seo\/ -->\n<title>Heart Pendant Brown Wood &amp; Pink Resin | Cordis<\/title>\n<meta name=\"description\" content=\"Handmade heart pendant in chestnut wood with pink resin. Unique piece with natural veins and a handmade finish. Sent in a gift box.\" \/>\n<meta name=\"robots\" content=\"index, follow, max-snippet:-1, max-image-preview:large, max-video-preview:-1\" \/>\n<link rel=\"canonical\" href=\"https:\/\/art137studio.com\/en\/product\/hestnut-wood-heart-pendant-pink-resin-cordis\/\" \/>\n<meta property=\"og:locale\" content=\"en_US\" \/>\n<meta property=\"og:type\" content=\"article\" \/>\n<meta property=\"og:title\" content=\"Promise in Pink - Heart Pendant in Chestnut Wood and Resin\" \/>\n<meta property=\"og:description\" content=\"Handmade heart pendant in chestnut wood with pink resin. Unique piece with natural veins and a handmade finish. Sent in a gift box.\" \/>\n<meta property=\"og:url\" content=\"https:\/\/art137studio.com\/en\/product\/hestnut-wood-heart-pendant-pink-resin-cordis\/\" \/>\n<meta property=\"og:site_name\" content=\"Art137\" \/>\n<meta property=\"article:publisher\" content=\"https:\/\/www.facebook.com\/art137\" \/>\n<meta property=\"og:image\" content=\"https:\/\/art137studio.com\/wp-content\/uploads\/2026\/02\/13.png\" \/>\n\t<meta property=\"og:image:width\" content=\"1080\" \/>\n\t<meta property=\"og:image:height\" content=\"1080\" \/>\n\t<meta property=\"og:image:type\" content=\"image\/png\" \/>\n<meta name=\"twitter:card\" content=\"summary_large_image\" \/>\n<script type=\"application\/ld+json\" class=\"yoast-schema-graph\">{\"@context\":\"https:\/\/schema.org\",\"@graph\":[{\"@type\":\"WebPage\",\"@id\":\"https:\/\/art137studio.com\/en\/product\/hestnut-wood-heart-pendant-pink-resin-cordis\/\",\"url\":\"https:\/\/art137studio.com\/en\/product\/hestnut-wood-heart-pendant-pink-resin-cordis\/\",\"name\":\"Heart Pendant Brown Wood & Pink Resin | Cordis\",\"isPartOf\":{\"@id\":\"https:\/\/art137studio.com\/en\/#website\"},\"primaryImageOfPage\":{\"@id\":\"https:\/\/art137studio.com\/en\/product\/hestnut-wood-heart-pendant-pink-resin-cordis\/#primaryimage\"},\"image\":{\"@id\":\"https:\/\/art137studio.com\/en\/product\/hestnut-wood-heart-pendant-pink-resin-cordis\/#primaryimage\"},\"thumbnailUrl\":\"https:\/\/art137studio.com\/wp-content\/uploads\/2026\/02\/12.png\",\"datePublished\":\"2026-02-05T19:24:46+00:00\",\"dateModified\":\"2026-02-05T19:24:46+00:00\",\"description\":\"Handmade heart pendant in chestnut wood with pink resin. Unique piece with natural veins and a handmade finish. Sent in a gift box.\",\"breadcrumb\":{\"@id\":\"https:\/\/art137studio.com\/en\/product\/hestnut-wood-heart-pendant-pink-resin-cordis\/#breadcrumb\"},\"inLanguage\":\"en-US\",\"potentialAction\":[{\"@type\":\"ReadAction\",\"target\":[\"https:\/\/art137studio.com\/en\/product\/hestnut-wood-heart-pendant-pink-resin-cordis\/\"]}]},{\"@type\":\"ImageObject\",\"inLanguage\":\"en-US\",\"@id\":\"https:\/\/art137studio.com\/en\/product\/hestnut-wood-heart-pendant-pink-resin-cordis\/#primaryimage\",\"url\":\"https:\/\/art137studio.com\/wp-content\/uploads\/2026\/02\/12.png\",\"contentUrl\":\"https:\/\/art137studio.com\/wp-content\/uploads\/2026\/02\/12.png\",\"width\":1080,\"height\":1080,\"caption\":\"Close-up of the brown heart pendant with pink resin band, hand-finished\"},{\"@type\":\"BreadcrumbList\",\"@id\":\"https:\/\/art137studio.com\/en\/product\/hestnut-wood-heart-pendant-pink-resin-cordis\/#breadcrumb\",\"itemListElement\":[{\"@type\":\"ListItem\",\"position\":1,\"name\":\"In\u00edcio\",\"item\":\"https:\/\/art137studio.com\/en\/\"},{\"@type\":\"ListItem\",\"position\":2,\"name\":\"Portuguese handicrafts &#8211; Handmade.\",\"item\":\"https:\/\/art137studio.com\/en\/\"},{\"@type\":\"ListItem\",\"position\":3,\"name\":\"Privado: Promise in Pink &#8211; Heart Pendant in Chestnut Wood and Resin\"}]},{\"@type\":\"WebSite\",\"@id\":\"https:\/\/art137studio.com\/en\/#website\",\"url\":\"https:\/\/art137studio.com\/en\/\",\"name\":\"Art137\",\"description\":\"A Art137 \u00e9 uma marca portuguesa, dedicada \u00e0 cria\u00e7\u00e3o de pe\u00e7as feitas \u00e0 m\u00e3o.\",\"publisher\":{\"@id\":\"https:\/\/art137studio.com\/en\/#organization\"},\"potentialAction\":[{\"@type\":\"SearchAction\",\"target\":{\"@type\":\"EntryPoint\",\"urlTemplate\":\"https:\/\/art137studio.com\/en\/?s={search_term_string}\"},\"query-input\":\"required name=search_term_string\"}],\"inLanguage\":\"en-US\"},{\"@type\":\"Organization\",\"@id\":\"https:\/\/art137studio.com\/en\/#organization\",\"name\":\"Art137\",\"url\":\"https:\/\/art137studio.com\/en\/\",\"logo\":{\"@type\":\"ImageObject\",\"inLanguage\":\"en-US\",\"@id\":\"https:\/\/art137studio.com\/en\/#\/schema\/logo\/image\/\",\"url\":\"https:\/\/art137studio.com\/wp-content\/uploads\/2022\/12\/logo-art137.svg\",\"contentUrl\":\"https:\/\/art137studio.com\/wp-content\/uploads\/2022\/12\/logo-art137.svg\",\"width\":145,\"height\":56,\"caption\":\"Art137\"},\"image\":{\"@id\":\"https:\/\/art137studio.com\/en\/#\/schema\/logo\/image\/\"},\"sameAs\":[\"https:\/\/www.facebook.com\/art137\"]}]}<\/script>\n<!-- \/ Yoast SEO Premium plugin. -->","yoast_head_json":{"title":"Heart Pendant Brown Wood & Pink Resin | Cordis","description":"Handmade heart pendant in chestnut wood with pink resin. Unique piece with natural veins and a handmade finish. Sent in a gift box.","robots":{"index":"index","follow":"follow","max-snippet":"max-snippet:-1","max-image-preview":"max-image-preview:large","max-video-preview":"max-video-preview:-1"},"canonical":"https:\/\/art137studio.com\/en\/product\/hestnut-wood-heart-pendant-pink-resin-cordis\/","og_locale":"en_US","og_type":"article","og_title":"Promise in Pink - Heart Pendant in Chestnut Wood and Resin","og_description":"Handmade heart pendant in chestnut wood with pink resin. Unique piece with natural veins and a handmade finish. Sent in a gift box.","og_url":"https:\/\/art137studio.com\/en\/product\/hestnut-wood-heart-pendant-pink-resin-cordis\/","og_site_name":"Art137","article_publisher":"https:\/\/www.facebook.com\/art137","og_image":[{"width":1080,"height":1080,"url":"https:\/\/art137studio.com\/wp-content\/uploads\/2026\/02\/13.png","type":"image\/png"}],"twitter_card":"summary_large_image","schema":{"@context":"https:\/\/schema.org","@graph":[{"@type":"WebPage","@id":"https:\/\/art137studio.com\/en\/product\/hestnut-wood-heart-pendant-pink-resin-cordis\/","url":"https:\/\/art137studio.com\/en\/product\/hestnut-wood-heart-pendant-pink-resin-cordis\/","name":"Heart Pendant Brown Wood & Pink Resin | Cordis","isPartOf":{"@id":"https:\/\/art137studio.com\/en\/#website"},"primaryImageOfPage":{"@id":"https:\/\/art137studio.com\/en\/product\/hestnut-wood-heart-pendant-pink-resin-cordis\/#primaryimage"},"image":{"@id":"https:\/\/art137studio.com\/en\/product\/hestnut-wood-heart-pendant-pink-resin-cordis\/#primaryimage"},"thumbnailUrl":"https:\/\/art137studio.com\/wp-content\/uploads\/2026\/02\/12.png","datePublished":"2026-02-05T19:24:46+00:00","dateModified":"2026-02-05T19:24:46+00:00","description":"Handmade heart pendant in chestnut wood with pink resin. Unique piece with natural veins and a handmade finish. Sent in a gift box.","breadcrumb":{"@id":"https:\/\/art137studio.com\/en\/product\/hestnut-wood-heart-pendant-pink-resin-cordis\/#breadcrumb"},"inLanguage":"en-US","potentialAction":[{"@type":"ReadAction","target":["https:\/\/art137studio.com\/en\/product\/hestnut-wood-heart-pendant-pink-resin-cordis\/"]}]},{"@type":"ImageObject","inLanguage":"en-US","@id":"https:\/\/art137studio.com\/en\/product\/hestnut-wood-heart-pendant-pink-resin-cordis\/#primaryimage","url":"https:\/\/art137studio.com\/wp-content\/uploads\/2026\/02\/12.png","contentUrl":"https:\/\/art137studio.com\/wp-content\/uploads\/2026\/02\/12.png","width":1080,"height":1080,"caption":"Close-up of the brown heart pendant with pink resin band, hand-finished"},{"@type":"BreadcrumbList","@id":"https:\/\/art137studio.com\/en\/product\/hestnut-wood-heart-pendant-pink-resin-cordis\/#breadcrumb","itemListElement":[{"@type":"ListItem","position":1,"name":"In\u00edcio","item":"https:\/\/art137studio.com\/en\/"},{"@type":"ListItem","position":2,"name":"Portuguese handicrafts &#8211; Handmade.","item":"https:\/\/art137studio.com\/en\/"},{"@type":"ListItem","position":3,"name":"Privado: Promise in Pink &#8211; Heart Pendant in Chestnut Wood and Resin"}]},{"@type":"WebSite","@id":"https:\/\/art137studio.com\/en\/#website","url":"https:\/\/art137studio.com\/en\/","name":"Art137","description":"A Art137 \u00e9 uma marca portuguesa, dedicada \u00e0 cria\u00e7\u00e3o de pe\u00e7as feitas \u00e0 m\u00e3o.","publisher":{"@id":"https:\/\/art137studio.com\/en\/#organization"},"potentialAction":[{"@type":"SearchAction","target":{"@type":"EntryPoint","urlTemplate":"https:\/\/art137studio.com\/en\/?s={search_term_string}"},"query-input":"required name=search_term_string"}],"inLanguage":"en-US"},{"@type":"Organization","@id":"https:\/\/art137studio.com\/en\/#organization","name":"Art137","url":"https:\/\/art137studio.com\/en\/","logo":{"@type":"ImageObject","inLanguage":"en-US","@id":"https:\/\/art137studio.com\/en\/#\/schema\/logo\/image\/","url":"https:\/\/art137studio.com\/wp-content\/uploads\/2022\/12\/logo-art137.svg","contentUrl":"https:\/\/art137studio.com\/wp-content\/uploads\/2022\/12\/logo-art137.svg","width":145,"height":56,"caption":"Art137"},"image":{"@id":"https:\/\/art137studio.com\/en\/#\/schema\/logo\/image\/"},"sameAs":["https:\/\/www.facebook.com\/art137"]}]}},"_links":{"self":[{"href":"https:\/\/art137studio.com\/en\/wp-json\/wp\/v2\/product\/3672","targetHints":{"allow":["GET"]}}],"collection":[{"href":"https:\/\/art137studio.com\/en\/wp-json\/wp\/v2\/product"}],"about":[{"href":"https:\/\/art137studio.com\/en\/wp-json\/wp\/v2\/types\/product"}],"wp:featuredmedia":[{"embeddable":true,"href":"https:\/\/art137studio.com\/en\/wp-json\/wp\/v2\/media\/3655"}],"wp:attachment":[{"href":"https:\/\/art137studio.com\/en\/wp-json\/wp\/v2\/media?parent=3672"}],"wp:term":[{"taxonomy":"product_brand","embeddable":true,"href":"https:\/\/art137studio.com\/en\/wp-json\/wp\/v2\/product_brand?post=3672"},{"taxonomy":"product_cat","embeddable":true,"href":"https:\/\/art137studio.com\/en\/wp-json\/wp\/v2\/product_cat?post=3672"},{"taxonomy":"product_tag","embeddable":true,"href":"https:\/\/art137studio.com\/en\/wp-json\/wp\/v2\/product_tag?post=3672"}],"curies":[{"name":"wp","href":"https:\/\/api.w.org\/{rel}","templated":true}]}}