{"id":3525,"date":"2026-01-26T16:26:58","date_gmt":"2026-01-26T16:26:58","guid":{"rendered":"https:\/\/art137studio.com\/product\/cordis-coral-heart-stud-earrings-wood-resin\/"},"modified":"2026-01-27T15:15:24","modified_gmt":"2026-01-27T15:15:24","slug":"cordis-coral-heart-stud-earrings-wood-resin","status":"publish","type":"product","link":"https:\/\/art137studio.com\/en\/product\/cordis-coral-heart-stud-earrings-wood-resin\/","title":{"rendered":"Aurora Coral &#8211; Heart Earrings in Wood and Resin Coral\/Red"},"content":{"rendered":"<p data-start=\"429\" data-end=\"695\">A heart doesn&#8217;t have to be perfect to be unforgettable \u2764\ufe0f<\/p>\n<p data-start=\"429\" data-end=\"695\">Handmade <strong data-start=\"909\" data-end=\"928\">heart earrings<\/strong> with a romantic and contemporary touch.<br data-start=\"982\" data-end=\"985\">These Cordis combine the warm texture of <strong data-start=\"1020\" data-end=\"1039\">natural wood<\/strong> with a <strong data-start=\"1058\" data-end=\"1074\">coral\/red resin<\/strong> detail, creating a light, delicate pair full of personality &#8211; perfect for everyday wear.<\/p>\n<p data-start=\"697\" data-end=\"929\">Each heart is unique, with natural wood patterns and small variations that make each pair truly unrepeatable. A delicate detail to elevate your look every day, or to give as a meaningful gift. <\/p>\n<p data-start=\"931\" data-end=\"956\"><strong data-start=\"931\" data-end=\"954\">Product details<\/strong><\/p>\n<ul data-start=\"957\" data-end=\"1125\">\n<li data-start=\"957\" data-end=\"993\">Heart-shaped earrings (pair)<\/li>\n<li data-start=\"994\" data-end=\"1031\">Natural wood + red resin<\/li>\n<li data-start=\"1032\" data-end=\"1060\">Handmade in Portugal<\/li>\n<li data-start=\"1061\" data-end=\"1085\">Lightweight and comfortable<\/li>\n<li data-start=\"1086\" data-end=\"1125\">Hand-finished with a soft sheen<\/li>\n<\/ul>\n<p data-start=\"1127\" data-end=\"1268\">If you like accessories that tell a story and have that artisanal &#8220;something&#8221;, these earrings are for you. They&#8217;re light, comfortable and ideal for gifting (or for yourself \u2764\ufe0f). <\/p>\n","protected":false},"excerpt":{"rendered":"<p>Handmade heart earrings in natural wood and coral\/red resin. Light, romantic and unique &#8211; each pair has an unrepeatable pattern. Made in Portugal.  <\/p>\n","protected":false},"featured_media":3537,"template":"","meta":[],"product_brand":[],"product_cat":[278,93,94],"product_tag":[],"class_list":{"0":"post-3525","1":"product","2":"type-product","3":"status-publish","4":"has-post-thumbnail","6":"product_cat-earrings-collection-cordis-en","7":"product_cat-contemporary-jewelry-shop","8":"product_cat-wooden-and-resin-earrings-art137","9":"product_shipping_class-free-shipping","11":"first","12":"instock","13":"taxable","14":"shipping-taxable","15":"purchasable","16":"product-type-simple"},"yoast_head":"<!-- This site is optimized with the Yoast SEO Premium plugin v21.2 (Yoast SEO v22.2) - https:\/\/yoast.com\/wordpress\/plugins\/seo\/ -->\n<title>Red coral resin and wood heart earrings<\/title>\n<meta name=\"description\" content=\"Handmade heart earrings in natural wood and coral\/red resin. Light, romantic and unique - each pair has an unrepeatable pattern. Made in Portugal.\" \/>\n<meta name=\"robots\" content=\"index, follow, max-snippet:-1, max-image-preview:large, max-video-preview:-1\" \/>\n<link rel=\"canonical\" href=\"https:\/\/art137studio.com\/en\/product\/cordis-coral-heart-stud-earrings-wood-resin\/\" \/>\n<meta property=\"og:locale\" content=\"en_US\" \/>\n<meta property=\"og:type\" content=\"article\" \/>\n<meta property=\"og:title\" content=\"Aurora Coral - Heart Earrings in Wood and Resin Coral\/Red\" \/>\n<meta property=\"og:description\" content=\"Handmade heart earrings in natural wood and coral\/red resin. Light, romantic and unique - each pair has an unrepeatable pattern. Made in Portugal.\" \/>\n<meta property=\"og:url\" content=\"https:\/\/art137studio.com\/en\/product\/cordis-coral-heart-stud-earrings-wood-resin\/\" \/>\n<meta property=\"og:site_name\" content=\"Art137\" \/>\n<meta property=\"article:publisher\" content=\"https:\/\/www.facebook.com\/art137\" \/>\n<meta property=\"article:modified_time\" content=\"2026-01-27T15:15:24+00:00\" \/>\n<meta property=\"og:image\" content=\"https:\/\/art137studio.com\/wp-content\/uploads\/2026\/01\/91.png\" \/>\n\t<meta property=\"og:image:width\" content=\"1080\" \/>\n\t<meta property=\"og:image:height\" content=\"1080\" \/>\n\t<meta property=\"og:image:type\" content=\"image\/png\" \/>\n<meta name=\"twitter:card\" content=\"summary_large_image\" \/>\n<meta name=\"twitter:label1\" content=\"Est. reading time\" \/>\n\t<meta name=\"twitter:data1\" content=\"1 minute\" \/>\n<script type=\"application\/ld+json\" class=\"yoast-schema-graph\">{\"@context\":\"https:\/\/schema.org\",\"@graph\":[{\"@type\":\"WebPage\",\"@id\":\"https:\/\/art137studio.com\/en\/product\/cordis-coral-heart-stud-earrings-wood-resin\/\",\"url\":\"https:\/\/art137studio.com\/en\/product\/cordis-coral-heart-stud-earrings-wood-resin\/\",\"name\":\"Red coral resin and wood heart earrings\",\"isPartOf\":{\"@id\":\"https:\/\/art137studio.com\/en\/#website\"},\"primaryImageOfPage\":{\"@id\":\"https:\/\/art137studio.com\/en\/product\/cordis-coral-heart-stud-earrings-wood-resin\/#primaryimage\"},\"image\":{\"@id\":\"https:\/\/art137studio.com\/en\/product\/cordis-coral-heart-stud-earrings-wood-resin\/#primaryimage\"},\"thumbnailUrl\":\"https:\/\/art137studio.com\/wp-content\/uploads\/2026\/01\/91.png\",\"datePublished\":\"2026-01-26T16:26:58+00:00\",\"dateModified\":\"2026-01-27T15:15:24+00:00\",\"description\":\"Handmade heart earrings in natural wood and coral\/red resin. Light, romantic and unique - each pair has an unrepeatable pattern. Made in Portugal.\",\"breadcrumb\":{\"@id\":\"https:\/\/art137studio.com\/en\/product\/cordis-coral-heart-stud-earrings-wood-resin\/#breadcrumb\"},\"inLanguage\":\"en-US\",\"potentialAction\":[{\"@type\":\"ReadAction\",\"target\":[\"https:\/\/art137studio.com\/en\/product\/cordis-coral-heart-stud-earrings-wood-resin\/\"]}]},{\"@type\":\"ImageObject\",\"inLanguage\":\"en-US\",\"@id\":\"https:\/\/art137studio.com\/en\/product\/cordis-coral-heart-stud-earrings-wood-resin\/#primaryimage\",\"url\":\"https:\/\/art137studio.com\/wp-content\/uploads\/2026\/01\/91.png\",\"contentUrl\":\"https:\/\/art137studio.com\/wp-content\/uploads\/2026\/01\/91.png\",\"width\":1080,\"height\":1080,\"caption\":\"Heart earrings in natural wood and coral resin on a white background ( closer )\"},{\"@type\":\"BreadcrumbList\",\"@id\":\"https:\/\/art137studio.com\/en\/product\/cordis-coral-heart-stud-earrings-wood-resin\/#breadcrumb\",\"itemListElement\":[{\"@type\":\"ListItem\",\"position\":1,\"name\":\"In\u00edcio\",\"item\":\"https:\/\/art137studio.com\/en\/\"},{\"@type\":\"ListItem\",\"position\":2,\"name\":\"Portuguese handicrafts &#8211; Handmade.\",\"item\":\"https:\/\/art137studio.com\/en\/\"},{\"@type\":\"ListItem\",\"position\":3,\"name\":\"Aurora Coral &#8211; Heart Earrings in Wood and Resin Coral\/Red\"}]},{\"@type\":\"WebSite\",\"@id\":\"https:\/\/art137studio.com\/en\/#website\",\"url\":\"https:\/\/art137studio.com\/en\/\",\"name\":\"Art137\",\"description\":\"A Art137 \u00e9 uma marca portuguesa, dedicada \u00e0 cria\u00e7\u00e3o de pe\u00e7as feitas \u00e0 m\u00e3o.\",\"publisher\":{\"@id\":\"https:\/\/art137studio.com\/en\/#organization\"},\"potentialAction\":[{\"@type\":\"SearchAction\",\"target\":{\"@type\":\"EntryPoint\",\"urlTemplate\":\"https:\/\/art137studio.com\/en\/?s={search_term_string}\"},\"query-input\":\"required name=search_term_string\"}],\"inLanguage\":\"en-US\"},{\"@type\":\"Organization\",\"@id\":\"https:\/\/art137studio.com\/en\/#organization\",\"name\":\"Art137\",\"url\":\"https:\/\/art137studio.com\/en\/\",\"logo\":{\"@type\":\"ImageObject\",\"inLanguage\":\"en-US\",\"@id\":\"https:\/\/art137studio.com\/en\/#\/schema\/logo\/image\/\",\"url\":\"https:\/\/art137studio.com\/wp-content\/uploads\/2022\/12\/logo-art137.svg\",\"contentUrl\":\"https:\/\/art137studio.com\/wp-content\/uploads\/2022\/12\/logo-art137.svg\",\"width\":145,\"height\":56,\"caption\":\"Art137\"},\"image\":{\"@id\":\"https:\/\/art137studio.com\/en\/#\/schema\/logo\/image\/\"},\"sameAs\":[\"https:\/\/www.facebook.com\/art137\"]}]}<\/script>\n<!-- \/ Yoast SEO Premium plugin. -->","yoast_head_json":{"title":"Red coral resin and wood heart earrings","description":"Handmade heart earrings in natural wood and coral\/red resin. Light, romantic and unique - each pair has an unrepeatable pattern. Made in Portugal.","robots":{"index":"index","follow":"follow","max-snippet":"max-snippet:-1","max-image-preview":"max-image-preview:large","max-video-preview":"max-video-preview:-1"},"canonical":"https:\/\/art137studio.com\/en\/product\/cordis-coral-heart-stud-earrings-wood-resin\/","og_locale":"en_US","og_type":"article","og_title":"Aurora Coral - Heart Earrings in Wood and Resin Coral\/Red","og_description":"Handmade heart earrings in natural wood and coral\/red resin. Light, romantic and unique - each pair has an unrepeatable pattern. Made in Portugal.","og_url":"https:\/\/art137studio.com\/en\/product\/cordis-coral-heart-stud-earrings-wood-resin\/","og_site_name":"Art137","article_publisher":"https:\/\/www.facebook.com\/art137","article_modified_time":"2026-01-27T15:15:24+00:00","og_image":[{"width":1080,"height":1080,"url":"https:\/\/art137studio.com\/wp-content\/uploads\/2026\/01\/91.png","type":"image\/png"}],"twitter_card":"summary_large_image","twitter_misc":{"Est. reading time":"1 minute"},"schema":{"@context":"https:\/\/schema.org","@graph":[{"@type":"WebPage","@id":"https:\/\/art137studio.com\/en\/product\/cordis-coral-heart-stud-earrings-wood-resin\/","url":"https:\/\/art137studio.com\/en\/product\/cordis-coral-heart-stud-earrings-wood-resin\/","name":"Red coral resin and wood heart earrings","isPartOf":{"@id":"https:\/\/art137studio.com\/en\/#website"},"primaryImageOfPage":{"@id":"https:\/\/art137studio.com\/en\/product\/cordis-coral-heart-stud-earrings-wood-resin\/#primaryimage"},"image":{"@id":"https:\/\/art137studio.com\/en\/product\/cordis-coral-heart-stud-earrings-wood-resin\/#primaryimage"},"thumbnailUrl":"https:\/\/art137studio.com\/wp-content\/uploads\/2026\/01\/91.png","datePublished":"2026-01-26T16:26:58+00:00","dateModified":"2026-01-27T15:15:24+00:00","description":"Handmade heart earrings in natural wood and coral\/red resin. Light, romantic and unique - each pair has an unrepeatable pattern. Made in Portugal.","breadcrumb":{"@id":"https:\/\/art137studio.com\/en\/product\/cordis-coral-heart-stud-earrings-wood-resin\/#breadcrumb"},"inLanguage":"en-US","potentialAction":[{"@type":"ReadAction","target":["https:\/\/art137studio.com\/en\/product\/cordis-coral-heart-stud-earrings-wood-resin\/"]}]},{"@type":"ImageObject","inLanguage":"en-US","@id":"https:\/\/art137studio.com\/en\/product\/cordis-coral-heart-stud-earrings-wood-resin\/#primaryimage","url":"https:\/\/art137studio.com\/wp-content\/uploads\/2026\/01\/91.png","contentUrl":"https:\/\/art137studio.com\/wp-content\/uploads\/2026\/01\/91.png","width":1080,"height":1080,"caption":"Heart earrings in natural wood and coral resin on a white background ( closer )"},{"@type":"BreadcrumbList","@id":"https:\/\/art137studio.com\/en\/product\/cordis-coral-heart-stud-earrings-wood-resin\/#breadcrumb","itemListElement":[{"@type":"ListItem","position":1,"name":"In\u00edcio","item":"https:\/\/art137studio.com\/en\/"},{"@type":"ListItem","position":2,"name":"Portuguese handicrafts &#8211; Handmade.","item":"https:\/\/art137studio.com\/en\/"},{"@type":"ListItem","position":3,"name":"Aurora Coral &#8211; Heart Earrings in Wood and Resin Coral\/Red"}]},{"@type":"WebSite","@id":"https:\/\/art137studio.com\/en\/#website","url":"https:\/\/art137studio.com\/en\/","name":"Art137","description":"A Art137 \u00e9 uma marca portuguesa, dedicada \u00e0 cria\u00e7\u00e3o de pe\u00e7as feitas \u00e0 m\u00e3o.","publisher":{"@id":"https:\/\/art137studio.com\/en\/#organization"},"potentialAction":[{"@type":"SearchAction","target":{"@type":"EntryPoint","urlTemplate":"https:\/\/art137studio.com\/en\/?s={search_term_string}"},"query-input":"required name=search_term_string"}],"inLanguage":"en-US"},{"@type":"Organization","@id":"https:\/\/art137studio.com\/en\/#organization","name":"Art137","url":"https:\/\/art137studio.com\/en\/","logo":{"@type":"ImageObject","inLanguage":"en-US","@id":"https:\/\/art137studio.com\/en\/#\/schema\/logo\/image\/","url":"https:\/\/art137studio.com\/wp-content\/uploads\/2022\/12\/logo-art137.svg","contentUrl":"https:\/\/art137studio.com\/wp-content\/uploads\/2022\/12\/logo-art137.svg","width":145,"height":56,"caption":"Art137"},"image":{"@id":"https:\/\/art137studio.com\/en\/#\/schema\/logo\/image\/"},"sameAs":["https:\/\/www.facebook.com\/art137"]}]}},"_links":{"self":[{"href":"https:\/\/art137studio.com\/en\/wp-json\/wp\/v2\/product\/3525","targetHints":{"allow":["GET"]}}],"collection":[{"href":"https:\/\/art137studio.com\/en\/wp-json\/wp\/v2\/product"}],"about":[{"href":"https:\/\/art137studio.com\/en\/wp-json\/wp\/v2\/types\/product"}],"wp:featuredmedia":[{"embeddable":true,"href":"https:\/\/art137studio.com\/en\/wp-json\/wp\/v2\/media\/3537"}],"wp:attachment":[{"href":"https:\/\/art137studio.com\/en\/wp-json\/wp\/v2\/media?parent=3525"}],"wp:term":[{"taxonomy":"product_brand","embeddable":true,"href":"https:\/\/art137studio.com\/en\/wp-json\/wp\/v2\/product_brand?post=3525"},{"taxonomy":"product_cat","embeddable":true,"href":"https:\/\/art137studio.com\/en\/wp-json\/wp\/v2\/product_cat?post=3525"},{"taxonomy":"product_tag","embeddable":true,"href":"https:\/\/art137studio.com\/en\/wp-json\/wp\/v2\/product_tag?post=3525"}],"curies":[{"name":"wp","href":"https:\/\/api.w.org\/{rel}","templated":true}]}}