{"id":3489,"date":"2026-01-23T16:54:20","date_gmt":"2026-01-23T16:54:20","guid":{"rendered":"https:\/\/art137studio.com\/product\/sun-kiss-yellow-flower-resin-earrings\/"},"modified":"2026-01-23T17:44:17","modified_gmt":"2026-01-23T17:44:17","slug":"sun-kiss-yellow-flower-resin-earrings","status":"publish","type":"product","link":"https:\/\/art137studio.com\/en\/product\/sun-kiss-yellow-flower-resin-earrings\/","title":{"rendered":"Beijo de Sol (Sun Kiss) &#8211; Yellow Flower Earrings in Resin"},"content":{"rendered":"<p data-start=\"954\" data-end=\"997\">Natural Yellow Flower Earrings in Crystal Resin<\/p>\n<p data-start=\"451\" data-end=\"628\">Delicate, luminous and full of personality \u2728<br data-start=\"499\" data-end=\"502\" \/>These <strong data-start=\"508\" data-end=\"556\">natural yellow flower earrings preserved in<\/strong> crystal <strong data-start=\"508\" data-end=\"556\">resin<\/strong> capture the real beauty of nature in an elegant and timeless accessory.<\/p>\n<p data-start=\"630\" data-end=\"804\">Each flower is <strong data-start=\"642\" data-end=\"656\">real<\/strong> and so <strong data-start=\"670\" data-end=\"703\">no two are exactly alike<\/strong> &#8211; small differences are part of the charm and ensure that you have a truly exclusive piece.<\/p>\n<p data-start=\"806\" data-end=\"910\">\ud83c\udf3c <strong data-start=\"809\" data-end=\"827\">Perfect for<\/strong>: summer looks, events, special days or to add a unique touch to everyday life.<\/p>\n<p data-start=\"912\" data-end=\"937\"><strong data-start=\"912\" data-end=\"935\">Product details<\/strong><\/p>\n<ul data-start=\"938\" data-end=\"1103\">\n<li data-start=\"938\" data-end=\"975\">Natural flower preserved in resin<\/li>\n<li data-start=\"976\" data-end=\"1000\">Color: yellow\/gold<\/li>\n<li data-start=\"1001\" data-end=\"1029\">Handmade in Portugal<\/li>\n<li data-start=\"1030\" data-end=\"1075\">Lightweight and comfortable to wear all day<\/li>\n<\/ul>\n","protected":false},"excerpt":{"rendered":"<p>Beijo de Sol: handmade earrings with a natural yellow flower preserved in crystal resin. Light, unique and handmade in Portugal. A romantic and luminous touch.<\/p>\n","protected":false},"featured_media":3482,"template":"","meta":[],"product_brand":[],"product_cat":[387,93,94],"product_tag":[],"class_list":{"0":"post-3489","1":"product","2":"type-product","3":"status-publish","4":"has-post-thumbnail","6":"product_cat-earrings-collection-aeternus-en","7":"product_cat-contemporary-jewelry-shop","8":"product_cat-wooden-and-resin-earrings-art137","9":"product_shipping_class-free-shipping","11":"first","12":"instock","13":"taxable","14":"shipping-taxable","15":"purchasable","16":"product-type-simple"},"yoast_head":"<!-- This site is optimized with the Yoast SEO Premium plugin v21.2 (Yoast SEO v22.2) - https:\/\/yoast.com\/wordpress\/plugins\/seo\/ -->\n<title>Beijo de Sol (Sun Kiss) | Natural Yellow Flower Earrings in Crystal Resin<\/title>\n<meta name=\"description\" content=\"Beijo de Sol: handmade earrings with a natural yellow flower preserved in crystal resin. Light, unique and handmade in Portugal. A romantic and luminous touch.\" \/>\n<meta name=\"robots\" content=\"index, follow, max-snippet:-1, max-image-preview:large, max-video-preview:-1\" \/>\n<link rel=\"canonical\" href=\"https:\/\/art137studio.com\/en\/product\/sun-kiss-yellow-flower-resin-earrings\/\" \/>\n<meta property=\"og:locale\" content=\"en_US\" \/>\n<meta property=\"og:type\" content=\"article\" \/>\n<meta property=\"og:title\" content=\"Beijo de Sol (Sun Kiss) - Yellow Flower Earrings in Resin\" \/>\n<meta property=\"og:description\" content=\"Beijo de Sol: handmade earrings with a natural yellow flower preserved in crystal resin. Light, unique and handmade in Portugal. A romantic and luminous touch.\" \/>\n<meta property=\"og:url\" content=\"https:\/\/art137studio.com\/en\/product\/sun-kiss-yellow-flower-resin-earrings\/\" \/>\n<meta property=\"og:site_name\" content=\"Art137\" \/>\n<meta property=\"article:publisher\" content=\"https:\/\/www.facebook.com\/art137\" \/>\n<meta property=\"article:modified_time\" content=\"2026-01-23T17:44:17+00:00\" \/>\n<meta property=\"og:image\" content=\"https:\/\/art137studio.com\/wp-content\/uploads\/2026\/01\/1-9.png\" \/>\n\t<meta property=\"og:image:width\" content=\"1080\" \/>\n\t<meta property=\"og:image:height\" content=\"1080\" \/>\n\t<meta property=\"og:image:type\" content=\"image\/png\" \/>\n<meta name=\"twitter:card\" content=\"summary_large_image\" \/>\n<meta name=\"twitter:label1\" content=\"Est. reading time\" \/>\n\t<meta name=\"twitter:data1\" content=\"1 minute\" \/>\n<script type=\"application\/ld+json\" class=\"yoast-schema-graph\">{\"@context\":\"https:\/\/schema.org\",\"@graph\":[{\"@type\":\"WebPage\",\"@id\":\"https:\/\/art137studio.com\/en\/product\/sun-kiss-yellow-flower-resin-earrings\/\",\"url\":\"https:\/\/art137studio.com\/en\/product\/sun-kiss-yellow-flower-resin-earrings\/\",\"name\":\"Beijo de Sol (Sun Kiss) | Natural Yellow Flower Earrings in Crystal Resin\",\"isPartOf\":{\"@id\":\"https:\/\/art137studio.com\/en\/#website\"},\"primaryImageOfPage\":{\"@id\":\"https:\/\/art137studio.com\/en\/product\/sun-kiss-yellow-flower-resin-earrings\/#primaryimage\"},\"image\":{\"@id\":\"https:\/\/art137studio.com\/en\/product\/sun-kiss-yellow-flower-resin-earrings\/#primaryimage\"},\"thumbnailUrl\":\"https:\/\/art137studio.com\/wp-content\/uploads\/2026\/01\/1-9.png\",\"datePublished\":\"2026-01-23T16:54:20+00:00\",\"dateModified\":\"2026-01-23T17:44:17+00:00\",\"description\":\"Beijo de Sol: handmade earrings with a natural yellow flower preserved in crystal resin. Light, unique and handmade in Portugal. A romantic and luminous touch.\",\"breadcrumb\":{\"@id\":\"https:\/\/art137studio.com\/en\/product\/sun-kiss-yellow-flower-resin-earrings\/#breadcrumb\"},\"inLanguage\":\"en-US\",\"potentialAction\":[{\"@type\":\"ReadAction\",\"target\":[\"https:\/\/art137studio.com\/en\/product\/sun-kiss-yellow-flower-resin-earrings\/\"]}]},{\"@type\":\"ImageObject\",\"inLanguage\":\"en-US\",\"@id\":\"https:\/\/art137studio.com\/en\/product\/sun-kiss-yellow-flower-resin-earrings\/#primaryimage\",\"url\":\"https:\/\/art137studio.com\/wp-content\/uploads\/2026\/01\/1-9.png\",\"contentUrl\":\"https:\/\/art137studio.com\/wp-content\/uploads\/2026\/01\/1-9.png\",\"width\":1080,\"height\":1080,\"caption\":\"Beijo de Sol earrings with natural yellow flower preserved in resin, handmade\"},{\"@type\":\"BreadcrumbList\",\"@id\":\"https:\/\/art137studio.com\/en\/product\/sun-kiss-yellow-flower-resin-earrings\/#breadcrumb\",\"itemListElement\":[{\"@type\":\"ListItem\",\"position\":1,\"name\":\"In\u00edcio\",\"item\":\"https:\/\/art137studio.com\/en\/\"},{\"@type\":\"ListItem\",\"position\":2,\"name\":\"Portuguese handicrafts &#8211; Handmade.\",\"item\":\"https:\/\/art137studio.com\/en\/\"},{\"@type\":\"ListItem\",\"position\":3,\"name\":\"Beijo de Sol (Sun Kiss) &#8211; Yellow Flower Earrings in Resin\"}]},{\"@type\":\"WebSite\",\"@id\":\"https:\/\/art137studio.com\/en\/#website\",\"url\":\"https:\/\/art137studio.com\/en\/\",\"name\":\"Art137\",\"description\":\"A Art137 \u00e9 uma marca portuguesa, dedicada \u00e0 cria\u00e7\u00e3o de pe\u00e7as feitas \u00e0 m\u00e3o.\",\"publisher\":{\"@id\":\"https:\/\/art137studio.com\/en\/#organization\"},\"potentialAction\":[{\"@type\":\"SearchAction\",\"target\":{\"@type\":\"EntryPoint\",\"urlTemplate\":\"https:\/\/art137studio.com\/en\/?s={search_term_string}\"},\"query-input\":\"required name=search_term_string\"}],\"inLanguage\":\"en-US\"},{\"@type\":\"Organization\",\"@id\":\"https:\/\/art137studio.com\/en\/#organization\",\"name\":\"Art137\",\"url\":\"https:\/\/art137studio.com\/en\/\",\"logo\":{\"@type\":\"ImageObject\",\"inLanguage\":\"en-US\",\"@id\":\"https:\/\/art137studio.com\/en\/#\/schema\/logo\/image\/\",\"url\":\"https:\/\/art137studio.com\/wp-content\/uploads\/2022\/12\/logo-art137.svg\",\"contentUrl\":\"https:\/\/art137studio.com\/wp-content\/uploads\/2022\/12\/logo-art137.svg\",\"width\":145,\"height\":56,\"caption\":\"Art137\"},\"image\":{\"@id\":\"https:\/\/art137studio.com\/en\/#\/schema\/logo\/image\/\"},\"sameAs\":[\"https:\/\/www.facebook.com\/art137\"]}]}<\/script>\n<!-- \/ Yoast SEO Premium plugin. -->","yoast_head_json":{"title":"Beijo de Sol (Sun Kiss) | Natural Yellow Flower Earrings in Crystal Resin","description":"Beijo de Sol: handmade earrings with a natural yellow flower preserved in crystal resin. Light, unique and handmade in Portugal. A romantic and luminous touch.","robots":{"index":"index","follow":"follow","max-snippet":"max-snippet:-1","max-image-preview":"max-image-preview:large","max-video-preview":"max-video-preview:-1"},"canonical":"https:\/\/art137studio.com\/en\/product\/sun-kiss-yellow-flower-resin-earrings\/","og_locale":"en_US","og_type":"article","og_title":"Beijo de Sol (Sun Kiss) - Yellow Flower Earrings in Resin","og_description":"Beijo de Sol: handmade earrings with a natural yellow flower preserved in crystal resin. Light, unique and handmade in Portugal. A romantic and luminous touch.","og_url":"https:\/\/art137studio.com\/en\/product\/sun-kiss-yellow-flower-resin-earrings\/","og_site_name":"Art137","article_publisher":"https:\/\/www.facebook.com\/art137","article_modified_time":"2026-01-23T17:44:17+00:00","og_image":[{"width":1080,"height":1080,"url":"https:\/\/art137studio.com\/wp-content\/uploads\/2026\/01\/1-9.png","type":"image\/png"}],"twitter_card":"summary_large_image","twitter_misc":{"Est. reading time":"1 minute"},"schema":{"@context":"https:\/\/schema.org","@graph":[{"@type":"WebPage","@id":"https:\/\/art137studio.com\/en\/product\/sun-kiss-yellow-flower-resin-earrings\/","url":"https:\/\/art137studio.com\/en\/product\/sun-kiss-yellow-flower-resin-earrings\/","name":"Beijo de Sol (Sun Kiss) | Natural Yellow Flower Earrings in Crystal Resin","isPartOf":{"@id":"https:\/\/art137studio.com\/en\/#website"},"primaryImageOfPage":{"@id":"https:\/\/art137studio.com\/en\/product\/sun-kiss-yellow-flower-resin-earrings\/#primaryimage"},"image":{"@id":"https:\/\/art137studio.com\/en\/product\/sun-kiss-yellow-flower-resin-earrings\/#primaryimage"},"thumbnailUrl":"https:\/\/art137studio.com\/wp-content\/uploads\/2026\/01\/1-9.png","datePublished":"2026-01-23T16:54:20+00:00","dateModified":"2026-01-23T17:44:17+00:00","description":"Beijo de Sol: handmade earrings with a natural yellow flower preserved in crystal resin. Light, unique and handmade in Portugal. A romantic and luminous touch.","breadcrumb":{"@id":"https:\/\/art137studio.com\/en\/product\/sun-kiss-yellow-flower-resin-earrings\/#breadcrumb"},"inLanguage":"en-US","potentialAction":[{"@type":"ReadAction","target":["https:\/\/art137studio.com\/en\/product\/sun-kiss-yellow-flower-resin-earrings\/"]}]},{"@type":"ImageObject","inLanguage":"en-US","@id":"https:\/\/art137studio.com\/en\/product\/sun-kiss-yellow-flower-resin-earrings\/#primaryimage","url":"https:\/\/art137studio.com\/wp-content\/uploads\/2026\/01\/1-9.png","contentUrl":"https:\/\/art137studio.com\/wp-content\/uploads\/2026\/01\/1-9.png","width":1080,"height":1080,"caption":"Beijo de Sol earrings with natural yellow flower preserved in resin, handmade"},{"@type":"BreadcrumbList","@id":"https:\/\/art137studio.com\/en\/product\/sun-kiss-yellow-flower-resin-earrings\/#breadcrumb","itemListElement":[{"@type":"ListItem","position":1,"name":"In\u00edcio","item":"https:\/\/art137studio.com\/en\/"},{"@type":"ListItem","position":2,"name":"Portuguese handicrafts &#8211; Handmade.","item":"https:\/\/art137studio.com\/en\/"},{"@type":"ListItem","position":3,"name":"Beijo de Sol (Sun Kiss) &#8211; Yellow Flower Earrings in Resin"}]},{"@type":"WebSite","@id":"https:\/\/art137studio.com\/en\/#website","url":"https:\/\/art137studio.com\/en\/","name":"Art137","description":"A Art137 \u00e9 uma marca portuguesa, dedicada \u00e0 cria\u00e7\u00e3o de pe\u00e7as feitas \u00e0 m\u00e3o.","publisher":{"@id":"https:\/\/art137studio.com\/en\/#organization"},"potentialAction":[{"@type":"SearchAction","target":{"@type":"EntryPoint","urlTemplate":"https:\/\/art137studio.com\/en\/?s={search_term_string}"},"query-input":"required name=search_term_string"}],"inLanguage":"en-US"},{"@type":"Organization","@id":"https:\/\/art137studio.com\/en\/#organization","name":"Art137","url":"https:\/\/art137studio.com\/en\/","logo":{"@type":"ImageObject","inLanguage":"en-US","@id":"https:\/\/art137studio.com\/en\/#\/schema\/logo\/image\/","url":"https:\/\/art137studio.com\/wp-content\/uploads\/2022\/12\/logo-art137.svg","contentUrl":"https:\/\/art137studio.com\/wp-content\/uploads\/2022\/12\/logo-art137.svg","width":145,"height":56,"caption":"Art137"},"image":{"@id":"https:\/\/art137studio.com\/en\/#\/schema\/logo\/image\/"},"sameAs":["https:\/\/www.facebook.com\/art137"]}]}},"_links":{"self":[{"href":"https:\/\/art137studio.com\/en\/wp-json\/wp\/v2\/product\/3489","targetHints":{"allow":["GET"]}}],"collection":[{"href":"https:\/\/art137studio.com\/en\/wp-json\/wp\/v2\/product"}],"about":[{"href":"https:\/\/art137studio.com\/en\/wp-json\/wp\/v2\/types\/product"}],"wp:featuredmedia":[{"embeddable":true,"href":"https:\/\/art137studio.com\/en\/wp-json\/wp\/v2\/media\/3482"}],"wp:attachment":[{"href":"https:\/\/art137studio.com\/en\/wp-json\/wp\/v2\/media?parent=3489"}],"wp:term":[{"taxonomy":"product_brand","embeddable":true,"href":"https:\/\/art137studio.com\/en\/wp-json\/wp\/v2\/product_brand?post=3489"},{"taxonomy":"product_cat","embeddable":true,"href":"https:\/\/art137studio.com\/en\/wp-json\/wp\/v2\/product_cat?post=3489"},{"taxonomy":"product_tag","embeddable":true,"href":"https:\/\/art137studio.com\/en\/wp-json\/wp\/v2\/product_tag?post=3489"}],"curies":[{"name":"wp","href":"https:\/\/api.w.org\/{rel}","templated":true}]}}