{"id":344,"date":"2022-10-25T12:12:20","date_gmt":"2022-10-25T12:12:20","guid":{"rendered":"https:\/\/art137studio.com\/product\/center-table-mensaquercu\/"},"modified":"2024-04-20T17:21:49","modified_gmt":"2024-04-20T17:21:49","slug":"oak-wood-coffee-table","status":"publish","type":"product","link":"https:\/\/art137studio.com\/en\/product\/oak-wood-coffee-table\/","title":{"rendered":"Handmade Coffee Table in Oak Wood with Unique Iron Legs  | Mensaquercu"},"content":{"rendered":"<p>Introducing our <strong>Handcrafted Coffee Table in Oak Wood with Unique Iron Legs<\/strong>.<br \/>\nThis handmade coffee table is a unique and special piece that will add a touch of personality and elegance to your room. <span style=\"font-weight: 300;\">It is made of a very resistant, high quality and durable oak wood.<\/span><\/p>\n<p>The legs are made of iron and lacquered black. Although they follow the same design concept, each of these three legs is unique, thanks to the manual iron bending process, giving it a touch of uniqueness and authenticity.<\/p>\n<p>In addition to its exceptional design, this coffee table also has a practical and intelligent touch. A thin iron bar joins the legs circularly, giving the table additional stability. But that&#8217;s not all, this iron ring also functions as a practical magazine holder, offering a discreet and elegant storage solution.<\/p>\n<p>It is a unique piece that carries the essence of craftsmanship. Transform your living room with this handcrafted oak coffee table with iron legs, a piece that is both functional and artistic, made with love and skill.<\/p>\n<p>Buy the Handmade Coffee Table in Oak Wood with Unique Iron Legs now and add a touch of personality to your home!<\/p>\n","protected":false},"excerpt":{"rendered":"<p>Handcrafted oak coffee table with unique iron legs: the perfect piece to add a touch of personality and elegance to your room.<\/p>\n","protected":false},"featured_media":1354,"template":"","meta":[],"product_brand":[],"product_cat":[45],"product_tag":[],"class_list":{"0":"post-344","1":"product","2":"type-product","3":"status-publish","4":"has-post-thumbnail","6":"product_cat-portfolio","8":"first","9":"outofstock","10":"sold-individually","11":"taxable","12":"shipping-taxable","13":"purchasable","14":"product-type-simple"},"yoast_head":"<!-- This site is optimized with the Yoast SEO Premium plugin v21.2 (Yoast SEO v22.2) - https:\/\/yoast.com\/wordpress\/plugins\/seo\/ -->\n<title>Handmade Coffee Table in Oak Wood with Unique Iron Legs | Mensaquercu - Art137<\/title>\n<meta name=\"description\" content=\"Handcrafted oak coffee table with unique iron legs: the perfect piece to add a touch of personality and elegance to your room.\" \/>\n<meta name=\"robots\" content=\"index, follow, max-snippet:-1, max-image-preview:large, max-video-preview:-1\" \/>\n<link rel=\"canonical\" href=\"https:\/\/art137studio.com\/en\/product\/oak-wood-coffee-table\/\" \/>\n<meta property=\"og:locale\" content=\"en_US\" \/>\n<meta property=\"og:type\" content=\"article\" \/>\n<meta property=\"og:title\" content=\"Handmade Coffee Table in Oak Wood with Unique Iron Legs | Mensaquercu\" \/>\n<meta property=\"og:description\" content=\"Handcrafted oak coffee table with unique iron legs: the perfect piece to add a touch of personality and elegance to your room.\" \/>\n<meta property=\"og:url\" content=\"https:\/\/art137studio.com\/en\/product\/oak-wood-coffee-table\/\" \/>\n<meta property=\"og:site_name\" content=\"Art137\" \/>\n<meta property=\"article:publisher\" content=\"https:\/\/www.facebook.com\/art137\" \/>\n<meta property=\"article:modified_time\" content=\"2024-04-20T17:21:49+00:00\" \/>\n<meta property=\"og:image\" content=\"https:\/\/art137studio.com\/wp-content\/uploads\/2022\/10\/mesa-apoio-madeira-carvalho-quadrada_bk-resize.jpeg\" \/>\n\t<meta property=\"og:image:width\" content=\"1280\" \/>\n\t<meta property=\"og:image:height\" content=\"1280\" \/>\n\t<meta property=\"og:image:type\" content=\"image\/jpeg\" \/>\n<meta name=\"twitter:card\" content=\"summary_large_image\" \/>\n<meta name=\"twitter:label1\" content=\"Est. reading time\" \/>\n\t<meta name=\"twitter:data1\" content=\"2 minutes\" \/>\n<script type=\"application\/ld+json\" class=\"yoast-schema-graph\">{\"@context\":\"https:\/\/schema.org\",\"@graph\":[{\"@type\":\"WebPage\",\"@id\":\"https:\/\/art137studio.com\/en\/product\/oak-wood-coffee-table\/\",\"url\":\"https:\/\/art137studio.com\/en\/product\/oak-wood-coffee-table\/\",\"name\":\"Handmade Coffee Table in Oak Wood with Unique Iron Legs | Mensaquercu - Art137\",\"isPartOf\":{\"@id\":\"https:\/\/art137studio.com\/en\/#website\"},\"primaryImageOfPage\":{\"@id\":\"https:\/\/art137studio.com\/en\/product\/oak-wood-coffee-table\/#primaryimage\"},\"image\":{\"@id\":\"https:\/\/art137studio.com\/en\/product\/oak-wood-coffee-table\/#primaryimage\"},\"thumbnailUrl\":\"https:\/\/art137studio.com\/wp-content\/uploads\/2022\/10\/mesa-apoio-madeira-carvalho-quadrada_bk-resize.jpeg\",\"datePublished\":\"2022-10-25T12:12:20+00:00\",\"dateModified\":\"2024-04-20T17:21:49+00:00\",\"description\":\"Handcrafted oak coffee table with unique iron legs: the perfect piece to add a touch of personality and elegance to your room.\",\"breadcrumb\":{\"@id\":\"https:\/\/art137studio.com\/en\/product\/oak-wood-coffee-table\/#breadcrumb\"},\"inLanguage\":\"en-US\",\"potentialAction\":[{\"@type\":\"ReadAction\",\"target\":[\"https:\/\/art137studio.com\/en\/product\/oak-wood-coffee-table\/\"]}]},{\"@type\":\"ImageObject\",\"inLanguage\":\"en-US\",\"@id\":\"https:\/\/art137studio.com\/en\/product\/oak-wood-coffee-table\/#primaryimage\",\"url\":\"https:\/\/art137studio.com\/wp-content\/uploads\/2022\/10\/mesa-apoio-madeira-carvalho-quadrada_bk-resize.jpeg\",\"contentUrl\":\"https:\/\/art137studio.com\/wp-content\/uploads\/2022\/10\/mesa-apoio-madeira-carvalho-quadrada_bk-resize.jpeg\",\"width\":1280,\"height\":1280},{\"@type\":\"BreadcrumbList\",\"@id\":\"https:\/\/art137studio.com\/en\/product\/oak-wood-coffee-table\/#breadcrumb\",\"itemListElement\":[{\"@type\":\"ListItem\",\"position\":1,\"name\":\"In\u00edcio\",\"item\":\"https:\/\/art137studio.com\/en\/\"},{\"@type\":\"ListItem\",\"position\":2,\"name\":\"Portuguese handicrafts &#8211; Handmade.\",\"item\":\"https:\/\/art137studio.com\/en\/\"},{\"@type\":\"ListItem\",\"position\":3,\"name\":\"Handmade Coffee Table in Oak Wood with Unique Iron Legs | Mensaquercu\"}]},{\"@type\":\"WebSite\",\"@id\":\"https:\/\/art137studio.com\/en\/#website\",\"url\":\"https:\/\/art137studio.com\/en\/\",\"name\":\"Art137\",\"description\":\"A Art137 \u00e9 uma marca portuguesa, dedicada \u00e0 cria\u00e7\u00e3o de pe\u00e7as feitas \u00e0 m\u00e3o.\",\"publisher\":{\"@id\":\"https:\/\/art137studio.com\/en\/#organization\"},\"potentialAction\":[{\"@type\":\"SearchAction\",\"target\":{\"@type\":\"EntryPoint\",\"urlTemplate\":\"https:\/\/art137studio.com\/en\/?s={search_term_string}\"},\"query-input\":\"required name=search_term_string\"}],\"inLanguage\":\"en-US\"},{\"@type\":\"Organization\",\"@id\":\"https:\/\/art137studio.com\/en\/#organization\",\"name\":\"Art137\",\"url\":\"https:\/\/art137studio.com\/en\/\",\"logo\":{\"@type\":\"ImageObject\",\"inLanguage\":\"en-US\",\"@id\":\"https:\/\/art137studio.com\/en\/#\/schema\/logo\/image\/\",\"url\":\"https:\/\/art137studio.com\/wp-content\/uploads\/2022\/12\/logo-art137.svg\",\"contentUrl\":\"https:\/\/art137studio.com\/wp-content\/uploads\/2022\/12\/logo-art137.svg\",\"width\":145,\"height\":56,\"caption\":\"Art137\"},\"image\":{\"@id\":\"https:\/\/art137studio.com\/en\/#\/schema\/logo\/image\/\"},\"sameAs\":[\"https:\/\/www.facebook.com\/art137\"]}]}<\/script>\n<!-- \/ Yoast SEO Premium plugin. -->","yoast_head_json":{"title":"Handmade Coffee Table in Oak Wood with Unique Iron Legs | Mensaquercu - Art137","description":"Handcrafted oak coffee table with unique iron legs: the perfect piece to add a touch of personality and elegance to your room.","robots":{"index":"index","follow":"follow","max-snippet":"max-snippet:-1","max-image-preview":"max-image-preview:large","max-video-preview":"max-video-preview:-1"},"canonical":"https:\/\/art137studio.com\/en\/product\/oak-wood-coffee-table\/","og_locale":"en_US","og_type":"article","og_title":"Handmade Coffee Table in Oak Wood with Unique Iron Legs | Mensaquercu","og_description":"Handcrafted oak coffee table with unique iron legs: the perfect piece to add a touch of personality and elegance to your room.","og_url":"https:\/\/art137studio.com\/en\/product\/oak-wood-coffee-table\/","og_site_name":"Art137","article_publisher":"https:\/\/www.facebook.com\/art137","article_modified_time":"2024-04-20T17:21:49+00:00","og_image":[{"width":1280,"height":1280,"url":"https:\/\/art137studio.com\/wp-content\/uploads\/2022\/10\/mesa-apoio-madeira-carvalho-quadrada_bk-resize.jpeg","type":"image\/jpeg"}],"twitter_card":"summary_large_image","twitter_misc":{"Est. reading time":"2 minutes"},"schema":{"@context":"https:\/\/schema.org","@graph":[{"@type":"WebPage","@id":"https:\/\/art137studio.com\/en\/product\/oak-wood-coffee-table\/","url":"https:\/\/art137studio.com\/en\/product\/oak-wood-coffee-table\/","name":"Handmade Coffee Table in Oak Wood with Unique Iron Legs | Mensaquercu - Art137","isPartOf":{"@id":"https:\/\/art137studio.com\/en\/#website"},"primaryImageOfPage":{"@id":"https:\/\/art137studio.com\/en\/product\/oak-wood-coffee-table\/#primaryimage"},"image":{"@id":"https:\/\/art137studio.com\/en\/product\/oak-wood-coffee-table\/#primaryimage"},"thumbnailUrl":"https:\/\/art137studio.com\/wp-content\/uploads\/2022\/10\/mesa-apoio-madeira-carvalho-quadrada_bk-resize.jpeg","datePublished":"2022-10-25T12:12:20+00:00","dateModified":"2024-04-20T17:21:49+00:00","description":"Handcrafted oak coffee table with unique iron legs: the perfect piece to add a touch of personality and elegance to your room.","breadcrumb":{"@id":"https:\/\/art137studio.com\/en\/product\/oak-wood-coffee-table\/#breadcrumb"},"inLanguage":"en-US","potentialAction":[{"@type":"ReadAction","target":["https:\/\/art137studio.com\/en\/product\/oak-wood-coffee-table\/"]}]},{"@type":"ImageObject","inLanguage":"en-US","@id":"https:\/\/art137studio.com\/en\/product\/oak-wood-coffee-table\/#primaryimage","url":"https:\/\/art137studio.com\/wp-content\/uploads\/2022\/10\/mesa-apoio-madeira-carvalho-quadrada_bk-resize.jpeg","contentUrl":"https:\/\/art137studio.com\/wp-content\/uploads\/2022\/10\/mesa-apoio-madeira-carvalho-quadrada_bk-resize.jpeg","width":1280,"height":1280},{"@type":"BreadcrumbList","@id":"https:\/\/art137studio.com\/en\/product\/oak-wood-coffee-table\/#breadcrumb","itemListElement":[{"@type":"ListItem","position":1,"name":"In\u00edcio","item":"https:\/\/art137studio.com\/en\/"},{"@type":"ListItem","position":2,"name":"Portuguese handicrafts &#8211; Handmade.","item":"https:\/\/art137studio.com\/en\/"},{"@type":"ListItem","position":3,"name":"Handmade Coffee Table in Oak Wood with Unique Iron Legs | Mensaquercu"}]},{"@type":"WebSite","@id":"https:\/\/art137studio.com\/en\/#website","url":"https:\/\/art137studio.com\/en\/","name":"Art137","description":"A Art137 \u00e9 uma marca portuguesa, dedicada \u00e0 cria\u00e7\u00e3o de pe\u00e7as feitas \u00e0 m\u00e3o.","publisher":{"@id":"https:\/\/art137studio.com\/en\/#organization"},"potentialAction":[{"@type":"SearchAction","target":{"@type":"EntryPoint","urlTemplate":"https:\/\/art137studio.com\/en\/?s={search_term_string}"},"query-input":"required name=search_term_string"}],"inLanguage":"en-US"},{"@type":"Organization","@id":"https:\/\/art137studio.com\/en\/#organization","name":"Art137","url":"https:\/\/art137studio.com\/en\/","logo":{"@type":"ImageObject","inLanguage":"en-US","@id":"https:\/\/art137studio.com\/en\/#\/schema\/logo\/image\/","url":"https:\/\/art137studio.com\/wp-content\/uploads\/2022\/12\/logo-art137.svg","contentUrl":"https:\/\/art137studio.com\/wp-content\/uploads\/2022\/12\/logo-art137.svg","width":145,"height":56,"caption":"Art137"},"image":{"@id":"https:\/\/art137studio.com\/en\/#\/schema\/logo\/image\/"},"sameAs":["https:\/\/www.facebook.com\/art137"]}]}},"_links":{"self":[{"href":"https:\/\/art137studio.com\/en\/wp-json\/wp\/v2\/product\/344","targetHints":{"allow":["GET"]}}],"collection":[{"href":"https:\/\/art137studio.com\/en\/wp-json\/wp\/v2\/product"}],"about":[{"href":"https:\/\/art137studio.com\/en\/wp-json\/wp\/v2\/types\/product"}],"wp:featuredmedia":[{"embeddable":true,"href":"https:\/\/art137studio.com\/en\/wp-json\/wp\/v2\/media\/1354"}],"wp:attachment":[{"href":"https:\/\/art137studio.com\/en\/wp-json\/wp\/v2\/media?parent=344"}],"wp:term":[{"taxonomy":"product_brand","embeddable":true,"href":"https:\/\/art137studio.com\/en\/wp-json\/wp\/v2\/product_brand?post=344"},{"taxonomy":"product_cat","embeddable":true,"href":"https:\/\/art137studio.com\/en\/wp-json\/wp\/v2\/product_cat?post=344"},{"taxonomy":"product_tag","embeddable":true,"href":"https:\/\/art137studio.com\/en\/wp-json\/wp\/v2\/product_tag?post=344"}],"curies":[{"name":"wp","href":"https:\/\/api.w.org\/{rel}","templated":true}]}}