{"id":343,"date":"2022-10-24T22:18:44","date_gmt":"2022-10-24T22:18:44","guid":{"rendered":"https:\/\/art137studio.com\/product\/mesa-centro-madeira-resina-floreresinae\/"},"modified":"2024-05-22T18:31:39","modified_gmt":"2024-05-22T18:31:39","slug":"table-center-wood-acacia-resin-green-floreresinae","status":"publish","type":"product","link":"https:\/\/art137studio.com\/en\/product\/table-center-wood-acacia-resin-green-floreresinae\/","title":{"rendered":"Acacia wood coffee table with green resin | FloreResinae"},"content":{"rendered":"<p>We challenged ourselves by creating this <strong>Acacia Wood Coffee Table with Green Resin<\/strong>.<br \/>\nThe wooden top with the resin is made from a slice of solid acacia wood.<br \/>\nWhen we split the slice, we let nature itself choose the path, allowing the wood to split in a unique way.<br \/>\nWe then bonded each fragment with green resin, creating a texture similar to the veins in the leaves. The solid wood legs and the shelf at the bottom complement this functional piece of art.<br \/>\nThe process of creating the table was a challenge, but also a rewarding experience.<\/p>\n<p>Get this unique Acacia Wood Coffee Table with Green Resin and bring the authenticity and elegance of nature into your living room, transforming your space with this coffee table.<\/p>\n<hr \/>\n<p><strong>Important<\/strong>: Due to the size and weight characteristics of this piece, when you add it to the cart, the only available shipping method will be: <strong>Local Pickup<\/strong>.<\/p>\n<p>If you decide to purchase the piece and are unable to visit our atelier, you can request a transportation quote (<strong>Transport Quote<\/strong> button).<br \/>\nFill out the form to request a transportation quote to your desired address, in order to obtain a fair and current shipping price. Read more in our <a href=\"https:\/\/art137studio.com\/en\/transportation-quote-policy\/\">Transportation Quote Policy<\/a>.<\/p>\n<p>However, if you prefer to see the piece before deciding to purchase, you can reserve it for 10 days (<strong>Reserve<\/strong> button).<br \/>\nFill out the form to reserve the piece and schedule your visit, allowing you to decide with ease if you wish to purchase it. Read more in our <a href=\"https:\/\/art137studio.com\/en\/piece-reservation-policy\/\">Piece Reservation Policy<\/a>.<\/p>\n","protected":false},"excerpt":{"rendered":"<p>Acacia wood coffee table with green resin | FloreResinae<br \/>\nA unique and special piece that will add a touch of personality and elegance.<\/p>\n","protected":false},"featured_media":1364,"template":"","meta":[],"product_brand":[],"product_cat":[141,74],"product_tag":[],"class_list":{"0":"post-343","1":"product","2":"type-product","3":"status-publish","4":"has-post-thumbnail","6":"product_cat-handmade-coffee-tables","7":"product_cat-handmade-tables-art137","8":"product_shipping_class-local_pickup","10":"first","11":"instock","12":"taxable","13":"shipping-taxable","14":"purchasable","15":"product-type-simple"},"yoast_head":"<!-- This site is optimized with the Yoast SEO Premium plugin v21.2 (Yoast SEO v22.2) - https:\/\/yoast.com\/wordpress\/plugins\/seo\/ -->\n<title>Acacia wood coffee table with green resin<\/title>\n<meta name=\"description\" content=\"Acacia wood coffee table with green resin | FloreResinae. A unique and special piece that will add a touch of personality and elegance.\" \/>\n<meta name=\"robots\" content=\"index, follow, max-snippet:-1, max-image-preview:large, max-video-preview:-1\" \/>\n<link rel=\"canonical\" href=\"https:\/\/art137studio.com\/en\/product\/table-center-wood-acacia-resin-green-floreresinae\/\" \/>\n<meta property=\"og:locale\" content=\"en_US\" \/>\n<meta property=\"og:type\" content=\"article\" \/>\n<meta property=\"og:title\" content=\"Acacia wood coffee table with green resin | FloreResinae\" \/>\n<meta property=\"og:description\" content=\"Acacia wood coffee table with green resin | FloreResinae. A unique and special piece that will add a touch of personality and elegance.\" \/>\n<meta property=\"og:url\" content=\"https:\/\/art137studio.com\/en\/product\/table-center-wood-acacia-resin-green-floreresinae\/\" \/>\n<meta property=\"og:site_name\" content=\"Art137\" \/>\n<meta property=\"article:publisher\" content=\"https:\/\/www.facebook.com\/art137\" \/>\n<meta property=\"article:modified_time\" content=\"2024-05-22T18:31:39+00:00\" \/>\n<meta property=\"og:image\" content=\"https:\/\/art137studio.com\/wp-content\/uploads\/2022\/10\/CenterTableFloreResinaeQuadrado-bk-scaled.jpeg\" \/>\n\t<meta property=\"og:image:width\" content=\"2560\" \/>\n\t<meta property=\"og:image:height\" content=\"2560\" \/>\n\t<meta property=\"og:image:type\" content=\"image\/jpeg\" \/>\n<meta name=\"twitter:card\" content=\"summary_large_image\" \/>\n<meta name=\"twitter:label1\" content=\"Est. reading time\" \/>\n\t<meta name=\"twitter:data1\" content=\"1 minute\" \/>\n<script type=\"application\/ld+json\" class=\"yoast-schema-graph\">{\"@context\":\"https:\/\/schema.org\",\"@graph\":[{\"@type\":\"WebPage\",\"@id\":\"https:\/\/art137studio.com\/en\/product\/table-center-wood-acacia-resin-green-floreresinae\/\",\"url\":\"https:\/\/art137studio.com\/en\/product\/table-center-wood-acacia-resin-green-floreresinae\/\",\"name\":\"Acacia wood coffee table with green resin\",\"isPartOf\":{\"@id\":\"https:\/\/art137studio.com\/en\/#website\"},\"primaryImageOfPage\":{\"@id\":\"https:\/\/art137studio.com\/en\/product\/table-center-wood-acacia-resin-green-floreresinae\/#primaryimage\"},\"image\":{\"@id\":\"https:\/\/art137studio.com\/en\/product\/table-center-wood-acacia-resin-green-floreresinae\/#primaryimage\"},\"thumbnailUrl\":\"https:\/\/art137studio.com\/wp-content\/uploads\/2022\/10\/CenterTableFloreResinaeQuadrado-bk-scaled.jpeg\",\"datePublished\":\"2022-10-24T22:18:44+00:00\",\"dateModified\":\"2024-05-22T18:31:39+00:00\",\"description\":\"Acacia wood coffee table with green resin | FloreResinae. A unique and special piece that will add a touch of personality and elegance.\",\"breadcrumb\":{\"@id\":\"https:\/\/art137studio.com\/en\/product\/table-center-wood-acacia-resin-green-floreresinae\/#breadcrumb\"},\"inLanguage\":\"en-US\",\"potentialAction\":[{\"@type\":\"ReadAction\",\"target\":[\"https:\/\/art137studio.com\/en\/product\/table-center-wood-acacia-resin-green-floreresinae\/\"]}]},{\"@type\":\"ImageObject\",\"inLanguage\":\"en-US\",\"@id\":\"https:\/\/art137studio.com\/en\/product\/table-center-wood-acacia-resin-green-floreresinae\/#primaryimage\",\"url\":\"https:\/\/art137studio.com\/wp-content\/uploads\/2022\/10\/CenterTableFloreResinaeQuadrado-bk-scaled.jpeg\",\"contentUrl\":\"https:\/\/art137studio.com\/wp-content\/uploads\/2022\/10\/CenterTableFloreResinaeQuadrado-bk-scaled.jpeg\",\"width\":2560,\"height\":2560,\"caption\":\"mesa de centro em madeira com resina verde FloreResinae fundo branco\"},{\"@type\":\"BreadcrumbList\",\"@id\":\"https:\/\/art137studio.com\/en\/product\/table-center-wood-acacia-resin-green-floreresinae\/#breadcrumb\",\"itemListElement\":[{\"@type\":\"ListItem\",\"position\":1,\"name\":\"In\u00edcio\",\"item\":\"https:\/\/art137studio.com\/en\/\"},{\"@type\":\"ListItem\",\"position\":2,\"name\":\"Portuguese handicrafts &#8211; Handmade.\",\"item\":\"https:\/\/art137studio.com\/en\/\"},{\"@type\":\"ListItem\",\"position\":3,\"name\":\"Acacia wood coffee table with green resin | FloreResinae\"}]},{\"@type\":\"WebSite\",\"@id\":\"https:\/\/art137studio.com\/en\/#website\",\"url\":\"https:\/\/art137studio.com\/en\/\",\"name\":\"Art137\",\"description\":\"A Art137 \u00e9 uma marca portuguesa, dedicada \u00e0 cria\u00e7\u00e3o de pe\u00e7as feitas \u00e0 m\u00e3o.\",\"publisher\":{\"@id\":\"https:\/\/art137studio.com\/en\/#organization\"},\"potentialAction\":[{\"@type\":\"SearchAction\",\"target\":{\"@type\":\"EntryPoint\",\"urlTemplate\":\"https:\/\/art137studio.com\/en\/?s={search_term_string}\"},\"query-input\":\"required name=search_term_string\"}],\"inLanguage\":\"en-US\"},{\"@type\":\"Organization\",\"@id\":\"https:\/\/art137studio.com\/en\/#organization\",\"name\":\"Art137\",\"url\":\"https:\/\/art137studio.com\/en\/\",\"logo\":{\"@type\":\"ImageObject\",\"inLanguage\":\"en-US\",\"@id\":\"https:\/\/art137studio.com\/en\/#\/schema\/logo\/image\/\",\"url\":\"https:\/\/art137studio.com\/wp-content\/uploads\/2022\/12\/logo-art137.svg\",\"contentUrl\":\"https:\/\/art137studio.com\/wp-content\/uploads\/2022\/12\/logo-art137.svg\",\"width\":145,\"height\":56,\"caption\":\"Art137\"},\"image\":{\"@id\":\"https:\/\/art137studio.com\/en\/#\/schema\/logo\/image\/\"},\"sameAs\":[\"https:\/\/www.facebook.com\/art137\"]}]}<\/script>\n<!-- \/ Yoast SEO Premium plugin. -->","yoast_head_json":{"title":"Acacia wood coffee table with green resin","description":"Acacia wood coffee table with green resin | FloreResinae. A unique and special piece that will add a touch of personality and elegance.","robots":{"index":"index","follow":"follow","max-snippet":"max-snippet:-1","max-image-preview":"max-image-preview:large","max-video-preview":"max-video-preview:-1"},"canonical":"https:\/\/art137studio.com\/en\/product\/table-center-wood-acacia-resin-green-floreresinae\/","og_locale":"en_US","og_type":"article","og_title":"Acacia wood coffee table with green resin | FloreResinae","og_description":"Acacia wood coffee table with green resin | FloreResinae. A unique and special piece that will add a touch of personality and elegance.","og_url":"https:\/\/art137studio.com\/en\/product\/table-center-wood-acacia-resin-green-floreresinae\/","og_site_name":"Art137","article_publisher":"https:\/\/www.facebook.com\/art137","article_modified_time":"2024-05-22T18:31:39+00:00","og_image":[{"width":2560,"height":2560,"url":"https:\/\/art137studio.com\/wp-content\/uploads\/2022\/10\/CenterTableFloreResinaeQuadrado-bk-scaled.jpeg","type":"image\/jpeg"}],"twitter_card":"summary_large_image","twitter_misc":{"Est. reading time":"1 minute"},"schema":{"@context":"https:\/\/schema.org","@graph":[{"@type":"WebPage","@id":"https:\/\/art137studio.com\/en\/product\/table-center-wood-acacia-resin-green-floreresinae\/","url":"https:\/\/art137studio.com\/en\/product\/table-center-wood-acacia-resin-green-floreresinae\/","name":"Acacia wood coffee table with green resin","isPartOf":{"@id":"https:\/\/art137studio.com\/en\/#website"},"primaryImageOfPage":{"@id":"https:\/\/art137studio.com\/en\/product\/table-center-wood-acacia-resin-green-floreresinae\/#primaryimage"},"image":{"@id":"https:\/\/art137studio.com\/en\/product\/table-center-wood-acacia-resin-green-floreresinae\/#primaryimage"},"thumbnailUrl":"https:\/\/art137studio.com\/wp-content\/uploads\/2022\/10\/CenterTableFloreResinaeQuadrado-bk-scaled.jpeg","datePublished":"2022-10-24T22:18:44+00:00","dateModified":"2024-05-22T18:31:39+00:00","description":"Acacia wood coffee table with green resin | FloreResinae. A unique and special piece that will add a touch of personality and elegance.","breadcrumb":{"@id":"https:\/\/art137studio.com\/en\/product\/table-center-wood-acacia-resin-green-floreresinae\/#breadcrumb"},"inLanguage":"en-US","potentialAction":[{"@type":"ReadAction","target":["https:\/\/art137studio.com\/en\/product\/table-center-wood-acacia-resin-green-floreresinae\/"]}]},{"@type":"ImageObject","inLanguage":"en-US","@id":"https:\/\/art137studio.com\/en\/product\/table-center-wood-acacia-resin-green-floreresinae\/#primaryimage","url":"https:\/\/art137studio.com\/wp-content\/uploads\/2022\/10\/CenterTableFloreResinaeQuadrado-bk-scaled.jpeg","contentUrl":"https:\/\/art137studio.com\/wp-content\/uploads\/2022\/10\/CenterTableFloreResinaeQuadrado-bk-scaled.jpeg","width":2560,"height":2560,"caption":"mesa de centro em madeira com resina verde FloreResinae fundo branco"},{"@type":"BreadcrumbList","@id":"https:\/\/art137studio.com\/en\/product\/table-center-wood-acacia-resin-green-floreresinae\/#breadcrumb","itemListElement":[{"@type":"ListItem","position":1,"name":"In\u00edcio","item":"https:\/\/art137studio.com\/en\/"},{"@type":"ListItem","position":2,"name":"Portuguese handicrafts &#8211; Handmade.","item":"https:\/\/art137studio.com\/en\/"},{"@type":"ListItem","position":3,"name":"Acacia wood coffee table with green resin | FloreResinae"}]},{"@type":"WebSite","@id":"https:\/\/art137studio.com\/en\/#website","url":"https:\/\/art137studio.com\/en\/","name":"Art137","description":"A Art137 \u00e9 uma marca portuguesa, dedicada \u00e0 cria\u00e7\u00e3o de pe\u00e7as feitas \u00e0 m\u00e3o.","publisher":{"@id":"https:\/\/art137studio.com\/en\/#organization"},"potentialAction":[{"@type":"SearchAction","target":{"@type":"EntryPoint","urlTemplate":"https:\/\/art137studio.com\/en\/?s={search_term_string}"},"query-input":"required name=search_term_string"}],"inLanguage":"en-US"},{"@type":"Organization","@id":"https:\/\/art137studio.com\/en\/#organization","name":"Art137","url":"https:\/\/art137studio.com\/en\/","logo":{"@type":"ImageObject","inLanguage":"en-US","@id":"https:\/\/art137studio.com\/en\/#\/schema\/logo\/image\/","url":"https:\/\/art137studio.com\/wp-content\/uploads\/2022\/12\/logo-art137.svg","contentUrl":"https:\/\/art137studio.com\/wp-content\/uploads\/2022\/12\/logo-art137.svg","width":145,"height":56,"caption":"Art137"},"image":{"@id":"https:\/\/art137studio.com\/en\/#\/schema\/logo\/image\/"},"sameAs":["https:\/\/www.facebook.com\/art137"]}]}},"_links":{"self":[{"href":"https:\/\/art137studio.com\/en\/wp-json\/wp\/v2\/product\/343","targetHints":{"allow":["GET"]}}],"collection":[{"href":"https:\/\/art137studio.com\/en\/wp-json\/wp\/v2\/product"}],"about":[{"href":"https:\/\/art137studio.com\/en\/wp-json\/wp\/v2\/types\/product"}],"wp:featuredmedia":[{"embeddable":true,"href":"https:\/\/art137studio.com\/en\/wp-json\/wp\/v2\/media\/1364"}],"wp:attachment":[{"href":"https:\/\/art137studio.com\/en\/wp-json\/wp\/v2\/media?parent=343"}],"wp:term":[{"taxonomy":"product_brand","embeddable":true,"href":"https:\/\/art137studio.com\/en\/wp-json\/wp\/v2\/product_brand?post=343"},{"taxonomy":"product_cat","embeddable":true,"href":"https:\/\/art137studio.com\/en\/wp-json\/wp\/v2\/product_cat?post=343"},{"taxonomy":"product_tag","embeddable":true,"href":"https:\/\/art137studio.com\/en\/wp-json\/wp\/v2\/product_tag?post=343"}],"curies":[{"name":"wp","href":"https:\/\/api.w.org\/{rel}","templated":true}]}}