{"id":3113,"date":"2026-01-06T18:43:30","date_gmt":"2026-01-06T18:43:30","guid":{"rendered":"https:\/\/art137studio.com\/?post_type=product&#038;p=3113"},"modified":"2026-01-07T19:06:01","modified_gmt":"2026-01-07T19:06:01","slug":"teardrop-pendant-in-elm-wood-with-natural-details-in-crystal-resin-handmade","status":"publish","type":"product","link":"https:\/\/art137studio.com\/en\/product\/teardrop-pendant-in-elm-wood-with-natural-details-in-crystal-resin-handmade\/","title":{"rendered":"Elm Wood Drop Pendant with Natural Details in Crystal Resin | Handmade"},"content":{"rendered":"<p data-start=\"660\" data-end=\"735\"><strong data-start=\"660\" data-end=\"735\">Elm Wood Drop Pendant with Natural Details | Crystal Resin<\/strong><\/p>\n<p data-start=\"737\" data-end=\"1143\">A drop of nature to take with you. This <strong data-start=\"783\" data-end=\"819\">elm wood drop pendant<\/strong> is <strong data-start=\"822\" data-end=\"837\">handmade<\/strong>, with <strong data-start=\"843\" data-end=\"894\">natural details preserved in crystal resin<\/strong>, creating an effect of depth that makes each piece unique. The combination of the design of the wood, the transparency of the resin and the natural elements makes this necklace a piece with presence &#8211; perfect for those who like meaningful accessories.  <\/p>\n<p data-start=\"1145\" data-end=\"1159\"><strong data-start=\"1145\" data-end=\"1157\">Details<\/strong><\/p>\n<ul data-start=\"1160\" data-end=\"1382\">\n<li data-start=\"1160\" data-end=\"1227\">Materials: elm wood + crystal resin + natural details<\/li>\n<li data-start=\"1228\" data-end=\"1272\">Handmade (each pendant is unique)<\/li>\n<li data-start=\"1273\" data-end=\"1382\">There may be slight variations in color, shape and composition (this is part of the charm of a handmade piece)<\/li>\n<\/ul>\n","protected":false},"excerpt":{"rendered":"<p>Elm Wood Drop Pendant with Natural Details | Crystal Resin A drop of nature to take with you. This elm [&hellip;]<\/p>\n","protected":false},"featured_media":3186,"template":"","meta":[],"product_brand":[],"product_cat":[465,93,100],"product_tag":[],"class_list":{"0":"post-3113","1":"product","2":"type-product","3":"status-publish","4":"has-post-thumbnail","6":"product_cat-pendants-collection-viridis","7":"product_cat-contemporary-jewelry-shop","8":"product_cat-wood-and-resin-pendants","9":"product_shipping_class-free-shipping","11":"first","12":"instock","13":"taxable","14":"shipping-taxable","15":"purchasable","16":"product-type-simple"},"yoast_head":"<!-- This site is optimized with the Yoast SEO Premium plugin v21.2 (Yoast SEO v22.2) - https:\/\/yoast.com\/wordpress\/plugins\/seo\/ -->\n<title>Elm Wood Drop Pendant with Natural Details | Crystal Resin<\/title>\n<meta name=\"description\" content=\"Handmade drop pendant in elm wood, with natural flowers in crystal resin. A unique piece with presence and detail. Ideal as a gift.\" \/>\n<meta name=\"robots\" content=\"index, follow, max-snippet:-1, max-image-preview:large, max-video-preview:-1\" \/>\n<link rel=\"canonical\" href=\"https:\/\/art137studio.com\/en\/product\/teardrop-pendant-in-elm-wood-with-natural-details-in-crystal-resin-handmade\/\" \/>\n<meta property=\"og:locale\" content=\"en_US\" \/>\n<meta property=\"og:type\" content=\"article\" \/>\n<meta property=\"og:title\" content=\"Elm Wood Drop Pendant with Natural Details in Crystal Resin | Handmade\" \/>\n<meta property=\"og:description\" content=\"Handmade drop pendant in elm wood, with natural flowers in crystal resin. A unique piece with presence and detail. Ideal as a gift.\" \/>\n<meta property=\"og:url\" content=\"https:\/\/art137studio.com\/en\/product\/teardrop-pendant-in-elm-wood-with-natural-details-in-crystal-resin-handmade\/\" \/>\n<meta property=\"og:site_name\" content=\"Art137\" \/>\n<meta property=\"article:publisher\" content=\"https:\/\/www.facebook.com\/art137\" \/>\n<meta property=\"article:modified_time\" content=\"2026-01-07T19:06:01+00:00\" \/>\n<meta property=\"og:image\" content=\"https:\/\/art137studio.com\/wp-content\/uploads\/2026\/01\/2.png\" \/>\n\t<meta property=\"og:image:width\" content=\"1080\" \/>\n\t<meta property=\"og:image:height\" content=\"1080\" \/>\n\t<meta property=\"og:image:type\" content=\"image\/png\" \/>\n<meta name=\"twitter:card\" content=\"summary_large_image\" \/>\n<meta name=\"twitter:label1\" content=\"Est. reading time\" \/>\n\t<meta name=\"twitter:data1\" content=\"1 minute\" \/>\n<script type=\"application\/ld+json\" class=\"yoast-schema-graph\">{\"@context\":\"https:\/\/schema.org\",\"@graph\":[{\"@type\":\"WebPage\",\"@id\":\"https:\/\/art137studio.com\/en\/product\/teardrop-pendant-in-elm-wood-with-natural-details-in-crystal-resin-handmade\/\",\"url\":\"https:\/\/art137studio.com\/en\/product\/teardrop-pendant-in-elm-wood-with-natural-details-in-crystal-resin-handmade\/\",\"name\":\"Elm Wood Drop Pendant with Natural Details | Crystal Resin\",\"isPartOf\":{\"@id\":\"https:\/\/art137studio.com\/en\/#website\"},\"primaryImageOfPage\":{\"@id\":\"https:\/\/art137studio.com\/en\/product\/teardrop-pendant-in-elm-wood-with-natural-details-in-crystal-resin-handmade\/#primaryimage\"},\"image\":{\"@id\":\"https:\/\/art137studio.com\/en\/product\/teardrop-pendant-in-elm-wood-with-natural-details-in-crystal-resin-handmade\/#primaryimage\"},\"thumbnailUrl\":\"https:\/\/art137studio.com\/wp-content\/uploads\/2026\/01\/6-1.png\",\"datePublished\":\"2026-01-06T18:43:30+00:00\",\"dateModified\":\"2026-01-07T19:06:01+00:00\",\"description\":\"Handmade drop pendant in elm wood, with natural flowers in crystal resin. A unique piece with presence and detail. Ideal as a gift.\",\"breadcrumb\":{\"@id\":\"https:\/\/art137studio.com\/en\/product\/teardrop-pendant-in-elm-wood-with-natural-details-in-crystal-resin-handmade\/#breadcrumb\"},\"inLanguage\":\"en-US\",\"potentialAction\":[{\"@type\":\"ReadAction\",\"target\":[\"https:\/\/art137studio.com\/en\/product\/teardrop-pendant-in-elm-wood-with-natural-details-in-crystal-resin-handmade\/\"]}]},{\"@type\":\"ImageObject\",\"inLanguage\":\"en-US\",\"@id\":\"https:\/\/art137studio.com\/en\/product\/teardrop-pendant-in-elm-wood-with-natural-details-in-crystal-resin-handmade\/#primaryimage\",\"url\":\"https:\/\/art137studio.com\/wp-content\/uploads\/2026\/01\/6-1.png\",\"contentUrl\":\"https:\/\/art137studio.com\/wp-content\/uploads\/2026\/01\/6-1.png\",\"width\":1080,\"height\":1080,\"caption\":\"Close-up do pendente gota em madeira de olmo com resina cristal transparente e detalhes naturais no interior. sem fio\"},{\"@type\":\"BreadcrumbList\",\"@id\":\"https:\/\/art137studio.com\/en\/product\/teardrop-pendant-in-elm-wood-with-natural-details-in-crystal-resin-handmade\/#breadcrumb\",\"itemListElement\":[{\"@type\":\"ListItem\",\"position\":1,\"name\":\"In\u00edcio\",\"item\":\"https:\/\/art137studio.com\/en\/\"},{\"@type\":\"ListItem\",\"position\":2,\"name\":\"Portuguese handicrafts &#8211; Handmade.\",\"item\":\"https:\/\/art137studio.com\/en\/\"},{\"@type\":\"ListItem\",\"position\":3,\"name\":\"Privado: Elm Wood Drop Pendant with Natural Details in Crystal Resin | Handmade\"}]},{\"@type\":\"WebSite\",\"@id\":\"https:\/\/art137studio.com\/en\/#website\",\"url\":\"https:\/\/art137studio.com\/en\/\",\"name\":\"Art137\",\"description\":\"A Art137 \u00e9 uma marca portuguesa, dedicada \u00e0 cria\u00e7\u00e3o de pe\u00e7as feitas \u00e0 m\u00e3o.\",\"publisher\":{\"@id\":\"https:\/\/art137studio.com\/en\/#organization\"},\"potentialAction\":[{\"@type\":\"SearchAction\",\"target\":{\"@type\":\"EntryPoint\",\"urlTemplate\":\"https:\/\/art137studio.com\/en\/?s={search_term_string}\"},\"query-input\":\"required name=search_term_string\"}],\"inLanguage\":\"en-US\"},{\"@type\":\"Organization\",\"@id\":\"https:\/\/art137studio.com\/en\/#organization\",\"name\":\"Art137\",\"url\":\"https:\/\/art137studio.com\/en\/\",\"logo\":{\"@type\":\"ImageObject\",\"inLanguage\":\"en-US\",\"@id\":\"https:\/\/art137studio.com\/en\/#\/schema\/logo\/image\/\",\"url\":\"https:\/\/art137studio.com\/wp-content\/uploads\/2022\/12\/logo-art137.svg\",\"contentUrl\":\"https:\/\/art137studio.com\/wp-content\/uploads\/2022\/12\/logo-art137.svg\",\"width\":145,\"height\":56,\"caption\":\"Art137\"},\"image\":{\"@id\":\"https:\/\/art137studio.com\/en\/#\/schema\/logo\/image\/\"},\"sameAs\":[\"https:\/\/www.facebook.com\/art137\"]}]}<\/script>\n<!-- \/ Yoast SEO Premium plugin. -->","yoast_head_json":{"title":"Elm Wood Drop Pendant with Natural Details | Crystal Resin","description":"Handmade drop pendant in elm wood, with natural flowers in crystal resin. A unique piece with presence and detail. Ideal as a gift.","robots":{"index":"index","follow":"follow","max-snippet":"max-snippet:-1","max-image-preview":"max-image-preview:large","max-video-preview":"max-video-preview:-1"},"canonical":"https:\/\/art137studio.com\/en\/product\/teardrop-pendant-in-elm-wood-with-natural-details-in-crystal-resin-handmade\/","og_locale":"en_US","og_type":"article","og_title":"Elm Wood Drop Pendant with Natural Details in Crystal Resin | Handmade","og_description":"Handmade drop pendant in elm wood, with natural flowers in crystal resin. A unique piece with presence and detail. Ideal as a gift.","og_url":"https:\/\/art137studio.com\/en\/product\/teardrop-pendant-in-elm-wood-with-natural-details-in-crystal-resin-handmade\/","og_site_name":"Art137","article_publisher":"https:\/\/www.facebook.com\/art137","article_modified_time":"2026-01-07T19:06:01+00:00","og_image":[{"width":1080,"height":1080,"url":"https:\/\/art137studio.com\/wp-content\/uploads\/2026\/01\/2.png","type":"image\/png"}],"twitter_card":"summary_large_image","twitter_misc":{"Est. reading time":"1 minute"},"schema":{"@context":"https:\/\/schema.org","@graph":[{"@type":"WebPage","@id":"https:\/\/art137studio.com\/en\/product\/teardrop-pendant-in-elm-wood-with-natural-details-in-crystal-resin-handmade\/","url":"https:\/\/art137studio.com\/en\/product\/teardrop-pendant-in-elm-wood-with-natural-details-in-crystal-resin-handmade\/","name":"Elm Wood Drop Pendant with Natural Details | Crystal Resin","isPartOf":{"@id":"https:\/\/art137studio.com\/en\/#website"},"primaryImageOfPage":{"@id":"https:\/\/art137studio.com\/en\/product\/teardrop-pendant-in-elm-wood-with-natural-details-in-crystal-resin-handmade\/#primaryimage"},"image":{"@id":"https:\/\/art137studio.com\/en\/product\/teardrop-pendant-in-elm-wood-with-natural-details-in-crystal-resin-handmade\/#primaryimage"},"thumbnailUrl":"https:\/\/art137studio.com\/wp-content\/uploads\/2026\/01\/6-1.png","datePublished":"2026-01-06T18:43:30+00:00","dateModified":"2026-01-07T19:06:01+00:00","description":"Handmade drop pendant in elm wood, with natural flowers in crystal resin. A unique piece with presence and detail. Ideal as a gift.","breadcrumb":{"@id":"https:\/\/art137studio.com\/en\/product\/teardrop-pendant-in-elm-wood-with-natural-details-in-crystal-resin-handmade\/#breadcrumb"},"inLanguage":"en-US","potentialAction":[{"@type":"ReadAction","target":["https:\/\/art137studio.com\/en\/product\/teardrop-pendant-in-elm-wood-with-natural-details-in-crystal-resin-handmade\/"]}]},{"@type":"ImageObject","inLanguage":"en-US","@id":"https:\/\/art137studio.com\/en\/product\/teardrop-pendant-in-elm-wood-with-natural-details-in-crystal-resin-handmade\/#primaryimage","url":"https:\/\/art137studio.com\/wp-content\/uploads\/2026\/01\/6-1.png","contentUrl":"https:\/\/art137studio.com\/wp-content\/uploads\/2026\/01\/6-1.png","width":1080,"height":1080,"caption":"Close-up do pendente gota em madeira de olmo com resina cristal transparente e detalhes naturais no interior. sem fio"},{"@type":"BreadcrumbList","@id":"https:\/\/art137studio.com\/en\/product\/teardrop-pendant-in-elm-wood-with-natural-details-in-crystal-resin-handmade\/#breadcrumb","itemListElement":[{"@type":"ListItem","position":1,"name":"In\u00edcio","item":"https:\/\/art137studio.com\/en\/"},{"@type":"ListItem","position":2,"name":"Portuguese handicrafts &#8211; Handmade.","item":"https:\/\/art137studio.com\/en\/"},{"@type":"ListItem","position":3,"name":"Privado: Elm Wood Drop Pendant with Natural Details in Crystal Resin | Handmade"}]},{"@type":"WebSite","@id":"https:\/\/art137studio.com\/en\/#website","url":"https:\/\/art137studio.com\/en\/","name":"Art137","description":"A Art137 \u00e9 uma marca portuguesa, dedicada \u00e0 cria\u00e7\u00e3o de pe\u00e7as feitas \u00e0 m\u00e3o.","publisher":{"@id":"https:\/\/art137studio.com\/en\/#organization"},"potentialAction":[{"@type":"SearchAction","target":{"@type":"EntryPoint","urlTemplate":"https:\/\/art137studio.com\/en\/?s={search_term_string}"},"query-input":"required name=search_term_string"}],"inLanguage":"en-US"},{"@type":"Organization","@id":"https:\/\/art137studio.com\/en\/#organization","name":"Art137","url":"https:\/\/art137studio.com\/en\/","logo":{"@type":"ImageObject","inLanguage":"en-US","@id":"https:\/\/art137studio.com\/en\/#\/schema\/logo\/image\/","url":"https:\/\/art137studio.com\/wp-content\/uploads\/2022\/12\/logo-art137.svg","contentUrl":"https:\/\/art137studio.com\/wp-content\/uploads\/2022\/12\/logo-art137.svg","width":145,"height":56,"caption":"Art137"},"image":{"@id":"https:\/\/art137studio.com\/en\/#\/schema\/logo\/image\/"},"sameAs":["https:\/\/www.facebook.com\/art137"]}]}},"_links":{"self":[{"href":"https:\/\/art137studio.com\/en\/wp-json\/wp\/v2\/product\/3113","targetHints":{"allow":["GET"]}}],"collection":[{"href":"https:\/\/art137studio.com\/en\/wp-json\/wp\/v2\/product"}],"about":[{"href":"https:\/\/art137studio.com\/en\/wp-json\/wp\/v2\/types\/product"}],"wp:featuredmedia":[{"embeddable":true,"href":"https:\/\/art137studio.com\/en\/wp-json\/wp\/v2\/media\/3186"}],"wp:attachment":[{"href":"https:\/\/art137studio.com\/en\/wp-json\/wp\/v2\/media?parent=3113"}],"wp:term":[{"taxonomy":"product_brand","embeddable":true,"href":"https:\/\/art137studio.com\/en\/wp-json\/wp\/v2\/product_brand?post=3113"},{"taxonomy":"product_cat","embeddable":true,"href":"https:\/\/art137studio.com\/en\/wp-json\/wp\/v2\/product_cat?post=3113"},{"taxonomy":"product_tag","embeddable":true,"href":"https:\/\/art137studio.com\/en\/wp-json\/wp\/v2\/product_tag?post=3113"}],"curies":[{"name":"wp","href":"https:\/\/api.w.org\/{rel}","templated":true}]}}