{"id":3076,"date":"2026-01-02T18:15:21","date_gmt":"2026-01-02T18:15:21","guid":{"rendered":"https:\/\/art137studio.com\/?post_type=product&#038;p=3076"},"modified":"2026-01-02T19:08:55","modified_gmt":"2026-01-02T19:08:55","slug":"handmade-acacia-wood-and-crystal-clear-resin-earrings-with-natural-flowers","status":"publish","type":"product","link":"https:\/\/art137studio.com\/en\/product\/handmade-acacia-wood-and-crystal-clear-resin-earrings-with-natural-flowers\/","title":{"rendered":"Earrings with Natural Flowers in Crystal Resin and Acacia Wood | Handmade"},"content":{"rendered":"<p data-start=\"944\" data-end=\"1128\"><strong>Acacia Wood and Crystal Resin Flower Earrings | Handmade<\/strong><\/p>\n<p data-start=\"944\" data-end=\"1128\">These earrings are small pieces of preserved nature: <strong data-start=\"1001\" data-end=\"1069\">dried natural flowers preserved in transparent crystal resin<\/strong>, encased in an oval <strong data-start=\"1106\" data-end=\"1127\">acacia wood<\/strong> frame.<\/p>\n<p data-start=\"1130\" data-end=\"1412\">The transparency of the resin in the<strong>&#8220;Handmade Acacia Wood and Crystal Resin Flower Earrings&#8221; <\/strong>lets you see every detail of the flower and creates an effect of depth, while the acacia adds warmth and natural contrast. As each pair is handmade, <strong data-start=\"1306\" data-end=\"1338\">no two are exactly alike<\/strong> &#8211; the position of the flower and slight variations are part of the handmade beauty.<\/p>\n<p data-start=\"1172\" data-end=\"1184\"><strong data-start=\"1172\" data-end=\"1184\">Details<\/strong><\/p>\n<ul data-start=\"1185\" data-end=\"1321\">\n<li data-start=\"1185\" data-end=\"1201\">Handmade<\/li>\n<li data-start=\"1202\" data-end=\"1227\">Dried natural flowers<\/li>\n<li data-start=\"1228\" data-end=\"1259\">Transparent crystal resin<\/li>\n<li data-start=\"1260\" data-end=\"1296\">Acacia wood (oval frame)<\/li>\n<li data-start=\"1297\" data-end=\"1321\">Lightweight and comfortable<\/li>\n<\/ul>\n","protected":false},"excerpt":{"rendered":"<p data-start=\"766\" data-end=\"919\">Handmade earrings with <strong data-start=\"789\" data-end=\"857\">dried natural flowers preserved in transparent crystal resin<\/strong>, with an oval <strong data-start=\"879\" data-end=\"900\">acacia wood<\/strong> frame. Each pair is unique.<\/p>\n<h3 data-start=\"921\" data-end=\"943\"><\/h3>\n","protected":false},"featured_media":3348,"template":"","meta":[],"product_brand":[],"product_cat":[243,93,94],"product_tag":[],"class_list":{"0":"post-3076","1":"product","2":"type-product","3":"status-publish","4":"has-post-thumbnail","6":"product_cat-earrings-collection-flos","7":"product_cat-contemporary-jewelry-shop","8":"product_cat-wooden-and-resin-earrings-art137","9":"product_shipping_class-free-shipping","11":"first","12":"instock","13":"taxable","14":"shipping-taxable","15":"purchasable","16":"product-type-simple"},"yoast_head":"<!-- This site is optimized with the Yoast SEO Premium plugin v21.2 (Yoast SEO v22.2) - https:\/\/yoast.com\/wordpress\/plugins\/seo\/ -->\n<title>Earrings with Natural Flowers in Crystal Resin and Acacia Wood | Handmade - Art137<\/title>\n<meta name=\"description\" content=\"Handmade acacia wood earrings with dried natural flowers preserved in clear crystal resin. Light, unique and full of detail.\" \/>\n<meta name=\"robots\" content=\"index, follow, max-snippet:-1, max-image-preview:large, max-video-preview:-1\" \/>\n<link rel=\"canonical\" href=\"https:\/\/art137studio.com\/en\/product\/handmade-acacia-wood-and-crystal-clear-resin-earrings-with-natural-flowers\/\" \/>\n<meta property=\"og:locale\" content=\"en_US\" \/>\n<meta property=\"og:type\" content=\"article\" \/>\n<meta property=\"og:title\" content=\"Earrings with Natural Flowers in Crystal Resin and Acacia Wood | Handmade\" \/>\n<meta property=\"og:description\" content=\"Handmade acacia wood earrings with dried natural flowers preserved in clear crystal resin. Light, unique and full of detail.\" \/>\n<meta property=\"og:url\" content=\"https:\/\/art137studio.com\/en\/product\/handmade-acacia-wood-and-crystal-clear-resin-earrings-with-natural-flowers\/\" \/>\n<meta property=\"og:site_name\" content=\"Art137\" \/>\n<meta property=\"article:publisher\" content=\"https:\/\/www.facebook.com\/art137\" \/>\n<meta property=\"article:modified_time\" content=\"2026-01-02T19:08:55+00:00\" \/>\n<meta property=\"og:image\" content=\"https:\/\/art137studio.com\/wp-content\/uploads\/2026\/01\/8-3.png\" \/>\n\t<meta property=\"og:image:width\" content=\"1080\" \/>\n\t<meta property=\"og:image:height\" content=\"1080\" \/>\n\t<meta property=\"og:image:type\" content=\"image\/png\" \/>\n<meta name=\"twitter:card\" content=\"summary_large_image\" \/>\n<meta name=\"twitter:label1\" content=\"Est. reading time\" \/>\n\t<meta name=\"twitter:data1\" content=\"1 minute\" \/>\n<script type=\"application\/ld+json\" class=\"yoast-schema-graph\">{\"@context\":\"https:\/\/schema.org\",\"@graph\":[{\"@type\":\"WebPage\",\"@id\":\"https:\/\/art137studio.com\/en\/product\/handmade-acacia-wood-and-crystal-clear-resin-earrings-with-natural-flowers\/\",\"url\":\"https:\/\/art137studio.com\/en\/product\/handmade-acacia-wood-and-crystal-clear-resin-earrings-with-natural-flowers\/\",\"name\":\"Earrings with Natural Flowers in Crystal Resin and Acacia Wood | Handmade - Art137\",\"isPartOf\":{\"@id\":\"https:\/\/art137studio.com\/en\/#website\"},\"primaryImageOfPage\":{\"@id\":\"https:\/\/art137studio.com\/en\/product\/handmade-acacia-wood-and-crystal-clear-resin-earrings-with-natural-flowers\/#primaryimage\"},\"image\":{\"@id\":\"https:\/\/art137studio.com\/en\/product\/handmade-acacia-wood-and-crystal-clear-resin-earrings-with-natural-flowers\/#primaryimage\"},\"thumbnailUrl\":\"https:\/\/art137studio.com\/wp-content\/uploads\/2026\/01\/8-3.png\",\"datePublished\":\"2026-01-02T18:15:21+00:00\",\"dateModified\":\"2026-01-02T19:08:55+00:00\",\"description\":\"Handmade acacia wood earrings with dried natural flowers preserved in clear crystal resin. Light, unique and full of detail.\",\"breadcrumb\":{\"@id\":\"https:\/\/art137studio.com\/en\/product\/handmade-acacia-wood-and-crystal-clear-resin-earrings-with-natural-flowers\/#breadcrumb\"},\"inLanguage\":\"en-US\",\"potentialAction\":[{\"@type\":\"ReadAction\",\"target\":[\"https:\/\/art137studio.com\/en\/product\/handmade-acacia-wood-and-crystal-clear-resin-earrings-with-natural-flowers\/\"]}]},{\"@type\":\"ImageObject\",\"inLanguage\":\"en-US\",\"@id\":\"https:\/\/art137studio.com\/en\/product\/handmade-acacia-wood-and-crystal-clear-resin-earrings-with-natural-flowers\/#primaryimage\",\"url\":\"https:\/\/art137studio.com\/wp-content\/uploads\/2026\/01\/8-3.png\",\"contentUrl\":\"https:\/\/art137studio.com\/wp-content\/uploads\/2026\/01\/8-3.png\",\"width\":1080,\"height\":1080,\"caption\":\"Par de brincos artesanais em madeira de ac\u00e1cia com flor laranja encapsulada em resina, pendente oval com gancho prateado.\"},{\"@type\":\"BreadcrumbList\",\"@id\":\"https:\/\/art137studio.com\/en\/product\/handmade-acacia-wood-and-crystal-clear-resin-earrings-with-natural-flowers\/#breadcrumb\",\"itemListElement\":[{\"@type\":\"ListItem\",\"position\":1,\"name\":\"In\u00edcio\",\"item\":\"https:\/\/art137studio.com\/en\/\"},{\"@type\":\"ListItem\",\"position\":2,\"name\":\"Portuguese handicrafts &#8211; Handmade.\",\"item\":\"https:\/\/art137studio.com\/en\/\"},{\"@type\":\"ListItem\",\"position\":3,\"name\":\"Earrings with Natural Flowers in Crystal Resin and Acacia Wood | Handmade\"}]},{\"@type\":\"WebSite\",\"@id\":\"https:\/\/art137studio.com\/en\/#website\",\"url\":\"https:\/\/art137studio.com\/en\/\",\"name\":\"Art137\",\"description\":\"A Art137 \u00e9 uma marca portuguesa, dedicada \u00e0 cria\u00e7\u00e3o de pe\u00e7as feitas \u00e0 m\u00e3o.\",\"publisher\":{\"@id\":\"https:\/\/art137studio.com\/en\/#organization\"},\"potentialAction\":[{\"@type\":\"SearchAction\",\"target\":{\"@type\":\"EntryPoint\",\"urlTemplate\":\"https:\/\/art137studio.com\/en\/?s={search_term_string}\"},\"query-input\":\"required name=search_term_string\"}],\"inLanguage\":\"en-US\"},{\"@type\":\"Organization\",\"@id\":\"https:\/\/art137studio.com\/en\/#organization\",\"name\":\"Art137\",\"url\":\"https:\/\/art137studio.com\/en\/\",\"logo\":{\"@type\":\"ImageObject\",\"inLanguage\":\"en-US\",\"@id\":\"https:\/\/art137studio.com\/en\/#\/schema\/logo\/image\/\",\"url\":\"https:\/\/art137studio.com\/wp-content\/uploads\/2022\/12\/logo-art137.svg\",\"contentUrl\":\"https:\/\/art137studio.com\/wp-content\/uploads\/2022\/12\/logo-art137.svg\",\"width\":145,\"height\":56,\"caption\":\"Art137\"},\"image\":{\"@id\":\"https:\/\/art137studio.com\/en\/#\/schema\/logo\/image\/\"},\"sameAs\":[\"https:\/\/www.facebook.com\/art137\"]}]}<\/script>\n<!-- \/ Yoast SEO Premium plugin. -->","yoast_head_json":{"title":"Earrings with Natural Flowers in Crystal Resin and Acacia Wood | Handmade - Art137","description":"Handmade acacia wood earrings with dried natural flowers preserved in clear crystal resin. Light, unique and full of detail.","robots":{"index":"index","follow":"follow","max-snippet":"max-snippet:-1","max-image-preview":"max-image-preview:large","max-video-preview":"max-video-preview:-1"},"canonical":"https:\/\/art137studio.com\/en\/product\/handmade-acacia-wood-and-crystal-clear-resin-earrings-with-natural-flowers\/","og_locale":"en_US","og_type":"article","og_title":"Earrings with Natural Flowers in Crystal Resin and Acacia Wood | Handmade","og_description":"Handmade acacia wood earrings with dried natural flowers preserved in clear crystal resin. Light, unique and full of detail.","og_url":"https:\/\/art137studio.com\/en\/product\/handmade-acacia-wood-and-crystal-clear-resin-earrings-with-natural-flowers\/","og_site_name":"Art137","article_publisher":"https:\/\/www.facebook.com\/art137","article_modified_time":"2026-01-02T19:08:55+00:00","og_image":[{"width":1080,"height":1080,"url":"https:\/\/art137studio.com\/wp-content\/uploads\/2026\/01\/8-3.png","type":"image\/png"}],"twitter_card":"summary_large_image","twitter_misc":{"Est. reading time":"1 minute"},"schema":{"@context":"https:\/\/schema.org","@graph":[{"@type":"WebPage","@id":"https:\/\/art137studio.com\/en\/product\/handmade-acacia-wood-and-crystal-clear-resin-earrings-with-natural-flowers\/","url":"https:\/\/art137studio.com\/en\/product\/handmade-acacia-wood-and-crystal-clear-resin-earrings-with-natural-flowers\/","name":"Earrings with Natural Flowers in Crystal Resin and Acacia Wood | Handmade - Art137","isPartOf":{"@id":"https:\/\/art137studio.com\/en\/#website"},"primaryImageOfPage":{"@id":"https:\/\/art137studio.com\/en\/product\/handmade-acacia-wood-and-crystal-clear-resin-earrings-with-natural-flowers\/#primaryimage"},"image":{"@id":"https:\/\/art137studio.com\/en\/product\/handmade-acacia-wood-and-crystal-clear-resin-earrings-with-natural-flowers\/#primaryimage"},"thumbnailUrl":"https:\/\/art137studio.com\/wp-content\/uploads\/2026\/01\/8-3.png","datePublished":"2026-01-02T18:15:21+00:00","dateModified":"2026-01-02T19:08:55+00:00","description":"Handmade acacia wood earrings with dried natural flowers preserved in clear crystal resin. Light, unique and full of detail.","breadcrumb":{"@id":"https:\/\/art137studio.com\/en\/product\/handmade-acacia-wood-and-crystal-clear-resin-earrings-with-natural-flowers\/#breadcrumb"},"inLanguage":"en-US","potentialAction":[{"@type":"ReadAction","target":["https:\/\/art137studio.com\/en\/product\/handmade-acacia-wood-and-crystal-clear-resin-earrings-with-natural-flowers\/"]}]},{"@type":"ImageObject","inLanguage":"en-US","@id":"https:\/\/art137studio.com\/en\/product\/handmade-acacia-wood-and-crystal-clear-resin-earrings-with-natural-flowers\/#primaryimage","url":"https:\/\/art137studio.com\/wp-content\/uploads\/2026\/01\/8-3.png","contentUrl":"https:\/\/art137studio.com\/wp-content\/uploads\/2026\/01\/8-3.png","width":1080,"height":1080,"caption":"Par de brincos artesanais em madeira de ac\u00e1cia com flor laranja encapsulada em resina, pendente oval com gancho prateado."},{"@type":"BreadcrumbList","@id":"https:\/\/art137studio.com\/en\/product\/handmade-acacia-wood-and-crystal-clear-resin-earrings-with-natural-flowers\/#breadcrumb","itemListElement":[{"@type":"ListItem","position":1,"name":"In\u00edcio","item":"https:\/\/art137studio.com\/en\/"},{"@type":"ListItem","position":2,"name":"Portuguese handicrafts &#8211; Handmade.","item":"https:\/\/art137studio.com\/en\/"},{"@type":"ListItem","position":3,"name":"Earrings with Natural Flowers in Crystal Resin and Acacia Wood | Handmade"}]},{"@type":"WebSite","@id":"https:\/\/art137studio.com\/en\/#website","url":"https:\/\/art137studio.com\/en\/","name":"Art137","description":"A Art137 \u00e9 uma marca portuguesa, dedicada \u00e0 cria\u00e7\u00e3o de pe\u00e7as feitas \u00e0 m\u00e3o.","publisher":{"@id":"https:\/\/art137studio.com\/en\/#organization"},"potentialAction":[{"@type":"SearchAction","target":{"@type":"EntryPoint","urlTemplate":"https:\/\/art137studio.com\/en\/?s={search_term_string}"},"query-input":"required name=search_term_string"}],"inLanguage":"en-US"},{"@type":"Organization","@id":"https:\/\/art137studio.com\/en\/#organization","name":"Art137","url":"https:\/\/art137studio.com\/en\/","logo":{"@type":"ImageObject","inLanguage":"en-US","@id":"https:\/\/art137studio.com\/en\/#\/schema\/logo\/image\/","url":"https:\/\/art137studio.com\/wp-content\/uploads\/2022\/12\/logo-art137.svg","contentUrl":"https:\/\/art137studio.com\/wp-content\/uploads\/2022\/12\/logo-art137.svg","width":145,"height":56,"caption":"Art137"},"image":{"@id":"https:\/\/art137studio.com\/en\/#\/schema\/logo\/image\/"},"sameAs":["https:\/\/www.facebook.com\/art137"]}]}},"_links":{"self":[{"href":"https:\/\/art137studio.com\/en\/wp-json\/wp\/v2\/product\/3076","targetHints":{"allow":["GET"]}}],"collection":[{"href":"https:\/\/art137studio.com\/en\/wp-json\/wp\/v2\/product"}],"about":[{"href":"https:\/\/art137studio.com\/en\/wp-json\/wp\/v2\/types\/product"}],"wp:featuredmedia":[{"embeddable":true,"href":"https:\/\/art137studio.com\/en\/wp-json\/wp\/v2\/media\/3348"}],"wp:attachment":[{"href":"https:\/\/art137studio.com\/en\/wp-json\/wp\/v2\/media?parent=3076"}],"wp:term":[{"taxonomy":"product_brand","embeddable":true,"href":"https:\/\/art137studio.com\/en\/wp-json\/wp\/v2\/product_brand?post=3076"},{"taxonomy":"product_cat","embeddable":true,"href":"https:\/\/art137studio.com\/en\/wp-json\/wp\/v2\/product_cat?post=3076"},{"taxonomy":"product_tag","embeddable":true,"href":"https:\/\/art137studio.com\/en\/wp-json\/wp\/v2\/product_tag?post=3076"}],"curies":[{"name":"wp","href":"https:\/\/api.w.org\/{rel}","templated":true}]}}