{"id":2988,"date":"2025-12-15T17:12:04","date_gmt":"2025-12-15T17:12:04","guid":{"rendered":"https:\/\/art137studio.com\/?post_type=product&#038;p=2988"},"modified":"2025-12-15T17:47:06","modified_gmt":"2025-12-15T17:47:06","slug":"handmade-yellow-golden-dried-flower-resin-earrings-b132","status":"publish","type":"product","link":"https:\/\/art137studio.com\/en\/product\/handmade-yellow-golden-dried-flower-resin-earrings-b132\/","title":{"rendered":"Natural Yellow\/Golden Flower Earrings in Resin | Handmade ( B132 )"},"content":{"rendered":"<p data-start=\"218\" data-end=\"521\">Natural Yellow\/Gold Resin Dried Flower Earrings | Handmade<\/p>\n<p data-start=\"218\" data-end=\"521\">Delicate and full of light, these earrings are made with <strong data-start=\"274\" data-end=\"299\">dried natural flowers<\/strong>, carefully preserved and <strong data-start=\"330\" data-end=\"353\">covered in resin<\/strong>, creating a translucent effect in <strong data-start=\"393\" data-end=\"410\">golden\/yellow<\/strong> tones.<br data-start=\"411\" data-end=\"414\" \/>Each pair is <strong data-start=\"425\" data-end=\"438\">handmade<\/strong>, unique and may vary slightly &#8211; that&#8217;s what makes each piece special.<\/p>\n<p data-start=\"523\" data-end=\"535\"><strong data-start=\"523\" data-end=\"535\">Details<\/strong><\/p>\n<p>\ud83d\udd38Dried natural flower preserved in resin<br \/>\n\ud83d\udd38 Color: Yellow\/gold<br \/>\n\ud83d\udd38 Lightweight and comfortable for everyday use<br \/>\n\ud83d\udd38 Handmade piece<\/p>\n<p data-start=\"670\" data-end=\"771\">Perfect for adding an elegant and bright touch to any look &#8211; or for giving to someone special.<\/p>\n","protected":false},"excerpt":{"rendered":"<p>Natural Yellow\/Golden Dried Resin Flower Earrings | Handmade. Preserved dried natural flowers covered in resin in a yellow\/gold tone. A unique, light and elegant piece.<\/p>\n","protected":false},"featured_media":2977,"template":"","meta":[],"product_brand":[],"product_cat":[387,93,94],"product_tag":[],"class_list":{"0":"post-2988","1":"product","2":"type-product","3":"status-publish","4":"has-post-thumbnail","6":"product_cat-earrings-collection-aeternus-en","7":"product_cat-contemporary-jewelry-shop","8":"product_cat-wooden-and-resin-earrings-art137","9":"product_shipping_class-free-shipping","11":"first","12":"instock","13":"taxable","14":"shipping-taxable","15":"purchasable","16":"product-type-simple"},"yoast_head":"<!-- This site is optimized with the Yoast SEO Premium plugin v21.2 (Yoast SEO v22.2) - https:\/\/yoast.com\/wordpress\/plugins\/seo\/ -->\n<title>Natural Yellow\/Golden Flower Earrings in Resin | Handmade ( B132 ) - Art137<\/title>\n<meta name=\"description\" content=\"Natural Yellow\/Golden Dried Resin Flower Earrings | Handmade. Preserved dried natural flowers covered in resin in a yellow\/gold tone. A unique, light and elegant piece.\" \/>\n<meta name=\"robots\" content=\"index, follow, max-snippet:-1, max-image-preview:large, max-video-preview:-1\" \/>\n<link rel=\"canonical\" href=\"https:\/\/art137studio.com\/en\/product\/handmade-yellow-golden-dried-flower-resin-earrings-b132\/\" \/>\n<meta property=\"og:locale\" content=\"en_US\" \/>\n<meta property=\"og:type\" content=\"article\" \/>\n<meta property=\"og:title\" content=\"Natural Yellow\/Golden Flower Earrings in Resin | Handmade ( B132 )\" \/>\n<meta property=\"og:description\" content=\"Natural Yellow\/Golden Dried Resin Flower Earrings | Handmade. Preserved dried natural flowers covered in resin in a yellow\/gold tone. A unique, light and elegant piece.\" \/>\n<meta property=\"og:url\" content=\"https:\/\/art137studio.com\/en\/product\/handmade-yellow-golden-dried-flower-resin-earrings-b132\/\" \/>\n<meta property=\"og:site_name\" content=\"Art137\" \/>\n<meta property=\"article:publisher\" content=\"https:\/\/www.facebook.com\/art137\" \/>\n<meta property=\"article:modified_time\" content=\"2025-12-15T17:47:06+00:00\" \/>\n<meta property=\"og:image\" content=\"https:\/\/art137studio.com\/wp-content\/uploads\/2025\/12\/1-5.png\" \/>\n\t<meta property=\"og:image:width\" content=\"1080\" \/>\n\t<meta property=\"og:image:height\" content=\"1080\" \/>\n\t<meta property=\"og:image:type\" content=\"image\/png\" \/>\n<meta name=\"twitter:card\" content=\"summary_large_image\" \/>\n<meta name=\"twitter:label1\" content=\"Est. reading time\" \/>\n\t<meta name=\"twitter:data1\" content=\"1 minute\" \/>\n<script type=\"application\/ld+json\" class=\"yoast-schema-graph\">{\"@context\":\"https:\/\/schema.org\",\"@graph\":[{\"@type\":\"WebPage\",\"@id\":\"https:\/\/art137studio.com\/en\/product\/handmade-yellow-golden-dried-flower-resin-earrings-b132\/\",\"url\":\"https:\/\/art137studio.com\/en\/product\/handmade-yellow-golden-dried-flower-resin-earrings-b132\/\",\"name\":\"Natural Yellow\/Golden Flower Earrings in Resin | Handmade ( B132 ) - Art137\",\"isPartOf\":{\"@id\":\"https:\/\/art137studio.com\/en\/#website\"},\"primaryImageOfPage\":{\"@id\":\"https:\/\/art137studio.com\/en\/product\/handmade-yellow-golden-dried-flower-resin-earrings-b132\/#primaryimage\"},\"image\":{\"@id\":\"https:\/\/art137studio.com\/en\/product\/handmade-yellow-golden-dried-flower-resin-earrings-b132\/#primaryimage\"},\"thumbnailUrl\":\"https:\/\/art137studio.com\/wp-content\/uploads\/2025\/12\/1-5.png\",\"datePublished\":\"2025-12-15T17:12:04+00:00\",\"dateModified\":\"2025-12-15T17:47:06+00:00\",\"description\":\"Natural Yellow\/Golden Dried Resin Flower Earrings | Handmade. Preserved dried natural flowers covered in resin in a yellow\/gold tone. A unique, light and elegant piece.\",\"breadcrumb\":{\"@id\":\"https:\/\/art137studio.com\/en\/product\/handmade-yellow-golden-dried-flower-resin-earrings-b132\/#breadcrumb\"},\"inLanguage\":\"en-US\",\"potentialAction\":[{\"@type\":\"ReadAction\",\"target\":[\"https:\/\/art137studio.com\/en\/product\/handmade-yellow-golden-dried-flower-resin-earrings-b132\/\"]}]},{\"@type\":\"ImageObject\",\"inLanguage\":\"en-US\",\"@id\":\"https:\/\/art137studio.com\/en\/product\/handmade-yellow-golden-dried-flower-resin-earrings-b132\/#primaryimage\",\"url\":\"https:\/\/art137studio.com\/wp-content\/uploads\/2025\/12\/1-5.png\",\"contentUrl\":\"https:\/\/art137studio.com\/wp-content\/uploads\/2025\/12\/1-5.png\",\"width\":1080,\"height\":1080,\"caption\":\"Pair of flower-shaped earrings, with dried natural flowers covered in amber resin, with silver hooks, on a white background\"},{\"@type\":\"BreadcrumbList\",\"@id\":\"https:\/\/art137studio.com\/en\/product\/handmade-yellow-golden-dried-flower-resin-earrings-b132\/#breadcrumb\",\"itemListElement\":[{\"@type\":\"ListItem\",\"position\":1,\"name\":\"In\u00edcio\",\"item\":\"https:\/\/art137studio.com\/en\/\"},{\"@type\":\"ListItem\",\"position\":2,\"name\":\"Portuguese handicrafts &#8211; Handmade.\",\"item\":\"https:\/\/art137studio.com\/en\/\"},{\"@type\":\"ListItem\",\"position\":3,\"name\":\"Natural Yellow\/Golden Flower Earrings in Resin | Handmade ( B132 )\"}]},{\"@type\":\"WebSite\",\"@id\":\"https:\/\/art137studio.com\/en\/#website\",\"url\":\"https:\/\/art137studio.com\/en\/\",\"name\":\"Art137\",\"description\":\"A Art137 \u00e9 uma marca portuguesa, dedicada \u00e0 cria\u00e7\u00e3o de pe\u00e7as feitas \u00e0 m\u00e3o.\",\"publisher\":{\"@id\":\"https:\/\/art137studio.com\/en\/#organization\"},\"potentialAction\":[{\"@type\":\"SearchAction\",\"target\":{\"@type\":\"EntryPoint\",\"urlTemplate\":\"https:\/\/art137studio.com\/en\/?s={search_term_string}\"},\"query-input\":\"required name=search_term_string\"}],\"inLanguage\":\"en-US\"},{\"@type\":\"Organization\",\"@id\":\"https:\/\/art137studio.com\/en\/#organization\",\"name\":\"Art137\",\"url\":\"https:\/\/art137studio.com\/en\/\",\"logo\":{\"@type\":\"ImageObject\",\"inLanguage\":\"en-US\",\"@id\":\"https:\/\/art137studio.com\/en\/#\/schema\/logo\/image\/\",\"url\":\"https:\/\/art137studio.com\/wp-content\/uploads\/2022\/12\/logo-art137.svg\",\"contentUrl\":\"https:\/\/art137studio.com\/wp-content\/uploads\/2022\/12\/logo-art137.svg\",\"width\":145,\"height\":56,\"caption\":\"Art137\"},\"image\":{\"@id\":\"https:\/\/art137studio.com\/en\/#\/schema\/logo\/image\/\"},\"sameAs\":[\"https:\/\/www.facebook.com\/art137\"]}]}<\/script>\n<!-- \/ Yoast SEO Premium plugin. -->","yoast_head_json":{"title":"Natural Yellow\/Golden Flower Earrings in Resin | Handmade ( B132 ) - Art137","description":"Natural Yellow\/Golden Dried Resin Flower Earrings | Handmade. Preserved dried natural flowers covered in resin in a yellow\/gold tone. A unique, light and elegant piece.","robots":{"index":"index","follow":"follow","max-snippet":"max-snippet:-1","max-image-preview":"max-image-preview:large","max-video-preview":"max-video-preview:-1"},"canonical":"https:\/\/art137studio.com\/en\/product\/handmade-yellow-golden-dried-flower-resin-earrings-b132\/","og_locale":"en_US","og_type":"article","og_title":"Natural Yellow\/Golden Flower Earrings in Resin | Handmade ( B132 )","og_description":"Natural Yellow\/Golden Dried Resin Flower Earrings | Handmade. Preserved dried natural flowers covered in resin in a yellow\/gold tone. A unique, light and elegant piece.","og_url":"https:\/\/art137studio.com\/en\/product\/handmade-yellow-golden-dried-flower-resin-earrings-b132\/","og_site_name":"Art137","article_publisher":"https:\/\/www.facebook.com\/art137","article_modified_time":"2025-12-15T17:47:06+00:00","og_image":[{"width":1080,"height":1080,"url":"https:\/\/art137studio.com\/wp-content\/uploads\/2025\/12\/1-5.png","type":"image\/png"}],"twitter_card":"summary_large_image","twitter_misc":{"Est. reading time":"1 minute"},"schema":{"@context":"https:\/\/schema.org","@graph":[{"@type":"WebPage","@id":"https:\/\/art137studio.com\/en\/product\/handmade-yellow-golden-dried-flower-resin-earrings-b132\/","url":"https:\/\/art137studio.com\/en\/product\/handmade-yellow-golden-dried-flower-resin-earrings-b132\/","name":"Natural Yellow\/Golden Flower Earrings in Resin | Handmade ( B132 ) - Art137","isPartOf":{"@id":"https:\/\/art137studio.com\/en\/#website"},"primaryImageOfPage":{"@id":"https:\/\/art137studio.com\/en\/product\/handmade-yellow-golden-dried-flower-resin-earrings-b132\/#primaryimage"},"image":{"@id":"https:\/\/art137studio.com\/en\/product\/handmade-yellow-golden-dried-flower-resin-earrings-b132\/#primaryimage"},"thumbnailUrl":"https:\/\/art137studio.com\/wp-content\/uploads\/2025\/12\/1-5.png","datePublished":"2025-12-15T17:12:04+00:00","dateModified":"2025-12-15T17:47:06+00:00","description":"Natural Yellow\/Golden Dried Resin Flower Earrings | Handmade. Preserved dried natural flowers covered in resin in a yellow\/gold tone. A unique, light and elegant piece.","breadcrumb":{"@id":"https:\/\/art137studio.com\/en\/product\/handmade-yellow-golden-dried-flower-resin-earrings-b132\/#breadcrumb"},"inLanguage":"en-US","potentialAction":[{"@type":"ReadAction","target":["https:\/\/art137studio.com\/en\/product\/handmade-yellow-golden-dried-flower-resin-earrings-b132\/"]}]},{"@type":"ImageObject","inLanguage":"en-US","@id":"https:\/\/art137studio.com\/en\/product\/handmade-yellow-golden-dried-flower-resin-earrings-b132\/#primaryimage","url":"https:\/\/art137studio.com\/wp-content\/uploads\/2025\/12\/1-5.png","contentUrl":"https:\/\/art137studio.com\/wp-content\/uploads\/2025\/12\/1-5.png","width":1080,"height":1080,"caption":"Pair of flower-shaped earrings, with dried natural flowers covered in amber resin, with silver hooks, on a white background"},{"@type":"BreadcrumbList","@id":"https:\/\/art137studio.com\/en\/product\/handmade-yellow-golden-dried-flower-resin-earrings-b132\/#breadcrumb","itemListElement":[{"@type":"ListItem","position":1,"name":"In\u00edcio","item":"https:\/\/art137studio.com\/en\/"},{"@type":"ListItem","position":2,"name":"Portuguese handicrafts &#8211; Handmade.","item":"https:\/\/art137studio.com\/en\/"},{"@type":"ListItem","position":3,"name":"Natural Yellow\/Golden Flower Earrings in Resin | Handmade ( B132 )"}]},{"@type":"WebSite","@id":"https:\/\/art137studio.com\/en\/#website","url":"https:\/\/art137studio.com\/en\/","name":"Art137","description":"A Art137 \u00e9 uma marca portuguesa, dedicada \u00e0 cria\u00e7\u00e3o de pe\u00e7as feitas \u00e0 m\u00e3o.","publisher":{"@id":"https:\/\/art137studio.com\/en\/#organization"},"potentialAction":[{"@type":"SearchAction","target":{"@type":"EntryPoint","urlTemplate":"https:\/\/art137studio.com\/en\/?s={search_term_string}"},"query-input":"required name=search_term_string"}],"inLanguage":"en-US"},{"@type":"Organization","@id":"https:\/\/art137studio.com\/en\/#organization","name":"Art137","url":"https:\/\/art137studio.com\/en\/","logo":{"@type":"ImageObject","inLanguage":"en-US","@id":"https:\/\/art137studio.com\/en\/#\/schema\/logo\/image\/","url":"https:\/\/art137studio.com\/wp-content\/uploads\/2022\/12\/logo-art137.svg","contentUrl":"https:\/\/art137studio.com\/wp-content\/uploads\/2022\/12\/logo-art137.svg","width":145,"height":56,"caption":"Art137"},"image":{"@id":"https:\/\/art137studio.com\/en\/#\/schema\/logo\/image\/"},"sameAs":["https:\/\/www.facebook.com\/art137"]}]}},"_links":{"self":[{"href":"https:\/\/art137studio.com\/en\/wp-json\/wp\/v2\/product\/2988","targetHints":{"allow":["GET"]}}],"collection":[{"href":"https:\/\/art137studio.com\/en\/wp-json\/wp\/v2\/product"}],"about":[{"href":"https:\/\/art137studio.com\/en\/wp-json\/wp\/v2\/types\/product"}],"wp:featuredmedia":[{"embeddable":true,"href":"https:\/\/art137studio.com\/en\/wp-json\/wp\/v2\/media\/2977"}],"wp:attachment":[{"href":"https:\/\/art137studio.com\/en\/wp-json\/wp\/v2\/media?parent=2988"}],"wp:term":[{"taxonomy":"product_brand","embeddable":true,"href":"https:\/\/art137studio.com\/en\/wp-json\/wp\/v2\/product_brand?post=2988"},{"taxonomy":"product_cat","embeddable":true,"href":"https:\/\/art137studio.com\/en\/wp-json\/wp\/v2\/product_cat?post=2988"},{"taxonomy":"product_tag","embeddable":true,"href":"https:\/\/art137studio.com\/en\/wp-json\/wp\/v2\/product_tag?post=2988"}],"curies":[{"name":"wp","href":"https:\/\/api.w.org\/{rel}","templated":true}]}}