{"id":2942,"date":"2025-12-13T14:06:00","date_gmt":"2025-12-13T14:06:00","guid":{"rendered":"https:\/\/art137studio.com\/?post_type=product&#038;p=2942"},"modified":"2025-12-13T16:26:03","modified_gmt":"2025-12-13T16:26:03","slug":"chestnut-wood-wall-hook-key-holder-utilitas-631","status":"publish","type":"product","link":"https:\/\/art137studio.com\/en\/product\/chestnut-wood-wall-hook-key-holder-utilitas-631\/","title":{"rendered":"Chestnut Wood Hanger \/ Keychain | Utilitas ( 631 )"},"content":{"rendered":"<p data-start=\"625\" data-end=\"829\">Chestnut Wood Hanger \/ Keychain<\/p>\n<p data-start=\"625\" data-end=\"829\">This hanger\/keyring is crafted from a slice of solid chestnut wood, taking advantage of the natural design of the tree&#8217;s veins and imperfections to create a decorative and functional piece.<\/p>\n<p data-start=\"837\" data-end=\"1080\">Each hook is handmade from lacquered iron, with a rustic look that contrasts with the smooth wood finish. On the back, the metal fixing system is hidden once installed, allowing the piece to &#8220;float&#8221; on the wall.<\/p>\n<p data-start=\"1088\" data-end=\"1279\">Chestnut Wood Hanger \/ Keychain: Ideal for hanging keys, coats, wallets, scarves or accessories in the entrance hall, corridor or bedroom &#8211; and at the same time adding a touch of nature and craftsmanship to the decor.<\/p>\n<p data-start=\"1287\" data-end=\"1339\"><strong data-start=\"1287\" data-end=\"1339\">Hanger \/ keyring details in brown ART137<\/strong><\/p>\n<p data-start=\"1344\" data-end=\"1375\">\ud83d\udd39 Solid chestnut wood<\/p>\n<p data-start=\"1380\" data-end=\"1416\">\ud83d\udd39 Hand-crafted and hand-finished pieces<\/p>\n<p data-start=\"1421\" data-end=\"1470\">\ud83d\udd39 Handmade lacquered iron hooks<\/p>\n<p data-start=\"1651\" data-end=\"1693\">\ud83d\udd39 Made in Portugal at the ART137 studio<\/p>\n<p data-start=\"1701\" data-end=\"1865\">\n","protected":false},"excerpt":{"rendered":"<p>Wall hanger \/ key ring in solid chestnut wood, made by hand.<br data-start=\"376\" data-end=\"379\" \/>Hooks in lacquered iron also made by hand and invisible fastening system on the back.<br data-start=\"483\" data-end=\"486\" \/>Each piece respects the natural design of the wood.<\/p>\n","protected":false},"featured_media":2929,"template":"","meta":[],"product_brand":[],"product_cat":[367,64,197],"product_tag":[],"class_list":{"0":"post-2942","1":"product","2":"type-product","3":"status-publish","4":"has-post-thumbnail","6":"product_cat-coat-racks-and-stands-cat","7":"product_cat-decoration-art137-shop","8":"product_cat-decorative-pieces-art137","10":"first","11":"instock","12":"taxable","13":"shipping-taxable","14":"purchasable","15":"product-type-simple"},"yoast_head":"<!-- This site is optimized with the Yoast SEO Premium plugin v21.2 (Yoast SEO v22.2) - https:\/\/yoast.com\/wordpress\/plugins\/seo\/ -->\n<title>Chestnut Wood Hanger \/ Keychain | Utilitas ( 631 ) - Art137<\/title>\n<meta name=\"description\" content=\"Hanger \/ Keychain in chestnut wood. Handmade, with lacquered iron hooks. Ideal for hanging keys or coats in the entrance hall. Crafts ART137.\" \/>\n<meta name=\"robots\" content=\"index, follow, max-snippet:-1, max-image-preview:large, max-video-preview:-1\" \/>\n<link rel=\"canonical\" href=\"https:\/\/art137studio.com\/en\/product\/chestnut-wood-wall-hook-key-holder-utilitas-631\/\" \/>\n<meta property=\"og:locale\" content=\"en_US\" \/>\n<meta property=\"og:type\" content=\"article\" \/>\n<meta property=\"og:title\" content=\"Chestnut Wood Hanger \/ Keychain | Utilitas ( 631 )\" \/>\n<meta property=\"og:description\" content=\"Hanger \/ Keychain in chestnut wood. Handmade, with lacquered iron hooks. Ideal for hanging keys or coats in the entrance hall. Crafts ART137.\" \/>\n<meta property=\"og:url\" content=\"https:\/\/art137studio.com\/en\/product\/chestnut-wood-wall-hook-key-holder-utilitas-631\/\" \/>\n<meta property=\"og:site_name\" content=\"Art137\" \/>\n<meta property=\"article:publisher\" content=\"https:\/\/www.facebook.com\/art137\" \/>\n<meta property=\"article:modified_time\" content=\"2025-12-13T16:26:03+00:00\" \/>\n<meta property=\"og:image\" content=\"https:\/\/art137studio.com\/wp-content\/uploads\/2025\/12\/1-3.png\" \/>\n\t<meta property=\"og:image:width\" content=\"1080\" \/>\n\t<meta property=\"og:image:height\" content=\"1080\" \/>\n\t<meta property=\"og:image:type\" content=\"image\/png\" \/>\n<meta name=\"twitter:card\" content=\"summary_large_image\" \/>\n<meta name=\"twitter:label1\" content=\"Est. reading time\" \/>\n\t<meta name=\"twitter:data1\" content=\"1 minute\" \/>\n<script type=\"application\/ld+json\" class=\"yoast-schema-graph\">{\"@context\":\"https:\/\/schema.org\",\"@graph\":[{\"@type\":\"WebPage\",\"@id\":\"https:\/\/art137studio.com\/en\/product\/chestnut-wood-wall-hook-key-holder-utilitas-631\/\",\"url\":\"https:\/\/art137studio.com\/en\/product\/chestnut-wood-wall-hook-key-holder-utilitas-631\/\",\"name\":\"Chestnut Wood Hanger \/ Keychain | Utilitas ( 631 ) - Art137\",\"isPartOf\":{\"@id\":\"https:\/\/art137studio.com\/en\/#website\"},\"primaryImageOfPage\":{\"@id\":\"https:\/\/art137studio.com\/en\/product\/chestnut-wood-wall-hook-key-holder-utilitas-631\/#primaryimage\"},\"image\":{\"@id\":\"https:\/\/art137studio.com\/en\/product\/chestnut-wood-wall-hook-key-holder-utilitas-631\/#primaryimage\"},\"thumbnailUrl\":\"https:\/\/art137studio.com\/wp-content\/uploads\/2025\/12\/1-3.png\",\"datePublished\":\"2025-12-13T14:06:00+00:00\",\"dateModified\":\"2025-12-13T16:26:03+00:00\",\"description\":\"Hanger \/ Keychain in chestnut wood. Handmade, with lacquered iron hooks. Ideal for hanging keys or coats in the entrance hall. Crafts ART137.\",\"breadcrumb\":{\"@id\":\"https:\/\/art137studio.com\/en\/product\/chestnut-wood-wall-hook-key-holder-utilitas-631\/#breadcrumb\"},\"inLanguage\":\"en-US\",\"potentialAction\":[{\"@type\":\"ReadAction\",\"target\":[\"https:\/\/art137studio.com\/en\/product\/chestnut-wood-wall-hook-key-holder-utilitas-631\/\"]}]},{\"@type\":\"ImageObject\",\"inLanguage\":\"en-US\",\"@id\":\"https:\/\/art137studio.com\/en\/product\/chestnut-wood-wall-hook-key-holder-utilitas-631\/#primaryimage\",\"url\":\"https:\/\/art137studio.com\/wp-content\/uploads\/2025\/12\/1-3.png\",\"contentUrl\":\"https:\/\/art137studio.com\/wp-content\/uploads\/2025\/12\/1-3.png\",\"width\":1080,\"height\":1080,\"caption\":\"chestnut wood wall hanger with lacquered iron hooks ART137\"},{\"@type\":\"BreadcrumbList\",\"@id\":\"https:\/\/art137studio.com\/en\/product\/chestnut-wood-wall-hook-key-holder-utilitas-631\/#breadcrumb\",\"itemListElement\":[{\"@type\":\"ListItem\",\"position\":1,\"name\":\"In\u00edcio\",\"item\":\"https:\/\/art137studio.com\/en\/\"},{\"@type\":\"ListItem\",\"position\":2,\"name\":\"Portuguese handicrafts &#8211; Handmade.\",\"item\":\"https:\/\/art137studio.com\/en\/\"},{\"@type\":\"ListItem\",\"position\":3,\"name\":\"Chestnut Wood Hanger \/ Keychain | Utilitas ( 631 )\"}]},{\"@type\":\"WebSite\",\"@id\":\"https:\/\/art137studio.com\/en\/#website\",\"url\":\"https:\/\/art137studio.com\/en\/\",\"name\":\"Art137\",\"description\":\"A Art137 \u00e9 uma marca portuguesa, dedicada \u00e0 cria\u00e7\u00e3o de pe\u00e7as feitas \u00e0 m\u00e3o.\",\"publisher\":{\"@id\":\"https:\/\/art137studio.com\/en\/#organization\"},\"potentialAction\":[{\"@type\":\"SearchAction\",\"target\":{\"@type\":\"EntryPoint\",\"urlTemplate\":\"https:\/\/art137studio.com\/en\/?s={search_term_string}\"},\"query-input\":\"required name=search_term_string\"}],\"inLanguage\":\"en-US\"},{\"@type\":\"Organization\",\"@id\":\"https:\/\/art137studio.com\/en\/#organization\",\"name\":\"Art137\",\"url\":\"https:\/\/art137studio.com\/en\/\",\"logo\":{\"@type\":\"ImageObject\",\"inLanguage\":\"en-US\",\"@id\":\"https:\/\/art137studio.com\/en\/#\/schema\/logo\/image\/\",\"url\":\"https:\/\/art137studio.com\/wp-content\/uploads\/2022\/12\/logo-art137.svg\",\"contentUrl\":\"https:\/\/art137studio.com\/wp-content\/uploads\/2022\/12\/logo-art137.svg\",\"width\":145,\"height\":56,\"caption\":\"Art137\"},\"image\":{\"@id\":\"https:\/\/art137studio.com\/en\/#\/schema\/logo\/image\/\"},\"sameAs\":[\"https:\/\/www.facebook.com\/art137\"]}]}<\/script>\n<!-- \/ Yoast SEO Premium plugin. -->","yoast_head_json":{"title":"Chestnut Wood Hanger \/ Keychain | Utilitas ( 631 ) - Art137","description":"Hanger \/ Keychain in chestnut wood. Handmade, with lacquered iron hooks. Ideal for hanging keys or coats in the entrance hall. Crafts ART137.","robots":{"index":"index","follow":"follow","max-snippet":"max-snippet:-1","max-image-preview":"max-image-preview:large","max-video-preview":"max-video-preview:-1"},"canonical":"https:\/\/art137studio.com\/en\/product\/chestnut-wood-wall-hook-key-holder-utilitas-631\/","og_locale":"en_US","og_type":"article","og_title":"Chestnut Wood Hanger \/ Keychain | Utilitas ( 631 )","og_description":"Hanger \/ Keychain in chestnut wood. Handmade, with lacquered iron hooks. Ideal for hanging keys or coats in the entrance hall. Crafts ART137.","og_url":"https:\/\/art137studio.com\/en\/product\/chestnut-wood-wall-hook-key-holder-utilitas-631\/","og_site_name":"Art137","article_publisher":"https:\/\/www.facebook.com\/art137","article_modified_time":"2025-12-13T16:26:03+00:00","og_image":[{"width":1080,"height":1080,"url":"https:\/\/art137studio.com\/wp-content\/uploads\/2025\/12\/1-3.png","type":"image\/png"}],"twitter_card":"summary_large_image","twitter_misc":{"Est. reading time":"1 minute"},"schema":{"@context":"https:\/\/schema.org","@graph":[{"@type":"WebPage","@id":"https:\/\/art137studio.com\/en\/product\/chestnut-wood-wall-hook-key-holder-utilitas-631\/","url":"https:\/\/art137studio.com\/en\/product\/chestnut-wood-wall-hook-key-holder-utilitas-631\/","name":"Chestnut Wood Hanger \/ Keychain | Utilitas ( 631 ) - Art137","isPartOf":{"@id":"https:\/\/art137studio.com\/en\/#website"},"primaryImageOfPage":{"@id":"https:\/\/art137studio.com\/en\/product\/chestnut-wood-wall-hook-key-holder-utilitas-631\/#primaryimage"},"image":{"@id":"https:\/\/art137studio.com\/en\/product\/chestnut-wood-wall-hook-key-holder-utilitas-631\/#primaryimage"},"thumbnailUrl":"https:\/\/art137studio.com\/wp-content\/uploads\/2025\/12\/1-3.png","datePublished":"2025-12-13T14:06:00+00:00","dateModified":"2025-12-13T16:26:03+00:00","description":"Hanger \/ Keychain in chestnut wood. Handmade, with lacquered iron hooks. Ideal for hanging keys or coats in the entrance hall. Crafts ART137.","breadcrumb":{"@id":"https:\/\/art137studio.com\/en\/product\/chestnut-wood-wall-hook-key-holder-utilitas-631\/#breadcrumb"},"inLanguage":"en-US","potentialAction":[{"@type":"ReadAction","target":["https:\/\/art137studio.com\/en\/product\/chestnut-wood-wall-hook-key-holder-utilitas-631\/"]}]},{"@type":"ImageObject","inLanguage":"en-US","@id":"https:\/\/art137studio.com\/en\/product\/chestnut-wood-wall-hook-key-holder-utilitas-631\/#primaryimage","url":"https:\/\/art137studio.com\/wp-content\/uploads\/2025\/12\/1-3.png","contentUrl":"https:\/\/art137studio.com\/wp-content\/uploads\/2025\/12\/1-3.png","width":1080,"height":1080,"caption":"chestnut wood wall hanger with lacquered iron hooks ART137"},{"@type":"BreadcrumbList","@id":"https:\/\/art137studio.com\/en\/product\/chestnut-wood-wall-hook-key-holder-utilitas-631\/#breadcrumb","itemListElement":[{"@type":"ListItem","position":1,"name":"In\u00edcio","item":"https:\/\/art137studio.com\/en\/"},{"@type":"ListItem","position":2,"name":"Portuguese handicrafts &#8211; Handmade.","item":"https:\/\/art137studio.com\/en\/"},{"@type":"ListItem","position":3,"name":"Chestnut Wood Hanger \/ Keychain | Utilitas ( 631 )"}]},{"@type":"WebSite","@id":"https:\/\/art137studio.com\/en\/#website","url":"https:\/\/art137studio.com\/en\/","name":"Art137","description":"A Art137 \u00e9 uma marca portuguesa, dedicada \u00e0 cria\u00e7\u00e3o de pe\u00e7as feitas \u00e0 m\u00e3o.","publisher":{"@id":"https:\/\/art137studio.com\/en\/#organization"},"potentialAction":[{"@type":"SearchAction","target":{"@type":"EntryPoint","urlTemplate":"https:\/\/art137studio.com\/en\/?s={search_term_string}"},"query-input":"required name=search_term_string"}],"inLanguage":"en-US"},{"@type":"Organization","@id":"https:\/\/art137studio.com\/en\/#organization","name":"Art137","url":"https:\/\/art137studio.com\/en\/","logo":{"@type":"ImageObject","inLanguage":"en-US","@id":"https:\/\/art137studio.com\/en\/#\/schema\/logo\/image\/","url":"https:\/\/art137studio.com\/wp-content\/uploads\/2022\/12\/logo-art137.svg","contentUrl":"https:\/\/art137studio.com\/wp-content\/uploads\/2022\/12\/logo-art137.svg","width":145,"height":56,"caption":"Art137"},"image":{"@id":"https:\/\/art137studio.com\/en\/#\/schema\/logo\/image\/"},"sameAs":["https:\/\/www.facebook.com\/art137"]}]}},"_links":{"self":[{"href":"https:\/\/art137studio.com\/en\/wp-json\/wp\/v2\/product\/2942","targetHints":{"allow":["GET"]}}],"collection":[{"href":"https:\/\/art137studio.com\/en\/wp-json\/wp\/v2\/product"}],"about":[{"href":"https:\/\/art137studio.com\/en\/wp-json\/wp\/v2\/types\/product"}],"wp:featuredmedia":[{"embeddable":true,"href":"https:\/\/art137studio.com\/en\/wp-json\/wp\/v2\/media\/2929"}],"wp:attachment":[{"href":"https:\/\/art137studio.com\/en\/wp-json\/wp\/v2\/media?parent=2942"}],"wp:term":[{"taxonomy":"product_brand","embeddable":true,"href":"https:\/\/art137studio.com\/en\/wp-json\/wp\/v2\/product_brand?post=2942"},{"taxonomy":"product_cat","embeddable":true,"href":"https:\/\/art137studio.com\/en\/wp-json\/wp\/v2\/product_cat?post=2942"},{"taxonomy":"product_tag","embeddable":true,"href":"https:\/\/art137studio.com\/en\/wp-json\/wp\/v2\/product_tag?post=2942"}],"curies":[{"name":"wp","href":"https:\/\/api.w.org\/{rel}","templated":true}]}}