{"id":2403,"date":"2025-06-20T16:02:38","date_gmt":"2025-06-20T16:02:38","guid":{"rendered":"https:\/\/art137studio.com\/?post_type=product&#038;p=2403"},"modified":"2025-11-28T15:27:36","modified_gmt":"2025-11-28T15:27:36","slug":"oak-and-green-resin-coffee-table-unique-design","status":"publish","type":"product","link":"https:\/\/art137studio.com\/en\/product\/oak-and-green-resin-coffee-table-unique-design\/","title":{"rendered":"Green Resin and Oak Wood Coffee Table &#8211; Unique design"},"content":{"rendered":"<p data-start=\"420\" data-end=\"780\">Transform your living room with a piece that is pure nature in art form.<br data-start=\"492\" data-end=\"495\" \/>This Coffee Table in Oak Wood and Green Resin &#8211; Unique Design, is handmade in solid wood, enhanced with resin with green tones that evoke serene aquatic landscapes. The contrast between the natural oak and the translucent resin creates a unique piece with a soft-touch, durable finish.<\/p>\n<p data-start=\"782\" data-end=\"911\">The Oak Wood and Green Resin Coffee Table &#8211; Unique Design is ideal for modern, rustic or boho environments, this table is more than functional &#8211; it&#8217;s a statement of style and personality.<\/p>\n<p data-start=\"913\" data-end=\"1091\">\ud83d\udd39 <strong data-start=\"954\" data-end=\"968\">Materials:<\/strong> European oak, epoxy resin, natural oil finish Rubio Monocoat<br data-start=\"1043\" data-end=\"1046\" \/>\ud83d\udd39 <strong data-start=\"1049\" data-end=\"1063\">Unique piece<\/strong> &#8211; each table is unrepeatable<\/p>\n<p data-start=\"1093\" data-end=\"1162\">Bring home the charm of wood and the mystery of water in one piece.<\/p>\n","protected":false},"excerpt":{"rendered":"<p>Handcrafted coffee table in solid oak with green resin. A unique piece of design that brings elegance and nature to your living room.<\/p>\n","protected":false},"featured_media":3802,"template":"","meta":[],"product_brand":[],"product_cat":[141,64,74],"product_tag":[],"class_list":{"0":"post-2403","1":"product","2":"type-product","3":"status-publish","4":"has-post-thumbnail","6":"product_cat-handmade-coffee-tables","7":"product_cat-decoration-art137-shop","8":"product_cat-handmade-tables-art137","10":"first","11":"instock","12":"taxable","13":"shipping-taxable","14":"purchasable","15":"product-type-simple"},"yoast_head":"<!-- This site is optimized with the Yoast SEO Premium plugin v21.2 (Yoast SEO v22.2) - https:\/\/yoast.com\/wordpress\/plugins\/seo\/ -->\n<title>Green Resin and Oak Wood Coffee Table - Unique design - Art137<\/title>\n<meta name=\"description\" content=\"Handcrafted coffee table in solid oak with green resin. A unique piece of design that brings elegance and nature to your living room.\" \/>\n<meta name=\"robots\" content=\"index, follow, max-snippet:-1, max-image-preview:large, max-video-preview:-1\" \/>\n<link rel=\"canonical\" href=\"https:\/\/art137studio.com\/en\/product\/oak-and-green-resin-coffee-table-unique-design\/\" \/>\n<meta property=\"og:locale\" content=\"en_US\" \/>\n<meta property=\"og:type\" content=\"article\" \/>\n<meta property=\"og:title\" content=\"Green Resin and Oak Wood Coffee Table - Unique design\" \/>\n<meta property=\"og:description\" content=\"Handcrafted coffee table in solid oak with green resin. A unique piece of design that brings elegance and nature to your living room.\" \/>\n<meta property=\"og:url\" content=\"https:\/\/art137studio.com\/en\/product\/oak-and-green-resin-coffee-table-unique-design\/\" \/>\n<meta property=\"og:site_name\" content=\"Art137\" \/>\n<meta property=\"article:publisher\" content=\"https:\/\/www.facebook.com\/art137\" \/>\n<meta property=\"article:modified_time\" content=\"2025-11-28T15:27:36+00:00\" \/>\n<meta property=\"og:image\" content=\"https:\/\/art137studio.com\/wp-content\/uploads\/2025\/06\/IMG_3539-bg-square-1.png\" \/>\n\t<meta property=\"og:image:width\" content=\"936\" \/>\n\t<meta property=\"og:image:height\" content=\"936\" \/>\n\t<meta property=\"og:image:type\" content=\"image\/png\" \/>\n<meta name=\"twitter:card\" content=\"summary_large_image\" \/>\n<meta name=\"twitter:label1\" content=\"Est. reading time\" \/>\n\t<meta name=\"twitter:data1\" content=\"1 minute\" \/>\n<script type=\"application\/ld+json\" class=\"yoast-schema-graph\">{\"@context\":\"https:\/\/schema.org\",\"@graph\":[{\"@type\":\"WebPage\",\"@id\":\"https:\/\/art137studio.com\/en\/product\/oak-and-green-resin-coffee-table-unique-design\/\",\"url\":\"https:\/\/art137studio.com\/en\/product\/oak-and-green-resin-coffee-table-unique-design\/\",\"name\":\"Green Resin and Oak Wood Coffee Table - Unique design - Art137\",\"isPartOf\":{\"@id\":\"https:\/\/art137studio.com\/en\/#website\"},\"primaryImageOfPage\":{\"@id\":\"https:\/\/art137studio.com\/en\/product\/oak-and-green-resin-coffee-table-unique-design\/#primaryimage\"},\"image\":{\"@id\":\"https:\/\/art137studio.com\/en\/product\/oak-and-green-resin-coffee-table-unique-design\/#primaryimage\"},\"thumbnailUrl\":\"https:\/\/art137studio.com\/wp-content\/uploads\/2025\/06\/ChatGPT-Image-Mar-4-2026-08_59_23-AM-2.png\",\"datePublished\":\"2025-06-20T16:02:38+00:00\",\"dateModified\":\"2025-11-28T15:27:36+00:00\",\"description\":\"Handcrafted coffee table in solid oak with green resin. A unique piece of design that brings elegance and nature to your living room.\",\"breadcrumb\":{\"@id\":\"https:\/\/art137studio.com\/en\/product\/oak-and-green-resin-coffee-table-unique-design\/#breadcrumb\"},\"inLanguage\":\"en-US\",\"potentialAction\":[{\"@type\":\"ReadAction\",\"target\":[\"https:\/\/art137studio.com\/en\/product\/oak-and-green-resin-coffee-table-unique-design\/\"]}]},{\"@type\":\"ImageObject\",\"inLanguage\":\"en-US\",\"@id\":\"https:\/\/art137studio.com\/en\/product\/oak-and-green-resin-coffee-table-unique-design\/#primaryimage\",\"url\":\"https:\/\/art137studio.com\/wp-content\/uploads\/2025\/06\/ChatGPT-Image-Mar-4-2026-08_59_23-AM-2.png\",\"contentUrl\":\"https:\/\/art137studio.com\/wp-content\/uploads\/2025\/06\/ChatGPT-Image-Mar-4-2026-08_59_23-AM-2.png\",\"width\":1024,\"height\":1024,\"caption\":\"Mesa de Centro em Madeira de Carvalho e Resina Verde \u2013 Design \u00fanico quadrado - ambiente com sofa\"},{\"@type\":\"BreadcrumbList\",\"@id\":\"https:\/\/art137studio.com\/en\/product\/oak-and-green-resin-coffee-table-unique-design\/#breadcrumb\",\"itemListElement\":[{\"@type\":\"ListItem\",\"position\":1,\"name\":\"In\u00edcio\",\"item\":\"https:\/\/art137studio.com\/en\/\"},{\"@type\":\"ListItem\",\"position\":2,\"name\":\"Portuguese handicrafts &#8211; Handmade.\",\"item\":\"https:\/\/art137studio.com\/en\/\"},{\"@type\":\"ListItem\",\"position\":3,\"name\":\"Green Resin and Oak Wood Coffee Table &#8211; Unique design\"}]},{\"@type\":\"WebSite\",\"@id\":\"https:\/\/art137studio.com\/en\/#website\",\"url\":\"https:\/\/art137studio.com\/en\/\",\"name\":\"Art137\",\"description\":\"A Art137 \u00e9 uma marca portuguesa, dedicada \u00e0 cria\u00e7\u00e3o de pe\u00e7as feitas \u00e0 m\u00e3o.\",\"publisher\":{\"@id\":\"https:\/\/art137studio.com\/en\/#organization\"},\"potentialAction\":[{\"@type\":\"SearchAction\",\"target\":{\"@type\":\"EntryPoint\",\"urlTemplate\":\"https:\/\/art137studio.com\/en\/?s={search_term_string}\"},\"query-input\":\"required name=search_term_string\"}],\"inLanguage\":\"en-US\"},{\"@type\":\"Organization\",\"@id\":\"https:\/\/art137studio.com\/en\/#organization\",\"name\":\"Art137\",\"url\":\"https:\/\/art137studio.com\/en\/\",\"logo\":{\"@type\":\"ImageObject\",\"inLanguage\":\"en-US\",\"@id\":\"https:\/\/art137studio.com\/en\/#\/schema\/logo\/image\/\",\"url\":\"https:\/\/art137studio.com\/wp-content\/uploads\/2022\/12\/logo-art137.svg\",\"contentUrl\":\"https:\/\/art137studio.com\/wp-content\/uploads\/2022\/12\/logo-art137.svg\",\"width\":145,\"height\":56,\"caption\":\"Art137\"},\"image\":{\"@id\":\"https:\/\/art137studio.com\/en\/#\/schema\/logo\/image\/\"},\"sameAs\":[\"https:\/\/www.facebook.com\/art137\"]}]}<\/script>\n<!-- \/ Yoast SEO Premium plugin. -->","yoast_head_json":{"title":"Green Resin and Oak Wood Coffee Table - Unique design - Art137","description":"Handcrafted coffee table in solid oak with green resin. A unique piece of design that brings elegance and nature to your living room.","robots":{"index":"index","follow":"follow","max-snippet":"max-snippet:-1","max-image-preview":"max-image-preview:large","max-video-preview":"max-video-preview:-1"},"canonical":"https:\/\/art137studio.com\/en\/product\/oak-and-green-resin-coffee-table-unique-design\/","og_locale":"en_US","og_type":"article","og_title":"Green Resin and Oak Wood Coffee Table - Unique design","og_description":"Handcrafted coffee table in solid oak with green resin. A unique piece of design that brings elegance and nature to your living room.","og_url":"https:\/\/art137studio.com\/en\/product\/oak-and-green-resin-coffee-table-unique-design\/","og_site_name":"Art137","article_publisher":"https:\/\/www.facebook.com\/art137","article_modified_time":"2025-11-28T15:27:36+00:00","og_image":[{"width":936,"height":936,"url":"https:\/\/art137studio.com\/wp-content\/uploads\/2025\/06\/IMG_3539-bg-square-1.png","type":"image\/png"}],"twitter_card":"summary_large_image","twitter_misc":{"Est. reading time":"1 minute"},"schema":{"@context":"https:\/\/schema.org","@graph":[{"@type":"WebPage","@id":"https:\/\/art137studio.com\/en\/product\/oak-and-green-resin-coffee-table-unique-design\/","url":"https:\/\/art137studio.com\/en\/product\/oak-and-green-resin-coffee-table-unique-design\/","name":"Green Resin and Oak Wood Coffee Table - Unique design - Art137","isPartOf":{"@id":"https:\/\/art137studio.com\/en\/#website"},"primaryImageOfPage":{"@id":"https:\/\/art137studio.com\/en\/product\/oak-and-green-resin-coffee-table-unique-design\/#primaryimage"},"image":{"@id":"https:\/\/art137studio.com\/en\/product\/oak-and-green-resin-coffee-table-unique-design\/#primaryimage"},"thumbnailUrl":"https:\/\/art137studio.com\/wp-content\/uploads\/2025\/06\/ChatGPT-Image-Mar-4-2026-08_59_23-AM-2.png","datePublished":"2025-06-20T16:02:38+00:00","dateModified":"2025-11-28T15:27:36+00:00","description":"Handcrafted coffee table in solid oak with green resin. A unique piece of design that brings elegance and nature to your living room.","breadcrumb":{"@id":"https:\/\/art137studio.com\/en\/product\/oak-and-green-resin-coffee-table-unique-design\/#breadcrumb"},"inLanguage":"en-US","potentialAction":[{"@type":"ReadAction","target":["https:\/\/art137studio.com\/en\/product\/oak-and-green-resin-coffee-table-unique-design\/"]}]},{"@type":"ImageObject","inLanguage":"en-US","@id":"https:\/\/art137studio.com\/en\/product\/oak-and-green-resin-coffee-table-unique-design\/#primaryimage","url":"https:\/\/art137studio.com\/wp-content\/uploads\/2025\/06\/ChatGPT-Image-Mar-4-2026-08_59_23-AM-2.png","contentUrl":"https:\/\/art137studio.com\/wp-content\/uploads\/2025\/06\/ChatGPT-Image-Mar-4-2026-08_59_23-AM-2.png","width":1024,"height":1024,"caption":"Mesa de Centro em Madeira de Carvalho e Resina Verde \u2013 Design \u00fanico quadrado - ambiente com sofa"},{"@type":"BreadcrumbList","@id":"https:\/\/art137studio.com\/en\/product\/oak-and-green-resin-coffee-table-unique-design\/#breadcrumb","itemListElement":[{"@type":"ListItem","position":1,"name":"In\u00edcio","item":"https:\/\/art137studio.com\/en\/"},{"@type":"ListItem","position":2,"name":"Portuguese handicrafts &#8211; Handmade.","item":"https:\/\/art137studio.com\/en\/"},{"@type":"ListItem","position":3,"name":"Green Resin and Oak Wood Coffee Table &#8211; Unique design"}]},{"@type":"WebSite","@id":"https:\/\/art137studio.com\/en\/#website","url":"https:\/\/art137studio.com\/en\/","name":"Art137","description":"A Art137 \u00e9 uma marca portuguesa, dedicada \u00e0 cria\u00e7\u00e3o de pe\u00e7as feitas \u00e0 m\u00e3o.","publisher":{"@id":"https:\/\/art137studio.com\/en\/#organization"},"potentialAction":[{"@type":"SearchAction","target":{"@type":"EntryPoint","urlTemplate":"https:\/\/art137studio.com\/en\/?s={search_term_string}"},"query-input":"required name=search_term_string"}],"inLanguage":"en-US"},{"@type":"Organization","@id":"https:\/\/art137studio.com\/en\/#organization","name":"Art137","url":"https:\/\/art137studio.com\/en\/","logo":{"@type":"ImageObject","inLanguage":"en-US","@id":"https:\/\/art137studio.com\/en\/#\/schema\/logo\/image\/","url":"https:\/\/art137studio.com\/wp-content\/uploads\/2022\/12\/logo-art137.svg","contentUrl":"https:\/\/art137studio.com\/wp-content\/uploads\/2022\/12\/logo-art137.svg","width":145,"height":56,"caption":"Art137"},"image":{"@id":"https:\/\/art137studio.com\/en\/#\/schema\/logo\/image\/"},"sameAs":["https:\/\/www.facebook.com\/art137"]}]}},"_links":{"self":[{"href":"https:\/\/art137studio.com\/en\/wp-json\/wp\/v2\/product\/2403","targetHints":{"allow":["GET"]}}],"collection":[{"href":"https:\/\/art137studio.com\/en\/wp-json\/wp\/v2\/product"}],"about":[{"href":"https:\/\/art137studio.com\/en\/wp-json\/wp\/v2\/types\/product"}],"wp:featuredmedia":[{"embeddable":true,"href":"https:\/\/art137studio.com\/en\/wp-json\/wp\/v2\/media\/3802"}],"wp:attachment":[{"href":"https:\/\/art137studio.com\/en\/wp-json\/wp\/v2\/media?parent=2403"}],"wp:term":[{"taxonomy":"product_brand","embeddable":true,"href":"https:\/\/art137studio.com\/en\/wp-json\/wp\/v2\/product_brand?post=2403"},{"taxonomy":"product_cat","embeddable":true,"href":"https:\/\/art137studio.com\/en\/wp-json\/wp\/v2\/product_cat?post=2403"},{"taxonomy":"product_tag","embeddable":true,"href":"https:\/\/art137studio.com\/en\/wp-json\/wp\/v2\/product_tag?post=2403"}],"curies":[{"name":"wp","href":"https:\/\/api.w.org\/{rel}","templated":true}]}}