{"id":2169,"date":"2025-04-02T16:04:49","date_gmt":"2025-04-02T16:04:49","guid":{"rendered":"https:\/\/art137studio.com\/product\/moldura-artesanal-de-madeira-de-acacia\/"},"modified":"2025-04-06T12:56:16","modified_gmt":"2025-04-06T12:56:16","slug":"frame-handmade-acacia-wood-638","status":"publish","type":"product","link":"https:\/\/art137studio.com\/en\/product\/frame-handmade-acacia-wood-638\/","title":{"rendered":"Handmade Acacia wood frame | frame (638)"},"content":{"rendered":"<p class=\"\" data-start=\"198\" data-end=\"413\">Enhance your memories and create a sophisticated decor with the <strong data-start=\"258\" data-end=\"300\">Handmade Acacia Wood Frame<\/strong>. Handmade from acacia wood, this piece brings a rustic and elegant touch to any room.<\/p>\n<p class=\"\" data-start=\"415\" data-end=\"662\">\ud83d\udc9b <strong data-start=\"536\" data-end=\"561\">Product highlights:<\/strong><br data-start=\"561\" data-end=\"564\" \/>\u2714\ufe0f Natural <strong data-start=\"567\" data-end=\"588\">acacia wood<\/strong>, resistant and durable<br data-start=\"618\" data-end=\"621\" \/>\u2714\ufe0f <strong data-start=\"624\" data-end=\"637\">Versatile:<\/strong> can be used propped up on tables or hung on the wall<br data-start=\"692\" data-end=\"695\" \/>\u2714\ufe0f <strong data-start=\"698\" data-end=\"722\">Handcrafted finish<\/strong>, guaranteeing exclusivity in each piece<br data-start=\"761\" data-end=\"764\" \/>\u2714\ufe0f <strong data-start=\"767\" data-end=\"798\">Elegant and timeless design<\/strong>, ideal for any environment<br data-start=\"828\" data-end=\"831\" \/>\u2714\ufe0f <strong data-start=\"834\" data-end=\"861\">Great gift option<\/strong> for those who appreciate unique, handcrafted decoration<\/p>\n","protected":false},"excerpt":{"rendered":"<p>Handmade acacia wood frame. For the table or wall, handmade, perfect for highlighting photos and decorating with elegance and authenticity.<\/p>\n","protected":false},"featured_media":2743,"template":"","meta":[],"product_brand":[],"product_cat":[64,79],"product_tag":[],"class_list":{"0":"post-2169","1":"product","2":"type-product","3":"status-publish","4":"has-post-thumbnail","6":"product_cat-decoration-art137-shop","7":"product_cat-handmade-wood-frames","9":"first","10":"instock","11":"taxable","12":"shipping-taxable","13":"purchasable","14":"product-type-simple"},"yoast_head":"<!-- This site is optimized with the Yoast SEO Premium plugin v21.2 (Yoast SEO v22.2) - https:\/\/yoast.com\/wordpress\/plugins\/seo\/ -->\n<title>Handmade Acacia wood frame | frame (638) - Art137<\/title>\n<meta name=\"description\" content=\"Handmade acacia wood frame. For the table or wall, handmade, perfect for highlighting photos and decorating with elegance and authenticity.\" \/>\n<meta name=\"robots\" content=\"index, follow, max-snippet:-1, max-image-preview:large, max-video-preview:-1\" \/>\n<link rel=\"canonical\" href=\"https:\/\/art137studio.com\/en\/product\/frame-handmade-acacia-wood-638\/\" \/>\n<meta property=\"og:locale\" content=\"en_US\" \/>\n<meta property=\"og:type\" content=\"article\" \/>\n<meta property=\"og:title\" content=\"Handmade Acacia wood frame | frame (638)\" \/>\n<meta property=\"og:description\" content=\"Handmade acacia wood frame. For the table or wall, handmade, perfect for highlighting photos and decorating with elegance and authenticity.\" \/>\n<meta property=\"og:url\" content=\"https:\/\/art137studio.com\/en\/product\/frame-handmade-acacia-wood-638\/\" \/>\n<meta property=\"og:site_name\" content=\"Art137\" \/>\n<meta property=\"article:publisher\" content=\"https:\/\/www.facebook.com\/art137\" \/>\n<meta property=\"article:modified_time\" content=\"2025-04-06T12:56:16+00:00\" \/>\n<meta property=\"og:image\" content=\"https:\/\/art137studio.com\/wp-content\/uploads\/2025\/04\/IMG_0633_fundo_branco-quadrada_Easy-Resize.com_.jpg\" \/>\n\t<meta property=\"og:image:width\" content=\"1280\" \/>\n\t<meta property=\"og:image:height\" content=\"1280\" \/>\n\t<meta property=\"og:image:type\" content=\"image\/jpeg\" \/>\n<meta name=\"twitter:card\" content=\"summary_large_image\" \/>\n<meta name=\"twitter:label1\" content=\"Est. reading time\" \/>\n\t<meta name=\"twitter:data1\" content=\"1 minute\" \/>\n<script type=\"application\/ld+json\" class=\"yoast-schema-graph\">{\"@context\":\"https:\/\/schema.org\",\"@graph\":[{\"@type\":\"WebPage\",\"@id\":\"https:\/\/art137studio.com\/en\/product\/frame-handmade-acacia-wood-638\/\",\"url\":\"https:\/\/art137studio.com\/en\/product\/frame-handmade-acacia-wood-638\/\",\"name\":\"Handmade Acacia wood frame | frame (638) - Art137\",\"isPartOf\":{\"@id\":\"https:\/\/art137studio.com\/en\/#website\"},\"primaryImageOfPage\":{\"@id\":\"https:\/\/art137studio.com\/en\/product\/frame-handmade-acacia-wood-638\/#primaryimage\"},\"image\":{\"@id\":\"https:\/\/art137studio.com\/en\/product\/frame-handmade-acacia-wood-638\/#primaryimage\"},\"thumbnailUrl\":\"https:\/\/art137studio.com\/wp-content\/uploads\/2025\/04\/1.png\",\"datePublished\":\"2025-04-02T16:04:49+00:00\",\"dateModified\":\"2025-04-06T12:56:16+00:00\",\"description\":\"Handmade acacia wood frame. For the table or wall, handmade, perfect for highlighting photos and decorating with elegance and authenticity.\",\"breadcrumb\":{\"@id\":\"https:\/\/art137studio.com\/en\/product\/frame-handmade-acacia-wood-638\/#breadcrumb\"},\"inLanguage\":\"en-US\",\"potentialAction\":[{\"@type\":\"ReadAction\",\"target\":[\"https:\/\/art137studio.com\/en\/product\/frame-handmade-acacia-wood-638\/\"]}]},{\"@type\":\"ImageObject\",\"inLanguage\":\"en-US\",\"@id\":\"https:\/\/art137studio.com\/en\/product\/frame-handmade-acacia-wood-638\/#primaryimage\",\"url\":\"https:\/\/art137studio.com\/wp-content\/uploads\/2025\/04\/1.png\",\"contentUrl\":\"https:\/\/art137studio.com\/wp-content\/uploads\/2025\/04\/1.png\",\"width\":1080,\"height\":1080,\"caption\":\"Moldura Artesanal de Madeira de Ac\u00e1cia frente\"},{\"@type\":\"BreadcrumbList\",\"@id\":\"https:\/\/art137studio.com\/en\/product\/frame-handmade-acacia-wood-638\/#breadcrumb\",\"itemListElement\":[{\"@type\":\"ListItem\",\"position\":1,\"name\":\"In\u00edcio\",\"item\":\"https:\/\/art137studio.com\/en\/\"},{\"@type\":\"ListItem\",\"position\":2,\"name\":\"Portuguese handicrafts &#8211; Handmade.\",\"item\":\"https:\/\/art137studio.com\/en\/\"},{\"@type\":\"ListItem\",\"position\":3,\"name\":\"Handmade Acacia wood frame | frame (638)\"}]},{\"@type\":\"WebSite\",\"@id\":\"https:\/\/art137studio.com\/en\/#website\",\"url\":\"https:\/\/art137studio.com\/en\/\",\"name\":\"Art137\",\"description\":\"A Art137 \u00e9 uma marca portuguesa, dedicada \u00e0 cria\u00e7\u00e3o de pe\u00e7as feitas \u00e0 m\u00e3o.\",\"publisher\":{\"@id\":\"https:\/\/art137studio.com\/en\/#organization\"},\"potentialAction\":[{\"@type\":\"SearchAction\",\"target\":{\"@type\":\"EntryPoint\",\"urlTemplate\":\"https:\/\/art137studio.com\/en\/?s={search_term_string}\"},\"query-input\":\"required name=search_term_string\"}],\"inLanguage\":\"en-US\"},{\"@type\":\"Organization\",\"@id\":\"https:\/\/art137studio.com\/en\/#organization\",\"name\":\"Art137\",\"url\":\"https:\/\/art137studio.com\/en\/\",\"logo\":{\"@type\":\"ImageObject\",\"inLanguage\":\"en-US\",\"@id\":\"https:\/\/art137studio.com\/en\/#\/schema\/logo\/image\/\",\"url\":\"https:\/\/art137studio.com\/wp-content\/uploads\/2022\/12\/logo-art137.svg\",\"contentUrl\":\"https:\/\/art137studio.com\/wp-content\/uploads\/2022\/12\/logo-art137.svg\",\"width\":145,\"height\":56,\"caption\":\"Art137\"},\"image\":{\"@id\":\"https:\/\/art137studio.com\/en\/#\/schema\/logo\/image\/\"},\"sameAs\":[\"https:\/\/www.facebook.com\/art137\"]}]}<\/script>\n<!-- \/ Yoast SEO Premium plugin. -->","yoast_head_json":{"title":"Handmade Acacia wood frame | frame (638) - Art137","description":"Handmade acacia wood frame. For the table or wall, handmade, perfect for highlighting photos and decorating with elegance and authenticity.","robots":{"index":"index","follow":"follow","max-snippet":"max-snippet:-1","max-image-preview":"max-image-preview:large","max-video-preview":"max-video-preview:-1"},"canonical":"https:\/\/art137studio.com\/en\/product\/frame-handmade-acacia-wood-638\/","og_locale":"en_US","og_type":"article","og_title":"Handmade Acacia wood frame | frame (638)","og_description":"Handmade acacia wood frame. For the table or wall, handmade, perfect for highlighting photos and decorating with elegance and authenticity.","og_url":"https:\/\/art137studio.com\/en\/product\/frame-handmade-acacia-wood-638\/","og_site_name":"Art137","article_publisher":"https:\/\/www.facebook.com\/art137","article_modified_time":"2025-04-06T12:56:16+00:00","og_image":[{"width":1280,"height":1280,"url":"https:\/\/art137studio.com\/wp-content\/uploads\/2025\/04\/IMG_0633_fundo_branco-quadrada_Easy-Resize.com_.jpg","type":"image\/jpeg"}],"twitter_card":"summary_large_image","twitter_misc":{"Est. reading time":"1 minute"},"schema":{"@context":"https:\/\/schema.org","@graph":[{"@type":"WebPage","@id":"https:\/\/art137studio.com\/en\/product\/frame-handmade-acacia-wood-638\/","url":"https:\/\/art137studio.com\/en\/product\/frame-handmade-acacia-wood-638\/","name":"Handmade Acacia wood frame | frame (638) - Art137","isPartOf":{"@id":"https:\/\/art137studio.com\/en\/#website"},"primaryImageOfPage":{"@id":"https:\/\/art137studio.com\/en\/product\/frame-handmade-acacia-wood-638\/#primaryimage"},"image":{"@id":"https:\/\/art137studio.com\/en\/product\/frame-handmade-acacia-wood-638\/#primaryimage"},"thumbnailUrl":"https:\/\/art137studio.com\/wp-content\/uploads\/2025\/04\/1.png","datePublished":"2025-04-02T16:04:49+00:00","dateModified":"2025-04-06T12:56:16+00:00","description":"Handmade acacia wood frame. For the table or wall, handmade, perfect for highlighting photos and decorating with elegance and authenticity.","breadcrumb":{"@id":"https:\/\/art137studio.com\/en\/product\/frame-handmade-acacia-wood-638\/#breadcrumb"},"inLanguage":"en-US","potentialAction":[{"@type":"ReadAction","target":["https:\/\/art137studio.com\/en\/product\/frame-handmade-acacia-wood-638\/"]}]},{"@type":"ImageObject","inLanguage":"en-US","@id":"https:\/\/art137studio.com\/en\/product\/frame-handmade-acacia-wood-638\/#primaryimage","url":"https:\/\/art137studio.com\/wp-content\/uploads\/2025\/04\/1.png","contentUrl":"https:\/\/art137studio.com\/wp-content\/uploads\/2025\/04\/1.png","width":1080,"height":1080,"caption":"Moldura Artesanal de Madeira de Ac\u00e1cia frente"},{"@type":"BreadcrumbList","@id":"https:\/\/art137studio.com\/en\/product\/frame-handmade-acacia-wood-638\/#breadcrumb","itemListElement":[{"@type":"ListItem","position":1,"name":"In\u00edcio","item":"https:\/\/art137studio.com\/en\/"},{"@type":"ListItem","position":2,"name":"Portuguese handicrafts &#8211; Handmade.","item":"https:\/\/art137studio.com\/en\/"},{"@type":"ListItem","position":3,"name":"Handmade Acacia wood frame | frame (638)"}]},{"@type":"WebSite","@id":"https:\/\/art137studio.com\/en\/#website","url":"https:\/\/art137studio.com\/en\/","name":"Art137","description":"A Art137 \u00e9 uma marca portuguesa, dedicada \u00e0 cria\u00e7\u00e3o de pe\u00e7as feitas \u00e0 m\u00e3o.","publisher":{"@id":"https:\/\/art137studio.com\/en\/#organization"},"potentialAction":[{"@type":"SearchAction","target":{"@type":"EntryPoint","urlTemplate":"https:\/\/art137studio.com\/en\/?s={search_term_string}"},"query-input":"required name=search_term_string"}],"inLanguage":"en-US"},{"@type":"Organization","@id":"https:\/\/art137studio.com\/en\/#organization","name":"Art137","url":"https:\/\/art137studio.com\/en\/","logo":{"@type":"ImageObject","inLanguage":"en-US","@id":"https:\/\/art137studio.com\/en\/#\/schema\/logo\/image\/","url":"https:\/\/art137studio.com\/wp-content\/uploads\/2022\/12\/logo-art137.svg","contentUrl":"https:\/\/art137studio.com\/wp-content\/uploads\/2022\/12\/logo-art137.svg","width":145,"height":56,"caption":"Art137"},"image":{"@id":"https:\/\/art137studio.com\/en\/#\/schema\/logo\/image\/"},"sameAs":["https:\/\/www.facebook.com\/art137"]}]}},"_links":{"self":[{"href":"https:\/\/art137studio.com\/en\/wp-json\/wp\/v2\/product\/2169","targetHints":{"allow":["GET"]}}],"collection":[{"href":"https:\/\/art137studio.com\/en\/wp-json\/wp\/v2\/product"}],"about":[{"href":"https:\/\/art137studio.com\/en\/wp-json\/wp\/v2\/types\/product"}],"wp:featuredmedia":[{"embeddable":true,"href":"https:\/\/art137studio.com\/en\/wp-json\/wp\/v2\/media\/2743"}],"wp:attachment":[{"href":"https:\/\/art137studio.com\/en\/wp-json\/wp\/v2\/media?parent=2169"}],"wp:term":[{"taxonomy":"product_brand","embeddable":true,"href":"https:\/\/art137studio.com\/en\/wp-json\/wp\/v2\/product_brand?post=2169"},{"taxonomy":"product_cat","embeddable":true,"href":"https:\/\/art137studio.com\/en\/wp-json\/wp\/v2\/product_cat?post=2169"},{"taxonomy":"product_tag","embeddable":true,"href":"https:\/\/art137studio.com\/en\/wp-json\/wp\/v2\/product_tag?post=2169"}],"curies":[{"name":"wp","href":"https:\/\/api.w.org\/{rel}","templated":true}]}}