{"id":2083,"date":"2024-03-03T23:34:12","date_gmt":"2024-03-03T23:34:12","guid":{"rendered":"https:\/\/art137studio.com\/product\/walnut-wood-hanger-similitude\/"},"modified":"2025-12-13T17:32:49","modified_gmt":"2025-12-13T17:32:49","slug":"handcrafted-walnut-wood-wall-hook-similitude","status":"publish","type":"product","link":"https:\/\/art137studio.com\/en\/product\/handcrafted-walnut-wood-wall-hook-similitude\/","title":{"rendered":"Handmade Walnut Hanger | Similitude"},"content":{"rendered":"<p><strong>Handmade hanger in walnut wood | Similitude<\/strong><\/p>\n<p><strong>This handmade hanger is a unique, decorative and practical piece, perfect for organizing and decorating your space.<\/strong><\/p>\n<p><strong>Handmade from solid walnut wood<\/strong>, the hanger has a rich texture and a soft-touch finish. Walnut wood is known for its natural beauty and durability, ensuring that this hanger will be a functional and decorative item for many years to come. <\/p>\n<p><strong>The 5 handmade hooks in lacquered iron<\/strong> add a touch of authenticity and originality to the hanger, as well as offering space to hang scarves, ties, coats, bags, hats, keys and much more.<\/p>\n<p>Add a touch of authenticity to your home with this <strong>handmade walnut hanger<\/strong>. A product designed to last and delight. <\/p>\n","protected":false},"excerpt":{"rendered":"<p>Handmade hanger made of solid walnut wood, with 5 lacquered iron hooks. Perfect for organizing and decorating any room with style and functionality. <\/p>\n","protected":false},"featured_media":1511,"template":"","meta":[],"product_brand":[],"product_cat":[367,197],"product_tag":[],"class_list":{"0":"post-2083","1":"product","2":"type-product","3":"status-publish","4":"has-post-thumbnail","6":"product_cat-coat-racks-and-stands-cat","7":"product_cat-decorative-pieces-art137","8":"product_shipping_class-ctt-1-5kg-classe","10":"first","11":"instock","12":"taxable","13":"shipping-taxable","14":"purchasable","15":"product-type-simple"},"yoast_head":"<!-- This site is optimized with the Yoast SEO Premium plugin v21.2 (Yoast SEO v22.2) - https:\/\/yoast.com\/wordpress\/plugins\/seo\/ -->\n<title>Handmade Walnut Hanger | Similitude - Art137<\/title>\n<meta name=\"description\" content=\"Handmade hanger made of solid walnut wood with 5 lacquered iron hooks. A unique, decorative and practical design for organizing and decorating your space.\" \/>\n<meta name=\"robots\" content=\"index, follow, max-snippet:-1, max-image-preview:large, max-video-preview:-1\" \/>\n<link rel=\"canonical\" href=\"https:\/\/art137studio.com\/en\/product\/handcrafted-walnut-wood-wall-hook-similitude\/\" \/>\n<meta property=\"og:locale\" content=\"en_US\" \/>\n<meta property=\"og:type\" content=\"article\" \/>\n<meta property=\"og:title\" content=\"Handmade Walnut Hanger | Similitude\" \/>\n<meta property=\"og:description\" content=\"Handmade hanger made of solid walnut wood with 5 lacquered iron hooks. A unique, decorative and practical design for organizing and decorating your space.\" \/>\n<meta property=\"og:url\" content=\"https:\/\/art137studio.com\/en\/product\/handcrafted-walnut-wood-wall-hook-similitude\/\" \/>\n<meta property=\"og:site_name\" content=\"Art137\" \/>\n<meta property=\"article:publisher\" content=\"https:\/\/www.facebook.com\/art137\" \/>\n<meta property=\"article:modified_time\" content=\"2025-12-13T17:32:49+00:00\" \/>\n<meta property=\"og:image\" content=\"https:\/\/art137studio.com\/wp-content\/uploads\/2024\/03\/IMG_1436_bk_quadrada-1024x1024.png\" \/>\n\t<meta property=\"og:image:width\" content=\"1024\" \/>\n\t<meta property=\"og:image:height\" content=\"1024\" \/>\n\t<meta property=\"og:image:type\" content=\"image\/png\" \/>\n<meta name=\"twitter:card\" content=\"summary_large_image\" \/>\n<meta name=\"twitter:label1\" content=\"Est. reading time\" \/>\n\t<meta name=\"twitter:data1\" content=\"1 minute\" \/>\n<script type=\"application\/ld+json\" class=\"yoast-schema-graph\">{\"@context\":\"https:\/\/schema.org\",\"@graph\":[{\"@type\":\"WebPage\",\"@id\":\"https:\/\/art137studio.com\/en\/product\/handcrafted-walnut-wood-wall-hook-similitude\/\",\"url\":\"https:\/\/art137studio.com\/en\/product\/handcrafted-walnut-wood-wall-hook-similitude\/\",\"name\":\"Handmade Walnut Hanger | Similitude - Art137\",\"isPartOf\":{\"@id\":\"https:\/\/art137studio.com\/en\/#website\"},\"primaryImageOfPage\":{\"@id\":\"https:\/\/art137studio.com\/en\/product\/handcrafted-walnut-wood-wall-hook-similitude\/#primaryimage\"},\"image\":{\"@id\":\"https:\/\/art137studio.com\/en\/product\/handcrafted-walnut-wood-wall-hook-similitude\/#primaryimage\"},\"thumbnailUrl\":\"https:\/\/art137studio.com\/wp-content\/uploads\/2024\/03\/IMG_1436_bk_quadrada.png\",\"datePublished\":\"2024-03-03T23:34:12+00:00\",\"dateModified\":\"2025-12-13T17:32:49+00:00\",\"description\":\"Handmade hanger made of solid walnut wood with 5 lacquered iron hooks. A unique, decorative and practical design for organizing and decorating your space.\",\"breadcrumb\":{\"@id\":\"https:\/\/art137studio.com\/en\/product\/handcrafted-walnut-wood-wall-hook-similitude\/#breadcrumb\"},\"inLanguage\":\"en-US\",\"potentialAction\":[{\"@type\":\"ReadAction\",\"target\":[\"https:\/\/art137studio.com\/en\/product\/handcrafted-walnut-wood-wall-hook-similitude\/\"]}]},{\"@type\":\"ImageObject\",\"inLanguage\":\"en-US\",\"@id\":\"https:\/\/art137studio.com\/en\/product\/handcrafted-walnut-wood-wall-hook-similitude\/#primaryimage\",\"url\":\"https:\/\/art137studio.com\/wp-content\/uploads\/2024\/03\/IMG_1436_bk_quadrada.png\",\"contentUrl\":\"https:\/\/art137studio.com\/wp-content\/uploads\/2024\/03\/IMG_1436_bk_quadrada.png\",\"width\":4752,\"height\":4752,\"caption\":\"Handmade walnut hanger with iron hooks\"},{\"@type\":\"BreadcrumbList\",\"@id\":\"https:\/\/art137studio.com\/en\/product\/handcrafted-walnut-wood-wall-hook-similitude\/#breadcrumb\",\"itemListElement\":[{\"@type\":\"ListItem\",\"position\":1,\"name\":\"In\u00edcio\",\"item\":\"https:\/\/art137studio.com\/en\/\"},{\"@type\":\"ListItem\",\"position\":2,\"name\":\"Portuguese handicrafts &#8211; Handmade.\",\"item\":\"https:\/\/art137studio.com\/en\/\"},{\"@type\":\"ListItem\",\"position\":3,\"name\":\"Handmade Walnut Hanger | Similitude\"}]},{\"@type\":\"WebSite\",\"@id\":\"https:\/\/art137studio.com\/en\/#website\",\"url\":\"https:\/\/art137studio.com\/en\/\",\"name\":\"Art137\",\"description\":\"A Art137 \u00e9 uma marca portuguesa, dedicada \u00e0 cria\u00e7\u00e3o de pe\u00e7as feitas \u00e0 m\u00e3o.\",\"publisher\":{\"@id\":\"https:\/\/art137studio.com\/en\/#organization\"},\"potentialAction\":[{\"@type\":\"SearchAction\",\"target\":{\"@type\":\"EntryPoint\",\"urlTemplate\":\"https:\/\/art137studio.com\/en\/?s={search_term_string}\"},\"query-input\":\"required name=search_term_string\"}],\"inLanguage\":\"en-US\"},{\"@type\":\"Organization\",\"@id\":\"https:\/\/art137studio.com\/en\/#organization\",\"name\":\"Art137\",\"url\":\"https:\/\/art137studio.com\/en\/\",\"logo\":{\"@type\":\"ImageObject\",\"inLanguage\":\"en-US\",\"@id\":\"https:\/\/art137studio.com\/en\/#\/schema\/logo\/image\/\",\"url\":\"https:\/\/art137studio.com\/wp-content\/uploads\/2022\/12\/logo-art137.svg\",\"contentUrl\":\"https:\/\/art137studio.com\/wp-content\/uploads\/2022\/12\/logo-art137.svg\",\"width\":145,\"height\":56,\"caption\":\"Art137\"},\"image\":{\"@id\":\"https:\/\/art137studio.com\/en\/#\/schema\/logo\/image\/\"},\"sameAs\":[\"https:\/\/www.facebook.com\/art137\"]}]}<\/script>\n<!-- \/ Yoast SEO Premium plugin. -->","yoast_head_json":{"title":"Handmade Walnut Hanger | Similitude - Art137","description":"Handmade hanger made of solid walnut wood with 5 lacquered iron hooks. A unique, decorative and practical design for organizing and decorating your space.","robots":{"index":"index","follow":"follow","max-snippet":"max-snippet:-1","max-image-preview":"max-image-preview:large","max-video-preview":"max-video-preview:-1"},"canonical":"https:\/\/art137studio.com\/en\/product\/handcrafted-walnut-wood-wall-hook-similitude\/","og_locale":"en_US","og_type":"article","og_title":"Handmade Walnut Hanger | Similitude","og_description":"Handmade hanger made of solid walnut wood with 5 lacquered iron hooks. A unique, decorative and practical design for organizing and decorating your space.","og_url":"https:\/\/art137studio.com\/en\/product\/handcrafted-walnut-wood-wall-hook-similitude\/","og_site_name":"Art137","article_publisher":"https:\/\/www.facebook.com\/art137","article_modified_time":"2025-12-13T17:32:49+00:00","og_image":[{"width":1024,"height":1024,"url":"https:\/\/art137studio.com\/wp-content\/uploads\/2024\/03\/IMG_1436_bk_quadrada-1024x1024.png","type":"image\/png"}],"twitter_card":"summary_large_image","twitter_misc":{"Est. reading time":"1 minute"},"schema":{"@context":"https:\/\/schema.org","@graph":[{"@type":"WebPage","@id":"https:\/\/art137studio.com\/en\/product\/handcrafted-walnut-wood-wall-hook-similitude\/","url":"https:\/\/art137studio.com\/en\/product\/handcrafted-walnut-wood-wall-hook-similitude\/","name":"Handmade Walnut Hanger | Similitude - Art137","isPartOf":{"@id":"https:\/\/art137studio.com\/en\/#website"},"primaryImageOfPage":{"@id":"https:\/\/art137studio.com\/en\/product\/handcrafted-walnut-wood-wall-hook-similitude\/#primaryimage"},"image":{"@id":"https:\/\/art137studio.com\/en\/product\/handcrafted-walnut-wood-wall-hook-similitude\/#primaryimage"},"thumbnailUrl":"https:\/\/art137studio.com\/wp-content\/uploads\/2024\/03\/IMG_1436_bk_quadrada.png","datePublished":"2024-03-03T23:34:12+00:00","dateModified":"2025-12-13T17:32:49+00:00","description":"Handmade hanger made of solid walnut wood with 5 lacquered iron hooks. A unique, decorative and practical design for organizing and decorating your space.","breadcrumb":{"@id":"https:\/\/art137studio.com\/en\/product\/handcrafted-walnut-wood-wall-hook-similitude\/#breadcrumb"},"inLanguage":"en-US","potentialAction":[{"@type":"ReadAction","target":["https:\/\/art137studio.com\/en\/product\/handcrafted-walnut-wood-wall-hook-similitude\/"]}]},{"@type":"ImageObject","inLanguage":"en-US","@id":"https:\/\/art137studio.com\/en\/product\/handcrafted-walnut-wood-wall-hook-similitude\/#primaryimage","url":"https:\/\/art137studio.com\/wp-content\/uploads\/2024\/03\/IMG_1436_bk_quadrada.png","contentUrl":"https:\/\/art137studio.com\/wp-content\/uploads\/2024\/03\/IMG_1436_bk_quadrada.png","width":4752,"height":4752,"caption":"Handmade walnut hanger with iron hooks"},{"@type":"BreadcrumbList","@id":"https:\/\/art137studio.com\/en\/product\/handcrafted-walnut-wood-wall-hook-similitude\/#breadcrumb","itemListElement":[{"@type":"ListItem","position":1,"name":"In\u00edcio","item":"https:\/\/art137studio.com\/en\/"},{"@type":"ListItem","position":2,"name":"Portuguese handicrafts &#8211; Handmade.","item":"https:\/\/art137studio.com\/en\/"},{"@type":"ListItem","position":3,"name":"Handmade Walnut Hanger | Similitude"}]},{"@type":"WebSite","@id":"https:\/\/art137studio.com\/en\/#website","url":"https:\/\/art137studio.com\/en\/","name":"Art137","description":"A Art137 \u00e9 uma marca portuguesa, dedicada \u00e0 cria\u00e7\u00e3o de pe\u00e7as feitas \u00e0 m\u00e3o.","publisher":{"@id":"https:\/\/art137studio.com\/en\/#organization"},"potentialAction":[{"@type":"SearchAction","target":{"@type":"EntryPoint","urlTemplate":"https:\/\/art137studio.com\/en\/?s={search_term_string}"},"query-input":"required name=search_term_string"}],"inLanguage":"en-US"},{"@type":"Organization","@id":"https:\/\/art137studio.com\/en\/#organization","name":"Art137","url":"https:\/\/art137studio.com\/en\/","logo":{"@type":"ImageObject","inLanguage":"en-US","@id":"https:\/\/art137studio.com\/en\/#\/schema\/logo\/image\/","url":"https:\/\/art137studio.com\/wp-content\/uploads\/2022\/12\/logo-art137.svg","contentUrl":"https:\/\/art137studio.com\/wp-content\/uploads\/2022\/12\/logo-art137.svg","width":145,"height":56,"caption":"Art137"},"image":{"@id":"https:\/\/art137studio.com\/en\/#\/schema\/logo\/image\/"},"sameAs":["https:\/\/www.facebook.com\/art137"]}]}},"_links":{"self":[{"href":"https:\/\/art137studio.com\/en\/wp-json\/wp\/v2\/product\/2083","targetHints":{"allow":["GET"]}}],"collection":[{"href":"https:\/\/art137studio.com\/en\/wp-json\/wp\/v2\/product"}],"about":[{"href":"https:\/\/art137studio.com\/en\/wp-json\/wp\/v2\/types\/product"}],"wp:featuredmedia":[{"embeddable":true,"href":"https:\/\/art137studio.com\/en\/wp-json\/wp\/v2\/media\/1511"}],"wp:attachment":[{"href":"https:\/\/art137studio.com\/en\/wp-json\/wp\/v2\/media?parent=2083"}],"wp:term":[{"taxonomy":"product_brand","embeddable":true,"href":"https:\/\/art137studio.com\/en\/wp-json\/wp\/v2\/product_brand?post=2083"},{"taxonomy":"product_cat","embeddable":true,"href":"https:\/\/art137studio.com\/en\/wp-json\/wp\/v2\/product_cat?post=2083"},{"taxonomy":"product_tag","embeddable":true,"href":"https:\/\/art137studio.com\/en\/wp-json\/wp\/v2\/product_tag?post=2083"}],"curies":[{"name":"wp","href":"https:\/\/api.w.org\/{rel}","templated":true}]}}