{"id":1270,"date":"2024-02-22T19:24:55","date_gmt":"2024-02-22T19:24:55","guid":{"rendered":"https:\/\/art137studio.com\/?post_type=product&#038;p=1270"},"modified":"2025-01-09T19:21:16","modified_gmt":"2025-01-09T19:21:16","slug":"mirror-resin-rodelas-overcompositio","status":"publish","type":"product","link":"https:\/\/art137studio.com\/en\/product\/mirror-resin-rodelas-overcompositio\/","title":{"rendered":"Resin mirror with cork oak slices | Compositio"},"content":{"rendered":"<p><strong>Resin mirror with handmade cork oak slices Unique<\/strong> | Compositio<\/p>\n<p>This <strong>handmade mirror<\/strong> is a unique piece, made from <strong>crystal resin<\/strong> and flower-shaped <strong>cork oak slices<\/strong>. The combination of the transparency of the resin and the natural texture of the cork oak creates a unique and elegant effect.<\/p>\n<p>Get this piece to add a distinctive, contemporary touch to your decor.<\/p>\n<hr>\n<p><strong>Important<\/strong>: Due to the size and weight characteristics of this piece, when adding it to the cart, the only shipping method available will be: <strong>Pickup at the Art137 Studio<\/strong>.<\/p>\n<p>However, if you prefer to see the piece before deciding to buy it, you can reserve it for 10 days ( <strong>Reserve<\/strong> button).<br \/>\nFill in the form to reserve the piece and schedule your visit, allowing you to decide with peace of mind whether you want to buy it.<br \/>\nRead more in <a href=\"https:\/\/art137studio.com\/en\/piece-reservation-policy\/\">Piece Reservation Policy<\/a><\/p>\n","protected":false},"excerpt":{"rendered":"<p>Resin mirror with cork oak slices Handmade Unique! This flower-shaped mirror is made from resin and cork oak slices, creating a unique effect.<\/p>\n","protected":false},"featured_media":1951,"template":"","meta":[],"product_brand":[],"product_cat":[51,285],"product_tag":[],"class_list":{"0":"post-1270","1":"product","2":"type-product","3":"status-publish","4":"has-post-thumbnail","6":"product_cat-mirrors","7":"product_cat-mirror-wood-and-resin","8":"product_shipping_class-local_pickup","10":"first","11":"instock","12":"sold-individually","13":"purchasable","14":"product-type-simple"},"yoast_head":"<!-- This site is optimized with the Yoast SEO Premium plugin v21.2 (Yoast SEO v22.2) - https:\/\/yoast.com\/wordpress\/plugins\/seo\/ -->\n<title>Resin mirror with cork oak slices | Compositio - Art137<\/title>\n<meta name=\"description\" content=\"Resin mirror with cork oak slices Handmade Unique! This flower-shaped mirror is made from resin and cork oak slices, creating a unique effect.\" \/>\n<meta name=\"robots\" content=\"index, follow, max-snippet:-1, max-image-preview:large, max-video-preview:-1\" \/>\n<link rel=\"canonical\" href=\"https:\/\/art137studio.com\/en\/product\/mirror-resin-rodelas-overcompositio\/\" \/>\n<meta property=\"og:locale\" content=\"en_US\" \/>\n<meta property=\"og:type\" content=\"article\" \/>\n<meta property=\"og:title\" content=\"Resin mirror with cork oak slices | Compositio\" \/>\n<meta property=\"og:description\" content=\"Resin mirror with cork oak slices Handmade Unique! This flower-shaped mirror is made from resin and cork oak slices, creating a unique effect.\" \/>\n<meta property=\"og:url\" content=\"https:\/\/art137studio.com\/en\/product\/mirror-resin-rodelas-overcompositio\/\" \/>\n<meta property=\"og:site_name\" content=\"Art137\" \/>\n<meta property=\"article:publisher\" content=\"https:\/\/www.facebook.com\/art137\" \/>\n<meta property=\"article:modified_time\" content=\"2025-01-09T19:21:16+00:00\" \/>\n<meta property=\"og:image\" content=\"https:\/\/art137studio.com\/wp-content\/uploads\/2024\/02\/espelho-flor-resina-sobreiro-bk-meio-espelho-1.png\" \/>\n\t<meta property=\"og:image:width\" content=\"499\" \/>\n\t<meta property=\"og:image:height\" content=\"499\" \/>\n\t<meta property=\"og:image:type\" content=\"image\/png\" \/>\n<meta name=\"twitter:card\" content=\"summary_large_image\" \/>\n<meta name=\"twitter:label1\" content=\"Est. reading time\" \/>\n\t<meta name=\"twitter:data1\" content=\"1 minute\" \/>\n<script type=\"application\/ld+json\" class=\"yoast-schema-graph\">{\"@context\":\"https:\/\/schema.org\",\"@graph\":[{\"@type\":\"WebPage\",\"@id\":\"https:\/\/art137studio.com\/en\/product\/mirror-resin-rodelas-overcompositio\/\",\"url\":\"https:\/\/art137studio.com\/en\/product\/mirror-resin-rodelas-overcompositio\/\",\"name\":\"Resin mirror with cork oak slices | Compositio - Art137\",\"isPartOf\":{\"@id\":\"https:\/\/art137studio.com\/en\/#website\"},\"primaryImageOfPage\":{\"@id\":\"https:\/\/art137studio.com\/en\/product\/mirror-resin-rodelas-overcompositio\/#primaryimage\"},\"image\":{\"@id\":\"https:\/\/art137studio.com\/en\/product\/mirror-resin-rodelas-overcompositio\/#primaryimage\"},\"thumbnailUrl\":\"https:\/\/art137studio.com\/wp-content\/uploads\/2024\/02\/espelho-flor-resina-sobreiro-bk-meio-espelho-1.png\",\"datePublished\":\"2024-02-22T19:24:55+00:00\",\"dateModified\":\"2025-01-09T19:21:16+00:00\",\"description\":\"Resin mirror with cork oak slices Handmade Unique! This flower-shaped mirror is made from resin and cork oak slices, creating a unique effect.\",\"breadcrumb\":{\"@id\":\"https:\/\/art137studio.com\/en\/product\/mirror-resin-rodelas-overcompositio\/#breadcrumb\"},\"inLanguage\":\"en-US\",\"potentialAction\":[{\"@type\":\"ReadAction\",\"target\":[\"https:\/\/art137studio.com\/en\/product\/mirror-resin-rodelas-overcompositio\/\"]}]},{\"@type\":\"ImageObject\",\"inLanguage\":\"en-US\",\"@id\":\"https:\/\/art137studio.com\/en\/product\/mirror-resin-rodelas-overcompositio\/#primaryimage\",\"url\":\"https:\/\/art137studio.com\/wp-content\/uploads\/2024\/02\/espelho-flor-resina-sobreiro-bk-meio-espelho-1.png\",\"contentUrl\":\"https:\/\/art137studio.com\/wp-content\/uploads\/2024\/02\/espelho-flor-resina-sobreiro-bk-meio-espelho-1.png\",\"width\":499,\"height\":499},{\"@type\":\"BreadcrumbList\",\"@id\":\"https:\/\/art137studio.com\/en\/product\/mirror-resin-rodelas-overcompositio\/#breadcrumb\",\"itemListElement\":[{\"@type\":\"ListItem\",\"position\":1,\"name\":\"In\u00edcio\",\"item\":\"https:\/\/art137studio.com\/en\/\"},{\"@type\":\"ListItem\",\"position\":2,\"name\":\"Portuguese handicrafts &#8211; Handmade.\",\"item\":\"https:\/\/art137studio.com\/en\/\"},{\"@type\":\"ListItem\",\"position\":3,\"name\":\"Resin mirror with cork oak slices | Compositio\"}]},{\"@type\":\"WebSite\",\"@id\":\"https:\/\/art137studio.com\/en\/#website\",\"url\":\"https:\/\/art137studio.com\/en\/\",\"name\":\"Art137\",\"description\":\"A Art137 \u00e9 uma marca portuguesa, dedicada \u00e0 cria\u00e7\u00e3o de pe\u00e7as feitas \u00e0 m\u00e3o.\",\"publisher\":{\"@id\":\"https:\/\/art137studio.com\/en\/#organization\"},\"potentialAction\":[{\"@type\":\"SearchAction\",\"target\":{\"@type\":\"EntryPoint\",\"urlTemplate\":\"https:\/\/art137studio.com\/en\/?s={search_term_string}\"},\"query-input\":\"required name=search_term_string\"}],\"inLanguage\":\"en-US\"},{\"@type\":\"Organization\",\"@id\":\"https:\/\/art137studio.com\/en\/#organization\",\"name\":\"Art137\",\"url\":\"https:\/\/art137studio.com\/en\/\",\"logo\":{\"@type\":\"ImageObject\",\"inLanguage\":\"en-US\",\"@id\":\"https:\/\/art137studio.com\/en\/#\/schema\/logo\/image\/\",\"url\":\"https:\/\/art137studio.com\/wp-content\/uploads\/2022\/12\/logo-art137.svg\",\"contentUrl\":\"https:\/\/art137studio.com\/wp-content\/uploads\/2022\/12\/logo-art137.svg\",\"width\":145,\"height\":56,\"caption\":\"Art137\"},\"image\":{\"@id\":\"https:\/\/art137studio.com\/en\/#\/schema\/logo\/image\/\"},\"sameAs\":[\"https:\/\/www.facebook.com\/art137\"]}]}<\/script>\n<!-- \/ Yoast SEO Premium plugin. -->","yoast_head_json":{"title":"Resin mirror with cork oak slices | Compositio - Art137","description":"Resin mirror with cork oak slices Handmade Unique! This flower-shaped mirror is made from resin and cork oak slices, creating a unique effect.","robots":{"index":"index","follow":"follow","max-snippet":"max-snippet:-1","max-image-preview":"max-image-preview:large","max-video-preview":"max-video-preview:-1"},"canonical":"https:\/\/art137studio.com\/en\/product\/mirror-resin-rodelas-overcompositio\/","og_locale":"en_US","og_type":"article","og_title":"Resin mirror with cork oak slices | Compositio","og_description":"Resin mirror with cork oak slices Handmade Unique! This flower-shaped mirror is made from resin and cork oak slices, creating a unique effect.","og_url":"https:\/\/art137studio.com\/en\/product\/mirror-resin-rodelas-overcompositio\/","og_site_name":"Art137","article_publisher":"https:\/\/www.facebook.com\/art137","article_modified_time":"2025-01-09T19:21:16+00:00","og_image":[{"width":499,"height":499,"url":"https:\/\/art137studio.com\/wp-content\/uploads\/2024\/02\/espelho-flor-resina-sobreiro-bk-meio-espelho-1.png","type":"image\/png"}],"twitter_card":"summary_large_image","twitter_misc":{"Est. reading time":"1 minute"},"schema":{"@context":"https:\/\/schema.org","@graph":[{"@type":"WebPage","@id":"https:\/\/art137studio.com\/en\/product\/mirror-resin-rodelas-overcompositio\/","url":"https:\/\/art137studio.com\/en\/product\/mirror-resin-rodelas-overcompositio\/","name":"Resin mirror with cork oak slices | Compositio - Art137","isPartOf":{"@id":"https:\/\/art137studio.com\/en\/#website"},"primaryImageOfPage":{"@id":"https:\/\/art137studio.com\/en\/product\/mirror-resin-rodelas-overcompositio\/#primaryimage"},"image":{"@id":"https:\/\/art137studio.com\/en\/product\/mirror-resin-rodelas-overcompositio\/#primaryimage"},"thumbnailUrl":"https:\/\/art137studio.com\/wp-content\/uploads\/2024\/02\/espelho-flor-resina-sobreiro-bk-meio-espelho-1.png","datePublished":"2024-02-22T19:24:55+00:00","dateModified":"2025-01-09T19:21:16+00:00","description":"Resin mirror with cork oak slices Handmade Unique! This flower-shaped mirror is made from resin and cork oak slices, creating a unique effect.","breadcrumb":{"@id":"https:\/\/art137studio.com\/en\/product\/mirror-resin-rodelas-overcompositio\/#breadcrumb"},"inLanguage":"en-US","potentialAction":[{"@type":"ReadAction","target":["https:\/\/art137studio.com\/en\/product\/mirror-resin-rodelas-overcompositio\/"]}]},{"@type":"ImageObject","inLanguage":"en-US","@id":"https:\/\/art137studio.com\/en\/product\/mirror-resin-rodelas-overcompositio\/#primaryimage","url":"https:\/\/art137studio.com\/wp-content\/uploads\/2024\/02\/espelho-flor-resina-sobreiro-bk-meio-espelho-1.png","contentUrl":"https:\/\/art137studio.com\/wp-content\/uploads\/2024\/02\/espelho-flor-resina-sobreiro-bk-meio-espelho-1.png","width":499,"height":499},{"@type":"BreadcrumbList","@id":"https:\/\/art137studio.com\/en\/product\/mirror-resin-rodelas-overcompositio\/#breadcrumb","itemListElement":[{"@type":"ListItem","position":1,"name":"In\u00edcio","item":"https:\/\/art137studio.com\/en\/"},{"@type":"ListItem","position":2,"name":"Portuguese handicrafts &#8211; Handmade.","item":"https:\/\/art137studio.com\/en\/"},{"@type":"ListItem","position":3,"name":"Resin mirror with cork oak slices | Compositio"}]},{"@type":"WebSite","@id":"https:\/\/art137studio.com\/en\/#website","url":"https:\/\/art137studio.com\/en\/","name":"Art137","description":"A Art137 \u00e9 uma marca portuguesa, dedicada \u00e0 cria\u00e7\u00e3o de pe\u00e7as feitas \u00e0 m\u00e3o.","publisher":{"@id":"https:\/\/art137studio.com\/en\/#organization"},"potentialAction":[{"@type":"SearchAction","target":{"@type":"EntryPoint","urlTemplate":"https:\/\/art137studio.com\/en\/?s={search_term_string}"},"query-input":"required name=search_term_string"}],"inLanguage":"en-US"},{"@type":"Organization","@id":"https:\/\/art137studio.com\/en\/#organization","name":"Art137","url":"https:\/\/art137studio.com\/en\/","logo":{"@type":"ImageObject","inLanguage":"en-US","@id":"https:\/\/art137studio.com\/en\/#\/schema\/logo\/image\/","url":"https:\/\/art137studio.com\/wp-content\/uploads\/2022\/12\/logo-art137.svg","contentUrl":"https:\/\/art137studio.com\/wp-content\/uploads\/2022\/12\/logo-art137.svg","width":145,"height":56,"caption":"Art137"},"image":{"@id":"https:\/\/art137studio.com\/en\/#\/schema\/logo\/image\/"},"sameAs":["https:\/\/www.facebook.com\/art137"]}]}},"_links":{"self":[{"href":"https:\/\/art137studio.com\/en\/wp-json\/wp\/v2\/product\/1270","targetHints":{"allow":["GET"]}}],"collection":[{"href":"https:\/\/art137studio.com\/en\/wp-json\/wp\/v2\/product"}],"about":[{"href":"https:\/\/art137studio.com\/en\/wp-json\/wp\/v2\/types\/product"}],"wp:featuredmedia":[{"embeddable":true,"href":"https:\/\/art137studio.com\/en\/wp-json\/wp\/v2\/media\/1951"}],"wp:attachment":[{"href":"https:\/\/art137studio.com\/en\/wp-json\/wp\/v2\/media?parent=1270"}],"wp:term":[{"taxonomy":"product_brand","embeddable":true,"href":"https:\/\/art137studio.com\/en\/wp-json\/wp\/v2\/product_brand?post=1270"},{"taxonomy":"product_cat","embeddable":true,"href":"https:\/\/art137studio.com\/en\/wp-json\/wp\/v2\/product_cat?post=1270"},{"taxonomy":"product_tag","embeddable":true,"href":"https:\/\/art137studio.com\/en\/wp-json\/wp\/v2\/product_tag?post=1270"}],"curies":[{"name":"wp","href":"https:\/\/api.w.org\/{rel}","templated":true}]}}