{"id":1264,"date":"2023-04-05T16:28:00","date_gmt":"2023-04-05T16:28:00","guid":{"rendered":"https:\/\/art137studio.com\/product\/mirror-in-wood-and-resin-singularii-wheel\/"},"modified":"2024-02-16T16:49:10","modified_gmt":"2024-02-16T16:49:10","slug":"mirror-in-wood-and-resin-singularii-wheel","status":"publish","type":"product","link":"https:\/\/art137studio.com\/en\/product\/mirror-in-wood-and-resin-singularii-wheel\/","title":{"rendered":"Australian Wood and Resin Round Mirror | singulariI"},"content":{"rendered":"<p><strong>Australian Wood and Resin Mirror <\/strong>| singulariI<\/p>\n<p>Introducing our mirror in Australian wood with resin, a unique and elegant piece that will add a touch of natural beauty to any space. The wood is carefully selected and crafted to achieve harmony with the resin. A unique piece, with variations in texture and color in the wood and resin, making the mirror an exclusive work of art.<\/p>\n","protected":false},"excerpt":{"rendered":"<p>Australian Wood and Resin Round Mirror &#8211; A unique and elegant piece that will add a touch of natural beauty to any space<\/p>\n","protected":false},"featured_media":2104,"template":"","meta":[],"product_brand":[],"product_cat":[45],"product_tag":[],"class_list":{"0":"post-1264","1":"product","2":"type-product","3":"status-publish","4":"has-post-thumbnail","6":"product_cat-portfolio","8":"first","9":"outofstock","10":"taxable","11":"shipping-taxable","12":"purchasable","13":"product-type-simple"},"yoast_head":"<!-- This site is optimized with the Yoast SEO Premium plugin v21.2 (Yoast SEO v22.2) - https:\/\/yoast.com\/wordpress\/plugins\/seo\/ -->\n<title>Australian Wood and Resin Round Mirror | singulariI - Art137<\/title>\n<meta name=\"description\" content=\"Australian Wood and Resin Round Mirror - A unique and elegant piece that will add a touch of natural beauty to any space\" \/>\n<meta name=\"robots\" content=\"index, follow, max-snippet:-1, max-image-preview:large, max-video-preview:-1\" \/>\n<link rel=\"canonical\" href=\"https:\/\/art137studio.com\/en\/product\/mirror-in-wood-and-resin-singularii-wheel\/\" \/>\n<meta property=\"og:locale\" content=\"en_US\" \/>\n<meta property=\"og:type\" content=\"article\" \/>\n<meta property=\"og:title\" content=\"Australian Wood and Resin Round Mirror | singulariI\" \/>\n<meta property=\"og:description\" content=\"Australian Wood and Resin Round Mirror - A unique and elegant piece that will add a touch of natural beauty to any space\" \/>\n<meta property=\"og:url\" content=\"https:\/\/art137studio.com\/en\/product\/mirror-in-wood-and-resin-singularii-wheel\/\" \/>\n<meta property=\"og:site_name\" content=\"Art137\" \/>\n<meta property=\"article:publisher\" content=\"https:\/\/www.facebook.com\/art137\" \/>\n<meta property=\"article:modified_time\" content=\"2024-02-16T16:49:10+00:00\" \/>\n<meta property=\"og:image\" content=\"https:\/\/art137studio.com\/wp-content\/uploads\/2023\/04\/EspelhoemMadeiraeResinasingulariI-1200x800-1.jpg\" \/>\n\t<meta property=\"og:image:width\" content=\"1200\" \/>\n\t<meta property=\"og:image:height\" content=\"800\" \/>\n\t<meta property=\"og:image:type\" content=\"image\/jpeg\" \/>\n<meta name=\"twitter:card\" content=\"summary_large_image\" \/>\n<meta name=\"twitter:label1\" content=\"Est. reading time\" \/>\n\t<meta name=\"twitter:data1\" content=\"1 minute\" \/>\n<script type=\"application\/ld+json\" class=\"yoast-schema-graph\">{\"@context\":\"https:\/\/schema.org\",\"@graph\":[{\"@type\":\"WebPage\",\"@id\":\"https:\/\/art137studio.com\/en\/product\/mirror-in-wood-and-resin-singularii-wheel\/\",\"url\":\"https:\/\/art137studio.com\/en\/product\/mirror-in-wood-and-resin-singularii-wheel\/\",\"name\":\"Australian Wood and Resin Round Mirror | singulariI - Art137\",\"isPartOf\":{\"@id\":\"https:\/\/art137studio.com\/en\/#website\"},\"primaryImageOfPage\":{\"@id\":\"https:\/\/art137studio.com\/en\/product\/mirror-in-wood-and-resin-singularii-wheel\/#primaryimage\"},\"image\":{\"@id\":\"https:\/\/art137studio.com\/en\/product\/mirror-in-wood-and-resin-singularii-wheel\/#primaryimage\"},\"thumbnailUrl\":\"https:\/\/art137studio.com\/wp-content\/uploads\/2023\/04\/EspelhoemMadeiraeResinasingulariIBK.png\",\"datePublished\":\"2023-04-05T16:28:00+00:00\",\"dateModified\":\"2024-02-16T16:49:10+00:00\",\"description\":\"Australian Wood and Resin Round Mirror - A unique and elegant piece that will add a touch of natural beauty to any space\",\"breadcrumb\":{\"@id\":\"https:\/\/art137studio.com\/en\/product\/mirror-in-wood-and-resin-singularii-wheel\/#breadcrumb\"},\"inLanguage\":\"en-US\",\"potentialAction\":[{\"@type\":\"ReadAction\",\"target\":[\"https:\/\/art137studio.com\/en\/product\/mirror-in-wood-and-resin-singularii-wheel\/\"]}]},{\"@type\":\"ImageObject\",\"inLanguage\":\"en-US\",\"@id\":\"https:\/\/art137studio.com\/en\/product\/mirror-in-wood-and-resin-singularii-wheel\/#primaryimage\",\"url\":\"https:\/\/art137studio.com\/wp-content\/uploads\/2023\/04\/EspelhoemMadeiraeResinasingulariIBK.png\",\"contentUrl\":\"https:\/\/art137studio.com\/wp-content\/uploads\/2023\/04\/EspelhoemMadeiraeResinasingulariIBK.png\",\"width\":1200,\"height\":800,\"caption\":\"EspelhoemMadeiraeResinasingulariIFrente\"},{\"@type\":\"BreadcrumbList\",\"@id\":\"https:\/\/art137studio.com\/en\/product\/mirror-in-wood-and-resin-singularii-wheel\/#breadcrumb\",\"itemListElement\":[{\"@type\":\"ListItem\",\"position\":1,\"name\":\"In\u00edcio\",\"item\":\"https:\/\/art137studio.com\/en\/\"},{\"@type\":\"ListItem\",\"position\":2,\"name\":\"Portuguese handicrafts &#8211; Handmade.\",\"item\":\"https:\/\/art137studio.com\/en\/\"},{\"@type\":\"ListItem\",\"position\":3,\"name\":\"Australian Wood and Resin Round Mirror | singulariI\"}]},{\"@type\":\"WebSite\",\"@id\":\"https:\/\/art137studio.com\/en\/#website\",\"url\":\"https:\/\/art137studio.com\/en\/\",\"name\":\"Art137\",\"description\":\"A Art137 \u00e9 uma marca portuguesa, dedicada \u00e0 cria\u00e7\u00e3o de pe\u00e7as feitas \u00e0 m\u00e3o.\",\"publisher\":{\"@id\":\"https:\/\/art137studio.com\/en\/#organization\"},\"potentialAction\":[{\"@type\":\"SearchAction\",\"target\":{\"@type\":\"EntryPoint\",\"urlTemplate\":\"https:\/\/art137studio.com\/en\/?s={search_term_string}\"},\"query-input\":\"required name=search_term_string\"}],\"inLanguage\":\"en-US\"},{\"@type\":\"Organization\",\"@id\":\"https:\/\/art137studio.com\/en\/#organization\",\"name\":\"Art137\",\"url\":\"https:\/\/art137studio.com\/en\/\",\"logo\":{\"@type\":\"ImageObject\",\"inLanguage\":\"en-US\",\"@id\":\"https:\/\/art137studio.com\/en\/#\/schema\/logo\/image\/\",\"url\":\"https:\/\/art137studio.com\/wp-content\/uploads\/2022\/12\/logo-art137.svg\",\"contentUrl\":\"https:\/\/art137studio.com\/wp-content\/uploads\/2022\/12\/logo-art137.svg\",\"width\":145,\"height\":56,\"caption\":\"Art137\"},\"image\":{\"@id\":\"https:\/\/art137studio.com\/en\/#\/schema\/logo\/image\/\"},\"sameAs\":[\"https:\/\/www.facebook.com\/art137\"]}]}<\/script>\n<!-- \/ Yoast SEO Premium plugin. -->","yoast_head_json":{"title":"Australian Wood and Resin Round Mirror | singulariI - Art137","description":"Australian Wood and Resin Round Mirror - A unique and elegant piece that will add a touch of natural beauty to any space","robots":{"index":"index","follow":"follow","max-snippet":"max-snippet:-1","max-image-preview":"max-image-preview:large","max-video-preview":"max-video-preview:-1"},"canonical":"https:\/\/art137studio.com\/en\/product\/mirror-in-wood-and-resin-singularii-wheel\/","og_locale":"en_US","og_type":"article","og_title":"Australian Wood and Resin Round Mirror | singulariI","og_description":"Australian Wood and Resin Round Mirror - A unique and elegant piece that will add a touch of natural beauty to any space","og_url":"https:\/\/art137studio.com\/en\/product\/mirror-in-wood-and-resin-singularii-wheel\/","og_site_name":"Art137","article_publisher":"https:\/\/www.facebook.com\/art137","article_modified_time":"2024-02-16T16:49:10+00:00","og_image":[{"width":1200,"height":800,"url":"https:\/\/art137studio.com\/wp-content\/uploads\/2023\/04\/EspelhoemMadeiraeResinasingulariI-1200x800-1.jpg","type":"image\/jpeg"}],"twitter_card":"summary_large_image","twitter_misc":{"Est. reading time":"1 minute"},"schema":{"@context":"https:\/\/schema.org","@graph":[{"@type":"WebPage","@id":"https:\/\/art137studio.com\/en\/product\/mirror-in-wood-and-resin-singularii-wheel\/","url":"https:\/\/art137studio.com\/en\/product\/mirror-in-wood-and-resin-singularii-wheel\/","name":"Australian Wood and Resin Round Mirror | singulariI - Art137","isPartOf":{"@id":"https:\/\/art137studio.com\/en\/#website"},"primaryImageOfPage":{"@id":"https:\/\/art137studio.com\/en\/product\/mirror-in-wood-and-resin-singularii-wheel\/#primaryimage"},"image":{"@id":"https:\/\/art137studio.com\/en\/product\/mirror-in-wood-and-resin-singularii-wheel\/#primaryimage"},"thumbnailUrl":"https:\/\/art137studio.com\/wp-content\/uploads\/2023\/04\/EspelhoemMadeiraeResinasingulariIBK.png","datePublished":"2023-04-05T16:28:00+00:00","dateModified":"2024-02-16T16:49:10+00:00","description":"Australian Wood and Resin Round Mirror - A unique and elegant piece that will add a touch of natural beauty to any space","breadcrumb":{"@id":"https:\/\/art137studio.com\/en\/product\/mirror-in-wood-and-resin-singularii-wheel\/#breadcrumb"},"inLanguage":"en-US","potentialAction":[{"@type":"ReadAction","target":["https:\/\/art137studio.com\/en\/product\/mirror-in-wood-and-resin-singularii-wheel\/"]}]},{"@type":"ImageObject","inLanguage":"en-US","@id":"https:\/\/art137studio.com\/en\/product\/mirror-in-wood-and-resin-singularii-wheel\/#primaryimage","url":"https:\/\/art137studio.com\/wp-content\/uploads\/2023\/04\/EspelhoemMadeiraeResinasingulariIBK.png","contentUrl":"https:\/\/art137studio.com\/wp-content\/uploads\/2023\/04\/EspelhoemMadeiraeResinasingulariIBK.png","width":1200,"height":800,"caption":"EspelhoemMadeiraeResinasingulariIFrente"},{"@type":"BreadcrumbList","@id":"https:\/\/art137studio.com\/en\/product\/mirror-in-wood-and-resin-singularii-wheel\/#breadcrumb","itemListElement":[{"@type":"ListItem","position":1,"name":"In\u00edcio","item":"https:\/\/art137studio.com\/en\/"},{"@type":"ListItem","position":2,"name":"Portuguese handicrafts &#8211; Handmade.","item":"https:\/\/art137studio.com\/en\/"},{"@type":"ListItem","position":3,"name":"Australian Wood and Resin Round Mirror | singulariI"}]},{"@type":"WebSite","@id":"https:\/\/art137studio.com\/en\/#website","url":"https:\/\/art137studio.com\/en\/","name":"Art137","description":"A Art137 \u00e9 uma marca portuguesa, dedicada \u00e0 cria\u00e7\u00e3o de pe\u00e7as feitas \u00e0 m\u00e3o.","publisher":{"@id":"https:\/\/art137studio.com\/en\/#organization"},"potentialAction":[{"@type":"SearchAction","target":{"@type":"EntryPoint","urlTemplate":"https:\/\/art137studio.com\/en\/?s={search_term_string}"},"query-input":"required name=search_term_string"}],"inLanguage":"en-US"},{"@type":"Organization","@id":"https:\/\/art137studio.com\/en\/#organization","name":"Art137","url":"https:\/\/art137studio.com\/en\/","logo":{"@type":"ImageObject","inLanguage":"en-US","@id":"https:\/\/art137studio.com\/en\/#\/schema\/logo\/image\/","url":"https:\/\/art137studio.com\/wp-content\/uploads\/2022\/12\/logo-art137.svg","contentUrl":"https:\/\/art137studio.com\/wp-content\/uploads\/2022\/12\/logo-art137.svg","width":145,"height":56,"caption":"Art137"},"image":{"@id":"https:\/\/art137studio.com\/en\/#\/schema\/logo\/image\/"},"sameAs":["https:\/\/www.facebook.com\/art137"]}]}},"_links":{"self":[{"href":"https:\/\/art137studio.com\/en\/wp-json\/wp\/v2\/product\/1264","targetHints":{"allow":["GET"]}}],"collection":[{"href":"https:\/\/art137studio.com\/en\/wp-json\/wp\/v2\/product"}],"about":[{"href":"https:\/\/art137studio.com\/en\/wp-json\/wp\/v2\/types\/product"}],"wp:featuredmedia":[{"embeddable":true,"href":"https:\/\/art137studio.com\/en\/wp-json\/wp\/v2\/media\/2104"}],"wp:attachment":[{"href":"https:\/\/art137studio.com\/en\/wp-json\/wp\/v2\/media?parent=1264"}],"wp:term":[{"taxonomy":"product_brand","embeddable":true,"href":"https:\/\/art137studio.com\/en\/wp-json\/wp\/v2\/product_brand?post=1264"},{"taxonomy":"product_cat","embeddable":true,"href":"https:\/\/art137studio.com\/en\/wp-json\/wp\/v2\/product_cat?post=1264"},{"taxonomy":"product_tag","embeddable":true,"href":"https:\/\/art137studio.com\/en\/wp-json\/wp\/v2\/product_tag?post=1264"}],"curies":[{"name":"wp","href":"https:\/\/api.w.org\/{rel}","templated":true}]}}