{"id":1181,"date":"2024-02-02T14:55:38","date_gmt":"2024-02-02T14:55:38","guid":{"rendered":"https:\/\/art137studio.com\/?post_type=product&#038;p=1181"},"modified":"2024-02-05T18:02:23","modified_gmt":"2024-02-05T18:02:23","slug":"pink-resin-and-wengue-wood-cordis-b112-pendant-heart","status":"publish","type":"product","link":"https:\/\/art137studio.com\/en\/product\/pink-resin-and-wengue-wood-cordis-b112-pendant-heart\/","title":{"rendered":"Heart Pendant in Pink Resin and Wenge Wood | Cordis (b112) Series"},"content":{"rendered":"<p> <strong> Heart Pendant in Pink Resin and Wenge Wood|<\/strong> Cordis (b112) Series<\/p>\n<p>This heart-shaped pendant is handmade from pink resin and wenge wood, creating a unique piece. The combination of the vibrant color of the resin with the natural texture of the wood results in an exclusive accessory.<br \/>\nAnd why an ART137 pendant?<br \/>\n  &#8211; Unique and original style: This pendant is a one-of-a-kind piece that stands out for its combination of materials and colors.<br \/>\n  &#8211; Handmade: Each pendant is handmade with care and attention to detail.<br \/>\nPerfect gift: This pendant is an ideal gift for Valentine&#8217;s Day, birthdays, Christmas or any other special occasion.<\/p>\n","protected":false},"excerpt":{"rendered":"<p>Heart pendant \u2764\ufe0f Pink Resin &amp; Handmade Wenge. Give with love! Light, elegant &amp; unique. Handmade. #crafts #gifts #loversday<\/p>\n","protected":false},"featured_media":2419,"template":"","meta":[],"product_brand":[],"product_cat":[463,93,100],"product_tag":[],"class_list":{"0":"post-1181","1":"product","2":"type-product","3":"status-publish","4":"has-post-thumbnail","6":"product_cat-pendants-collection-cordis","7":"product_cat-contemporary-jewelry-shop","8":"product_cat-wood-and-resin-pendants","9":"product_shipping_class-free-shipping","11":"first","12":"instock","13":"purchasable","14":"product-type-simple"},"yoast_head":"<!-- This site is optimized with the Yoast SEO Premium plugin v21.2 (Yoast SEO v22.2) - https:\/\/yoast.com\/wordpress\/plugins\/seo\/ -->\n<title>Heart Pendant in Pink Resin and Wenge Wood | Cordis (b112) Series - Art137<\/title>\n<meta name=\"description\" content=\"Heart pendant \u2764\ufe0f Pink Resin &amp; Handmade Wenge. Give with love! Light, elegant &amp; unique. Handmade. #crafts #gifts #loversday\" \/>\n<meta name=\"robots\" content=\"index, follow, max-snippet:-1, max-image-preview:large, max-video-preview:-1\" \/>\n<link rel=\"canonical\" href=\"https:\/\/art137studio.com\/en\/product\/pink-resin-and-wengue-wood-cordis-b112-pendant-heart\/\" \/>\n<meta property=\"og:locale\" content=\"en_US\" \/>\n<meta property=\"og:type\" content=\"article\" \/>\n<meta property=\"og:title\" content=\"Heart Pendant in Pink Resin and Wenge Wood | Cordis (b112) Series\" \/>\n<meta property=\"og:description\" content=\"Heart pendant \u2764\ufe0f Pink Resin &amp; Handmade Wenge. Give with love! Light, elegant &amp; unique. Handmade. #crafts #gifts #loversday\" \/>\n<meta property=\"og:url\" content=\"https:\/\/art137studio.com\/en\/product\/pink-resin-and-wengue-wood-cordis-b112-pendant-heart\/\" \/>\n<meta property=\"og:site_name\" content=\"Art137\" \/>\n<meta property=\"article:publisher\" content=\"https:\/\/www.facebook.com\/art137\" \/>\n<meta property=\"article:modified_time\" content=\"2024-02-05T18:02:23+00:00\" \/>\n<meta property=\"og:image\" content=\"https:\/\/art137studio.com\/wp-content\/uploads\/2024\/02\/IMG_2704-quadrada-1-1024x1024.png\" \/>\n\t<meta property=\"og:image:width\" content=\"1024\" \/>\n\t<meta property=\"og:image:height\" content=\"1024\" \/>\n\t<meta property=\"og:image:type\" content=\"image\/png\" \/>\n<meta name=\"twitter:card\" content=\"summary_large_image\" \/>\n<meta name=\"twitter:label1\" content=\"Est. reading time\" \/>\n\t<meta name=\"twitter:data1\" content=\"1 minute\" \/>\n<script type=\"application\/ld+json\" class=\"yoast-schema-graph\">{\"@context\":\"https:\/\/schema.org\",\"@graph\":[{\"@type\":\"WebPage\",\"@id\":\"https:\/\/art137studio.com\/en\/product\/pink-resin-and-wengue-wood-cordis-b112-pendant-heart\/\",\"url\":\"https:\/\/art137studio.com\/en\/product\/pink-resin-and-wengue-wood-cordis-b112-pendant-heart\/\",\"name\":\"Heart Pendant in Pink Resin and Wenge Wood | Cordis (b112) Series - Art137\",\"isPartOf\":{\"@id\":\"https:\/\/art137studio.com\/en\/#website\"},\"primaryImageOfPage\":{\"@id\":\"https:\/\/art137studio.com\/en\/product\/pink-resin-and-wengue-wood-cordis-b112-pendant-heart\/#primaryimage\"},\"image\":{\"@id\":\"https:\/\/art137studio.com\/en\/product\/pink-resin-and-wengue-wood-cordis-b112-pendant-heart\/#primaryimage\"},\"thumbnailUrl\":\"https:\/\/art137studio.com\/wp-content\/uploads\/2024\/02\/IG_ready_image_1.jpg\",\"datePublished\":\"2024-02-02T14:55:38+00:00\",\"dateModified\":\"2024-02-05T18:02:23+00:00\",\"description\":\"Heart pendant \u2764\ufe0f Pink Resin & Handmade Wenge. Give with love! Light, elegant & unique. Handmade. #crafts #gifts #loversday\",\"breadcrumb\":{\"@id\":\"https:\/\/art137studio.com\/en\/product\/pink-resin-and-wengue-wood-cordis-b112-pendant-heart\/#breadcrumb\"},\"inLanguage\":\"en-US\",\"potentialAction\":[{\"@type\":\"ReadAction\",\"target\":[\"https:\/\/art137studio.com\/en\/product\/pink-resin-and-wengue-wood-cordis-b112-pendant-heart\/\"]}]},{\"@type\":\"ImageObject\",\"inLanguage\":\"en-US\",\"@id\":\"https:\/\/art137studio.com\/en\/product\/pink-resin-and-wengue-wood-cordis-b112-pendant-heart\/#primaryimage\",\"url\":\"https:\/\/art137studio.com\/wp-content\/uploads\/2024\/02\/IG_ready_image_1.jpg\",\"contentUrl\":\"https:\/\/art137studio.com\/wp-content\/uploads\/2024\/02\/IG_ready_image_1.jpg\",\"width\":1080,\"height\":1350,\"caption\":\"Pendente Cora\u00e7\u00e3o em Resina Cor de Rosa e Madeira de Wengu\u00e9 | Cordis (b112) Series modelo mulher\"},{\"@type\":\"BreadcrumbList\",\"@id\":\"https:\/\/art137studio.com\/en\/product\/pink-resin-and-wengue-wood-cordis-b112-pendant-heart\/#breadcrumb\",\"itemListElement\":[{\"@type\":\"ListItem\",\"position\":1,\"name\":\"In\u00edcio\",\"item\":\"https:\/\/art137studio.com\/en\/\"},{\"@type\":\"ListItem\",\"position\":2,\"name\":\"Portuguese handicrafts &#8211; Handmade.\",\"item\":\"https:\/\/art137studio.com\/en\/\"},{\"@type\":\"ListItem\",\"position\":3,\"name\":\"Heart Pendant in Pink Resin and Wenge Wood | Cordis (b112) Series\"}]},{\"@type\":\"WebSite\",\"@id\":\"https:\/\/art137studio.com\/en\/#website\",\"url\":\"https:\/\/art137studio.com\/en\/\",\"name\":\"Art137\",\"description\":\"A Art137 \u00e9 uma marca portuguesa, dedicada \u00e0 cria\u00e7\u00e3o de pe\u00e7as feitas \u00e0 m\u00e3o.\",\"publisher\":{\"@id\":\"https:\/\/art137studio.com\/en\/#organization\"},\"potentialAction\":[{\"@type\":\"SearchAction\",\"target\":{\"@type\":\"EntryPoint\",\"urlTemplate\":\"https:\/\/art137studio.com\/en\/?s={search_term_string}\"},\"query-input\":\"required name=search_term_string\"}],\"inLanguage\":\"en-US\"},{\"@type\":\"Organization\",\"@id\":\"https:\/\/art137studio.com\/en\/#organization\",\"name\":\"Art137\",\"url\":\"https:\/\/art137studio.com\/en\/\",\"logo\":{\"@type\":\"ImageObject\",\"inLanguage\":\"en-US\",\"@id\":\"https:\/\/art137studio.com\/en\/#\/schema\/logo\/image\/\",\"url\":\"https:\/\/art137studio.com\/wp-content\/uploads\/2022\/12\/logo-art137.svg\",\"contentUrl\":\"https:\/\/art137studio.com\/wp-content\/uploads\/2022\/12\/logo-art137.svg\",\"width\":145,\"height\":56,\"caption\":\"Art137\"},\"image\":{\"@id\":\"https:\/\/art137studio.com\/en\/#\/schema\/logo\/image\/\"},\"sameAs\":[\"https:\/\/www.facebook.com\/art137\"]}]}<\/script>\n<!-- \/ Yoast SEO Premium plugin. -->","yoast_head_json":{"title":"Heart Pendant in Pink Resin and Wenge Wood | Cordis (b112) Series - Art137","description":"Heart pendant \u2764\ufe0f Pink Resin & Handmade Wenge. Give with love! Light, elegant & unique. Handmade. #crafts #gifts #loversday","robots":{"index":"index","follow":"follow","max-snippet":"max-snippet:-1","max-image-preview":"max-image-preview:large","max-video-preview":"max-video-preview:-1"},"canonical":"https:\/\/art137studio.com\/en\/product\/pink-resin-and-wengue-wood-cordis-b112-pendant-heart\/","og_locale":"en_US","og_type":"article","og_title":"Heart Pendant in Pink Resin and Wenge Wood | Cordis (b112) Series","og_description":"Heart pendant \u2764\ufe0f Pink Resin & Handmade Wenge. Give with love! Light, elegant & unique. Handmade. #crafts #gifts #loversday","og_url":"https:\/\/art137studio.com\/en\/product\/pink-resin-and-wengue-wood-cordis-b112-pendant-heart\/","og_site_name":"Art137","article_publisher":"https:\/\/www.facebook.com\/art137","article_modified_time":"2024-02-05T18:02:23+00:00","og_image":[{"width":1024,"height":1024,"url":"https:\/\/art137studio.com\/wp-content\/uploads\/2024\/02\/IMG_2704-quadrada-1-1024x1024.png","type":"image\/png"}],"twitter_card":"summary_large_image","twitter_misc":{"Est. reading time":"1 minute"},"schema":{"@context":"https:\/\/schema.org","@graph":[{"@type":"WebPage","@id":"https:\/\/art137studio.com\/en\/product\/pink-resin-and-wengue-wood-cordis-b112-pendant-heart\/","url":"https:\/\/art137studio.com\/en\/product\/pink-resin-and-wengue-wood-cordis-b112-pendant-heart\/","name":"Heart Pendant in Pink Resin and Wenge Wood | Cordis (b112) Series - Art137","isPartOf":{"@id":"https:\/\/art137studio.com\/en\/#website"},"primaryImageOfPage":{"@id":"https:\/\/art137studio.com\/en\/product\/pink-resin-and-wengue-wood-cordis-b112-pendant-heart\/#primaryimage"},"image":{"@id":"https:\/\/art137studio.com\/en\/product\/pink-resin-and-wengue-wood-cordis-b112-pendant-heart\/#primaryimage"},"thumbnailUrl":"https:\/\/art137studio.com\/wp-content\/uploads\/2024\/02\/IG_ready_image_1.jpg","datePublished":"2024-02-02T14:55:38+00:00","dateModified":"2024-02-05T18:02:23+00:00","description":"Heart pendant \u2764\ufe0f Pink Resin & Handmade Wenge. Give with love! Light, elegant & unique. Handmade. #crafts #gifts #loversday","breadcrumb":{"@id":"https:\/\/art137studio.com\/en\/product\/pink-resin-and-wengue-wood-cordis-b112-pendant-heart\/#breadcrumb"},"inLanguage":"en-US","potentialAction":[{"@type":"ReadAction","target":["https:\/\/art137studio.com\/en\/product\/pink-resin-and-wengue-wood-cordis-b112-pendant-heart\/"]}]},{"@type":"ImageObject","inLanguage":"en-US","@id":"https:\/\/art137studio.com\/en\/product\/pink-resin-and-wengue-wood-cordis-b112-pendant-heart\/#primaryimage","url":"https:\/\/art137studio.com\/wp-content\/uploads\/2024\/02\/IG_ready_image_1.jpg","contentUrl":"https:\/\/art137studio.com\/wp-content\/uploads\/2024\/02\/IG_ready_image_1.jpg","width":1080,"height":1350,"caption":"Pendente Cora\u00e7\u00e3o em Resina Cor de Rosa e Madeira de Wengu\u00e9 | Cordis (b112) Series modelo mulher"},{"@type":"BreadcrumbList","@id":"https:\/\/art137studio.com\/en\/product\/pink-resin-and-wengue-wood-cordis-b112-pendant-heart\/#breadcrumb","itemListElement":[{"@type":"ListItem","position":1,"name":"In\u00edcio","item":"https:\/\/art137studio.com\/en\/"},{"@type":"ListItem","position":2,"name":"Portuguese handicrafts &#8211; Handmade.","item":"https:\/\/art137studio.com\/en\/"},{"@type":"ListItem","position":3,"name":"Heart Pendant in Pink Resin and Wenge Wood | Cordis (b112) Series"}]},{"@type":"WebSite","@id":"https:\/\/art137studio.com\/en\/#website","url":"https:\/\/art137studio.com\/en\/","name":"Art137","description":"A Art137 \u00e9 uma marca portuguesa, dedicada \u00e0 cria\u00e7\u00e3o de pe\u00e7as feitas \u00e0 m\u00e3o.","publisher":{"@id":"https:\/\/art137studio.com\/en\/#organization"},"potentialAction":[{"@type":"SearchAction","target":{"@type":"EntryPoint","urlTemplate":"https:\/\/art137studio.com\/en\/?s={search_term_string}"},"query-input":"required name=search_term_string"}],"inLanguage":"en-US"},{"@type":"Organization","@id":"https:\/\/art137studio.com\/en\/#organization","name":"Art137","url":"https:\/\/art137studio.com\/en\/","logo":{"@type":"ImageObject","inLanguage":"en-US","@id":"https:\/\/art137studio.com\/en\/#\/schema\/logo\/image\/","url":"https:\/\/art137studio.com\/wp-content\/uploads\/2022\/12\/logo-art137.svg","contentUrl":"https:\/\/art137studio.com\/wp-content\/uploads\/2022\/12\/logo-art137.svg","width":145,"height":56,"caption":"Art137"},"image":{"@id":"https:\/\/art137studio.com\/en\/#\/schema\/logo\/image\/"},"sameAs":["https:\/\/www.facebook.com\/art137"]}]}},"_links":{"self":[{"href":"https:\/\/art137studio.com\/en\/wp-json\/wp\/v2\/product\/1181","targetHints":{"allow":["GET"]}}],"collection":[{"href":"https:\/\/art137studio.com\/en\/wp-json\/wp\/v2\/product"}],"about":[{"href":"https:\/\/art137studio.com\/en\/wp-json\/wp\/v2\/types\/product"}],"wp:featuredmedia":[{"embeddable":true,"href":"https:\/\/art137studio.com\/en\/wp-json\/wp\/v2\/media\/2419"}],"wp:attachment":[{"href":"https:\/\/art137studio.com\/en\/wp-json\/wp\/v2\/media?parent=1181"}],"wp:term":[{"taxonomy":"product_brand","embeddable":true,"href":"https:\/\/art137studio.com\/en\/wp-json\/wp\/v2\/product_brand?post=1181"},{"taxonomy":"product_cat","embeddable":true,"href":"https:\/\/art137studio.com\/en\/wp-json\/wp\/v2\/product_cat?post=1181"},{"taxonomy":"product_tag","embeddable":true,"href":"https:\/\/art137studio.com\/en\/wp-json\/wp\/v2\/product_tag?post=1181"}],"curies":[{"name":"wp","href":"https:\/\/api.w.org\/{rel}","templated":true}]}}