{"id":1167,"date":"2024-02-01T11:32:42","date_gmt":"2024-02-01T11:32:42","guid":{"rendered":"https:\/\/art137studio.com\/?post_type=product&#038;p=1167"},"modified":"2024-02-02T11:38:38","modified_gmt":"2024-02-02T11:38:38","slug":"earrings-heart-resin-pink-wood-wenge","status":"publish","type":"product","link":"https:\/\/art137studio.com\/en\/product\/earrings-heart-resin-pink-wood-wenge\/","title":{"rendered":"Heart Earrings in Pink Resin and Wenge Wood | Cordis (b113) Series"},"content":{"rendered":"<p> <strong> Heart Earrings in Pink Resin and Wenge Wood|<\/strong> Cordis (b113) Series<br \/>\nThese heart-shaped earrings combine the natural beauty of wenge wood with the fluidity of resin, creating a unique piece. Handmade, each pair of earrings is a unique piece. The wenge wood, with its rich color and deep texture, contrasts with the transparency of the resin, creating a different visual effect.<\/p>\n<p>Lightweight and comfortable to wear, these earrings are perfect for any occasion. Whether for a special event or everyday wear, they will add a touch of charm and sophistication to your look.<\/p>\n<p>Perfect gifts:<\/p>\n<p>These earrings are an ideal gift for Valentine&#8217;s Day, birthdays, Christmas or any other special occasion. Surprise a loved one with a unique, handcrafted piece of jewelry that shows your love and affection.<\/p>\n","protected":false},"excerpt":{"rendered":"<p>Heart Earrings \u2764\ufe0f Resin &#038; Wenge. Handmade. Give with love! Light, comfortable &#038; elegant. Handmade. #crafts #gifts #loversday<\/p>\n","protected":false},"featured_media":3560,"template":"","meta":[],"product_brand":[],"product_cat":[278,93,94],"product_tag":[],"class_list":{"0":"post-1167","1":"product","2":"type-product","3":"status-publish","4":"has-post-thumbnail","6":"product_cat-earrings-collection-cordis-en","7":"product_cat-contemporary-jewelry-shop","8":"product_cat-wooden-and-resin-earrings-art137","9":"product_shipping_class-free-shipping","11":"first","12":"instock","13":"purchasable","14":"product-type-simple"},"yoast_head":"<!-- This site is optimized with the Yoast SEO Premium plugin v21.2 (Yoast SEO v22.2) - https:\/\/yoast.com\/wordpress\/plugins\/seo\/ -->\n<title>Heart Earrings in Pink Resin and Wenge Wood | Cordis (b113) Series - Art137<\/title>\n<meta name=\"description\" content=\"Heart Earrings \u2764\ufe0f Resin &amp; Wenge. Handmade. Give with love! Light, comfortable &amp; elegant. Handmade. #crafts #gifts #loversday\" \/>\n<meta name=\"robots\" content=\"index, follow, max-snippet:-1, max-image-preview:large, max-video-preview:-1\" \/>\n<link rel=\"canonical\" href=\"https:\/\/art137studio.com\/en\/product\/earrings-heart-resin-pink-wood-wenge\/\" \/>\n<meta property=\"og:locale\" content=\"en_US\" \/>\n<meta property=\"og:type\" content=\"article\" \/>\n<meta property=\"og:title\" content=\"Heart Earrings in Pink Resin and Wenge Wood | Cordis (b113) Series\" \/>\n<meta property=\"og:description\" content=\"Heart Earrings \u2764\ufe0f Resin &amp; Wenge. Handmade. Give with love! Light, comfortable &amp; elegant. Handmade. #crafts #gifts #loversday\" \/>\n<meta property=\"og:url\" content=\"https:\/\/art137studio.com\/en\/product\/earrings-heart-resin-pink-wood-wenge\/\" \/>\n<meta property=\"og:site_name\" content=\"Art137\" \/>\n<meta property=\"article:publisher\" content=\"https:\/\/www.facebook.com\/art137\" \/>\n<meta property=\"article:modified_time\" content=\"2024-02-02T11:38:38+00:00\" \/>\n<meta property=\"og:image\" content=\"https:\/\/art137studio.com\/wp-content\/uploads\/2024\/02\/IMG_2660_crop1_quadrado.png\" \/>\n\t<meta property=\"og:image:width\" content=\"1776\" \/>\n\t<meta property=\"og:image:height\" content=\"1776\" \/>\n\t<meta property=\"og:image:type\" content=\"image\/png\" \/>\n<meta name=\"twitter:card\" content=\"summary_large_image\" \/>\n<meta name=\"twitter:label1\" content=\"Est. reading time\" \/>\n\t<meta name=\"twitter:data1\" content=\"1 minute\" \/>\n<script type=\"application\/ld+json\" class=\"yoast-schema-graph\">{\"@context\":\"https:\/\/schema.org\",\"@graph\":[{\"@type\":\"WebPage\",\"@id\":\"https:\/\/art137studio.com\/en\/product\/earrings-heart-resin-pink-wood-wenge\/\",\"url\":\"https:\/\/art137studio.com\/en\/product\/earrings-heart-resin-pink-wood-wenge\/\",\"name\":\"Heart Earrings in Pink Resin and Wenge Wood | Cordis (b113) Series - Art137\",\"isPartOf\":{\"@id\":\"https:\/\/art137studio.com\/en\/#website\"},\"primaryImageOfPage\":{\"@id\":\"https:\/\/art137studio.com\/en\/product\/earrings-heart-resin-pink-wood-wenge\/#primaryimage\"},\"image\":{\"@id\":\"https:\/\/art137studio.com\/en\/product\/earrings-heart-resin-pink-wood-wenge\/#primaryimage\"},\"thumbnailUrl\":\"https:\/\/art137studio.com\/wp-content\/uploads\/2024\/02\/10.png\",\"datePublished\":\"2024-02-01T11:32:42+00:00\",\"dateModified\":\"2024-02-02T11:38:38+00:00\",\"description\":\"Heart Earrings \u2764\ufe0f Resin & Wenge. Handmade. Give with love! Light, comfortable & elegant. Handmade. #crafts #gifts #loversday\",\"breadcrumb\":{\"@id\":\"https:\/\/art137studio.com\/en\/product\/earrings-heart-resin-pink-wood-wenge\/#breadcrumb\"},\"inLanguage\":\"en-US\",\"potentialAction\":[{\"@type\":\"ReadAction\",\"target\":[\"https:\/\/art137studio.com\/en\/product\/earrings-heart-resin-pink-wood-wenge\/\"]}]},{\"@type\":\"ImageObject\",\"inLanguage\":\"en-US\",\"@id\":\"https:\/\/art137studio.com\/en\/product\/earrings-heart-resin-pink-wood-wenge\/#primaryimage\",\"url\":\"https:\/\/art137studio.com\/wp-content\/uploads\/2024\/02\/10.png\",\"contentUrl\":\"https:\/\/art137studio.com\/wp-content\/uploads\/2024\/02\/10.png\",\"width\":1080,\"height\":1080,\"caption\":\"Brincos cora\u00e7\u00e3o em madeira de wengu\u00e9 e resina rosa, par, fundo branco.\"},{\"@type\":\"BreadcrumbList\",\"@id\":\"https:\/\/art137studio.com\/en\/product\/earrings-heart-resin-pink-wood-wenge\/#breadcrumb\",\"itemListElement\":[{\"@type\":\"ListItem\",\"position\":1,\"name\":\"In\u00edcio\",\"item\":\"https:\/\/art137studio.com\/en\/\"},{\"@type\":\"ListItem\",\"position\":2,\"name\":\"Portuguese handicrafts &#8211; Handmade.\",\"item\":\"https:\/\/art137studio.com\/en\/\"},{\"@type\":\"ListItem\",\"position\":3,\"name\":\"Heart Earrings in Pink Resin and Wenge Wood | Cordis (b113) Series\"}]},{\"@type\":\"WebSite\",\"@id\":\"https:\/\/art137studio.com\/en\/#website\",\"url\":\"https:\/\/art137studio.com\/en\/\",\"name\":\"Art137\",\"description\":\"A Art137 \u00e9 uma marca portuguesa, dedicada \u00e0 cria\u00e7\u00e3o de pe\u00e7as feitas \u00e0 m\u00e3o.\",\"publisher\":{\"@id\":\"https:\/\/art137studio.com\/en\/#organization\"},\"potentialAction\":[{\"@type\":\"SearchAction\",\"target\":{\"@type\":\"EntryPoint\",\"urlTemplate\":\"https:\/\/art137studio.com\/en\/?s={search_term_string}\"},\"query-input\":\"required name=search_term_string\"}],\"inLanguage\":\"en-US\"},{\"@type\":\"Organization\",\"@id\":\"https:\/\/art137studio.com\/en\/#organization\",\"name\":\"Art137\",\"url\":\"https:\/\/art137studio.com\/en\/\",\"logo\":{\"@type\":\"ImageObject\",\"inLanguage\":\"en-US\",\"@id\":\"https:\/\/art137studio.com\/en\/#\/schema\/logo\/image\/\",\"url\":\"https:\/\/art137studio.com\/wp-content\/uploads\/2022\/12\/logo-art137.svg\",\"contentUrl\":\"https:\/\/art137studio.com\/wp-content\/uploads\/2022\/12\/logo-art137.svg\",\"width\":145,\"height\":56,\"caption\":\"Art137\"},\"image\":{\"@id\":\"https:\/\/art137studio.com\/en\/#\/schema\/logo\/image\/\"},\"sameAs\":[\"https:\/\/www.facebook.com\/art137\"]}]}<\/script>\n<!-- \/ Yoast SEO Premium plugin. -->","yoast_head_json":{"title":"Heart Earrings in Pink Resin and Wenge Wood | Cordis (b113) Series - Art137","description":"Heart Earrings \u2764\ufe0f Resin & Wenge. Handmade. Give with love! Light, comfortable & elegant. Handmade. #crafts #gifts #loversday","robots":{"index":"index","follow":"follow","max-snippet":"max-snippet:-1","max-image-preview":"max-image-preview:large","max-video-preview":"max-video-preview:-1"},"canonical":"https:\/\/art137studio.com\/en\/product\/earrings-heart-resin-pink-wood-wenge\/","og_locale":"en_US","og_type":"article","og_title":"Heart Earrings in Pink Resin and Wenge Wood | Cordis (b113) Series","og_description":"Heart Earrings \u2764\ufe0f Resin & Wenge. Handmade. Give with love! Light, comfortable & elegant. Handmade. #crafts #gifts #loversday","og_url":"https:\/\/art137studio.com\/en\/product\/earrings-heart-resin-pink-wood-wenge\/","og_site_name":"Art137","article_publisher":"https:\/\/www.facebook.com\/art137","article_modified_time":"2024-02-02T11:38:38+00:00","og_image":[{"width":1776,"height":1776,"url":"https:\/\/art137studio.com\/wp-content\/uploads\/2024\/02\/IMG_2660_crop1_quadrado.png","type":"image\/png"}],"twitter_card":"summary_large_image","twitter_misc":{"Est. reading time":"1 minute"},"schema":{"@context":"https:\/\/schema.org","@graph":[{"@type":"WebPage","@id":"https:\/\/art137studio.com\/en\/product\/earrings-heart-resin-pink-wood-wenge\/","url":"https:\/\/art137studio.com\/en\/product\/earrings-heart-resin-pink-wood-wenge\/","name":"Heart Earrings in Pink Resin and Wenge Wood | Cordis (b113) Series - Art137","isPartOf":{"@id":"https:\/\/art137studio.com\/en\/#website"},"primaryImageOfPage":{"@id":"https:\/\/art137studio.com\/en\/product\/earrings-heart-resin-pink-wood-wenge\/#primaryimage"},"image":{"@id":"https:\/\/art137studio.com\/en\/product\/earrings-heart-resin-pink-wood-wenge\/#primaryimage"},"thumbnailUrl":"https:\/\/art137studio.com\/wp-content\/uploads\/2024\/02\/10.png","datePublished":"2024-02-01T11:32:42+00:00","dateModified":"2024-02-02T11:38:38+00:00","description":"Heart Earrings \u2764\ufe0f Resin & Wenge. Handmade. Give with love! Light, comfortable & elegant. Handmade. #crafts #gifts #loversday","breadcrumb":{"@id":"https:\/\/art137studio.com\/en\/product\/earrings-heart-resin-pink-wood-wenge\/#breadcrumb"},"inLanguage":"en-US","potentialAction":[{"@type":"ReadAction","target":["https:\/\/art137studio.com\/en\/product\/earrings-heart-resin-pink-wood-wenge\/"]}]},{"@type":"ImageObject","inLanguage":"en-US","@id":"https:\/\/art137studio.com\/en\/product\/earrings-heart-resin-pink-wood-wenge\/#primaryimage","url":"https:\/\/art137studio.com\/wp-content\/uploads\/2024\/02\/10.png","contentUrl":"https:\/\/art137studio.com\/wp-content\/uploads\/2024\/02\/10.png","width":1080,"height":1080,"caption":"Brincos cora\u00e7\u00e3o em madeira de wengu\u00e9 e resina rosa, par, fundo branco."},{"@type":"BreadcrumbList","@id":"https:\/\/art137studio.com\/en\/product\/earrings-heart-resin-pink-wood-wenge\/#breadcrumb","itemListElement":[{"@type":"ListItem","position":1,"name":"In\u00edcio","item":"https:\/\/art137studio.com\/en\/"},{"@type":"ListItem","position":2,"name":"Portuguese handicrafts &#8211; Handmade.","item":"https:\/\/art137studio.com\/en\/"},{"@type":"ListItem","position":3,"name":"Heart Earrings in Pink Resin and Wenge Wood | Cordis (b113) Series"}]},{"@type":"WebSite","@id":"https:\/\/art137studio.com\/en\/#website","url":"https:\/\/art137studio.com\/en\/","name":"Art137","description":"A Art137 \u00e9 uma marca portuguesa, dedicada \u00e0 cria\u00e7\u00e3o de pe\u00e7as feitas \u00e0 m\u00e3o.","publisher":{"@id":"https:\/\/art137studio.com\/en\/#organization"},"potentialAction":[{"@type":"SearchAction","target":{"@type":"EntryPoint","urlTemplate":"https:\/\/art137studio.com\/en\/?s={search_term_string}"},"query-input":"required name=search_term_string"}],"inLanguage":"en-US"},{"@type":"Organization","@id":"https:\/\/art137studio.com\/en\/#organization","name":"Art137","url":"https:\/\/art137studio.com\/en\/","logo":{"@type":"ImageObject","inLanguage":"en-US","@id":"https:\/\/art137studio.com\/en\/#\/schema\/logo\/image\/","url":"https:\/\/art137studio.com\/wp-content\/uploads\/2022\/12\/logo-art137.svg","contentUrl":"https:\/\/art137studio.com\/wp-content\/uploads\/2022\/12\/logo-art137.svg","width":145,"height":56,"caption":"Art137"},"image":{"@id":"https:\/\/art137studio.com\/en\/#\/schema\/logo\/image\/"},"sameAs":["https:\/\/www.facebook.com\/art137"]}]}},"_links":{"self":[{"href":"https:\/\/art137studio.com\/en\/wp-json\/wp\/v2\/product\/1167","targetHints":{"allow":["GET"]}}],"collection":[{"href":"https:\/\/art137studio.com\/en\/wp-json\/wp\/v2\/product"}],"about":[{"href":"https:\/\/art137studio.com\/en\/wp-json\/wp\/v2\/types\/product"}],"wp:featuredmedia":[{"embeddable":true,"href":"https:\/\/art137studio.com\/en\/wp-json\/wp\/v2\/media\/3560"}],"wp:attachment":[{"href":"https:\/\/art137studio.com\/en\/wp-json\/wp\/v2\/media?parent=1167"}],"wp:term":[{"taxonomy":"product_brand","embeddable":true,"href":"https:\/\/art137studio.com\/en\/wp-json\/wp\/v2\/product_brand?post=1167"},{"taxonomy":"product_cat","embeddable":true,"href":"https:\/\/art137studio.com\/en\/wp-json\/wp\/v2\/product_cat?post=1167"},{"taxonomy":"product_tag","embeddable":true,"href":"https:\/\/art137studio.com\/en\/wp-json\/wp\/v2\/product_tag?post=1167"}],"curies":[{"name":"wp","href":"https:\/\/api.w.org\/{rel}","templated":true}]}}