{"id":1123,"date":"2024-01-29T11:54:40","date_gmt":"2024-01-29T11:54:40","guid":{"rendered":"https:\/\/art137studio.com\/?post_type=product&#038;p=1123"},"modified":"2026-01-03T15:45:05","modified_gmt":"2026-01-03T15:45:05","slug":"earrings-of-olmo-wood-with-natural-flower-in-resin-in-heart-shaped-flowers-b35-series","status":"publish","type":"product","link":"https:\/\/art137studio.com\/en\/product\/earrings-of-olmo-wood-with-natural-flower-in-resin-in-heart-shaped-flowers-b35-series\/","title":{"rendered":"Wooden Earrings with Natural Red Flower in Resin | Flos (b35) Series"},"content":{"rendered":"<p> <strong> Wooden Earrings with Natural Red Flower in Resin <\/strong> | Flos (b35) series<\/p>\n<p>These heart-shaped earrings are a delight. A unique piece of contemporary jewelry.<\/p>\n<p>The romantic heart-shaped design of the earrings, complemented by the inlaid red flower, creates an elegant and sophisticated aesthetic.<\/p>\n","protected":false},"excerpt":{"rendered":"<p>Elm wood earrings with a red resin flower in the shape of a heart. The romantic heart-shaped design of the earrings, complemented by the inlaid flower, creates an elegant and sophisticated aesthetic.<\/p>\n","protected":false},"featured_media":3364,"template":"","meta":[],"product_brand":[],"product_cat":[243,93,94],"product_tag":[],"class_list":{"0":"post-1123","1":"product","2":"type-product","3":"status-publish","4":"has-post-thumbnail","6":"product_cat-earrings-collection-flos","7":"product_cat-contemporary-jewelry-shop","8":"product_cat-wooden-and-resin-earrings-art137","9":"product_shipping_class-free-shipping","11":"first","12":"instock","13":"purchasable","14":"product-type-simple"},"yoast_head":"<!-- This site is optimized with the Yoast SEO Premium plugin v21.2 (Yoast SEO v22.2) - https:\/\/yoast.com\/wordpress\/plugins\/seo\/ -->\n<title>Wooden Earrings with Natural Red Flower in Resin | Flos (b35) Series - Art137<\/title>\n<meta name=\"description\" content=\"Wooden earrings with natural red flower in resin. The romantic heart-shaped design of the earrings, complemented by the inlaid flower, creates an elegant and sophisticated aesthetic.\" \/>\n<meta name=\"robots\" content=\"index, follow, max-snippet:-1, max-image-preview:large, max-video-preview:-1\" \/>\n<link rel=\"canonical\" href=\"https:\/\/art137studio.com\/en\/product\/earrings-of-olmo-wood-with-natural-flower-in-resin-in-heart-shaped-flowers-b35-series\/\" \/>\n<meta property=\"og:locale\" content=\"en_US\" \/>\n<meta property=\"og:type\" content=\"article\" \/>\n<meta property=\"og:title\" content=\"Wooden Earrings with Natural Red Flower in Resin | Flos (b35) Series\" \/>\n<meta property=\"og:description\" content=\"Wooden earrings with natural red flower in resin. The romantic heart-shaped design of the earrings, complemented by the inlaid flower, creates an elegant and sophisticated aesthetic.\" \/>\n<meta property=\"og:url\" content=\"https:\/\/art137studio.com\/en\/product\/earrings-of-olmo-wood-with-natural-flower-in-resin-in-heart-shaped-flowers-b35-series\/\" \/>\n<meta property=\"og:site_name\" content=\"Art137\" \/>\n<meta property=\"article:publisher\" content=\"https:\/\/www.facebook.com\/art137\" \/>\n<meta property=\"article:modified_time\" content=\"2026-01-03T15:45:05+00:00\" \/>\n<meta property=\"og:image\" content=\"https:\/\/art137studio.com\/wp-content\/uploads\/2024\/01\/IMG_2254_crop_quadrado_bk-scaled.jpeg\" \/>\n\t<meta property=\"og:image:width\" content=\"2560\" \/>\n\t<meta property=\"og:image:height\" content=\"2560\" \/>\n\t<meta property=\"og:image:type\" content=\"image\/jpeg\" \/>\n<meta name=\"twitter:card\" content=\"summary_large_image\" \/>\n<meta name=\"twitter:label1\" content=\"Est. reading time\" \/>\n\t<meta name=\"twitter:data1\" content=\"1 minute\" \/>\n<script type=\"application\/ld+json\" class=\"yoast-schema-graph\">{\"@context\":\"https:\/\/schema.org\",\"@graph\":[{\"@type\":\"WebPage\",\"@id\":\"https:\/\/art137studio.com\/en\/product\/earrings-of-olmo-wood-with-natural-flower-in-resin-in-heart-shaped-flowers-b35-series\/\",\"url\":\"https:\/\/art137studio.com\/en\/product\/earrings-of-olmo-wood-with-natural-flower-in-resin-in-heart-shaped-flowers-b35-series\/\",\"name\":\"Wooden Earrings with Natural Red Flower in Resin | Flos (b35) Series - Art137\",\"isPartOf\":{\"@id\":\"https:\/\/art137studio.com\/en\/#website\"},\"primaryImageOfPage\":{\"@id\":\"https:\/\/art137studio.com\/en\/product\/earrings-of-olmo-wood-with-natural-flower-in-resin-in-heart-shaped-flowers-b35-series\/#primaryimage\"},\"image\":{\"@id\":\"https:\/\/art137studio.com\/en\/product\/earrings-of-olmo-wood-with-natural-flower-in-resin-in-heart-shaped-flowers-b35-series\/#primaryimage\"},\"thumbnailUrl\":\"https:\/\/art137studio.com\/wp-content\/uploads\/2024\/01\/par-brincos-b35.png\",\"datePublished\":\"2024-01-29T11:54:40+00:00\",\"dateModified\":\"2026-01-03T15:45:05+00:00\",\"description\":\"Wooden earrings with natural red flower in resin. The romantic heart-shaped design of the earrings, complemented by the inlaid flower, creates an elegant and sophisticated aesthetic.\",\"breadcrumb\":{\"@id\":\"https:\/\/art137studio.com\/en\/product\/earrings-of-olmo-wood-with-natural-flower-in-resin-in-heart-shaped-flowers-b35-series\/#breadcrumb\"},\"inLanguage\":\"en-US\",\"potentialAction\":[{\"@type\":\"ReadAction\",\"target\":[\"https:\/\/art137studio.com\/en\/product\/earrings-of-olmo-wood-with-natural-flower-in-resin-in-heart-shaped-flowers-b35-series\/\"]}]},{\"@type\":\"ImageObject\",\"inLanguage\":\"en-US\",\"@id\":\"https:\/\/art137studio.com\/en\/product\/earrings-of-olmo-wood-with-natural-flower-in-resin-in-heart-shaped-flowers-b35-series\/#primaryimage\",\"url\":\"https:\/\/art137studio.com\/wp-content\/uploads\/2024\/01\/par-brincos-b35.png\",\"contentUrl\":\"https:\/\/art137studio.com\/wp-content\/uploads\/2024\/01\/par-brincos-b35.png\",\"width\":1080,\"height\":1080,\"caption\":\"Par de brincos artesanais em forma de cora\u00e7\u00e3o em madeira de olmo com flores vermelhas preservadas em resina, pendentes com gancho prateado.\"},{\"@type\":\"BreadcrumbList\",\"@id\":\"https:\/\/art137studio.com\/en\/product\/earrings-of-olmo-wood-with-natural-flower-in-resin-in-heart-shaped-flowers-b35-series\/#breadcrumb\",\"itemListElement\":[{\"@type\":\"ListItem\",\"position\":1,\"name\":\"In\u00edcio\",\"item\":\"https:\/\/art137studio.com\/en\/\"},{\"@type\":\"ListItem\",\"position\":2,\"name\":\"Portuguese handicrafts &#8211; Handmade.\",\"item\":\"https:\/\/art137studio.com\/en\/\"},{\"@type\":\"ListItem\",\"position\":3,\"name\":\"Wooden Earrings with Natural Red Flower in Resin | Flos (b35) Series\"}]},{\"@type\":\"WebSite\",\"@id\":\"https:\/\/art137studio.com\/en\/#website\",\"url\":\"https:\/\/art137studio.com\/en\/\",\"name\":\"Art137\",\"description\":\"A Art137 \u00e9 uma marca portuguesa, dedicada \u00e0 cria\u00e7\u00e3o de pe\u00e7as feitas \u00e0 m\u00e3o.\",\"publisher\":{\"@id\":\"https:\/\/art137studio.com\/en\/#organization\"},\"potentialAction\":[{\"@type\":\"SearchAction\",\"target\":{\"@type\":\"EntryPoint\",\"urlTemplate\":\"https:\/\/art137studio.com\/en\/?s={search_term_string}\"},\"query-input\":\"required name=search_term_string\"}],\"inLanguage\":\"en-US\"},{\"@type\":\"Organization\",\"@id\":\"https:\/\/art137studio.com\/en\/#organization\",\"name\":\"Art137\",\"url\":\"https:\/\/art137studio.com\/en\/\",\"logo\":{\"@type\":\"ImageObject\",\"inLanguage\":\"en-US\",\"@id\":\"https:\/\/art137studio.com\/en\/#\/schema\/logo\/image\/\",\"url\":\"https:\/\/art137studio.com\/wp-content\/uploads\/2022\/12\/logo-art137.svg\",\"contentUrl\":\"https:\/\/art137studio.com\/wp-content\/uploads\/2022\/12\/logo-art137.svg\",\"width\":145,\"height\":56,\"caption\":\"Art137\"},\"image\":{\"@id\":\"https:\/\/art137studio.com\/en\/#\/schema\/logo\/image\/\"},\"sameAs\":[\"https:\/\/www.facebook.com\/art137\"]}]}<\/script>\n<!-- \/ Yoast SEO Premium plugin. -->","yoast_head_json":{"title":"Wooden Earrings with Natural Red Flower in Resin | Flos (b35) Series - Art137","description":"Wooden earrings with natural red flower in resin. The romantic heart-shaped design of the earrings, complemented by the inlaid flower, creates an elegant and sophisticated aesthetic.","robots":{"index":"index","follow":"follow","max-snippet":"max-snippet:-1","max-image-preview":"max-image-preview:large","max-video-preview":"max-video-preview:-1"},"canonical":"https:\/\/art137studio.com\/en\/product\/earrings-of-olmo-wood-with-natural-flower-in-resin-in-heart-shaped-flowers-b35-series\/","og_locale":"en_US","og_type":"article","og_title":"Wooden Earrings with Natural Red Flower in Resin | Flos (b35) Series","og_description":"Wooden earrings with natural red flower in resin. The romantic heart-shaped design of the earrings, complemented by the inlaid flower, creates an elegant and sophisticated aesthetic.","og_url":"https:\/\/art137studio.com\/en\/product\/earrings-of-olmo-wood-with-natural-flower-in-resin-in-heart-shaped-flowers-b35-series\/","og_site_name":"Art137","article_publisher":"https:\/\/www.facebook.com\/art137","article_modified_time":"2026-01-03T15:45:05+00:00","og_image":[{"width":2560,"height":2560,"url":"https:\/\/art137studio.com\/wp-content\/uploads\/2024\/01\/IMG_2254_crop_quadrado_bk-scaled.jpeg","type":"image\/jpeg"}],"twitter_card":"summary_large_image","twitter_misc":{"Est. reading time":"1 minute"},"schema":{"@context":"https:\/\/schema.org","@graph":[{"@type":"WebPage","@id":"https:\/\/art137studio.com\/en\/product\/earrings-of-olmo-wood-with-natural-flower-in-resin-in-heart-shaped-flowers-b35-series\/","url":"https:\/\/art137studio.com\/en\/product\/earrings-of-olmo-wood-with-natural-flower-in-resin-in-heart-shaped-flowers-b35-series\/","name":"Wooden Earrings with Natural Red Flower in Resin | Flos (b35) Series - Art137","isPartOf":{"@id":"https:\/\/art137studio.com\/en\/#website"},"primaryImageOfPage":{"@id":"https:\/\/art137studio.com\/en\/product\/earrings-of-olmo-wood-with-natural-flower-in-resin-in-heart-shaped-flowers-b35-series\/#primaryimage"},"image":{"@id":"https:\/\/art137studio.com\/en\/product\/earrings-of-olmo-wood-with-natural-flower-in-resin-in-heart-shaped-flowers-b35-series\/#primaryimage"},"thumbnailUrl":"https:\/\/art137studio.com\/wp-content\/uploads\/2024\/01\/par-brincos-b35.png","datePublished":"2024-01-29T11:54:40+00:00","dateModified":"2026-01-03T15:45:05+00:00","description":"Wooden earrings with natural red flower in resin. The romantic heart-shaped design of the earrings, complemented by the inlaid flower, creates an elegant and sophisticated aesthetic.","breadcrumb":{"@id":"https:\/\/art137studio.com\/en\/product\/earrings-of-olmo-wood-with-natural-flower-in-resin-in-heart-shaped-flowers-b35-series\/#breadcrumb"},"inLanguage":"en-US","potentialAction":[{"@type":"ReadAction","target":["https:\/\/art137studio.com\/en\/product\/earrings-of-olmo-wood-with-natural-flower-in-resin-in-heart-shaped-flowers-b35-series\/"]}]},{"@type":"ImageObject","inLanguage":"en-US","@id":"https:\/\/art137studio.com\/en\/product\/earrings-of-olmo-wood-with-natural-flower-in-resin-in-heart-shaped-flowers-b35-series\/#primaryimage","url":"https:\/\/art137studio.com\/wp-content\/uploads\/2024\/01\/par-brincos-b35.png","contentUrl":"https:\/\/art137studio.com\/wp-content\/uploads\/2024\/01\/par-brincos-b35.png","width":1080,"height":1080,"caption":"Par de brincos artesanais em forma de cora\u00e7\u00e3o em madeira de olmo com flores vermelhas preservadas em resina, pendentes com gancho prateado."},{"@type":"BreadcrumbList","@id":"https:\/\/art137studio.com\/en\/product\/earrings-of-olmo-wood-with-natural-flower-in-resin-in-heart-shaped-flowers-b35-series\/#breadcrumb","itemListElement":[{"@type":"ListItem","position":1,"name":"In\u00edcio","item":"https:\/\/art137studio.com\/en\/"},{"@type":"ListItem","position":2,"name":"Portuguese handicrafts &#8211; Handmade.","item":"https:\/\/art137studio.com\/en\/"},{"@type":"ListItem","position":3,"name":"Wooden Earrings with Natural Red Flower in Resin | Flos (b35) Series"}]},{"@type":"WebSite","@id":"https:\/\/art137studio.com\/en\/#website","url":"https:\/\/art137studio.com\/en\/","name":"Art137","description":"A Art137 \u00e9 uma marca portuguesa, dedicada \u00e0 cria\u00e7\u00e3o de pe\u00e7as feitas \u00e0 m\u00e3o.","publisher":{"@id":"https:\/\/art137studio.com\/en\/#organization"},"potentialAction":[{"@type":"SearchAction","target":{"@type":"EntryPoint","urlTemplate":"https:\/\/art137studio.com\/en\/?s={search_term_string}"},"query-input":"required name=search_term_string"}],"inLanguage":"en-US"},{"@type":"Organization","@id":"https:\/\/art137studio.com\/en\/#organization","name":"Art137","url":"https:\/\/art137studio.com\/en\/","logo":{"@type":"ImageObject","inLanguage":"en-US","@id":"https:\/\/art137studio.com\/en\/#\/schema\/logo\/image\/","url":"https:\/\/art137studio.com\/wp-content\/uploads\/2022\/12\/logo-art137.svg","contentUrl":"https:\/\/art137studio.com\/wp-content\/uploads\/2022\/12\/logo-art137.svg","width":145,"height":56,"caption":"Art137"},"image":{"@id":"https:\/\/art137studio.com\/en\/#\/schema\/logo\/image\/"},"sameAs":["https:\/\/www.facebook.com\/art137"]}]}},"_links":{"self":[{"href":"https:\/\/art137studio.com\/en\/wp-json\/wp\/v2\/product\/1123","targetHints":{"allow":["GET"]}}],"collection":[{"href":"https:\/\/art137studio.com\/en\/wp-json\/wp\/v2\/product"}],"about":[{"href":"https:\/\/art137studio.com\/en\/wp-json\/wp\/v2\/types\/product"}],"wp:featuredmedia":[{"embeddable":true,"href":"https:\/\/art137studio.com\/en\/wp-json\/wp\/v2\/media\/3364"}],"wp:attachment":[{"href":"https:\/\/art137studio.com\/en\/wp-json\/wp\/v2\/media?parent=1123"}],"wp:term":[{"taxonomy":"product_brand","embeddable":true,"href":"https:\/\/art137studio.com\/en\/wp-json\/wp\/v2\/product_brand?post=1123"},{"taxonomy":"product_cat","embeddable":true,"href":"https:\/\/art137studio.com\/en\/wp-json\/wp\/v2\/product_cat?post=1123"},{"taxonomy":"product_tag","embeddable":true,"href":"https:\/\/art137studio.com\/en\/wp-json\/wp\/v2\/product_tag?post=1123"}],"curies":[{"name":"wp","href":"https:\/\/api.w.org\/{rel}","templated":true}]}}