{"id":1072,"date":"2024-01-19T19:57:27","date_gmt":"2024-01-19T19:57:27","guid":{"rendered":"https:\/\/art137studio.com\/?post_type=product&#038;p=1072"},"modified":"2026-01-02T18:48:52","modified_gmt":"2026-01-02T18:48:52","slug":"wood-earrings-with-green-flower-resin-heart-b36-series","status":"publish","type":"product","link":"https:\/\/art137studio.com\/en\/product\/wood-earrings-with-green-flower-resin-heart-b36-series\/","title":{"rendered":"Elm Wood Earrings with Heart-shaped Resin Flower | Flos (b36) series"},"content":{"rendered":"<p><strong>Elm Wood Earrings with Heart-shaped Flower in Resin <\/strong> | Flos (b36) series<br \/>\nThese heart-shaped earrings are a great way to express your love.<br \/>\nA unique piece of handcrafted contemporary jewelry, made with elm wood and resin. The inlaid green flower is real and has been carefully chosen to complement the beauty of the wood.  The earrings are light and comfortable to wear, and are perfect for any occasion.<\/p>\n","protected":false},"excerpt":{"rendered":"<p>Elm Wood Earrings with Heart-shaped Resin Flower. The heart shape of the earrings is delicate and romantic, and the inlaid green flower sits perfectly in the center, creating an elegant and sophisticated look.<\/p>\n","protected":false},"featured_media":3354,"template":"","meta":[],"product_brand":[],"product_cat":[243,93,94],"product_tag":[],"class_list":{"0":"post-1072","1":"product","2":"type-product","3":"status-publish","4":"has-post-thumbnail","6":"product_cat-earrings-collection-flos","7":"product_cat-contemporary-jewelry-shop","8":"product_cat-wooden-and-resin-earrings-art137","9":"product_shipping_class-free-shipping","11":"first","12":"instock","13":"purchasable","14":"product-type-simple"},"yoast_head":"<!-- This site is optimized with the Yoast SEO Premium plugin v21.2 (Yoast SEO v22.2) - https:\/\/yoast.com\/wordpress\/plugins\/seo\/ -->\n<title>Elm Wood Earrings with Heart-shaped Resin Flower | Flos (b36) series - Art137<\/title>\n<meta name=\"description\" content=\"Elm Wood Earrings with Heart-shaped Resin Flower. The heart shape of the earrings is delicate and romantic, and the inlaid green flower sits perfectly in the center, creating an elegant and sophisticated look.\" \/>\n<meta name=\"robots\" content=\"index, follow, max-snippet:-1, max-image-preview:large, max-video-preview:-1\" \/>\n<link rel=\"canonical\" href=\"https:\/\/art137studio.com\/en\/product\/wood-earrings-with-green-flower-resin-heart-b36-series\/\" \/>\n<meta property=\"og:locale\" content=\"en_US\" \/>\n<meta property=\"og:type\" content=\"article\" \/>\n<meta property=\"og:title\" content=\"Elm Wood Earrings with Heart-shaped Resin Flower | Flos (b36) series\" \/>\n<meta property=\"og:description\" content=\"Elm Wood Earrings with Heart-shaped Resin Flower. The heart shape of the earrings is delicate and romantic, and the inlaid green flower sits perfectly in the center, creating an elegant and sophisticated look.\" \/>\n<meta property=\"og:url\" content=\"https:\/\/art137studio.com\/en\/product\/wood-earrings-with-green-flower-resin-heart-b36-series\/\" \/>\n<meta property=\"og:site_name\" content=\"Art137\" \/>\n<meta property=\"article:publisher\" content=\"https:\/\/www.facebook.com\/art137\" \/>\n<meta property=\"article:modified_time\" content=\"2026-01-02T18:48:52+00:00\" \/>\n<meta property=\"og:image\" content=\"https:\/\/art137studio.com\/wp-content\/uploads\/2024\/01\/IMG_2128_bk-1024x1024.png\" \/>\n\t<meta property=\"og:image:width\" content=\"1024\" \/>\n\t<meta property=\"og:image:height\" content=\"1024\" \/>\n\t<meta property=\"og:image:type\" content=\"image\/png\" \/>\n<meta name=\"twitter:card\" content=\"summary_large_image\" \/>\n<meta name=\"twitter:label1\" content=\"Est. reading time\" \/>\n\t<meta name=\"twitter:data1\" content=\"1 minute\" \/>\n<script type=\"application\/ld+json\" class=\"yoast-schema-graph\">{\"@context\":\"https:\/\/schema.org\",\"@graph\":[{\"@type\":\"WebPage\",\"@id\":\"https:\/\/art137studio.com\/en\/product\/wood-earrings-with-green-flower-resin-heart-b36-series\/\",\"url\":\"https:\/\/art137studio.com\/en\/product\/wood-earrings-with-green-flower-resin-heart-b36-series\/\",\"name\":\"Elm Wood Earrings with Heart-shaped Resin Flower | Flos (b36) series - Art137\",\"isPartOf\":{\"@id\":\"https:\/\/art137studio.com\/en\/#website\"},\"primaryImageOfPage\":{\"@id\":\"https:\/\/art137studio.com\/en\/product\/wood-earrings-with-green-flower-resin-heart-b36-series\/#primaryimage\"},\"image\":{\"@id\":\"https:\/\/art137studio.com\/en\/product\/wood-earrings-with-green-flower-resin-heart-b36-series\/#primaryimage\"},\"thumbnailUrl\":\"https:\/\/art137studio.com\/wp-content\/uploads\/2024\/01\/11.png\",\"datePublished\":\"2024-01-19T19:57:27+00:00\",\"dateModified\":\"2026-01-02T18:48:52+00:00\",\"description\":\"Elm Wood Earrings with Heart-shaped Resin Flower. The heart shape of the earrings is delicate and romantic, and the inlaid green flower sits perfectly in the center, creating an elegant and sophisticated look.\",\"breadcrumb\":{\"@id\":\"https:\/\/art137studio.com\/en\/product\/wood-earrings-with-green-flower-resin-heart-b36-series\/#breadcrumb\"},\"inLanguage\":\"en-US\",\"potentialAction\":[{\"@type\":\"ReadAction\",\"target\":[\"https:\/\/art137studio.com\/en\/product\/wood-earrings-with-green-flower-resin-heart-b36-series\/\"]}]},{\"@type\":\"ImageObject\",\"inLanguage\":\"en-US\",\"@id\":\"https:\/\/art137studio.com\/en\/product\/wood-earrings-with-green-flower-resin-heart-b36-series\/#primaryimage\",\"url\":\"https:\/\/art137studio.com\/wp-content\/uploads\/2024\/01\/11.png\",\"contentUrl\":\"https:\/\/art137studio.com\/wp-content\/uploads\/2024\/01\/11.png\",\"width\":1080,\"height\":1080,\"caption\":\"Par de brincos artesanais em madeira de olmo em forma de cora\u00e7\u00e3o com folhas verdes encapsuladas em resina, pendentes com gancho prateado.\"},{\"@type\":\"BreadcrumbList\",\"@id\":\"https:\/\/art137studio.com\/en\/product\/wood-earrings-with-green-flower-resin-heart-b36-series\/#breadcrumb\",\"itemListElement\":[{\"@type\":\"ListItem\",\"position\":1,\"name\":\"In\u00edcio\",\"item\":\"https:\/\/art137studio.com\/en\/\"},{\"@type\":\"ListItem\",\"position\":2,\"name\":\"Portuguese handicrafts &#8211; Handmade.\",\"item\":\"https:\/\/art137studio.com\/en\/\"},{\"@type\":\"ListItem\",\"position\":3,\"name\":\"Elm Wood Earrings with Heart-shaped Resin Flower | Flos (b36) series\"}]},{\"@type\":\"WebSite\",\"@id\":\"https:\/\/art137studio.com\/en\/#website\",\"url\":\"https:\/\/art137studio.com\/en\/\",\"name\":\"Art137\",\"description\":\"A Art137 \u00e9 uma marca portuguesa, dedicada \u00e0 cria\u00e7\u00e3o de pe\u00e7as feitas \u00e0 m\u00e3o.\",\"publisher\":{\"@id\":\"https:\/\/art137studio.com\/en\/#organization\"},\"potentialAction\":[{\"@type\":\"SearchAction\",\"target\":{\"@type\":\"EntryPoint\",\"urlTemplate\":\"https:\/\/art137studio.com\/en\/?s={search_term_string}\"},\"query-input\":\"required name=search_term_string\"}],\"inLanguage\":\"en-US\"},{\"@type\":\"Organization\",\"@id\":\"https:\/\/art137studio.com\/en\/#organization\",\"name\":\"Art137\",\"url\":\"https:\/\/art137studio.com\/en\/\",\"logo\":{\"@type\":\"ImageObject\",\"inLanguage\":\"en-US\",\"@id\":\"https:\/\/art137studio.com\/en\/#\/schema\/logo\/image\/\",\"url\":\"https:\/\/art137studio.com\/wp-content\/uploads\/2022\/12\/logo-art137.svg\",\"contentUrl\":\"https:\/\/art137studio.com\/wp-content\/uploads\/2022\/12\/logo-art137.svg\",\"width\":145,\"height\":56,\"caption\":\"Art137\"},\"image\":{\"@id\":\"https:\/\/art137studio.com\/en\/#\/schema\/logo\/image\/\"},\"sameAs\":[\"https:\/\/www.facebook.com\/art137\"]}]}<\/script>\n<!-- \/ Yoast SEO Premium plugin. -->","yoast_head_json":{"title":"Elm Wood Earrings with Heart-shaped Resin Flower | Flos (b36) series - Art137","description":"Elm Wood Earrings with Heart-shaped Resin Flower. The heart shape of the earrings is delicate and romantic, and the inlaid green flower sits perfectly in the center, creating an elegant and sophisticated look.","robots":{"index":"index","follow":"follow","max-snippet":"max-snippet:-1","max-image-preview":"max-image-preview:large","max-video-preview":"max-video-preview:-1"},"canonical":"https:\/\/art137studio.com\/en\/product\/wood-earrings-with-green-flower-resin-heart-b36-series\/","og_locale":"en_US","og_type":"article","og_title":"Elm Wood Earrings with Heart-shaped Resin Flower | Flos (b36) series","og_description":"Elm Wood Earrings with Heart-shaped Resin Flower. The heart shape of the earrings is delicate and romantic, and the inlaid green flower sits perfectly in the center, creating an elegant and sophisticated look.","og_url":"https:\/\/art137studio.com\/en\/product\/wood-earrings-with-green-flower-resin-heart-b36-series\/","og_site_name":"Art137","article_publisher":"https:\/\/www.facebook.com\/art137","article_modified_time":"2026-01-02T18:48:52+00:00","og_image":[{"width":1024,"height":1024,"url":"https:\/\/art137studio.com\/wp-content\/uploads\/2024\/01\/IMG_2128_bk-1024x1024.png","type":"image\/png"}],"twitter_card":"summary_large_image","twitter_misc":{"Est. reading time":"1 minute"},"schema":{"@context":"https:\/\/schema.org","@graph":[{"@type":"WebPage","@id":"https:\/\/art137studio.com\/en\/product\/wood-earrings-with-green-flower-resin-heart-b36-series\/","url":"https:\/\/art137studio.com\/en\/product\/wood-earrings-with-green-flower-resin-heart-b36-series\/","name":"Elm Wood Earrings with Heart-shaped Resin Flower | Flos (b36) series - Art137","isPartOf":{"@id":"https:\/\/art137studio.com\/en\/#website"},"primaryImageOfPage":{"@id":"https:\/\/art137studio.com\/en\/product\/wood-earrings-with-green-flower-resin-heart-b36-series\/#primaryimage"},"image":{"@id":"https:\/\/art137studio.com\/en\/product\/wood-earrings-with-green-flower-resin-heart-b36-series\/#primaryimage"},"thumbnailUrl":"https:\/\/art137studio.com\/wp-content\/uploads\/2024\/01\/11.png","datePublished":"2024-01-19T19:57:27+00:00","dateModified":"2026-01-02T18:48:52+00:00","description":"Elm Wood Earrings with Heart-shaped Resin Flower. The heart shape of the earrings is delicate and romantic, and the inlaid green flower sits perfectly in the center, creating an elegant and sophisticated look.","breadcrumb":{"@id":"https:\/\/art137studio.com\/en\/product\/wood-earrings-with-green-flower-resin-heart-b36-series\/#breadcrumb"},"inLanguage":"en-US","potentialAction":[{"@type":"ReadAction","target":["https:\/\/art137studio.com\/en\/product\/wood-earrings-with-green-flower-resin-heart-b36-series\/"]}]},{"@type":"ImageObject","inLanguage":"en-US","@id":"https:\/\/art137studio.com\/en\/product\/wood-earrings-with-green-flower-resin-heart-b36-series\/#primaryimage","url":"https:\/\/art137studio.com\/wp-content\/uploads\/2024\/01\/11.png","contentUrl":"https:\/\/art137studio.com\/wp-content\/uploads\/2024\/01\/11.png","width":1080,"height":1080,"caption":"Par de brincos artesanais em madeira de olmo em forma de cora\u00e7\u00e3o com folhas verdes encapsuladas em resina, pendentes com gancho prateado."},{"@type":"BreadcrumbList","@id":"https:\/\/art137studio.com\/en\/product\/wood-earrings-with-green-flower-resin-heart-b36-series\/#breadcrumb","itemListElement":[{"@type":"ListItem","position":1,"name":"In\u00edcio","item":"https:\/\/art137studio.com\/en\/"},{"@type":"ListItem","position":2,"name":"Portuguese handicrafts &#8211; Handmade.","item":"https:\/\/art137studio.com\/en\/"},{"@type":"ListItem","position":3,"name":"Elm Wood Earrings with Heart-shaped Resin Flower | Flos (b36) series"}]},{"@type":"WebSite","@id":"https:\/\/art137studio.com\/en\/#website","url":"https:\/\/art137studio.com\/en\/","name":"Art137","description":"A Art137 \u00e9 uma marca portuguesa, dedicada \u00e0 cria\u00e7\u00e3o de pe\u00e7as feitas \u00e0 m\u00e3o.","publisher":{"@id":"https:\/\/art137studio.com\/en\/#organization"},"potentialAction":[{"@type":"SearchAction","target":{"@type":"EntryPoint","urlTemplate":"https:\/\/art137studio.com\/en\/?s={search_term_string}"},"query-input":"required name=search_term_string"}],"inLanguage":"en-US"},{"@type":"Organization","@id":"https:\/\/art137studio.com\/en\/#organization","name":"Art137","url":"https:\/\/art137studio.com\/en\/","logo":{"@type":"ImageObject","inLanguage":"en-US","@id":"https:\/\/art137studio.com\/en\/#\/schema\/logo\/image\/","url":"https:\/\/art137studio.com\/wp-content\/uploads\/2022\/12\/logo-art137.svg","contentUrl":"https:\/\/art137studio.com\/wp-content\/uploads\/2022\/12\/logo-art137.svg","width":145,"height":56,"caption":"Art137"},"image":{"@id":"https:\/\/art137studio.com\/en\/#\/schema\/logo\/image\/"},"sameAs":["https:\/\/www.facebook.com\/art137"]}]}},"_links":{"self":[{"href":"https:\/\/art137studio.com\/en\/wp-json\/wp\/v2\/product\/1072","targetHints":{"allow":["GET"]}}],"collection":[{"href":"https:\/\/art137studio.com\/en\/wp-json\/wp\/v2\/product"}],"about":[{"href":"https:\/\/art137studio.com\/en\/wp-json\/wp\/v2\/types\/product"}],"wp:featuredmedia":[{"embeddable":true,"href":"https:\/\/art137studio.com\/en\/wp-json\/wp\/v2\/media\/3354"}],"wp:attachment":[{"href":"https:\/\/art137studio.com\/en\/wp-json\/wp\/v2\/media?parent=1072"}],"wp:term":[{"taxonomy":"product_brand","embeddable":true,"href":"https:\/\/art137studio.com\/en\/wp-json\/wp\/v2\/product_brand?post=1072"},{"taxonomy":"product_cat","embeddable":true,"href":"https:\/\/art137studio.com\/en\/wp-json\/wp\/v2\/product_cat?post=1072"},{"taxonomy":"product_tag","embeddable":true,"href":"https:\/\/art137studio.com\/en\/wp-json\/wp\/v2\/product_tag?post=1072"}],"curies":[{"name":"wp","href":"https:\/\/api.w.org\/{rel}","templated":true}]}}