{"id":1031,"date":"2024-01-13T17:52:42","date_gmt":"2024-01-13T17:52:42","guid":{"rendered":"https:\/\/art137studio.com\/?post_type=product&#038;p=1031"},"modified":"2026-02-18T13:29:57","modified_gmt":"2026-02-18T13:29:57","slug":"chestnut-wood-earrings-with-coral-resin-carpediem-b11-series","status":"publish","type":"product","link":"https:\/\/art137studio.com\/en\/product\/chestnut-wood-earrings-with-coral-resin-carpediem-b11-series\/","title":{"rendered":"&#8220;Wild Rose&#8221; &#8211; Chestnut Wood Earrings with Coral Resin | CarpeDiam (b11) Series"},"content":{"rendered":"<p data-start=\"231\" data-end=\"460\">The<strong data-start=\"242\" data-end=\"259\">&#8220;Wild Rose&#8221;<\/strong> earrings in chestnut wood and coral resin celebrate the contrast between the natural and the vibrant: the warm texture of chestnut wood and the delicate intensity of coral resin, in an elongated geometric design that adds elegance and presence.<\/p>\n<p data-start=\"462\" data-end=\"636\">Each pair is <strong data-start=\"473\" data-end=\"500\">handmade in Portugal<\/strong>, with artisanal cuts and finishes, making each piece unique &#8211; with slight variations in the veining of the wood and the shade of the resin.<\/p>\n<p data-start=\"638\" data-end=\"753\">The earrings in chestnut wood and coral resin are light, modern and full of personality, perfect for those who like striking yet minimalist accessories.<\/p>\n<p data-start=\"755\" data-end=\"789\">\u2728 S <strong data-start=\"757\" data-end=\"789\">ingle piece &#8211; limited stock.<\/strong><\/p>\n<p data-start=\"791\" data-end=\"804\"><strong data-start=\"791\" data-end=\"804\">Details:<\/strong><\/p>\n<ul data-start=\"805\" data-end=\"941\">\n<li data-start=\"805\" data-end=\"836\">Natural chestnut wood<\/li>\n<li data-start=\"837\" data-end=\"853\">Coral resin<\/li>\n<li data-start=\"854\" data-end=\"890\">Stud earrings (stainless steel)<\/li>\n<li data-start=\"891\" data-end=\"918\">Handmade in Portugal<\/li>\n<li data-start=\"919\" data-end=\"941\">Handcrafted finish<\/li>\n<\/ul>\n","protected":false},"excerpt":{"rendered":"<p>Handmade earrings in chestnut wood and coral resin, with an elegant geometric design. Handmade in Portugal. Unique pieces and limited stock.  <\/p>\n","protected":false},"featured_media":3732,"template":"","meta":[],"product_brand":[],"product_cat":[208,93,94],"product_tag":[],"class_list":{"0":"post-1031","1":"product","2":"type-product","3":"status-publish","4":"has-post-thumbnail","6":"product_cat-earrings-collection-carpedium","7":"product_cat-contemporary-jewelry-shop","8":"product_cat-wooden-and-resin-earrings-art137","9":"product_shipping_class-free-shipping","11":"first","12":"instock","13":"purchasable","14":"product-type-simple"},"yoast_head":"<!-- This site is optimized with the Yoast SEO Premium plugin v21.2 (Yoast SEO v22.2) - https:\/\/yoast.com\/wordpress\/plugins\/seo\/ -->\n<title>Chestnut wood and Coral Resin earrings | Wild Rose<\/title>\n<meta name=\"description\" content=\"Handmade earrings in chestnut wood and coral resin, with an elegant geometric design. Handmade in Portugal. Unique pieces and limited stock.\" \/>\n<meta name=\"robots\" content=\"index, follow, max-snippet:-1, max-image-preview:large, max-video-preview:-1\" \/>\n<link rel=\"canonical\" href=\"https:\/\/art137studio.com\/en\/product\/chestnut-wood-earrings-with-coral-resin-carpediem-b11-series\/\" \/>\n<meta property=\"og:locale\" content=\"en_US\" \/>\n<meta property=\"og:type\" content=\"article\" \/>\n<meta property=\"og:title\" content=\"&quot;Wild Rose&quot; - Chestnut Wood Earrings with Coral Resin | CarpeDiam (b11) Series\" \/>\n<meta property=\"og:description\" content=\"Handmade earrings in chestnut wood and coral resin, with an elegant geometric design. Handmade in Portugal. Unique pieces and limited stock.\" \/>\n<meta property=\"og:url\" content=\"https:\/\/art137studio.com\/en\/product\/chestnut-wood-earrings-with-coral-resin-carpediem-b11-series\/\" \/>\n<meta property=\"og:site_name\" content=\"Art137\" \/>\n<meta property=\"article:publisher\" content=\"https:\/\/www.facebook.com\/art137\" \/>\n<meta property=\"article:modified_time\" content=\"2026-02-18T13:29:57+00:00\" \/>\n<meta property=\"og:image\" content=\"https:\/\/art137studio.com\/wp-content\/uploads\/2024\/01\/1-1.png\" \/>\n\t<meta property=\"og:image:width\" content=\"1080\" \/>\n\t<meta property=\"og:image:height\" content=\"1080\" \/>\n\t<meta property=\"og:image:type\" content=\"image\/png\" \/>\n<meta name=\"twitter:card\" content=\"summary_large_image\" \/>\n<meta name=\"twitter:label1\" content=\"Est. reading time\" \/>\n\t<meta name=\"twitter:data1\" content=\"1 minute\" \/>\n<script type=\"application\/ld+json\" class=\"yoast-schema-graph\">{\"@context\":\"https:\/\/schema.org\",\"@graph\":[{\"@type\":\"WebPage\",\"@id\":\"https:\/\/art137studio.com\/en\/product\/chestnut-wood-earrings-with-coral-resin-carpediem-b11-series\/\",\"url\":\"https:\/\/art137studio.com\/en\/product\/chestnut-wood-earrings-with-coral-resin-carpediem-b11-series\/\",\"name\":\"Chestnut wood and Coral Resin earrings | Wild Rose\",\"isPartOf\":{\"@id\":\"https:\/\/art137studio.com\/en\/#website\"},\"primaryImageOfPage\":{\"@id\":\"https:\/\/art137studio.com\/en\/product\/chestnut-wood-earrings-with-coral-resin-carpediem-b11-series\/#primaryimage\"},\"image\":{\"@id\":\"https:\/\/art137studio.com\/en\/product\/chestnut-wood-earrings-with-coral-resin-carpediem-b11-series\/#primaryimage\"},\"thumbnailUrl\":\"https:\/\/art137studio.com\/wp-content\/uploads\/2024\/01\/brincos-b11-b13.png\",\"datePublished\":\"2024-01-13T17:52:42+00:00\",\"dateModified\":\"2026-02-18T13:29:57+00:00\",\"description\":\"Handmade earrings in chestnut wood and coral resin, with an elegant geometric design. Handmade in Portugal. Unique pieces and limited stock.\",\"breadcrumb\":{\"@id\":\"https:\/\/art137studio.com\/en\/product\/chestnut-wood-earrings-with-coral-resin-carpediem-b11-series\/#breadcrumb\"},\"inLanguage\":\"en-US\",\"potentialAction\":[{\"@type\":\"ReadAction\",\"target\":[\"https:\/\/art137studio.com\/en\/product\/chestnut-wood-earrings-with-coral-resin-carpediem-b11-series\/\"]}]},{\"@type\":\"ImageObject\",\"inLanguage\":\"en-US\",\"@id\":\"https:\/\/art137studio.com\/en\/product\/chestnut-wood-earrings-with-coral-resin-carpediem-b11-series\/#primaryimage\",\"url\":\"https:\/\/art137studio.com\/wp-content\/uploads\/2024\/01\/brincos-b11-b13.png\",\"contentUrl\":\"https:\/\/art137studio.com\/wp-content\/uploads\/2024\/01\/brincos-b11-b13.png\",\"width\":1080,\"height\":1080},{\"@type\":\"BreadcrumbList\",\"@id\":\"https:\/\/art137studio.com\/en\/product\/chestnut-wood-earrings-with-coral-resin-carpediem-b11-series\/#breadcrumb\",\"itemListElement\":[{\"@type\":\"ListItem\",\"position\":1,\"name\":\"In\u00edcio\",\"item\":\"https:\/\/art137studio.com\/en\/\"},{\"@type\":\"ListItem\",\"position\":2,\"name\":\"Portuguese handicrafts &#8211; Handmade.\",\"item\":\"https:\/\/art137studio.com\/en\/\"},{\"@type\":\"ListItem\",\"position\":3,\"name\":\"&#8220;Wild Rose&#8221; &#8211; Chestnut Wood Earrings with Coral Resin | CarpeDiam (b11) Series\"}]},{\"@type\":\"WebSite\",\"@id\":\"https:\/\/art137studio.com\/en\/#website\",\"url\":\"https:\/\/art137studio.com\/en\/\",\"name\":\"Art137\",\"description\":\"A Art137 \u00e9 uma marca portuguesa, dedicada \u00e0 cria\u00e7\u00e3o de pe\u00e7as feitas \u00e0 m\u00e3o.\",\"publisher\":{\"@id\":\"https:\/\/art137studio.com\/en\/#organization\"},\"potentialAction\":[{\"@type\":\"SearchAction\",\"target\":{\"@type\":\"EntryPoint\",\"urlTemplate\":\"https:\/\/art137studio.com\/en\/?s={search_term_string}\"},\"query-input\":\"required name=search_term_string\"}],\"inLanguage\":\"en-US\"},{\"@type\":\"Organization\",\"@id\":\"https:\/\/art137studio.com\/en\/#organization\",\"name\":\"Art137\",\"url\":\"https:\/\/art137studio.com\/en\/\",\"logo\":{\"@type\":\"ImageObject\",\"inLanguage\":\"en-US\",\"@id\":\"https:\/\/art137studio.com\/en\/#\/schema\/logo\/image\/\",\"url\":\"https:\/\/art137studio.com\/wp-content\/uploads\/2022\/12\/logo-art137.svg\",\"contentUrl\":\"https:\/\/art137studio.com\/wp-content\/uploads\/2022\/12\/logo-art137.svg\",\"width\":145,\"height\":56,\"caption\":\"Art137\"},\"image\":{\"@id\":\"https:\/\/art137studio.com\/en\/#\/schema\/logo\/image\/\"},\"sameAs\":[\"https:\/\/www.facebook.com\/art137\"]}]}<\/script>\n<!-- \/ Yoast SEO Premium plugin. -->","yoast_head_json":{"title":"Chestnut wood and Coral Resin earrings | Wild Rose","description":"Handmade earrings in chestnut wood and coral resin, with an elegant geometric design. Handmade in Portugal. Unique pieces and limited stock.","robots":{"index":"index","follow":"follow","max-snippet":"max-snippet:-1","max-image-preview":"max-image-preview:large","max-video-preview":"max-video-preview:-1"},"canonical":"https:\/\/art137studio.com\/en\/product\/chestnut-wood-earrings-with-coral-resin-carpediem-b11-series\/","og_locale":"en_US","og_type":"article","og_title":"\"Wild Rose\" - Chestnut Wood Earrings with Coral Resin | CarpeDiam (b11) Series","og_description":"Handmade earrings in chestnut wood and coral resin, with an elegant geometric design. Handmade in Portugal. Unique pieces and limited stock.","og_url":"https:\/\/art137studio.com\/en\/product\/chestnut-wood-earrings-with-coral-resin-carpediem-b11-series\/","og_site_name":"Art137","article_publisher":"https:\/\/www.facebook.com\/art137","article_modified_time":"2026-02-18T13:29:57+00:00","og_image":[{"width":1080,"height":1080,"url":"https:\/\/art137studio.com\/wp-content\/uploads\/2024\/01\/1-1.png","type":"image\/png"}],"twitter_card":"summary_large_image","twitter_misc":{"Est. reading time":"1 minute"},"schema":{"@context":"https:\/\/schema.org","@graph":[{"@type":"WebPage","@id":"https:\/\/art137studio.com\/en\/product\/chestnut-wood-earrings-with-coral-resin-carpediem-b11-series\/","url":"https:\/\/art137studio.com\/en\/product\/chestnut-wood-earrings-with-coral-resin-carpediem-b11-series\/","name":"Chestnut wood and Coral Resin earrings | Wild Rose","isPartOf":{"@id":"https:\/\/art137studio.com\/en\/#website"},"primaryImageOfPage":{"@id":"https:\/\/art137studio.com\/en\/product\/chestnut-wood-earrings-with-coral-resin-carpediem-b11-series\/#primaryimage"},"image":{"@id":"https:\/\/art137studio.com\/en\/product\/chestnut-wood-earrings-with-coral-resin-carpediem-b11-series\/#primaryimage"},"thumbnailUrl":"https:\/\/art137studio.com\/wp-content\/uploads\/2024\/01\/brincos-b11-b13.png","datePublished":"2024-01-13T17:52:42+00:00","dateModified":"2026-02-18T13:29:57+00:00","description":"Handmade earrings in chestnut wood and coral resin, with an elegant geometric design. Handmade in Portugal. Unique pieces and limited stock.","breadcrumb":{"@id":"https:\/\/art137studio.com\/en\/product\/chestnut-wood-earrings-with-coral-resin-carpediem-b11-series\/#breadcrumb"},"inLanguage":"en-US","potentialAction":[{"@type":"ReadAction","target":["https:\/\/art137studio.com\/en\/product\/chestnut-wood-earrings-with-coral-resin-carpediem-b11-series\/"]}]},{"@type":"ImageObject","inLanguage":"en-US","@id":"https:\/\/art137studio.com\/en\/product\/chestnut-wood-earrings-with-coral-resin-carpediem-b11-series\/#primaryimage","url":"https:\/\/art137studio.com\/wp-content\/uploads\/2024\/01\/brincos-b11-b13.png","contentUrl":"https:\/\/art137studio.com\/wp-content\/uploads\/2024\/01\/brincos-b11-b13.png","width":1080,"height":1080},{"@type":"BreadcrumbList","@id":"https:\/\/art137studio.com\/en\/product\/chestnut-wood-earrings-with-coral-resin-carpediem-b11-series\/#breadcrumb","itemListElement":[{"@type":"ListItem","position":1,"name":"In\u00edcio","item":"https:\/\/art137studio.com\/en\/"},{"@type":"ListItem","position":2,"name":"Portuguese handicrafts &#8211; Handmade.","item":"https:\/\/art137studio.com\/en\/"},{"@type":"ListItem","position":3,"name":"&#8220;Wild Rose&#8221; &#8211; Chestnut Wood Earrings with Coral Resin | CarpeDiam (b11) Series"}]},{"@type":"WebSite","@id":"https:\/\/art137studio.com\/en\/#website","url":"https:\/\/art137studio.com\/en\/","name":"Art137","description":"A Art137 \u00e9 uma marca portuguesa, dedicada \u00e0 cria\u00e7\u00e3o de pe\u00e7as feitas \u00e0 m\u00e3o.","publisher":{"@id":"https:\/\/art137studio.com\/en\/#organization"},"potentialAction":[{"@type":"SearchAction","target":{"@type":"EntryPoint","urlTemplate":"https:\/\/art137studio.com\/en\/?s={search_term_string}"},"query-input":"required name=search_term_string"}],"inLanguage":"en-US"},{"@type":"Organization","@id":"https:\/\/art137studio.com\/en\/#organization","name":"Art137","url":"https:\/\/art137studio.com\/en\/","logo":{"@type":"ImageObject","inLanguage":"en-US","@id":"https:\/\/art137studio.com\/en\/#\/schema\/logo\/image\/","url":"https:\/\/art137studio.com\/wp-content\/uploads\/2022\/12\/logo-art137.svg","contentUrl":"https:\/\/art137studio.com\/wp-content\/uploads\/2022\/12\/logo-art137.svg","width":145,"height":56,"caption":"Art137"},"image":{"@id":"https:\/\/art137studio.com\/en\/#\/schema\/logo\/image\/"},"sameAs":["https:\/\/www.facebook.com\/art137"]}]}},"_links":{"self":[{"href":"https:\/\/art137studio.com\/en\/wp-json\/wp\/v2\/product\/1031","targetHints":{"allow":["GET"]}}],"collection":[{"href":"https:\/\/art137studio.com\/en\/wp-json\/wp\/v2\/product"}],"about":[{"href":"https:\/\/art137studio.com\/en\/wp-json\/wp\/v2\/types\/product"}],"wp:featuredmedia":[{"embeddable":true,"href":"https:\/\/art137studio.com\/en\/wp-json\/wp\/v2\/media\/3732"}],"wp:attachment":[{"href":"https:\/\/art137studio.com\/en\/wp-json\/wp\/v2\/media?parent=1031"}],"wp:term":[{"taxonomy":"product_brand","embeddable":true,"href":"https:\/\/art137studio.com\/en\/wp-json\/wp\/v2\/product_brand?post=1031"},{"taxonomy":"product_cat","embeddable":true,"href":"https:\/\/art137studio.com\/en\/wp-json\/wp\/v2\/product_cat?post=1031"},{"taxonomy":"product_tag","embeddable":true,"href":"https:\/\/art137studio.com\/en\/wp-json\/wp\/v2\/product_tag?post=1031"}],"curies":[{"name":"wp","href":"https:\/\/api.w.org\/{rel}","templated":true}]}}