{"id":389,"date":"2022-10-24T21:56:10","date_gmt":"2022-10-24T21:56:10","guid":{"rendered":"https:\/\/art137studio.com\/wood-and-its-nature\/"},"modified":"2024-02-29T10:03:35","modified_gmt":"2024-02-29T10:03:35","slug":"wood-and-its-nature","status":"publish","type":"page","link":"https:\/\/art137studio.com\/en\/wood-and-its-nature\/","title":{"rendered":"Wood and Its Nature"},"content":{"rendered":"<p>ART137 sells natural wood slices and boards as a rustic and elegant option for interior decoration. We would like to remind all our customers that wood is a natural product and, as such, may crack over time.<\/p>\n<p>Cracks in the wood are caused by various factors, including changes in temperature and humidity, as well as the natural aging process of the wood. It is important to remember that these cracks do not affect the quality of the wood itself and do not compromise its durability.<\/p>\n<p>To help minimize the possibility of cracks, we recommend that you keep the wooden slices in a cool, dry place and avoid direct exposure to sunlight or intense heat. Additionally, it is important to avoid cleaning the wood with harsh chemicals as this can damage its surface.<\/p>\n<p>It is important to note that while there may be cracks in the wood, this does not diminish the beauty and functionality of the slices. In fact, many people prefer the natural and rustic look that cracks can bring to the piece.<\/p>\n<p>At ART137, we value the quality of our products and want you to be satisfied with your purchase. If you have any questions or concerns about your wood slices, please do not hesitate to contact us. We will be happy to help clarify any questions you may have.<\/p>\n","protected":false},"excerpt":{"rendered":"<p>ART137 sells natural wood slices and boards as a rustic and elegant option for interior decoration. We would like to [&hellip;]<\/p>\n","protected":false},"author":1,"featured_media":0,"parent":0,"menu_order":0,"comment_status":"closed","ping_status":"closed","template":"","meta":{"footnotes":""},"class_list":["post-389","page","type-page","status-publish","hentry"],"yoast_head":"<!-- This site is optimized with the Yoast SEO Premium plugin v21.2 (Yoast SEO v22.2) - https:\/\/yoast.com\/wordpress\/plugins\/seo\/ -->\n<title>Wood and Its Nature - Art137<\/title>\n<meta name=\"robots\" content=\"index, follow, max-snippet:-1, max-image-preview:large, max-video-preview:-1\" \/>\n<link rel=\"canonical\" href=\"https:\/\/art137studio.com\/en\/wood-and-its-nature\/\" \/>\n<meta property=\"og:locale\" content=\"en_US\" \/>\n<meta property=\"og:type\" content=\"article\" \/>\n<meta property=\"og:title\" content=\"Wood and Its Nature\" \/>\n<meta property=\"og:description\" content=\"ART137 sells natural wood slices and boards as a rustic and elegant option for interior decoration. We would like to [&hellip;]\" \/>\n<meta property=\"og:url\" content=\"https:\/\/art137studio.com\/en\/wood-and-its-nature\/\" \/>\n<meta property=\"og:site_name\" content=\"Art137\" \/>\n<meta property=\"article:publisher\" content=\"https:\/\/www.facebook.com\/art137\" \/>\n<meta property=\"article:modified_time\" content=\"2024-02-29T10:03:35+00:00\" \/>\n<meta name=\"twitter:card\" content=\"summary_large_image\" \/>\n<meta name=\"twitter:label1\" content=\"Est. reading time\" \/>\n\t<meta name=\"twitter:data1\" content=\"1 minute\" \/>\n<script type=\"application\/ld+json\" class=\"yoast-schema-graph\">{\"@context\":\"https:\/\/schema.org\",\"@graph\":[{\"@type\":\"WebPage\",\"@id\":\"https:\/\/art137studio.com\/en\/wood-and-its-nature\/\",\"url\":\"https:\/\/art137studio.com\/en\/wood-and-its-nature\/\",\"name\":\"Wood and Its Nature - Art137\",\"isPartOf\":{\"@id\":\"https:\/\/art137studio.com\/en\/#website\"},\"datePublished\":\"2022-10-24T21:56:10+00:00\",\"dateModified\":\"2024-02-29T10:03:35+00:00\",\"breadcrumb\":{\"@id\":\"https:\/\/art137studio.com\/en\/wood-and-its-nature\/#breadcrumb\"},\"inLanguage\":\"en-US\",\"potentialAction\":[{\"@type\":\"ReadAction\",\"target\":[\"https:\/\/art137studio.com\/en\/wood-and-its-nature\/\"]}]},{\"@type\":\"BreadcrumbList\",\"@id\":\"https:\/\/art137studio.com\/en\/wood-and-its-nature\/#breadcrumb\",\"itemListElement\":[{\"@type\":\"ListItem\",\"position\":1,\"name\":\"In\u00edcio\",\"item\":\"https:\/\/art137studio.com\/en\/\"},{\"@type\":\"ListItem\",\"position\":2,\"name\":\"Wood and Its Nature\"}]},{\"@type\":\"WebSite\",\"@id\":\"https:\/\/art137studio.com\/en\/#website\",\"url\":\"https:\/\/art137studio.com\/en\/\",\"name\":\"Art137\",\"description\":\"A Art137 \u00e9 uma marca portuguesa, dedicada \u00e0 cria\u00e7\u00e3o de pe\u00e7as feitas \u00e0 m\u00e3o.\",\"publisher\":{\"@id\":\"https:\/\/art137studio.com\/en\/#organization\"},\"potentialAction\":[{\"@type\":\"SearchAction\",\"target\":{\"@type\":\"EntryPoint\",\"urlTemplate\":\"https:\/\/art137studio.com\/en\/?s={search_term_string}\"},\"query-input\":\"required name=search_term_string\"}],\"inLanguage\":\"en-US\"},{\"@type\":\"Organization\",\"@id\":\"https:\/\/art137studio.com\/en\/#organization\",\"name\":\"Art137\",\"url\":\"https:\/\/art137studio.com\/en\/\",\"logo\":{\"@type\":\"ImageObject\",\"inLanguage\":\"en-US\",\"@id\":\"https:\/\/art137studio.com\/en\/#\/schema\/logo\/image\/\",\"url\":\"https:\/\/art137studio.com\/wp-content\/uploads\/2022\/12\/logo-art137.svg\",\"contentUrl\":\"https:\/\/art137studio.com\/wp-content\/uploads\/2022\/12\/logo-art137.svg\",\"width\":145,\"height\":56,\"caption\":\"Art137\"},\"image\":{\"@id\":\"https:\/\/art137studio.com\/en\/#\/schema\/logo\/image\/\"},\"sameAs\":[\"https:\/\/www.facebook.com\/art137\"]}]}<\/script>\n<!-- \/ Yoast SEO Premium plugin. -->","yoast_head_json":{"title":"Wood and Its Nature - Art137","robots":{"index":"index","follow":"follow","max-snippet":"max-snippet:-1","max-image-preview":"max-image-preview:large","max-video-preview":"max-video-preview:-1"},"canonical":"https:\/\/art137studio.com\/en\/wood-and-its-nature\/","og_locale":"en_US","og_type":"article","og_title":"Wood and Its Nature","og_description":"ART137 sells natural wood slices and boards as a rustic and elegant option for interior decoration. We would like to [&hellip;]","og_url":"https:\/\/art137studio.com\/en\/wood-and-its-nature\/","og_site_name":"Art137","article_publisher":"https:\/\/www.facebook.com\/art137","article_modified_time":"2024-02-29T10:03:35+00:00","twitter_card":"summary_large_image","twitter_misc":{"Est. reading time":"1 minute"},"schema":{"@context":"https:\/\/schema.org","@graph":[{"@type":"WebPage","@id":"https:\/\/art137studio.com\/en\/wood-and-its-nature\/","url":"https:\/\/art137studio.com\/en\/wood-and-its-nature\/","name":"Wood and Its Nature - Art137","isPartOf":{"@id":"https:\/\/art137studio.com\/en\/#website"},"datePublished":"2022-10-24T21:56:10+00:00","dateModified":"2024-02-29T10:03:35+00:00","breadcrumb":{"@id":"https:\/\/art137studio.com\/en\/wood-and-its-nature\/#breadcrumb"},"inLanguage":"en-US","potentialAction":[{"@type":"ReadAction","target":["https:\/\/art137studio.com\/en\/wood-and-its-nature\/"]}]},{"@type":"BreadcrumbList","@id":"https:\/\/art137studio.com\/en\/wood-and-its-nature\/#breadcrumb","itemListElement":[{"@type":"ListItem","position":1,"name":"In\u00edcio","item":"https:\/\/art137studio.com\/en\/"},{"@type":"ListItem","position":2,"name":"Wood and Its Nature"}]},{"@type":"WebSite","@id":"https:\/\/art137studio.com\/en\/#website","url":"https:\/\/art137studio.com\/en\/","name":"Art137","description":"A Art137 \u00e9 uma marca portuguesa, dedicada \u00e0 cria\u00e7\u00e3o de pe\u00e7as feitas \u00e0 m\u00e3o.","publisher":{"@id":"https:\/\/art137studio.com\/en\/#organization"},"potentialAction":[{"@type":"SearchAction","target":{"@type":"EntryPoint","urlTemplate":"https:\/\/art137studio.com\/en\/?s={search_term_string}"},"query-input":"required name=search_term_string"}],"inLanguage":"en-US"},{"@type":"Organization","@id":"https:\/\/art137studio.com\/en\/#organization","name":"Art137","url":"https:\/\/art137studio.com\/en\/","logo":{"@type":"ImageObject","inLanguage":"en-US","@id":"https:\/\/art137studio.com\/en\/#\/schema\/logo\/image\/","url":"https:\/\/art137studio.com\/wp-content\/uploads\/2022\/12\/logo-art137.svg","contentUrl":"https:\/\/art137studio.com\/wp-content\/uploads\/2022\/12\/logo-art137.svg","width":145,"height":56,"caption":"Art137"},"image":{"@id":"https:\/\/art137studio.com\/en\/#\/schema\/logo\/image\/"},"sameAs":["https:\/\/www.facebook.com\/art137"]}]}},"_links":{"self":[{"href":"https:\/\/art137studio.com\/en\/wp-json\/wp\/v2\/pages\/389","targetHints":{"allow":["GET"]}}],"collection":[{"href":"https:\/\/art137studio.com\/en\/wp-json\/wp\/v2\/pages"}],"about":[{"href":"https:\/\/art137studio.com\/en\/wp-json\/wp\/v2\/types\/page"}],"author":[{"embeddable":true,"href":"https:\/\/art137studio.com\/en\/wp-json\/wp\/v2\/users\/1"}],"replies":[{"embeddable":true,"href":"https:\/\/art137studio.com\/en\/wp-json\/wp\/v2\/comments?post=389"}],"version-history":[{"count":1,"href":"https:\/\/art137studio.com\/en\/wp-json\/wp\/v2\/pages\/389\/revisions"}],"predecessor-version":[{"id":1344,"href":"https:\/\/art137studio.com\/en\/wp-json\/wp\/v2\/pages\/389\/revisions\/1344"}],"wp:attachment":[{"href":"https:\/\/art137studio.com\/en\/wp-json\/wp\/v2\/media?parent=389"}],"curies":[{"name":"wp","href":"https:\/\/api.w.org\/{rel}","templated":true}]}}