{"id":377,"date":"2022-10-24T21:54:48","date_gmt":"2022-10-24T21:54:48","guid":{"rendered":"https:\/\/art137studio.com\/product-reservation-policy\/"},"modified":"2024-05-13T22:25:31","modified_gmt":"2024-05-13T22:25:31","slug":"piece-reservation-policy","status":"publish","type":"page","link":"https:\/\/art137studio.com\/en\/piece-reservation-policy\/","title":{"rendered":"Piece Reservation Policy"},"content":{"rendered":"<p>We understand that making a purchasing decision without seeing the piece in person can be difficult. That&#8217;s why we offer a 10-day reservation period, allowing you to visit our atelier and inspect the piece before making your final decision to purchase.<\/p>\n<p><strong>Reservation<\/strong><\/p>\n<p>If you&#8217;re interested in a specific piece, please contact us by phone, email, or by filling out the form available on the product page to request a reservation. To reserve the piece, we&#8217;ll require your name and contact information. Please note that the piece will only be held for reservation, and will be taken off the available inventory for purchase, after we have validated the information provided in the form. The reservation will be held for a maximum period of 10 days.<\/p>\n<p><strong>Atelier Visit<\/strong><\/p>\n<p>During the 10-day reservation period, we invite you to visit our atelier to see the piece in person. If you need more time to decide, please contact ART137 to extend the reservation period.<\/p>\n<p><strong>Purchase<\/strong><\/p>\n<p>If you decide to purchase the piece after seeing it in person at our atelier, just let us know and proceed with the purchase. Otherwise, the reservation will be canceled after the 10 days, and the piece will be available for sale again.<\/p>\n<p>We are happy to help and answer any additional questions you may have. Please contact us by email or phone.<\/p>\n<p>info@art137.com<br \/>\n+351966818170<\/p>\n","protected":false},"excerpt":{"rendered":"<p>We understand that making a purchasing decision without seeing the piece in person can be difficult. That&#8217;s why we offer [&hellip;]<\/p>\n","protected":false},"author":1,"featured_media":0,"parent":0,"menu_order":0,"comment_status":"closed","ping_status":"closed","template":"","meta":{"footnotes":""},"class_list":["post-377","page","type-page","status-publish","hentry"],"yoast_head":"<!-- This site is optimized with the Yoast SEO Premium plugin v21.2 (Yoast SEO v22.2) - https:\/\/yoast.com\/wordpress\/plugins\/seo\/ -->\n<title>Piece Reservation Policy - Art137<\/title>\n<meta name=\"robots\" content=\"index, follow, max-snippet:-1, max-image-preview:large, max-video-preview:-1\" \/>\n<link rel=\"canonical\" href=\"https:\/\/art137studio.com\/en\/piece-reservation-policy\/\" \/>\n<meta property=\"og:locale\" content=\"en_US\" \/>\n<meta property=\"og:type\" content=\"article\" \/>\n<meta property=\"og:title\" content=\"Piece Reservation Policy\" \/>\n<meta property=\"og:description\" content=\"We understand that making a purchasing decision without seeing the piece in person can be difficult. That&#8217;s why we offer [&hellip;]\" \/>\n<meta property=\"og:url\" content=\"https:\/\/art137studio.com\/en\/piece-reservation-policy\/\" \/>\n<meta property=\"og:site_name\" content=\"Art137\" \/>\n<meta property=\"article:publisher\" content=\"https:\/\/www.facebook.com\/art137\" \/>\n<meta property=\"article:modified_time\" content=\"2024-05-13T22:25:31+00:00\" \/>\n<meta name=\"twitter:card\" content=\"summary_large_image\" \/>\n<meta name=\"twitter:label1\" content=\"Est. reading time\" \/>\n\t<meta name=\"twitter:data1\" content=\"1 minute\" \/>\n<script type=\"application\/ld+json\" class=\"yoast-schema-graph\">{\"@context\":\"https:\/\/schema.org\",\"@graph\":[{\"@type\":\"WebPage\",\"@id\":\"https:\/\/art137studio.com\/en\/piece-reservation-policy\/\",\"url\":\"https:\/\/art137studio.com\/en\/piece-reservation-policy\/\",\"name\":\"Piece Reservation Policy - Art137\",\"isPartOf\":{\"@id\":\"https:\/\/art137studio.com\/en\/#website\"},\"datePublished\":\"2022-10-24T21:54:48+00:00\",\"dateModified\":\"2024-05-13T22:25:31+00:00\",\"breadcrumb\":{\"@id\":\"https:\/\/art137studio.com\/en\/piece-reservation-policy\/#breadcrumb\"},\"inLanguage\":\"en-US\",\"potentialAction\":[{\"@type\":\"ReadAction\",\"target\":[\"https:\/\/art137studio.com\/en\/piece-reservation-policy\/\"]}]},{\"@type\":\"BreadcrumbList\",\"@id\":\"https:\/\/art137studio.com\/en\/piece-reservation-policy\/#breadcrumb\",\"itemListElement\":[{\"@type\":\"ListItem\",\"position\":1,\"name\":\"In\u00edcio\",\"item\":\"https:\/\/art137studio.com\/en\/\"},{\"@type\":\"ListItem\",\"position\":2,\"name\":\"Piece Reservation Policy\"}]},{\"@type\":\"WebSite\",\"@id\":\"https:\/\/art137studio.com\/en\/#website\",\"url\":\"https:\/\/art137studio.com\/en\/\",\"name\":\"Art137\",\"description\":\"A Art137 \u00e9 uma marca portuguesa, dedicada \u00e0 cria\u00e7\u00e3o de pe\u00e7as feitas \u00e0 m\u00e3o.\",\"publisher\":{\"@id\":\"https:\/\/art137studio.com\/en\/#organization\"},\"potentialAction\":[{\"@type\":\"SearchAction\",\"target\":{\"@type\":\"EntryPoint\",\"urlTemplate\":\"https:\/\/art137studio.com\/en\/?s={search_term_string}\"},\"query-input\":\"required name=search_term_string\"}],\"inLanguage\":\"en-US\"},{\"@type\":\"Organization\",\"@id\":\"https:\/\/art137studio.com\/en\/#organization\",\"name\":\"Art137\",\"url\":\"https:\/\/art137studio.com\/en\/\",\"logo\":{\"@type\":\"ImageObject\",\"inLanguage\":\"en-US\",\"@id\":\"https:\/\/art137studio.com\/en\/#\/schema\/logo\/image\/\",\"url\":\"https:\/\/art137studio.com\/wp-content\/uploads\/2022\/12\/logo-art137.svg\",\"contentUrl\":\"https:\/\/art137studio.com\/wp-content\/uploads\/2022\/12\/logo-art137.svg\",\"width\":145,\"height\":56,\"caption\":\"Art137\"},\"image\":{\"@id\":\"https:\/\/art137studio.com\/en\/#\/schema\/logo\/image\/\"},\"sameAs\":[\"https:\/\/www.facebook.com\/art137\"]}]}<\/script>\n<!-- \/ Yoast SEO Premium plugin. -->","yoast_head_json":{"title":"Piece Reservation Policy - Art137","robots":{"index":"index","follow":"follow","max-snippet":"max-snippet:-1","max-image-preview":"max-image-preview:large","max-video-preview":"max-video-preview:-1"},"canonical":"https:\/\/art137studio.com\/en\/piece-reservation-policy\/","og_locale":"en_US","og_type":"article","og_title":"Piece Reservation Policy","og_description":"We understand that making a purchasing decision without seeing the piece in person can be difficult. That&#8217;s why we offer [&hellip;]","og_url":"https:\/\/art137studio.com\/en\/piece-reservation-policy\/","og_site_name":"Art137","article_publisher":"https:\/\/www.facebook.com\/art137","article_modified_time":"2024-05-13T22:25:31+00:00","twitter_card":"summary_large_image","twitter_misc":{"Est. reading time":"1 minute"},"schema":{"@context":"https:\/\/schema.org","@graph":[{"@type":"WebPage","@id":"https:\/\/art137studio.com\/en\/piece-reservation-policy\/","url":"https:\/\/art137studio.com\/en\/piece-reservation-policy\/","name":"Piece Reservation Policy - Art137","isPartOf":{"@id":"https:\/\/art137studio.com\/en\/#website"},"datePublished":"2022-10-24T21:54:48+00:00","dateModified":"2024-05-13T22:25:31+00:00","breadcrumb":{"@id":"https:\/\/art137studio.com\/en\/piece-reservation-policy\/#breadcrumb"},"inLanguage":"en-US","potentialAction":[{"@type":"ReadAction","target":["https:\/\/art137studio.com\/en\/piece-reservation-policy\/"]}]},{"@type":"BreadcrumbList","@id":"https:\/\/art137studio.com\/en\/piece-reservation-policy\/#breadcrumb","itemListElement":[{"@type":"ListItem","position":1,"name":"In\u00edcio","item":"https:\/\/art137studio.com\/en\/"},{"@type":"ListItem","position":2,"name":"Piece Reservation Policy"}]},{"@type":"WebSite","@id":"https:\/\/art137studio.com\/en\/#website","url":"https:\/\/art137studio.com\/en\/","name":"Art137","description":"A Art137 \u00e9 uma marca portuguesa, dedicada \u00e0 cria\u00e7\u00e3o de pe\u00e7as feitas \u00e0 m\u00e3o.","publisher":{"@id":"https:\/\/art137studio.com\/en\/#organization"},"potentialAction":[{"@type":"SearchAction","target":{"@type":"EntryPoint","urlTemplate":"https:\/\/art137studio.com\/en\/?s={search_term_string}"},"query-input":"required name=search_term_string"}],"inLanguage":"en-US"},{"@type":"Organization","@id":"https:\/\/art137studio.com\/en\/#organization","name":"Art137","url":"https:\/\/art137studio.com\/en\/","logo":{"@type":"ImageObject","inLanguage":"en-US","@id":"https:\/\/art137studio.com\/en\/#\/schema\/logo\/image\/","url":"https:\/\/art137studio.com\/wp-content\/uploads\/2022\/12\/logo-art137.svg","contentUrl":"https:\/\/art137studio.com\/wp-content\/uploads\/2022\/12\/logo-art137.svg","width":145,"height":56,"caption":"Art137"},"image":{"@id":"https:\/\/art137studio.com\/en\/#\/schema\/logo\/image\/"},"sameAs":["https:\/\/www.facebook.com\/art137"]}]}},"_links":{"self":[{"href":"https:\/\/art137studio.com\/en\/wp-json\/wp\/v2\/pages\/377","targetHints":{"allow":["GET"]}}],"collection":[{"href":"https:\/\/art137studio.com\/en\/wp-json\/wp\/v2\/pages"}],"about":[{"href":"https:\/\/art137studio.com\/en\/wp-json\/wp\/v2\/types\/page"}],"author":[{"embeddable":true,"href":"https:\/\/art137studio.com\/en\/wp-json\/wp\/v2\/users\/1"}],"replies":[{"embeddable":true,"href":"https:\/\/art137studio.com\/en\/wp-json\/wp\/v2\/comments?post=377"}],"version-history":[{"count":5,"href":"https:\/\/art137studio.com\/en\/wp-json\/wp\/v2\/pages\/377\/revisions"}],"predecessor-version":[{"id":1981,"href":"https:\/\/art137studio.com\/en\/wp-json\/wp\/v2\/pages\/377\/revisions\/1981"}],"wp:attachment":[{"href":"https:\/\/art137studio.com\/en\/wp-json\/wp\/v2\/media?parent=377"}],"curies":[{"name":"wp","href":"https:\/\/api.w.org\/{rel}","templated":true}]}}