{"id":1861,"date":"2024-04-21T16:23:20","date_gmt":"2024-04-21T16:23:20","guid":{"rendered":"https:\/\/art137studio.com\/?page_id=1861"},"modified":"2024-04-21T16:35:27","modified_gmt":"2024-04-21T16:35:27","slug":"ral-and-ril","status":"publish","type":"page","link":"https:\/\/art137studio.com\/en\/ral-and-ril\/","title":{"rendered":"RAL and RIL"},"content":{"rendered":"<p>In accordance with Portuguese law, online retailers are required to provide clear and accessible information about their products and services, as well as adhere to fair and transparent sales practices. This includes providing accurate product descriptions, pricing information, delivery terms, and return policies. Additionally, consumers have the right to file complaints and seek redress in case of disputes with online sellers.<\/p>\n<p data-sourcepos=\"7:1-7:73\"><strong>Alternative Dispute Resolution (ADR) for Online Consumers in Portugal<\/strong><\/p>\n<p data-sourcepos=\"9:1-9:292\">Portuguese law promotes the use of Alternative Dispute Resolution (ADR) mechanisms to resolve consumer disputes with businesses. ADR offers an extrajudicial means to address conflicts, often providing a faster, more accessible, and cost-effective alternative to traditional court proceedings.<\/p>\n<p data-sourcepos=\"11:1-11:53\"><strong>CNIACC: A Center for Consumer Conflict Resolution<\/strong><\/p>\n<p data-sourcepos=\"13:1-13:400\">ART137, a Portuguese company, is a member of the CNIACC (Centro Nacional de Informa\u00e7\u00e3o e Arbitragem de Conflitos de Consumo), a national center for consumer conflict resolution. CNIACC provides various services aimed at informing consumers and businesses about their rights and obligations, as well as facilitating the resolution of consumer disputes through mediation, conciliation, and arbitration.<\/p>\n<p data-sourcepos=\"15:1-15:30\"><strong>CNIACC Contact Information<\/strong><\/p>\n<ul data-sourcepos=\"17:1-21:0\">\n<li data-sourcepos=\"17:1-17:52\">Address: Rua D. Afonso Henriques, 1 4700-030 Braga<\/li>\n<li data-sourcepos=\"18:1-18:45\">Phone: 253 619 107 (national landline call)<\/li>\n<li data-sourcepos=\"19:1-19:24\">Email: geral@cniacc.pt<\/li>\n<li data-sourcepos=\"20:1-21:0\">Website:\u00a0<a class=\"traceable-link\" href=\"https:\/\/www.cniacc.pt\" target=\"_blank\" rel=\"noopener noreferrer\">https:\/\/www.cniacc.pt<\/a><\/li>\n<\/ul>\n<p data-sourcepos=\"22:1-22:53\"><strong>European Online Dispute Resolution (ODR) Platform<\/strong><\/p>\n<p data-sourcepos=\"24:1-24:259\">In addition to CNIACC, consumers can also utilize the European Online Dispute Resolution (ODR) platform, an initiative of the European Union. This platform facilitates the resolution of disputes between consumers and online businesses operating within the EU.<\/p>\n<p data-sourcepos=\"26:1-26:23\"><strong>ODR Platform Access<\/strong><\/p>\n<p data-sourcepos=\"28:1-28:207\">Consumers can access the ODR platform through the following link: <a class=\"traceable-link\" href=\"https:\/\/ec.europa.eu\/consumers\/odr\/main\/?event=main.home2.show\" target=\"_blank\" rel=\"noopener noreferrer\"><span class=\"citation-0\">https:\/\/ec.europa.eu\/consumers\/odr\/main\/?event=main.home2.show<\/span><\/a><\/p>\n","protected":false},"excerpt":{"rendered":"<p>In accordance with Portuguese law, online retailers are required to provide clear and accessible information about their products and services, [&hellip;]<\/p>\n","protected":false},"author":1,"featured_media":0,"parent":0,"menu_order":0,"comment_status":"closed","ping_status":"closed","template":"","meta":{"footnotes":""},"class_list":["post-1861","page","type-page","status-publish","hentry"],"yoast_head":"<!-- This site is optimized with the Yoast SEO Premium plugin v21.2 (Yoast SEO v22.2) - https:\/\/yoast.com\/wordpress\/plugins\/seo\/ -->\n<title>RAL and RIL - Art137<\/title>\n<meta name=\"robots\" content=\"index, follow, max-snippet:-1, max-image-preview:large, max-video-preview:-1\" \/>\n<link rel=\"canonical\" href=\"https:\/\/art137studio.com\/en\/ral-and-ril\/\" \/>\n<meta property=\"og:locale\" content=\"en_US\" \/>\n<meta property=\"og:type\" content=\"article\" \/>\n<meta property=\"og:title\" content=\"RAL and RIL\" \/>\n<meta property=\"og:description\" content=\"In accordance with Portuguese law, online retailers are required to provide clear and accessible information about their products and services, [&hellip;]\" \/>\n<meta property=\"og:url\" content=\"https:\/\/art137studio.com\/en\/ral-and-ril\/\" \/>\n<meta property=\"og:site_name\" content=\"Art137\" \/>\n<meta property=\"article:publisher\" content=\"https:\/\/www.facebook.com\/art137\" \/>\n<meta property=\"article:modified_time\" content=\"2024-04-21T16:35:27+00:00\" \/>\n<meta name=\"twitter:card\" content=\"summary_large_image\" \/>\n<meta name=\"twitter:label1\" content=\"Est. reading time\" \/>\n\t<meta name=\"twitter:data1\" content=\"2 minutes\" \/>\n<script type=\"application\/ld+json\" class=\"yoast-schema-graph\">{\"@context\":\"https:\/\/schema.org\",\"@graph\":[{\"@type\":\"WebPage\",\"@id\":\"https:\/\/art137studio.com\/en\/ral-and-ril\/\",\"url\":\"https:\/\/art137studio.com\/en\/ral-and-ril\/\",\"name\":\"RAL and RIL - Art137\",\"isPartOf\":{\"@id\":\"https:\/\/art137studio.com\/en\/#website\"},\"datePublished\":\"2024-04-21T16:23:20+00:00\",\"dateModified\":\"2024-04-21T16:35:27+00:00\",\"breadcrumb\":{\"@id\":\"https:\/\/art137studio.com\/en\/ral-and-ril\/#breadcrumb\"},\"inLanguage\":\"en-US\",\"potentialAction\":[{\"@type\":\"ReadAction\",\"target\":[\"https:\/\/art137studio.com\/en\/ral-and-ril\/\"]}]},{\"@type\":\"BreadcrumbList\",\"@id\":\"https:\/\/art137studio.com\/en\/ral-and-ril\/#breadcrumb\",\"itemListElement\":[{\"@type\":\"ListItem\",\"position\":1,\"name\":\"In\u00edcio\",\"item\":\"https:\/\/art137studio.com\/en\/\"},{\"@type\":\"ListItem\",\"position\":2,\"name\":\"RAL and RIL\"}]},{\"@type\":\"WebSite\",\"@id\":\"https:\/\/art137studio.com\/en\/#website\",\"url\":\"https:\/\/art137studio.com\/en\/\",\"name\":\"Art137\",\"description\":\"A Art137 \u00e9 uma marca portuguesa, dedicada \u00e0 cria\u00e7\u00e3o de pe\u00e7as feitas \u00e0 m\u00e3o.\",\"publisher\":{\"@id\":\"https:\/\/art137studio.com\/en\/#organization\"},\"potentialAction\":[{\"@type\":\"SearchAction\",\"target\":{\"@type\":\"EntryPoint\",\"urlTemplate\":\"https:\/\/art137studio.com\/en\/?s={search_term_string}\"},\"query-input\":\"required name=search_term_string\"}],\"inLanguage\":\"en-US\"},{\"@type\":\"Organization\",\"@id\":\"https:\/\/art137studio.com\/en\/#organization\",\"name\":\"Art137\",\"url\":\"https:\/\/art137studio.com\/en\/\",\"logo\":{\"@type\":\"ImageObject\",\"inLanguage\":\"en-US\",\"@id\":\"https:\/\/art137studio.com\/en\/#\/schema\/logo\/image\/\",\"url\":\"https:\/\/art137studio.com\/wp-content\/uploads\/2022\/12\/logo-art137.svg\",\"contentUrl\":\"https:\/\/art137studio.com\/wp-content\/uploads\/2022\/12\/logo-art137.svg\",\"width\":145,\"height\":56,\"caption\":\"Art137\"},\"image\":{\"@id\":\"https:\/\/art137studio.com\/en\/#\/schema\/logo\/image\/\"},\"sameAs\":[\"https:\/\/www.facebook.com\/art137\"]}]}<\/script>\n<!-- \/ Yoast SEO Premium plugin. -->","yoast_head_json":{"title":"RAL and RIL - Art137","robots":{"index":"index","follow":"follow","max-snippet":"max-snippet:-1","max-image-preview":"max-image-preview:large","max-video-preview":"max-video-preview:-1"},"canonical":"https:\/\/art137studio.com\/en\/ral-and-ril\/","og_locale":"en_US","og_type":"article","og_title":"RAL and RIL","og_description":"In accordance with Portuguese law, online retailers are required to provide clear and accessible information about their products and services, [&hellip;]","og_url":"https:\/\/art137studio.com\/en\/ral-and-ril\/","og_site_name":"Art137","article_publisher":"https:\/\/www.facebook.com\/art137","article_modified_time":"2024-04-21T16:35:27+00:00","twitter_card":"summary_large_image","twitter_misc":{"Est. reading time":"2 minutes"},"schema":{"@context":"https:\/\/schema.org","@graph":[{"@type":"WebPage","@id":"https:\/\/art137studio.com\/en\/ral-and-ril\/","url":"https:\/\/art137studio.com\/en\/ral-and-ril\/","name":"RAL and RIL - Art137","isPartOf":{"@id":"https:\/\/art137studio.com\/en\/#website"},"datePublished":"2024-04-21T16:23:20+00:00","dateModified":"2024-04-21T16:35:27+00:00","breadcrumb":{"@id":"https:\/\/art137studio.com\/en\/ral-and-ril\/#breadcrumb"},"inLanguage":"en-US","potentialAction":[{"@type":"ReadAction","target":["https:\/\/art137studio.com\/en\/ral-and-ril\/"]}]},{"@type":"BreadcrumbList","@id":"https:\/\/art137studio.com\/en\/ral-and-ril\/#breadcrumb","itemListElement":[{"@type":"ListItem","position":1,"name":"In\u00edcio","item":"https:\/\/art137studio.com\/en\/"},{"@type":"ListItem","position":2,"name":"RAL and RIL"}]},{"@type":"WebSite","@id":"https:\/\/art137studio.com\/en\/#website","url":"https:\/\/art137studio.com\/en\/","name":"Art137","description":"A Art137 \u00e9 uma marca portuguesa, dedicada \u00e0 cria\u00e7\u00e3o de pe\u00e7as feitas \u00e0 m\u00e3o.","publisher":{"@id":"https:\/\/art137studio.com\/en\/#organization"},"potentialAction":[{"@type":"SearchAction","target":{"@type":"EntryPoint","urlTemplate":"https:\/\/art137studio.com\/en\/?s={search_term_string}"},"query-input":"required name=search_term_string"}],"inLanguage":"en-US"},{"@type":"Organization","@id":"https:\/\/art137studio.com\/en\/#organization","name":"Art137","url":"https:\/\/art137studio.com\/en\/","logo":{"@type":"ImageObject","inLanguage":"en-US","@id":"https:\/\/art137studio.com\/en\/#\/schema\/logo\/image\/","url":"https:\/\/art137studio.com\/wp-content\/uploads\/2022\/12\/logo-art137.svg","contentUrl":"https:\/\/art137studio.com\/wp-content\/uploads\/2022\/12\/logo-art137.svg","width":145,"height":56,"caption":"Art137"},"image":{"@id":"https:\/\/art137studio.com\/en\/#\/schema\/logo\/image\/"},"sameAs":["https:\/\/www.facebook.com\/art137"]}]}},"_links":{"self":[{"href":"https:\/\/art137studio.com\/en\/wp-json\/wp\/v2\/pages\/1861","targetHints":{"allow":["GET"]}}],"collection":[{"href":"https:\/\/art137studio.com\/en\/wp-json\/wp\/v2\/pages"}],"about":[{"href":"https:\/\/art137studio.com\/en\/wp-json\/wp\/v2\/types\/page"}],"author":[{"embeddable":true,"href":"https:\/\/art137studio.com\/en\/wp-json\/wp\/v2\/users\/1"}],"replies":[{"embeddable":true,"href":"https:\/\/art137studio.com\/en\/wp-json\/wp\/v2\/comments?post=1861"}],"version-history":[{"count":1,"href":"https:\/\/art137studio.com\/en\/wp-json\/wp\/v2\/pages\/1861\/revisions"}],"predecessor-version":[{"id":1863,"href":"https:\/\/art137studio.com\/en\/wp-json\/wp\/v2\/pages\/1861\/revisions\/1863"}],"wp:attachment":[{"href":"https:\/\/art137studio.com\/en\/wp-json\/wp\/v2\/media?parent=1861"}],"curies":[{"name":"wp","href":"https:\/\/api.w.org\/{rel}","templated":true}]}}